{"id":8,"date":"2012-08-03T16:27:48","date_gmt":"2012-08-03T16:27:48","guid":{"rendered":"https:\/\/web.ciidiroaxaca.ipn.mx\/jujimenezc\/tesis\/"},"modified":"2025-10-14T04:35:31","modified_gmt":"2025-10-14T04:35:31","slug":"tesis","status":"publish","type":"page","link":"https:\/\/web.ciidiroaxaca.ipn.mx\/jujimenezc\/tesis\/","title":{"rendered":"Tesis"},"content":{"rendered":"\n<h2 class=\"wp-block-heading\">Doctorado<\/h2>\n\n\n\n<ul class=\"wp-block-list\">\n<li>Pol\u00edtica P\u00fablica y g\u00e9nero: impacto de los proyectos productivos en el empoderamiento de las mujeres y el desarrollo comunitario en Santiago Nuyoo, Eloxochitl\u00e1n de Flores Mag\u00f3n y Tanetze de Zaragoza. Lizbeth Garc\u00eda Santos. Doctorado en Ciencias y Desarrollo Regional y Tecnol\u00f3gico. (PNPC-Tecnol\u00f3gico Nacional de M\u00e9xico\/Instituto Tecnol\u00f3gico de Oaxaca). Fecha de examen 17 de diciembre de 2020.<\/li>\n<\/ul>\n\n\n\n<h3 class=\"wp-block-heading\">Maestr\u00eda<\/h3>\n\n\n\n<ul class=\"wp-block-list\">\n<li>An\u00e1lisis de la gobernanza y conservaci\u00f3n de recursos naturales. El caso del Parque Nacional, Huatulco, Oaxaca. Jonatan Espinosa Nieto. Maestr\u00eda en Ciencias en Conservaci\u00f3n y Aprovechamiento de Recursos Naturales CIIDIR-IPN. Unidad Oaxaca. Fecha de examen 6 de agosto de 2021.<\/li>\n\n\n\n<li>Caracter\u00edsticas del capital social individual y el desempe\u00f1o de los negocios de subsistencia en Oaxaca. Violeta Isabel Monz\u00f3n Interian. Maestr\u00eda en Ciencias en Conservaci\u00f3n y Aprovechamiento de Recursos Naturales. CIIDIR IPN Unidad Oaxaca. Fecha de examen 28 de febrero de 2017.<\/li>\n\n\n\n<li>An\u00e1lisis de la proactividad ambiental y el desempe\u00f1o de las empresas productoras de mezcal en el Estado de Oaxaca, bajo el enfoque de los stakeholders. Daysy Janeth Ramos Ba\u00f1os. Maestr\u00eda en Conservaci\u00f3n y Aprovechamiento de Recursos Naturales. Fecha de examen 29 de enero de 2016<\/li>\n<\/ul>\n\n\n\n<h3 class=\"wp-block-heading\">&nbsp;Licenciatura.<\/h3>\n\n\n\n<ul class=\"wp-block-list\">\n<li>\u201cDesempe\u00f1o de los Micronegocios artesanales: textiles de Santa Mar\u00eda Tlahuitoltepec, Mixe, Oaxaca. Memoria de Residencia Profesional para obtener el t\u00edtulo de Ingeniero en Gesti\u00f3n Empresarial que presentan: Wenefrida D\u00edaz Jim\u00e9nez y Efr\u00e9n Mart\u00ednez P\u00e9rez. Fecha de examen 02 de junio de 2014.<\/li>\n<\/ul>\n","protected":false},"excerpt":{"rendered":"<p>Doctorado Maestr\u00eda &nbsp;Licenciatura.<\/p>\n","protected":false},"author":9,"featured_media":0,"parent":0,"menu_order":0,"comment_status":"closed","ping_status":"closed","template":"","meta":{"_swt_meta_header_display":false,"_swt_meta_footer_display":false,"_swt_meta_site_title_display":false,"_swt_meta_sticky_header":false,"_swt_meta_transparent_header":false,"footnotes":""},"class_list":["post-8","page","type-page","status-publish","hentry"],"_links":{"self":[{"href":"https:\/\/web.ciidiroaxaca.ipn.mx\/jujimenezc\/wp-json\/wp\/v2\/pages\/8","targetHints":{"allow":["GET"]}}],"collection":[{"href":"https:\/\/web.ciidiroaxaca.ipn.mx\/jujimenezc\/wp-json\/wp\/v2\/pages"}],"about":[{"href":"https:\/\/web.ciidiroaxaca.ipn.mx\/jujimenezc\/wp-json\/wp\/v2\/types\/page"}],"author":[{"embeddable":true,"href":"https:\/\/web.ciidiroaxaca.ipn.mx\/jujimenezc\/wp-json\/wp\/v2\/users\/9"}],"replies":[{"embeddable":true,"href":"https:\/\/web.ciidiroaxaca.ipn.mx\/jujimenezc\/wp-json\/wp\/v2\/comments?post=8"}],"version-history":[{"count":6,"href":"https:\/\/web.ciidiroaxaca.ipn.mx\/jujimenezc\/wp-json\/wp\/v2\/pages\/8\/revisions"}],"predecessor-version":[{"id":50,"href":"https:\/\/web.ciidiroaxaca.ipn.mx\/jujimenezc\/wp-json\/wp\/v2\/pages\/8\/revisions\/50"}],"wp:attachment":[{"href":"https:\/\/web.ciidiroaxaca.ipn.mx\/jujimenezc\/wp-json\/wp\/v2\/media?parent=8"}],"curies":[{"name":"wp","href":"https:\/\/api.w.org\/{rel}","templated":true}]}}