{"id":7,"date":"2012-08-03T16:26:21","date_gmt":"2012-08-03T16:26:21","guid":{"rendered":"https:\/\/web.ciidiroaxaca.ipn.mx\/jujimenezc\/proyectos-de-investigacion\/"},"modified":"2025-10-15T13:02:37","modified_gmt":"2025-10-15T13:02:37","slug":"proyectos-de-investigacion","status":"publish","type":"page","link":"https:\/\/web.ciidiroaxaca.ipn.mx\/jujimenezc\/proyectos-de-investigacion\/","title":{"rendered":"Proyectos de Investigaci\u00f3n"},"content":{"rendered":"\n<h3 class=\"wp-block-heading\">Director<\/h3>\n\n\n\n<p><\/p>\n\n\n\n<ul class=\"wp-block-list\">\n<li>An\u00e1lisis de la relaci\u00f3n entre la toma de riesgos y el desempe\u00f1o de peque\u00f1os negocios en Oaxaca, M\u00e9xico. <strong>SIP20180964.<\/strong><\/li>\n\n\n\n<li>Las relaciones sociales como factores de \u00e9xito en los negocios. El caso de los artesanos de Oaxaca. <strong>SIP20170203<\/strong>.<\/li>\n\n\n\n<li>An\u00e1lisis sobre el comportamiento ambiental y el desempe\u00f1o de los peque\u00f1os negocios de artesan\u00eda. <strong>SIP. 20130641<\/strong><\/li>\n<\/ul>\n\n\n\n<h3 class=\"wp-block-heading\">Participante<\/h3>\n\n\n\n<ul class=\"wp-block-list\">\n<li>An\u00e1lisis de la incidencia de da\u00f1os ocasionados por insectos plagas en el cultivo de agave sp mediante machine learning. SIP 20250863.<\/li>\n\n\n\n<li>Retos y perspectivas del emprendimiento ind\u00edgena. Una revisi\u00f3n sistem\u00e1tica de la literatura y del pleno. SIP20242432.<\/li>\n\n\n\n<li>Comportamiento de compra del consumidor de mezcal en Oaxaca. Explorando el efecto del valor cognitivo y emocional percibido en la compra. SIP20231170. <\/li>\n\n\n\n<li>Actividad antif\u00fangica de aceites esenciales para el manejo de <em>Aspergillus<\/em> <em>nidulans<\/em> y <em>Aspergillus fumigatus<\/em> <em>in vitro<\/em>. SIP 20231509. <\/li>\n\n\n\n<li>Nocividad de <em>Sphenarium Purpurascens charp<\/em>. En ma\u00edz (<em>Zea mays<\/em>) y alfalfa (<em>Medicago sativa<\/em>) y su manejo a base de entomopat\u00f3genos en emulsiones de aceites. <strong>SIP2022077<\/strong>. <\/li>\n\n\n\n<li>Nocividad de <em>Sphenarium Purpurascens charp<\/em>. En ma\u00edz (<em>Zea mays<\/em>) y alfalfa (<em>Medicago sativa<\/em>) y su manejo a base de entomopat\u00f3genos en emulsiones de aceites. <strong>SIP202120810<\/strong>.<\/li>\n\n\n\n<li>Ensilados de pencas de maguey com\u00fan, como alternativa de aprovechamiento del subproducto de la elaboraci\u00f3n del mezcal. <strong>SIP20161218.<\/strong><\/li>\n\n\n\n<li>Evaluaci\u00f3n de ensilados de pencas de magueyes mezcaleros de Oaxaca.<strong> SIP20150931.<\/strong><\/li>\n\n\n\n<li>Estrategias de innovaci\u00f3n y la competitividad de los negocios de artesan\u00eda. <strong>SIP20141447<\/strong><\/li>\n\n\n\n<li>Rescate de dise\u00f1os tradicionales e innovaci\u00f3n de productos: el caso de la artesan\u00eda textil de Mitla Oaxaca, M\u00e9xico. <strong>SIP-20120017<\/strong><\/li>\n\n\n\n<li>C\u00f3mo las relaciones de agencia y el acceso a los recursos afectan el comportamiento de los negocios de artesan\u00edas en M\u00e9xico. <strong>SIP 20110088<\/strong><\/li>\n\n\n\n<li>Din\u00e1micas de crecimiento para incrementar la productividad del cultivo de alfalfa (Medicago sativa L.) en los Valles Centrales de Oaxaca\u201d&nbsp; <strong>SIP-20110412<\/strong><\/li>\n\n\n\n<li>Din\u00e1micas de crecimiento para incrementar la productividad del cultivo de alfalfa (Medicago sativa L.). Instituto Polit\u00e9cnico Nacional. <strong>SIP 20100487<\/strong><\/li>\n\n\n\n<li>Orientaci\u00f3n emprendedora y desempe\u00f1o de las Pymes de M\u00e9xico, bajo un enfoque de orientaci\u00f3n emprendedora. Instituto Polit\u00e9cnico Nacional. <strong>SIP 20090280<\/strong><\/li>\n\n\n\n<li>Orientaci\u00f3n emprendedora y desempe\u00f1o de las Pymes de M\u00e9xico, bajo un enfoque de orientaci\u00f3n emprendedora. Instituto Polit\u00e9cnico Nacional. <strong>SIP 20080280<\/strong><\/li>\n\n\n\n<li>Un modelo de aprendizaje dirigido, para la innovaci\u00f3n de productos de alfarer\u00eda en Santa Mar\u00eda Atzompa, Oaxaca, M\u00e9xico 2. Instituto Polit\u00e9cnico Nacional. <strong>SIP 20070654<\/strong><\/li>\n\n\n\n<li>Un modelo de aprendizaje dirigido, para la innovaci\u00f3n de productos de alfarer\u00eda en Santa Mar\u00eda Atzompa, Oaxaca, M\u00e9xico. Instituto Polit\u00e9cnico Nacional. <strong>SIP 20060391<\/strong><\/li>\n\n\n\n<li>\u201cAn\u00e1lisis de trayectoria de los determinantes del proceso de innovaci\u00f3n en artesan\u00eda\u201d Instituto Polit\u00e9cnico Nacional. <strong>CGPI 20050184<\/strong><\/li>\n\n\n\n<li>Impacto de los programas del FONART en los indicadores de pobreza, producci\u00f3n y comercializaci\u00f3n artesanal\u201d Instituto Polit\u00e9cnico Nacional y CONACYT\u2013 SEDESOL 2002-C01-3764 y <strong>CGPI20040091<\/strong><\/li>\n<\/ul>\n\n\n\n<p><\/p>\n","protected":false},"excerpt":{"rendered":"<p>Director Participante<\/p>\n","protected":false},"author":9,"featured_media":0,"parent":0,"menu_order":0,"comment_status":"closed","ping_status":"closed","template":"","meta":{"_swt_meta_header_display":false,"_swt_meta_footer_display":false,"_swt_meta_site_title_display":false,"_swt_meta_sticky_header":false,"_swt_meta_transparent_header":false,"footnotes":""},"class_list":["post-7","page","type-page","status-publish","hentry"],"_links":{"self":[{"href":"https:\/\/web.ciidiroaxaca.ipn.mx\/jujimenezc\/wp-json\/wp\/v2\/pages\/7","targetHints":{"allow":["GET"]}}],"collection":[{"href":"https:\/\/web.ciidiroaxaca.ipn.mx\/jujimenezc\/wp-json\/wp\/v2\/pages"}],"about":[{"href":"https:\/\/web.ciidiroaxaca.ipn.mx\/jujimenezc\/wp-json\/wp\/v2\/types\/page"}],"author":[{"embeddable":true,"href":"https:\/\/web.ciidiroaxaca.ipn.mx\/jujimenezc\/wp-json\/wp\/v2\/users\/9"}],"replies":[{"embeddable":true,"href":"https:\/\/web.ciidiroaxaca.ipn.mx\/jujimenezc\/wp-json\/wp\/v2\/comments?post=7"}],"version-history":[{"count":9,"href":"https:\/\/web.ciidiroaxaca.ipn.mx\/jujimenezc\/wp-json\/wp\/v2\/pages\/7\/revisions"}],"predecessor-version":[{"id":56,"href":"https:\/\/web.ciidiroaxaca.ipn.mx\/jujimenezc\/wp-json\/wp\/v2\/pages\/7\/revisions\/56"}],"wp:attachment":[{"href":"https:\/\/web.ciidiroaxaca.ipn.mx\/jujimenezc\/wp-json\/wp\/v2\/media?parent=7"}],"curies":[{"name":"wp","href":"https:\/\/api.w.org\/{rel}","templated":true}]}}