{"id":6,"date":"2012-08-03T16:20:25","date_gmt":"2012-08-03T16:20:25","guid":{"rendered":"https:\/\/web.ciidiroaxaca.ipn.mx\/jujimenezc\/publicaciones\/"},"modified":"2025-10-14T04:26:30","modified_gmt":"2025-10-14T04:26:30","slug":"publicaciones","status":"publish","type":"page","link":"https:\/\/web.ciidiroaxaca.ipn.mx\/jujimenezc\/publicaciones\/","title":{"rendered":"Publicaciones"},"content":{"rendered":"\n<h2 class=\"wp-block-heading\">REVISTAS CON ARBITRAJE<\/h2>\n\n\n\n<ul class=\"wp-block-list\">\n<li>Jim\u00e9nez-Casta\u00f1eda, J. C., &amp; Nieto Delgado, M. L. (2025). La orientaci\u00f3n emprendedora y la orientaci\u00f3n a la sustentabilidad ambiental en el desempe\u00f1o de productores de mezcal en Oaxaca, M\u00e9xico. Brazilian Journal of Business, 7(3), e82432. https:\/\/doi.org\/10.34140\/bjbv7n3-060<\/li>\n\n\n\n<li>Nieto Delgado, M. L., &amp; Jim\u00e9nez-Casta\u00f1eda, J. C. (2025). Relaci\u00f3n entre el capital social y el desempe\u00f1o de alfareros de Santa Mar\u00eda Atzompa, Oaxaca, M\u00e9xico. Brazilian Journal of Business, 7(3), e82431. https:\/\/doi.org\/10.34140\/bjbv7n3-059<\/li>\n\n\n\n<li>Arcelia Toledo-L\u00f3pez, Sandra Nelly Leyva-Hern\u00e1ndez, Julio C\u00e9sar Jim\u00e9nez-Casta\u00f1eda, Mar\u00eda del Carmen Avenda\u00f1o-Rito, Determinants for COVID-19 vaccination intention in Mexico, Heliyon, Volume 9, Issue 8, 2023, e18079, ISSN 2405-8440, https:\/\/doi.org\/10.1016\/j.heliyon.2023.e18079.<\/li>\n\n\n\n<li>Garc\u00eda, L., <strong>Jim\u00e9nez-Casta\u00f1eda, J<\/strong>., Ru\u00edz, A. &amp; S\u00e1nchez, M. (2019). Aportes del feminismo ind\u00edgena decolonial al Buen Vivir. Un acercamiento de estudio en M\u00e9xico. <em>Argumentos, Estudios Cr\u00edticos de la Sociedad 32(90)<\/em> 219-236. ISSN: 0187-5795<\/li>\n\n\n\n<li>Aquino-Bola\u00f1os, T., Ruiz-Vega, J., Ortiz-Hernandez, Y. &amp; <strong>Jim\u00e9nez-Casta\u00f1eda, J.<\/strong> (2019). Survival of entomopathogenic nematodes in oil emulsions and control effectiveness on adult engorged ticks (<em>Acari: Ixodida<\/em>). <em>Journal of Nematology (51)<\/em> <strong>ISSN (Online) 2640-396<\/strong>. XDOI: 10.21307\/jofnem-2019-001<\/li>\n\n\n\n<li><strong>Jim\u00e9nez-Casta\u00f1eda, J<\/strong>., Granados-Echegoyen, H., &amp; Nieto-Delgado, M. (2019). Performance and environmental proactivity in small mezcal businesses in Oaxaca, M\u00e9xico<em>. Revista Investigaci\u00f3n Administrativa 123(1) <\/em><strong>ISSN:<\/strong><strong> <\/strong><strong>2448-7678<\/strong><\/li>\n\n\n\n<li>Granados, H., Coronado, S., <strong>Jim\u00e9nez-Casta\u00f1eda, J<\/strong>. y Toledo, A. (2018). \u201cCompetitive strategies and small subsistence business performance: the mediating role of intangible resources\u201d <em>Compendium: Cuadernos de Econom\u00eda y Administraci\u00f3n.<\/em> <em>5(10)<\/em> 1-21 <strong>ISSN: 1390-9894<\/strong><\/li>\n\n\n\n<li>Granados, H., <strong>Jim\u00e9nez-Casta\u00f1eda, J<\/strong>. y Nieto M. (2017). \u201cEstrategias competitivas y desempe\u00f1o de peque\u00f1os negocios manufactureros: un estudio emp\u00edrico en M\u00e9xico y Nicaragua\u201d.<em> Neumann Business Review 3(2) <\/em>49-75<\/li>\n\n\n\n<li>Ramos, D., <strong>Jim\u00e9nez-Casta\u00f1eda, J<\/strong>., Nieto, M. y Mart\u00ednez, C. (2017).<strong> \u201c<\/strong>Stakeholders, Proactividad Ambiental y Desempe\u00f1o de los Peque\u00f1os Negocios de Mezcal de Oaxaca, M\u00e9xico\u201d. <em>Neumann Business Review 3(1)<\/em> 72-95<\/li>\n\n\n\n<li>Nieto, M. y <strong>Jim\u00e9nez-Casta\u00f1eda, J<\/strong>. (2016). \u201cEl Desempe\u00f1o de los Peque\u00f1os Negocios de Mezcal de Oaxaca, bajo el Enfoque de la Mezcla de Mercadotecnia\u201d. <em>Revista de Gesti\u00f3n Empresarial y Sustentabilidad 2(1)<\/em> 61-83<\/li>\n\n\n\n<li><strong>Jim\u00e9nez, J.,<\/strong> Mart\u00ednez, C. y Nieto, M. (2016). \u201cLa orientaci\u00f3n emprendedora en peque\u00f1os negocios de artesan\u00eda de M\u00e9xico\u201d. Nova Scientia 8(16) 475-500<\/li>\n\n\n\n<li>S\u00e1nchez, P., D\u00edaz, R. y <strong>Jim\u00e9nez J.<\/strong> (2015). \u201cInnovaci\u00f3n ambiental y desempe\u00f1o financiero en negocios de alfarer\u00eda\u201d. Revista TEMAS de Ciencia y Tecnolog\u00eda 19(56)<\/li>\n\n\n\n<li>Mart\u00ednez, J., R\u00edos, M., Castillo, M., <strong>Jim\u00e9nez J.<\/strong> y Cotera, J. (2015). \u201cSustentabilidad de agroecosistemas en regiones tropicales de M\u00e9xico\u201d. Tropical and Subtropical Agroecosystems 18 113-120<\/li>\n\n\n\n<li><strong>Jim\u00e9nez, J.,<\/strong> Nieto, M., S\u00e1nchez, P. (2014). \u201cEl desempe\u00f1o ambiental y la orientaci\u00f3n emprendedora de los negocios de artesan\u00eda en M\u00e9xico\u201d. Revista Gesti\u00f3n Innovaci\u00f3n y Sustentabilidad 1 (1) 5-17<\/li>\n\n\n\n<li><strong>Jim\u00e9nez, J.,<\/strong> Toledo, A. y Nieto, M. (2013). \u201cLa mezcla de mercadotecnia en el desempe\u00f1o de los negocios de alfarer\u00eda en Santa Mar\u00eda Atzompa, Oaxaca\u201d. Revista Naturaleza y Desarrollo 2 (1) 2-18<\/li>\n\n\n\n<li><strong>Jim\u00e9nez, J.,<\/strong> Nieto, M., S\u00e1nchez, P. (2013). \u201cEl desempe\u00f1o ambiental y la orientaci\u00f3n emprendedora de los negocios de artesan\u00eda en M\u00e9xico\u201d. Revista Gesti\u00f3n Innovaci\u00f3n y Sustentabilidad 1 (2) 3-24<\/li>\n\n\n\n<li><strong>Jim\u00e9nez, J.,<\/strong> Toledo, A &amp; Nieto, M. (2012). \u201cEl desempe\u00f1o de los negocios de artesan\u00eda bajo un enfoque de orientaci\u00f3n emprendedora\u201d. Revista Ciencias Administrativas Teor\u00eda y Praxis 1 (8) 5-24<\/li>\n\n\n\n<li>Toledo, A., Diaz, R., <strong>Jim\u00e9nez, J.<\/strong> &amp; S\u00e1nchez, P. (2012) Defining Success in Subsistence Businesses. Journal of Small Business Research (doi:10.1016\/j.jbusres.2012.02.006)<\/li>\n\n\n\n<li><strong>Jim\u00e9nez, J.<\/strong>, Dom\u00ednguez, M, &amp; Mart\u00ednez, C. (2009). Estrategias y competitivdad de los negocios de artesan\u00eda en M\u00e9xico. Pensamiento y Gesti\u00f3n 26(Jul) 165-190<\/li>\n\n\n\n<li>Hern\u00e1ndez, J., Dom\u00ednguez, M. &amp;<strong> Jim\u00e9nez, J.<\/strong> (2007). Strategy and Factors for success. The Mexican handcraft sector. Performance Improvement Journal 46 (8) 16-26<\/li>\n\n\n\n<li>Hern\u00e1ndez, J., Dom\u00ednguez, M. &amp;<strong> Jim\u00e9nez, J.<\/strong> (2004). Participatory methodologies and the product development process: the experience of mixtec craftswomen in M\u00e9xico\u201d. Development in Practice 14(3) 396-406<\/li>\n<\/ul>\n\n\n\n<h2 class=\"wp-block-heading\">PARTICIPACI\u00d3N EN CONGRESOS<\/h2>\n\n\n\n<ul class=\"wp-block-list\">\n<li>VII Congreso Internacional de la Facultad de Contadur\u00eda y Ciencias Administrativas de la Universidad Michoacana de San Nicol\u00e1s de Hidalgo. \u201cEl Desempe\u00f1o de los Peque\u00f1os Negocios de Mezcal de Oaxaca, bajo el Enfoque de la Mezcla de Mercadotecnia\u201d. 24\u201325 de noviembre de 2016. Morelia, Michoac\u00e1n.<\/li>\n\n\n\n<li>VII Congreso Internacional de la Facultad de Contadur\u00eda y Ciencias Administrativas de la Universidad Michoacana de San Nicol\u00e1s de Hidalgo. \u201cLa Orientaci\u00f3n Emprendedora en los Peque\u00f1os Hoteles de la Ciudad de Oaxaca de Ju\u00e1rez, Oaxaca, M\u00e9xico\u201d. 24\u201325 de noviembre de 2016. Morelia, Michoac\u00e1n.<\/li>\n\n\n\n<li>3er Congreso Internacional de Investigaci\u00f3n en Ciencias Econ\u00f3mico Administrativas. \u201cLa influencia de los Stakeholders en la adopci\u00f3n de una estrategia de Proactividad Ambiental, en los negocios de mezcal del estado de Oaxaca\u201d. 14\u201316 de octubre de 2015, Instituto de Ciencias Econ\u00f3mico Administrativas de la Universidad Aut\u00f3noma del Estado de Hidalgo. San Agust\u00edn Tlaxiaca, Hidalgo.<\/li>\n\n\n\n<li>IV Congreso Nacional CIMIPYME y I Congreso Internacional de Investigaci\u00f3n sobre Peque\u00f1a y Mediana Empresa de ICSB M\u00e9xico 2015. \u201cProactividad Ambiental y Desempe\u00f1o de los Peque\u00f1os Negocios Productores de Mezcal en Oaxaca, bajo el Enfoque de los Stakeholders\u201d. 23\u201325 de septiembre de 2015, Puerto Vallarta, Jalisco.<\/li>\n\n\n\n<li>IV Congreso Nacional CIMIPYME y I Congreso Internacional de Investigaci\u00f3n sobre Peque\u00f1a y Mediana Empresa de ICSB M\u00e9xico 2015. \u201cUn An\u00e1lisis Descriptivo de la Orientaci\u00f3n Emprendedora en los Peque\u00f1os Negocios Productores de Mezcal en Oaxaca, M\u00e9xico\u201d. 23\u201325 de septiembre de 2015, Puerto Vallarta, Jalisco.<\/li>\n\n\n\n<li>XIX Congreso Internacional de Investigaci\u00f3n en Ciencias Administrativas (ACACIA 2015). \u201cStakeholders, proactividad y desempe\u00f1o en negocios mezcaleros de Oaxaca\u201d. 21\u201324 de abril de 2015, Universidad Ju\u00e1rez del Estado de Durango. Durango, Dgo.<\/li>\n\n\n\n<li>XIX Congreso Internacional de Contadur\u00eda, Administraci\u00f3n e Inform\u00e1tica (UNAM-FCA). \u201cProactividad Ambiental y Desempe\u00f1o de la empresa, bajo el enfoque de los stakeholders. Una propuesta de estudio.\u201d 8\u201310 de octubre de 2014, Ciudad Universitaria, D.F.<\/li>\n\n\n\n<li>XIX Congreso Internacional de Contadur\u00eda, Administraci\u00f3n e Inform\u00e1tica (UNAM-FCA). \u201cCaracter\u00edsticas demogr\u00e1ficas en el desempe\u00f1o ambiental de los negocios de artesan\u00eda en Santa Mar\u00eda Atzompa, Oaxaca.\u201d. 8\u201310 de octubre de 2014, Ciudad Universitaria, D.F.<\/li>\n\n\n\n<li>5to. Encuentro Nacional de Investigadores 2014. \u201cProactividad ambiental y desempe\u00f1o de las empresas productoras de mezcal del Estado de Oaxaca, bajo el enfoque de los stakeholders\u201d. 26 de septiembre de 2014, Universidad Aut\u00f3noma \u201cBenito Ju\u00e1rez\u201d de Oaxaca. Oaxaca, Oax., M\u00e9xico<\/li>\n\n\n\n<li>XVIII Congreso Internacional de Investigaci\u00f3n en Ciencias Administrativas (ACACIA 2014). \u201cInnovatividad, Proactividad y Toma de riesgos en el desempe\u00f1o de los negocios de productos textiles de Santa Mar\u00eda Tlauhitoltepec, Mixe, Oaxaca\u201d. 22-25 de abril de 2014. Tijuana, B.C., M\u00e9xico.<\/li>\n\n\n\n<li>III Congreso Internacional sobre la Micro, Peque\u00f1a y Mediana Empresa 2013. \u201cLa comercializaci\u00f3n de artesan\u00edas de barro en Santa Mar\u00eda Atzompa, Oaxaca, bajo el enfoque de la mezcla de mercadotecnia\u201d. 4-6 de septiembre de 2013, Universidad de Guanajuato Salvatierra. Celaya, Gto.<\/li>\n\n\n\n<li>III Congreso Internacional sobre la Micro, Peque\u00f1a y Mediana Empresa 2013. \u201cEl desempe\u00f1o ambiental y la orientaci\u00f3n emprendedora de los negocios de artesan\u00eda en M\u00e9xico\u201d. 4-6 de septiembre de 2013, Universidad de Guanajuato Salvatierra. Celaya, Gto<\/li>\n\n\n\n<li>XVII Congreso Internacional de Contadur\u00eda, Administraci\u00f3n e Inform\u00e1tica (UNAM-FCA). \u201cLa mezcla de mercadotecnia y su efecto en el desempe\u00f1o de los negocios de alfarer\u00eda en Santa Mar\u00eda Atzompa, Oaxaca\u201d. 3\u20135 de octubre de 2012, Ciudad Universitaria , D.F.<\/li>\n\n\n\n<li>XVI Congreso Internacional de Contadur\u00eda, Administraci\u00f3n e Inform\u00e1tica (UNAM-FCA). \u201cInfluencia de la orientaci\u00f3n emprendedora en el desempe\u00f1o de las empresas de artesan\u00eda\u201d. 5\u20137 de octubre de 2011, Ciudad Universitaria, D.F.<\/li>\n\n\n\n<li>IX Simposio Internacional de Estudios Oaxaque\u00f1os, \u201cLa comercializaci\u00f3n de artesan\u00edas de barro en Santa Mar\u00eda Atzompa, Oaxaca\u201d. 7\u2013 9 de julio de 2011, Oaxaca, Oax., M\u00e9xico.<\/li>\n\n\n\n<li>XV Congreso Internacional de Investigaci\u00f3n en Ciencias Administrativas (ACACIA) 2011. \u201cEl desempe\u00f1o de los negocios de artesan\u00eda bajo un enfoque de orientaci\u00f3n emprendedora\u201d. 17\u2013 20 de mayo de 2011, Boca del R\u00edo, Veracruz, M\u00e9xico. (Mejor ponencia de la Mesa \u201cAdministraci\u00f3n Estrat\u00e9gica\u201d y Una de las 12 Mejores Ponencias del Congreso).<\/li>\n\n\n\n<li>VIII Simposio Internacional de Estudios Oaxaque\u00f1os, \u201cOrientaci\u00f3n emprendedora y desempe\u00f1o de la PyME de M\u00e9xico\u201d. 25-27 de Junio de 2009, Oaxaca, M\u00e9xico.<\/li>\n\n\n\n<li>XII Congreso Internacional de Investigaci\u00f3n en Ciencias Administrativas (ACACIA). \u201cInfluencia de los programas del FONART en la tecnolog\u00eda de las organizaciones artesanales\u201d. 13 \u2013 16 de mayo de 2008, Tijuana, B.C.N., M\u00e9xico.<\/li>\n\n\n\n<li>III Congreso Internacional de Gerencia en Am\u00e9rica Latina; \u201cEstrategias de mercadotecnia y Factores clave de \u00e9xito. Empresas Artesanales\u201d. 7 \u2013 10 de noviembre de 2006; Maracaibo, Venezuela.<\/li>\n\n\n\n<li>EDGE Conference 2006, \u201cStrategy and success. The mexican craft sector\u201d. 3 \u2013 5 de julio de 2006. Singapore Management University, Singapore.<\/li>\n\n\n\n<li>V Congreso Nacional de la AMET. \u201cFactores de \u00e9xito en la producci\u00f3n de artesan\u00edas en M\u00e9xico\u201d. 17 \u2013 19 de mayo de 2006, Oaxtepec, Morelos, M\u00e9xico.<\/li>\n\n\n\n<li>27th. Institute for small Business Affairs National Conference. \u201cCompetitiveness and environment in the fragmented sectors. The case of crafts in Mexico\u201d. 2-4 de noviembre de 2004, Newcastle-Gateshead, U. K.<\/li>\n\n\n\n<li>48th. World Conference Internacional Council for Small Business. \u201cCrafts development by a group of mixtec women, Oaxaca, M\u00e9xico\u201d 15-28 de junio de 2003, Belfast, Irlanda del Norte, U. K.<\/li>\n\n\n\n<li>IV Congreso Nacional de Estudios del Trabajo (AMET), \u201cDesarrollo de artesan\u00edas por un grupo de mujeres mixtecas en Oaxaca, M\u00e9xico\u201d. 9-11 de abril de 2003. Sonora, M\u00e9xico<\/li>\n<\/ul>\n","protected":false},"excerpt":{"rendered":"<p>REVISTAS CON ARBITRAJE PARTICIPACI\u00d3N EN CONGRESOS<\/p>\n","protected":false},"author":9,"featured_media":0,"parent":0,"menu_order":0,"comment_status":"closed","ping_status":"closed","template":"","meta":{"_swt_meta_header_display":false,"_swt_meta_footer_display":false,"_swt_meta_site_title_display":false,"_swt_meta_sticky_header":false,"_swt_meta_transparent_header":false,"footnotes":""},"class_list":["post-6","page","type-page","status-publish","hentry"],"_links":{"self":[{"href":"https:\/\/web.ciidiroaxaca.ipn.mx\/jujimenezc\/wp-json\/wp\/v2\/pages\/6","targetHints":{"allow":["GET"]}}],"collection":[{"href":"https:\/\/web.ciidiroaxaca.ipn.mx\/jujimenezc\/wp-json\/wp\/v2\/pages"}],"about":[{"href":"https:\/\/web.ciidiroaxaca.ipn.mx\/jujimenezc\/wp-json\/wp\/v2\/types\/page"}],"author":[{"embeddable":true,"href":"https:\/\/web.ciidiroaxaca.ipn.mx\/jujimenezc\/wp-json\/wp\/v2\/users\/9"}],"replies":[{"embeddable":true,"href":"https:\/\/web.ciidiroaxaca.ipn.mx\/jujimenezc\/wp-json\/wp\/v2\/comments?post=6"}],"version-history":[{"count":4,"href":"https:\/\/web.ciidiroaxaca.ipn.mx\/jujimenezc\/wp-json\/wp\/v2\/pages\/6\/revisions"}],"predecessor-version":[{"id":42,"href":"https:\/\/web.ciidiroaxaca.ipn.mx\/jujimenezc\/wp-json\/wp\/v2\/pages\/6\/revisions\/42"}],"wp:attachment":[{"href":"https:\/\/web.ciidiroaxaca.ipn.mx\/jujimenezc\/wp-json\/wp\/v2\/media?parent=6"}],"curies":[{"name":"wp","href":"https:\/\/api.w.org\/{rel}","templated":true}]}}