{"id":5,"date":"2012-08-03T16:07:43","date_gmt":"2012-08-03T16:07:43","guid":{"rendered":"https:\/\/web.ciidiroaxaca.ipn.mx\/jujimenezc\/dr-julio-cesar-jimenez-castaneda\/"},"modified":"2025-09-02T20:18:09","modified_gmt":"2025-09-02T20:18:09","slug":"dr-julio-cesar-jimenez-castaneda","status":"publish","type":"page","link":"https:\/\/web.ciidiroaxaca.ipn.mx\/jujimenezc\/","title":{"rendered":"Dr. Julio C\u00e9sar Jim\u00e9nez Casta\u00f1eda"},"content":{"rendered":"\n<figure class=\"wp-block-image\"><img decoding=\"async\" src=\"https:\/\/web.ciidiroaxaca.ipn.mx\/jujimenezc\/wp-content\/uploads\/sites\/9\/2012\/08\/IMG_2467.JPG\" alt=\"\"\/><\/figure>\n\n\n\n<p><\/p>\n\n\n\n<h3 class=\"wp-block-heading has-text-align-center\">Profesor Titular \u00abC\u00bb<\/h3>\n\n\n\n<h4 class=\"wp-block-heading has-text-align-center\">Doctor en Ciencias en Conservaci\u00f3n y Aprovechamiento de Recursos Naturales<\/h4>\n\n\n\n<p class=\"has-text-align-center\">Instituto Polit\u00e9cnico Nacional (CIIDIR Oaxaca)<\/p>\n\n\n\n<h4 class=\"wp-block-heading has-text-align-center\">Maestro en Administraci\u00f3n<\/h4>\n\n\n\n<p class=\"has-text-align-center\">Instituto Tecnol\u00f3gico de Oaxaca<\/p>\n\n\n\n<h4 class=\"wp-block-heading has-text-align-center\">Licenciado en Contadur\u00eda P\u00fablica<\/h4>\n\n\n\n<p class=\"has-text-align-center\">Universidad Aut\u00f3noma \u00abBenito Ju\u00e1rez\u00bb de Oaxaca (Facultad de Contadur\u00eda y Administraci\u00f3n)<\/p>\n\n\n\n<p>&nbsp;<\/p>\n","protected":false},"excerpt":{"rendered":"<p>Profesor Titular \u00abC\u00bb Doctor en Ciencias en Conservaci\u00f3n y Aprovechamiento de Recursos Naturales Instituto Polit\u00e9cnico Nacional (CIIDIR Oaxaca) Maestro en Administraci\u00f3n Instituto Tecnol\u00f3gico de Oaxaca Licenciado en Contadur\u00eda P\u00fablica Universidad Aut\u00f3noma \u00abBenito Ju\u00e1rez\u00bb de Oaxaca (Facultad de Contadur\u00eda y Administraci\u00f3n) &nbsp;<\/p>\n","protected":false},"author":9,"featured_media":0,"parent":0,"menu_order":0,"comment_status":"closed","ping_status":"closed","template":"","meta":{"_swt_meta_header_display":false,"_swt_meta_footer_display":false,"_swt_meta_site_title_display":false,"_swt_meta_sticky_header":false,"_swt_meta_transparent_header":false,"footnotes":""},"class_list":["post-5","page","type-page","status-publish","hentry"],"_links":{"self":[{"href":"https:\/\/web.ciidiroaxaca.ipn.mx\/jujimenezc\/wp-json\/wp\/v2\/pages\/5","targetHints":{"allow":["GET"]}}],"collection":[{"href":"https:\/\/web.ciidiroaxaca.ipn.mx\/jujimenezc\/wp-json\/wp\/v2\/pages"}],"about":[{"href":"https:\/\/web.ciidiroaxaca.ipn.mx\/jujimenezc\/wp-json\/wp\/v2\/types\/page"}],"author":[{"embeddable":true,"href":"https:\/\/web.ciidiroaxaca.ipn.mx\/jujimenezc\/wp-json\/wp\/v2\/users\/9"}],"replies":[{"embeddable":true,"href":"https:\/\/web.ciidiroaxaca.ipn.mx\/jujimenezc\/wp-json\/wp\/v2\/comments?post=5"}],"version-history":[{"count":4,"href":"https:\/\/web.ciidiroaxaca.ipn.mx\/jujimenezc\/wp-json\/wp\/v2\/pages\/5\/revisions"}],"predecessor-version":[{"id":61,"href":"https:\/\/web.ciidiroaxaca.ipn.mx\/jujimenezc\/wp-json\/wp\/v2\/pages\/5\/revisions\/61"}],"wp:attachment":[{"href":"https:\/\/web.ciidiroaxaca.ipn.mx\/jujimenezc\/wp-json\/wp\/v2\/media?parent=5"}],"curies":[{"name":"wp","href":"https:\/\/api.w.org\/{rel}","templated":true}]}}