{"id":72,"date":"2011-10-31T21:56:00","date_gmt":"2011-10-31T21:56:00","guid":{"rendered":"https:\/\/web.ciidiroaxaca.ipn.mx\/jsantosm\/proyectos-de-investigacion\/"},"modified":"2025-10-14T15:54:15","modified_gmt":"2025-10-14T15:54:15","slug":"proyectos-de-investigacion","status":"publish","type":"page","link":"https:\/\/web.ciidiroaxaca.ipn.mx\/jsantosm\/proyectos-de-investigacion\/","title":{"rendered":"Proyectos de investigaci\u00f3n"},"content":{"rendered":"\n<ul class=\"wp-block-list\">\n<li>\u00abPatrones de distribuci\u00f3n de mam\u00edferos terrestres en el estado de Oaxaca\u00bb<\/li>\n<\/ul>\n\n\n\n<p>Distribuci\u00f3n y Ecolog\u00eda de poblaciones de especies selectas de Mam\u00edferos en el estado de Oaxaca. Financiado por la Subdirecci\u00f3n de Investigaci\u00f3n y Posgrado del Instituto Polit\u00e9cnico Nacional (Secretaria de Investigaci\u00f3n y Posgrado del Instituto Polit\u00e9cnico Nacional (SIP-IPN), 2008.<\/p>\n\n\n\n<ol class=\"wp-block-list\"><\/ol>\n\n\n\n<p>Patrones de distribuci\u00f3n de mam\u00edferos terrestres en el estado de Oaxaca. Financiado por la SIP-IPN, 2009.<\/p>\n\n\n\n<p>Efecto de la fragmentaci\u00f3n de h\u00e1bitat en un ensamble de murci\u00e9lagos. Financiado por la SIP-IPN, 2010-2011.<\/p>\n\n\n\n<p>Fototrampeo de aves y Mam\u00edferos en Santa Mar\u00eda Chimalapa, Oaxaca. Financiado por la SIP, IPN, 2012.<\/p>\n\n\n\n<p>Efecto de tres sistemas de manejo forestal maderable sobre grupos selectos de vertebrados terrestres de bosques templados. Financiado por la SIP IPN, 2013.<\/p>\n\n\n\n<p>Efecto de la fragmentaci\u00f3n de h\u00e1bitat en las \u00e1reas de actividad y patrones de movimiento de murci\u00e9lagos. Financiado por la SIP IPN, 2014.<\/p>\n\n\n\n<p>Abundancia relativa de mesocarn\u00edvoros en dos tipos de vegetaci\u00f3n en la Sierra Norte de Oaxaca, M\u00e9xico. Financiado por la SIP IPN, 2015.<\/p>\n\n\n\n<p>Caracterizaci\u00f3n y partici\u00f3n de la diversidad organ\u00edsmica de comunidades de mam\u00edferos de Santa Mar\u00eda Chimalapa, Oaxaca, M\u00e9xico. Financiado por la SIP IPN, 2016.<\/p>\n\n\n\n<p>Din\u00e1mica de ocupaci\u00f3n de refugios por murci\u00e9lagos. Financiado por la SIP IPN, 2017.<\/p>\n\n\n\n<p>Demograf\u00eda y ecolog\u00eda de tepezcuintle <em>(Cuniculus paca)<\/em>. Financiado por la SIP IPN, 2018.<\/p>\n\n\n\n<ol class=\"wp-block-list\"><\/ol>\n\n\n\n<p>Coexistencia entre especies de zorrillos (Carnivora: Mephitidae) en una selva baja caducifolia, en Oaxaca, M\u00e9xico. Financiado por la SIP IPN, 2019.<\/p>\n\n\n\n<ol class=\"wp-block-list\"><\/ol>\n\n\n\n<p>Coexistencia entre especies de zorrillos (Carnivora: Mephitidae) en una selva baja caducifolia, en Oaxaca, M\u00e9xico, financiado por la SIP, IPN, 2020.<\/p>\n\n\n\n<ol class=\"wp-block-list\"><\/ol>\n\n\n\n<p>Coexistencia entre especies de zorrillos (Carnivora: Mephitidae) en una selva baja caducifolia, en Oaxaca, M\u00e9xico, financiado por la SIP IPN, 2021.<\/p>\n\n\n\n<ol class=\"wp-block-list\"><\/ol>\n\n\n\n<p>Estratificaci\u00f3n vertical de mam\u00edferos arbor\u00edcolas de talla media en un bosque tropical de Oaxaca, M\u00e9xico. Financiado por la SIP IPN, 2022.<\/p>\n\n\n\n<ol class=\"wp-block-list\"><\/ol>\n\n\n\n<p><em>\u00a0<\/em>Estructura de una comunidad de murci\u00e9lagos cavern\u00edcolas. Financiado por la SIP IPN, 2023.<\/p>\n\n\n\n<ol class=\"wp-block-list\"><\/ol>\n\n\n\n<p>Detecci\u00f3n de virus del dengue, zika, chikungunya y fiebre amarilla en mam\u00edferos asociados a bosques y asentamientos humanos de Oaxaca, M\u00e9xico. Financiado por la SIP IPN, 2024.<\/p>\n\n\n\n<ol class=\"wp-block-list\"><\/ol>\n\n\n\n<p>Propuesta de una Red de Sitios Prioritarios para la Conservaci\u00f3n de Murci\u00e9lagos del estado de Oaxaca, M\u00e9xico (primera fase). Financiado por la SIP IPN, 2025.<\/p>\n\n\n\n<ol class=\"wp-block-list\"><\/ol>\n\n\n\n<p><\/p>\n","protected":false},"excerpt":{"rendered":"<p>Distribuci\u00f3n y Ecolog\u00eda de poblaciones de especies selectas de Mam\u00edferos en el estado de Oaxaca. Financiado por la Subdirecci\u00f3n de Investigaci\u00f3n y Posgrado del Instituto Polit\u00e9cnico Nacional (Secretaria de Investigaci\u00f3n y Posgrado del Instituto Polit\u00e9cnico Nacional (SIP-IPN), 2008. Patrones de distribuci\u00f3n de mam\u00edferos terrestres en el estado de Oaxaca. Financiado por la SIP-IPN, 2009. Efecto [&hellip;]<\/p>\n","protected":false},"author":40,"featured_media":0,"parent":0,"menu_order":0,"comment_status":"closed","ping_status":"closed","template":"","meta":{"_swt_meta_header_display":false,"_swt_meta_footer_display":false,"_swt_meta_site_title_display":false,"_swt_meta_sticky_header":false,"_swt_meta_transparent_header":false,"footnotes":""},"class_list":["post-72","page","type-page","status-publish","hentry"],"_links":{"self":[{"href":"https:\/\/web.ciidiroaxaca.ipn.mx\/jsantosm\/wp-json\/wp\/v2\/pages\/72","targetHints":{"allow":["GET"]}}],"collection":[{"href":"https:\/\/web.ciidiroaxaca.ipn.mx\/jsantosm\/wp-json\/wp\/v2\/pages"}],"about":[{"href":"https:\/\/web.ciidiroaxaca.ipn.mx\/jsantosm\/wp-json\/wp\/v2\/types\/page"}],"author":[{"embeddable":true,"href":"https:\/\/web.ciidiroaxaca.ipn.mx\/jsantosm\/wp-json\/wp\/v2\/users\/40"}],"replies":[{"embeddable":true,"href":"https:\/\/web.ciidiroaxaca.ipn.mx\/jsantosm\/wp-json\/wp\/v2\/comments?post=72"}],"version-history":[{"count":4,"href":"https:\/\/web.ciidiroaxaca.ipn.mx\/jsantosm\/wp-json\/wp\/v2\/pages\/72\/revisions"}],"predecessor-version":[{"id":122,"href":"https:\/\/web.ciidiroaxaca.ipn.mx\/jsantosm\/wp-json\/wp\/v2\/pages\/72\/revisions\/122"}],"wp:attachment":[{"href":"https:\/\/web.ciidiroaxaca.ipn.mx\/jsantosm\/wp-json\/wp\/v2\/media?parent=72"}],"curies":[{"name":"wp","href":"https:\/\/api.w.org\/{rel}","templated":true}]}}