{"id":7,"date":"2015-01-20T20:38:28","date_gmt":"2015-01-20T20:38:28","guid":{"rendered":"https:\/\/web.ciidiroaxaca.ipn.mx\/jrsosa\/investigacion\/"},"modified":"2026-03-10T09:05:28","modified_gmt":"2026-03-10T15:05:28","slug":"proyectos-de-investigacion","status":"publish","type":"page","link":"https:\/\/web.ciidiroaxaca.ipn.mx\/jrsosa\/proyectos-de-investigacion\/","title":{"rendered":"Proyecto de Investigaci\u00f3n"},"content":{"rendered":"\n<h3 class=\"wp-block-heading\">L\u00edneas de Investigaci\u00f3n<\/h3>\n\n\n\n<p>En nuestro laboratorio, nos enfocamos en entender la complejidad de la comunicaci\u00f3n animal y su papel en la evoluci\u00f3n, la ecolog\u00eda y la conservaci\u00f3n. Adoptamos un enfoque integrador que combina la observaci\u00f3n del comportamiento en campo, experimentos controlados y herramientas tecnol\u00f3gicas de vanguardia, como el monitoreo ac\u00fastico pasivo (PAM), el uso de morfometr\u00eda y uso de inteligencia art\u00edficial en la identificaci\u00f3n de se\u00f1ales ac\u00fasticas. A trav\u00e9s de colaboraciones estrat\u00e9gicas con otros grupos de investigaci\u00f3n, integramos perspectivas complementarias \u2014como el an\u00e1lisis gen\u00e9tico y par\u00e1sitos\u2014 para enriquecer nuestras preguntas sobre la biodiversidad. Nuestra investigaci\u00f3n se estructura en&nbsp;tres l\u00edneas principales (y dos adicionales)&nbsp;que, en conjunto, buscan entender c\u00f3mo los animales utilizan las se\u00f1ales ac\u00fasticas para navegar por sus mundos social y f\u00edsico, y c\u00f3mo podemos aplicar este conocimiento para proteger la biodiversidad en un planeta en constante cambio.<\/p>\n\n\n\n<ol class=\"wp-block-list\">\n<li><strong>Bioac\u00fastica Evolutiva, Especiaci\u00f3n y Taxonom\u00eda Integrativa<\/strong><br>Las se\u00f1ales ac\u00fasticas son una ventana a la historia evolutiva. En aves, usamos el canto como un car\u00e1cter taxon\u00f3mico clave para delimitar especies y entender los procesos que generan diversidad. Mediante colaboraciones con otros grupos de investigaci\u00f3n, integramos la bioac\u00fastica con datos gen\u00e9ticos y morfol\u00f3gicos para descubrir diversidad cr\u00edptica y evaluar c\u00f3mo factores ecol\u00f3gicos o la deriva cultural impulsan la evoluci\u00f3n de cantos complejos, como los d\u00faos, actuando como posibles barreras de aislamiento reproductivo.<\/li>\n\n\n\n<li><strong>Ecolog\u00eda Urbana e Impactos Antropog\u00e9nicos en la Comunicaci\u00f3n<\/strong><br>El r\u00e1pido crecimiento de las ciudades crea entornos radicalmente nuevos para la fauna. Investigamos c\u00f3mo la contaminaci\u00f3n ac\u00fastica y lum\u00ednica (ALAN) alteran el comportamiento y la estructura de las comunidades de aves. Documentamos c\u00f3mo el ruido urbano fragmenta los coros del amanecer y empobrece la diversidad de especies, y experimentalmente, analizamos la capacidad de las aves para ajustar la frecuencia o el momento de sus cantos con el fin de ser escuchadas en un mundo cada vez m\u00e1s ruidoso y brillante.<\/li>\n\n\n\n<li><strong>Ecolog\u00eda del Comportamiento, Salud e Historia de Vida<\/strong><br>La comunicaci\u00f3n tiene costos fisiol\u00f3gicos y cumple funciones espec\u00edficas a lo largo de la vida de un individuo. Investigamos c\u00f3mo la salud, medida a trav\u00e9s de infecciones parasitarias y estr\u00e9s cr\u00f3nico, puede afectar el rendimiento vocal en aves. Adem\u00e1s, exploramos preguntas fundamentales sobre la evoluci\u00f3n del comportamiento, como la funci\u00f3n del canto nocturno en especies diurnas, para discernir si su prop\u00f3sito principal es la defensa del territorio o la atracci\u00f3n de pareja.<\/li>\n\n\n\n<li><strong>Biolog\u00eda de la Conservaci\u00f3n y Monitoreo Comunitario<\/strong><br>Creemos que la conservaci\u00f3n efectiva debe ser participativa y tecnol\u00f3gicamente informada. Evaluamos el uso de herramientas como las c\u00e1maras trampa y el monitoreo ac\u00fastico pasivo (PAM) para estudiar la biodiversidad, con un enfoque particular en territorios ind\u00edgenas y bosques tropicales. Nuestro trabajo busca entender c\u00f3mo el uso del h\u00e1bitat y la disponibilidad de presas afectan a grandes depredadores como jaguares y pumas, al mismo tiempo que optimizamos los protocolos de muestreo ac\u00fastico para la detecci\u00f3n de especies en ecosistemas complejos.<\/li>\n\n\n\n<li><strong>Complejidad Social y Flexibilidad Comunicativa<\/strong><br>Exploramos c\u00f3mo la vida en grupo moldea la comunicaci\u00f3n. Utilizando principalmente primates como modelo, investigamos c\u00f3mo el estilo de dominancia (desp\u00f3tico vs. tolerante) y la din\u00e1mica de fisi\u00f3n-fusi\u00f3n social influyen en el repertorio vocal y su uso flexible. Nos interesa particularmente descifrar las \u00abreglas conversacionales\u00bb que subyacen a las interacciones vocales y c\u00f3mo las relaciones sociales de los individuos afectan el desarrollo y uso de sus llamados.<\/li>\n<\/ol>\n\n\n\n<h3 class=\"wp-block-heading\">Proyectos con financiamiento externo:<\/h3>\n\n\n\n<h4 class=\"wp-block-heading\">2023-2025<\/h4>\n\n\n\n<p>Estudio de los efectos antropog\u00e9nicos sobre la diversidad y comportamiento vocal en aves a lo largo de un gradiente de urbanizaci\u00f3n. <strong>Proyecto n\u00famero<\/strong> <strong>CF-2023-I-19<\/strong>,&nbsp;Ciencia B\u00e1sica y de Frontera;&nbsp;<strong>SECIHTI<\/strong>.<\/p>\n\n\n\n<h4 class=\"wp-block-heading\">2019<\/h4>\n\n\n\n<p>Fortalezimiento, actualizaci\u00f3n y consolidaci\u00f3n del Laboratorio de Bioac\u00fastica y Ecolog\u00eda del Comportamiento del CIIDIR Oaxaca, IPN. <strong>Proyecto n\u00famero 301287<\/strong>,&nbsp;Apoyos para Adquisici\u00f3n y Mantenimiento de Infraestructura en Instituciones y Laboratorios de Investigaci\u00f3n Especializada;&nbsp;<strong>CONACYT<\/strong>.<\/p>\n\n\n\n<h4 class=\"wp-block-heading\">2016-2019<\/h4>\n\n\n\n<p>Variaci\u00f3n geogr\u00e1fica y discriminaci\u00f3n de duetos entre dos subespecies de aves canoras con una zona de hibridaci\u00f3n. <strong>Proyecto n\u00famero 250910<\/strong>, Ciencia B\u00e1sica;&nbsp;<strong>CONACYT<\/strong>.<\/p>\n\n\n\n<h4 class=\"wp-block-heading\">2015<\/h4>\n\n\n\n<p>Equipamiento del Laboratorio de Bioac\u00fastica y Ecolog\u00eda del Comportamiento para monitoreo ac\u00fastico de animales terrestres y marinos. <strong>Proyecto n\u00famero 251526<\/strong>,&nbsp;Apoyo al Fortalecimiento y Desarrollo de la&nbsp;Infraestructura Cient\u00edfica y Tecnol\u00f3gica;&nbsp;CONACYT.<\/p>\n\n\n\n<h3 class=\"wp-block-heading\">Proyectos con financiamiento interno:<\/h3>\n\n\n\n<h4 class=\"wp-block-heading\">2024-2025<\/h4>\n\n\n\n<p>Variaci\u00f3n geogr\u00e1fica y ecol\u00f3gica de vocalizaciones en aves y ranas neotropicales <strong>(Registros SIP: 20240835 y <strong>20250560<\/strong>)<\/strong><\/p>\n\n\n\n<h4 class=\"wp-block-heading\">2022-2023<\/h4>\n\n\n\n<p>Evoluci\u00f3n de la comunicaci\u00f3n animal y adaptaciones a condiciones urbanas en aves, murci\u00e9lagos y ranas neotropicales<strong> (Registros SIP:20220208 y 20231274)<\/strong><\/p>\n\n\n\n<p><\/p>\n","protected":false},"excerpt":{"rendered":"<p>L\u00edneas de Investigaci\u00f3n En nuestro laboratorio, nos enfocamos en entender la complejidad de la comunicaci\u00f3n animal y su papel en la evoluci\u00f3n, la ecolog\u00eda y la conservaci\u00f3n. Adoptamos un enfoque integrador que combina la observaci\u00f3n del comportamiento en campo, experimentos controlados y herramientas tecnol\u00f3gicas de vanguardia, como el monitoreo ac\u00fastico pasivo (PAM), el uso de [&hellip;]<\/p>\n","protected":false},"author":17,"featured_media":0,"parent":0,"menu_order":0,"comment_status":"closed","ping_status":"closed","template":"","meta":{"_swt_meta_header_display":false,"_swt_meta_footer_display":false,"_swt_meta_site_title_display":false,"_swt_meta_sticky_header":false,"_swt_meta_transparent_header":false,"footnotes":""},"class_list":["post-7","page","type-page","status-publish","hentry"],"_links":{"self":[{"href":"https:\/\/web.ciidiroaxaca.ipn.mx\/jrsosa\/wp-json\/wp\/v2\/pages\/7","targetHints":{"allow":["GET"]}}],"collection":[{"href":"https:\/\/web.ciidiroaxaca.ipn.mx\/jrsosa\/wp-json\/wp\/v2\/pages"}],"about":[{"href":"https:\/\/web.ciidiroaxaca.ipn.mx\/jrsosa\/wp-json\/wp\/v2\/types\/page"}],"author":[{"embeddable":true,"href":"https:\/\/web.ciidiroaxaca.ipn.mx\/jrsosa\/wp-json\/wp\/v2\/users\/17"}],"replies":[{"embeddable":true,"href":"https:\/\/web.ciidiroaxaca.ipn.mx\/jrsosa\/wp-json\/wp\/v2\/comments?post=7"}],"version-history":[{"count":7,"href":"https:\/\/web.ciidiroaxaca.ipn.mx\/jrsosa\/wp-json\/wp\/v2\/pages\/7\/revisions"}],"predecessor-version":[{"id":88,"href":"https:\/\/web.ciidiroaxaca.ipn.mx\/jrsosa\/wp-json\/wp\/v2\/pages\/7\/revisions\/88"}],"wp:attachment":[{"href":"https:\/\/web.ciidiroaxaca.ipn.mx\/jrsosa\/wp-json\/wp\/v2\/media?parent=7"}],"curies":[{"name":"wp","href":"https:\/\/api.w.org\/{rel}","templated":true}]}}