{"id":6,"date":"2015-01-20T20:35:04","date_gmt":"2015-01-20T20:35:04","guid":{"rendered":"https:\/\/web.ciidiroaxaca.ipn.mx\/jrsosa\/publicaciones\/"},"modified":"2025-10-10T18:13:13","modified_gmt":"2025-10-10T18:13:13","slug":"publicaciones","status":"publish","type":"page","link":"https:\/\/web.ciidiroaxaca.ipn.mx\/jrsosa\/publicaciones\/","title":{"rendered":"Publicaciones"},"content":{"rendered":"\n<p><em>*Alumnos de posgrado o investigadores posdoctorales en el LABEC<\/em><\/p>\n\n\n\n<p><em>**Alumnos o investigadores en estancias acad\u00e9micas en el LABEC<\/em><\/p>\n\n\n\n<hr class=\"wp-block-separator has-alpha-channel-opacity\" \/>\n\n\n\n<p><strong>2025<\/strong><\/p>\n\n\n\n<ol reversed start=\"35\" class=\"wp-block-list\">\n<li><strong>Sosa-L\u00f3pez JR<\/strong>, W Ku-Peralta (2025) Divergence in mating signals predicts behavioral responses among three closely related species of wrens in the genus\u00a0<em>Campylorhynchus<\/em>.\u00a0<em><strong>Ornithology<\/strong><\/em>\u00a0ukaf036.\u00a0<a href=\"https:\/\/doi.org\/10.1093\/ornithology\/ukaf036\" target=\"_blank\" rel=\"noreferrer noopener\">https:\/\/doi.org\/10.1093\/ornithology\/ukaf036<\/a><\/li>\n\n\n\n<li><strong>Mu\u00f1oz-Santos, I*<\/strong>,\u00a0<strong>JR Sosa-L\u00f3pez<\/strong>, AA R\u00edos-Chel\u00e9n (2025). Non-masking noise suppresses bird song.\u00a0<em><strong>Behavioural Processes<\/strong><\/em>. 231: 105239\u00a0<a href=\"https:\/\/doi.org\/10.1016\/j.beproc.2025.105239\">https:\/\/doi.org\/10.1016\/j.beproc.2025.105239<\/a><\/li>\n\n\n\n<li><strong>Ku-Peralta W*<\/strong>,\u00a0<strong>JR Sosa-L\u00f3pez<\/strong>\u00a0(2025) Asymmetrical responses to multimodal signals in two neotropical sister species of songbird.\u00a0<strong><em>Animal Behaviour<\/em><\/strong><br>221: 123051\u00a0<a href=\"https:\/\/doi.org\/10.1016\/j.anbehav.2024.12.007\" target=\"_blank\" rel=\"noreferrer noopener\">https:\/\/doi.org\/10.1016\/j.anbehav.2024.12.007<\/a><\/li>\n<\/ol>\n\n\n\n<p><strong>2024<\/strong><\/p>\n\n\n\n<ol reversed start=\"32\" class=\"wp-block-list\">\n<li>Sandoval L, B Graham,\u00a0<strong>JR Sosa-L\u00f3pez<\/strong>, Oscar Laverde, YG Araya-Ajoy (2024) The study of bird vocalizations in neotropical habitats: current knowledge and future steps.\u00a0<strong><em>Ornitolog\u00eda Neotropical\u00a0<\/em><\/strong>35: 112-129.<a href=\"https:\/\/doi.org\/10.58843\/ornneo.v35i2.693\">https:\/\/doi.org\/10.58843\/ornneo.v35i2.693<\/a><\/li>\n\n\n\n<li>S\u00e1nchez-Vidal RO, A Rangel-Negr\u00edn, M Brise\u00f1o-Jaramillo,\u00a0<strong>JR Sosa-L\u00f3pez<\/strong>, PAD Dias (2024) Acoustic recognition of predators by mantled howler monkeys (<em>Alouatta palliata<\/em>): A playback experiment with na\u00efve and experienced subjects.\u00a0<strong><em>American Journal of Biological Anthropology<\/em><\/strong>\u00a0e25013.\u00a0<a href=\"https:\/\/doi.org\/10.1002\/ajpa.25013\" target=\"_blank\" rel=\"noreferrer noopener\">https:\/\/doi.org\/10.1002\/ajpa.25013<\/a><\/li>\n\n\n\n<li>Galindo-Aguilar E, M Briones-Salas, E Dur\u00e1n,\u00a0<strong>JR Sosa-L\u00f3pez\u00a0<\/strong>(2024) Contribution of community monitoring to knowledge of mammal diversity in voluntarily conservation areas in Southern Mexico.\u00a0<strong><em>Journal for Nature Conservation<\/em><\/strong>\u00a079: 126604\u00a0<a href=\"https:\/\/doi.org\/10.1016\/j.jnc.2024.126604\">https:\/\/doi.org\/10.1016\/j.jnc.2024.126604<\/a><\/li>\n<\/ol>\n\n\n\n<p><strong>2023<\/strong><\/p>\n\n\n\n<ol reversed start=\"29\" class=\"wp-block-list\">\n<li>Unda-Harpa K, EJ Naranjo,\u00a0<strong>JR Sosa-L\u00f3pez,\u00a0<\/strong>D Navarrete-Guti\u00e9rrez, E Bello-Baltazar (2023) Knowledge, perceptions, and attitudes toward raptors among young urban residents of the Riviera Maya, Mexico.\u00a0<strong><em>Human Dimensions of Wildlife<\/em><\/strong>\u00a0<a href=\"https:\/\/doi.org\/10.1080\/10871209.2023.2273997\" target=\"_blank\" rel=\"noreferrer noopener\">https:\/\/doi.org\/10.1080\/10871209.2023.2273997<\/a><\/li>\n\n\n\n<li><strong>Sosa-L\u00f3pez JR<\/strong>,\u00a0<strong>NN D\u00edaz-Bernal*<\/strong>, E Padilla, M Briones-Salas (2023) Analysis of the effects of habitat characteristics, human disturbance, and prey presence on felids occupancy using long-term community monitoring information.\u00a0<em><strong>Nature Conservation<\/strong><\/em>\u00a053: 279-295\u00a0<a href=\"https:\/\/doi.org\/10.3897\/natureconservation.53.104135\" target=\"_blank\" rel=\"noreferrer noopener\">https:\/\/doi.org\/10.3897\/natureconservation.53.104135<\/a><\/li>\n\n\n\n<li>Hutschenreiter A,\u00a0<strong>JR Sosa-L\u00f3pez<\/strong>, F Gonz\u00e1lez-Garc\u00eda, Filippo Aureli (2023) Evaluating factors affecting species detection using passive acoustic monitoring in neotropical forests: a playback experiment.\u00a0<strong><em>Bioacoustics<\/em><\/strong>\u00a0DOI:\u00a0<a href=\"https:\/\/doi.org\/10.1080\/09524622.2023.2246413\" target=\"_blank\" rel=\"noreferrer noopener\">10.1080\/09524622.2023.2246413<\/a><\/li>\n\n\n\n<li><strong>Andrade-Gonz\u00e1lez VM<\/strong>*, H V\u00e1zquez-Miranda, CP Ornelas-Garc\u00eda,\u00a0<strong>JR Sosa-L\u00f3pez<\/strong>\u00a0(2023) Ecological factors drive the divergence of morphological, colour and behavioural traits in cactus wrens (Aves,Troglodytidae).\u00a0<strong><em>Proceedings of the Royal Society B<\/em><\/strong>\u00a0290: 20230215.\u00a0<a href=\"https:\/\/doi.org\/10.1098\/rspb.2023.0215\" target=\"_blank\" rel=\"noreferrer noopener\">https:\/\/doi.org\/10.1098\/rspb.2023.0215<\/a><\/li>\n\n\n\n<li><strong>Meza-Montes E*<\/strong>,\u00a0<strong>RA<\/strong>\u00a0<strong>Fern\u00e1ndez G\u00f3mez RA<\/strong>,* A Llanes-Quevedo, AG Navarro-Sig\u00fcenza, D Santiago-Alarcon,\u00a0<strong>JR Sosa-L\u00f3pez<\/strong>\u00a0(2023) Vocal behaviour, parasitic infection, chronic stress and body condition in rufous-naped wrens (<em>Campylorhynchus rufinucha<\/em>).\u00a0<strong><em>IBI<\/em>S\u00a0\u00a0<\/strong>165: 676-684.\u00a0<a href=\"https:\/\/doi.org\/10.1111\/ibi.13130\" target=\"_blank\" rel=\"noreferrer noopener\">https:\/\/doi.org\/10.1111\/ibi.13130<\/a><\/li>\n<\/ol>\n\n\n\n<p><strong>2022<\/strong><\/p>\n\n\n\n<ol reversed start=\"24\" class=\"wp-block-list\">\n<li><strong>Brise\u00f1o-Jaramillo M*<\/strong>,\u00a0<strong>JR Sosa- L\u00f3pez<\/strong>, G Ramos-Fern\u00e1ndez, A Lemasson (2022) Flexible use of contact calls in a species with high fission\u2013fusion dynamics.\u00a0<strong><em>Philosophical Transactions of the royal society B<\/em><\/strong>\u00a0377: 20210309.\u00a0<a href=\"https:\/\/doi.org\/10.1098\/rstb.2021.0309\" target=\"_blank\" rel=\"noreferrer noopener\">https:\/\/doi.org\/10.1098\/rstb.2021.0309<\/a><\/li>\n\n\n\n<li>Zasueta-Algara J**,\u00a0<strong>JR Sosa-L\u00f3pez<\/strong>, MC Arizmendi, AG Navarro-Sig\u00fcenza (2022) Structure and divergence of vocal traits in the Acorn Woodpecker (<em>Melanerpes formicivorus<\/em>)\u00a0<em><strong>The Wilson Journal of Ornithology<\/strong><\/em>\u00a0134:1-18 [<a href=\"https:\/\/meridian.allenpress.com\/wjo\/article-abstract\/doi\/10.1676\/21-00066\/477691\/Structure-and-divergence-of-vocal-traits-in-the?redirectedFrom=fulltext\" target=\"_blank\" rel=\"noreferrer noopener\">Link<\/a>]\u00a0<a href=\"https:\/\/doi.org\/10.1676\/21-00066\" target=\"_blank\" rel=\"noreferrer noopener\">https:\/\/doi.org\/10.1676\/21-00066<\/a><\/li>\n\n\n\n<li><strong>Quiroz M*,<\/strong>\u00a0<strong>JR Sosa-L\u00f3pez<\/strong>\u00a0(2022) Vocal behaviour of Sclater\u00b4s Wrens, a duetting Neotropical songbird: repertoires, song structural traits, dawn chorus variation and song sharing.<em>\u00a0<strong>Journal of Ornithology<\/strong><\/em>\u00a0163:121-136 [<a href=\"https:\/\/rdcu.be\/czUB1\" target=\"_blank\" rel=\"noreferrer noopener\">Acceso gratis<\/a>]\u00a0<a href=\"https:\/\/doi.org\/10.1007\/s10336-021-01936-3\">https:\/\/doi.org\/10.1007\/s10336-021-01936-3<\/a><\/li>\n<\/ol>\n\n\n\n<p><strong>2021<\/strong><\/p>\n\n\n\n<ol reversed start=\"21\" class=\"wp-block-list\">\n<li>Kavanagh E, et al. (2021) Dominance style is a key predictor of vocal use and evolution across nonhuman primates.\u00a0<em><strong>Royal Society Open Science<\/strong><\/em>\u00a08: 210873.\u00a0<a href=\"https:\/\/doi.org\/10.1098\/rsos.210873\" target=\"_blank\" rel=\"noreferrer noopener\">https:\/\/doi.org\/10.1098\/rsos.210873<\/a><\/li>\n\n\n\n<li><strong>Fern\u00e1ndez G\u00f3mez RA*<\/strong>, JE Morales-Mavil JE,\u00a0LT Hern\u00e1ndez-Salazar,\u00a0<strong>JR Sosa-L\u00f3pez<\/strong>\u00a0(2021)\u00a0Asymmetric behavioural responses to divergent vocal signals in allopatric Neotropical sparrows.\u00a0<em><strong>Animal Behaviour<\/strong><\/em>\u00a0174:41-50 [<a href=\"https:\/\/authors.elsevier.com\/a\/1cdwKmjLwp1i\" target=\"_blank\" rel=\"noreferrer noopener\">Link<\/a>]\u00a0<a href=\"https:\/\/doi.org\/10.1016\/j.anbehav.2021.01.018\" target=\"_blank\" rel=\"noreferrer noopener\">https:\/\/doi.org\/10.1016\/j.anbehav.2021.01.018<\/a><\/li>\n\n\n\n<li>MacGregor-Fors I, JF Escobar-Ib\u00e1\u00f1ez, JE Schondube, (\u2026)\u00a0<strong>JR Sosa-L\u00f3pez\u00a0<\/strong>(2021) The urban contrast: A nationwide assessment of avian diversity in Mexican cities.\u00a0<strong><em>Science of the Total Environment<\/em><\/strong>. 753:141915.<a href=\"https:\/\/doi.org\/10.1016\/j.scitotenv.2020.141915\" target=\"_blank\" rel=\"noreferrer noopener\">https:\/\/doi.org\/10.1016\/j.scitotenv.2020.141915<\/a><\/li>\n<\/ol>\n\n\n\n<p><strong>2020<\/strong><\/p>\n\n\n\n<ol reversed start=\"18\" class=\"wp-block-list\">\n<li>Carral-Murieta CO, M Garc\u00eda-Arroyo,\u00a0<strong>OH Mar\u00edn-G\u00f3mez**<\/strong>,\u00a0<strong>JR Sosa-L\u00f3pez<\/strong>\u00a0(2020) Noisy environments: untangling the role of anthropogenic noise on bird species richness in a Neotropical city.\u00a0<strong><em>Avian Research<\/em><\/strong>\u00a011:32\u00a0<a href=\"https:\/\/doi.org\/10.1186\/s40657-020-00218-5\">https:\/\/doi.org\/10.1186\/s40657-020-00218-5<\/a><\/li>\n\n\n\n<li><strong>Mar\u00edn-G\u00f3mez OH**<\/strong>, M Garc\u00eda-Arroyo, CE S\u00e1mchez-Sarria,\u00a0<strong>JR Sosa-L\u00f3pez,<\/strong>\u00a0D Santiago-Alarcon, I MacGregor-Fors (2020)\u00a0Nighlife in the City: drivers of the occurrence and vocal activity of a tropical owl.\u00a0<strong><em>Avian Research<\/em><\/strong>\u00a011:9 [<a href=\"https:\/\/sosalab.org\/wp-content\/uploads\/2020\/05\/marin_gomez-et-al-2020-avian-research.pdf\" target=\"_blank\" rel=\"noreferrer noopener\">PDF<\/a>] [<a href=\"https:\/\/avianres.biomedcentral.com\/articles\/10.1186\/s40657-020-00197-7\" target=\"_blank\" rel=\"noreferrer noopener\">Link<\/a>]\u00a0<a href=\"https:\/\/avianres.biomedcentral.com\/articles\/10.1186\/s40657-020-00197-7\" target=\"_blank\" rel=\"noreferrer noopener\">https:\/\/doi.org\/10.1186\/s40657\u2010020\u201000197\u20107<\/a><\/li>\n\n\n\n<li><strong>Demko A**<\/strong>,\u00a0<strong>JR Sosa-L\u00f3pez,<\/strong>\u00a0RK Simpson, SM Doucet, DJ Mennill (2020)\u00a0Divergence in plumage, voice, and morphology indicates speciation in Rufous-capped Warblers (<em>Basileuterus rufifrons<\/em>).\u00a0<em><strong>The Auk: Ornithological Advances<\/strong><\/em>\u00a0137:1-20 [<a href=\"https:\/\/sosalab.org\/wp-content\/uploads\/2020\/05\/demko-et-al-2020-auk.pdf\" target=\"_blank\" rel=\"noreferrer noopener\">PDF<\/a>] [<a href=\"https:\/\/academic.oup.com\/auk\/advance-article\/doi\/10.1093\/auk\/ukaa029\/5841100?guestAccessKey=ee16b412-1004-4352-89f6-15731ebd3a3e\" target=\"_blank\" rel=\"noreferrer noopener\">Link<\/a>]\u00a0<a href=\"https:\/\/sosalab.org\/publicaciones\/10.1093\/auk\/ukaa029\" target=\"_blank\" rel=\"noreferrer noopener\">DOI: 10.1093\/auk\/ukaa029<\/a><\/li>\n\n\n\n<li><strong>Ku-Peralta W*<\/strong>, AG Navarro-Sig\u00fcenza, L Sandoval,\u00a0<strong>JR<\/strong>\u00a0<strong>Sosa-L\u00f3pez\u00a0<\/strong>(2020)\u00a0Geographic variation in the duets of the Rufous-naped Wrens complex (<em>Campylorhynchus rufinucha<\/em>).\u00a0<em><strong>Auk: Ornithological Advances<\/strong><\/em>\u00a0 137:1-14 [<a href=\"https:\/\/sosalab.org\/wp-content\/uploads\/2020\/05\/kuperalta-et-al-2020-auk.pdf\" target=\"_blank\" rel=\"noreferrer noopener\">PDF<\/a>] [<a href=\"https:\/\/academic.oup.com\/auk\/advance-article-abstract\/doi\/10.1093\/auk\/ukaa015\/5813013?redirectedFrom=fulltext\" target=\"_blank\" rel=\"noreferrer noopener\">Link<\/a>]\u00a0<a href=\"https:\/\/doi.org\/10.1093\/auk\/ukaa015\" target=\"_blank\" rel=\"noreferrer noopener\">https:\/\/doi.org\/10.1093\/auk\/ukaa015<\/a><\/li>\n\n\n\n<li><strong>Fern\u00e1ndez G\u00f3mez RA*<\/strong>, JE Morales-Mavil JE,\u00a0<strong>JR Sosa-L\u00f3pez<\/strong>\u00a0(2020)\u00a0Geographic variation and divergence of songs in Olive Sparrow species complex (<em>Arremonops rufivirgatus<\/em>).\u00a0<em><strong>Journal of Field Ornithology\u00a0<\/strong><\/em>91:70-91 [<a href=\"https:\/\/sosalab.org\/wp-content\/uploads\/2020\/05\/fernandezgomez-et-al-2020-jfo-1.pdf\" target=\"_blank\" rel=\"noreferrer noopener\">PDF<\/a>][<a href=\"https:\/\/onlinelibrary.wiley.com\/doi\/full\/10.1111\/jofo.12320\" target=\"_blank\" rel=\"noreferrer noopener\">Link<\/a>]\u00a0<a href=\"https:\/\/doi.org\/10.1111\/jofo.12320\" target=\"_blank\" rel=\"noreferrer noopener\">https:\/\/doi.org\/10.1111\/jofo.12320<\/a><\/li>\n\n\n\n<li><strong>Mar\u00edn G\u00f3mez OH**<\/strong>, W D\u00e1ttilo W,\u00a0<strong>JR Sosa-L\u00f3pez<\/strong>, D Santiago-Alarc\u00f3n, I MacGregor-Fors (2020)\u00a0Where has the city choir gone? Loss of the temporal structure of bird dawn choruses in urban areas.\u00a0<em><strong>Landscape and Urban Plannin<\/strong><\/em><strong>g\u00a0<\/strong>194:103665 [<a href=\"https:\/\/reader.elsevier.com\/reader\/sd\/pii\/S0169204618305322?token=FDAF85C5AE2F370D97E93499328797572044F5BFF28973D851799DB07E224E23628666CF63F2B026968F1D0343513263\" target=\"_blank\" rel=\"noreferrer noopener\">Link<\/a>]\u00a0<a href=\"https:\/\/doi.org\/10.1016\/j.landurbplan.2019.103665\" target=\"_blank\" rel=\"noreferrer noopener\">https:\/\/doi.org\/10.1016\/j.landurbplan.2019.103665<\/a><\/li>\n<\/ol>\n\n\n\n<p><strong>2019<\/strong><\/p>\n\n\n\n<ol reversed start=\"12\" class=\"wp-block-list\">\n<li><strong>Demko AD**<\/strong>,\u00a0<strong>Sosa-L\u00f3pez JR<\/strong>, and Mennill DJ (2019)\u00a0Subspecies discrimination on the basis of acoustic signals: a playback experiment in a tropical songbird.\u00a0<strong><em>Animal Behaviour\u00a0<\/em><\/strong>157:\u00a077-85\u00a0[<strong><a href=\"https:\/\/www.sciencedirect.com\/science\/article\/abs\/pii\/S0003347219302817\" target=\"_blank\" rel=\"noreferrer noopener\">Link<\/a><\/strong>]\u00a0<a href=\"https:\/\/doi.org\/10.1016\/j.anbehav.2019.08.021\" target=\"_blank\" rel=\"noreferrer noopener\">https:\/\/doi.org\/10.1016\/j.anbehav.2019.08.021<\/a><\/li>\n<\/ol>\n\n\n\n<p><strong>2018<\/strong><\/p>\n\n\n\n<ol reversed start=\"11\" class=\"wp-block-list\">\n<li><strong>Briseno-Jaramillo M*<\/strong>, Ramos-Fern\u00e1ndez G, Palacios-Romo TM,\u00a0<strong>Sosa-L\u00f3pez JR<\/strong>, Lemasson A (2018)\u00a0Age and social affinity effects on contact call interactions in free-ranging spider monkeys.\u00a0\u00a0<strong><em>Behavioral Ecology and Sociobiology<\/em><\/strong>\u00a072:192\u00a0<strong>[<a href=\"https:\/\/link.springer.com\/article\/10.1007%2Fs00265-018-2615-2\" target=\"_blank\" rel=\"noreferrer noopener\">Link<\/a>]\u00a0<\/strong><a href=\"https:\/\/doi.org\/10.1007\/s00265-018-2615-2\" target=\"_blank\" rel=\"noreferrer noopener\">https:\/\/doi.org\/10.1007\/s00265-018-2615-2<\/a><\/li>\n<\/ol>\n\n\n\n<p><strong>2017<\/strong><\/p>\n\n\n\n<ol reversed start=\"10\" class=\"wp-block-list\">\n<li><strong>Sosa-L\u00f3pez JR<\/strong>, Mennill DJ, Renton K (2017)\u00a0Sexual differentiation and seasonal variation in response to conspecific and heterospecific acoustic signals.\u00a0\u00a0<strong><em>Ethology\u00a0<\/em><\/strong>123:460-466. DOI: 10.1111\/eth.12616 [<a href=\"https:\/\/sosalab.org\/wp-content\/uploads\/2017\/07\/sosa-et-al-2017-ethology.pdf\">PDF<\/a>]<\/li>\n\n\n\n<li>Gonz\u00e1lez-Garc\u00eda F**,\u00a0<strong>Sosa-L\u00f3pez JR<\/strong>, Ornelas JF, Jordano P, Rico-Gray P, Urios Moliner V (<strong>2017<\/strong>) Individual variation in the booming calls of captive Horned Guans (<em>Oreophasis derbianus<\/em>): an endangered Neotropical mountain bird.\u00a0<strong><em>Bioacoustics<\/em><\/strong>\u00a02: 185-198<strong><em>.\u00a0<\/em><\/strong>DOI: 10.1080\/09524622.2016.1233513\u00a0<strong>[<a href=\"http:\/\/www.tandfonline.com\/eprint\/mMtsiI3NzK7EjNtjpQCn\/full\">Link<\/a>] [<a href=\"https:\/\/sosalab.org\/wp-content\/uploads\/2017\/04\/gonzalezgarcia-et-al-2017.pdf\">PDF<\/a>]<\/strong><\/li>\n<\/ol>\n\n\n\n<p><strong>2016<\/strong><\/p>\n\n\n\n<ol reversed start=\"8\" class=\"wp-block-list\">\n<li>Celis-Murillo A, Benson TJ,\u00a0<strong>Sosa-L\u00f3pez JR<\/strong>, and Ward MP (<strong>2016<\/strong>) Nocturnal songs in a diurnal passerine: attracting mates or repelling intruders?<strong><em>Animal Behaviour\u00a0<\/em><\/strong>118:105-114 [<a href=\"http:\/\/www.sciencedirect.com\/science\/article\/pii\/S0003347216300434?np=y\">Link<\/a>] [<a href=\"https:\/\/sosalab.org\/wp-content\/uploads\/2016\/07\/celis-murillo2016.pdf\">PDF<\/a>]\n<ul class=\"wp-block-list\">\n<li><em>Art\u00edculo del mes en la revista\u00a0<strong>Animal Behaviour\u00a0<\/strong>[<a href=\"https:\/\/sosalab.org\/wp-content\/uploads\/2016\/09\/1-s2-0-s0003347216301087-main.pdf\">leer nota<\/a>] y la revista popular de ciencia\u00a0<strong>New Scientist<\/strong>\u00a0escribi\u00f3 un reportaje que podr\u00e1s leer\u00a0<a href=\"https:\/\/www.newscientist.com\/article\/2096497-secret-sexual-liaisons-explain-mystery-of-night-singing-birds\/\">aqu\u00ed<\/a>.<\/em><\/li>\n<\/ul>\n<\/li>\n\n\n\n<li><strong>Sosa-L\u00f3pez JR<\/strong>, Mart\u00ednez G\u00f3mez J, Mennill DJ (<strong>2016<\/strong>)\u00a0Divergence in mating signals correlates with genetic distance and behavioural responses to playback.\u00a0<strong><em>Journal of Evolutionary Biology<\/em><\/strong>\u00a029:306\u2013318 [<a href=\"http:\/\/onlinelibrary.wiley.com\/doi\/10.1111\/jeb.12782\/abstract;jsessionid=72A4660B74A3082E18A985B893D87446.f02t02?userIsAuthenticated=false&amp;deniedAccessCustomisedMessage=\">Link<\/a>] [<a href=\"https:\/\/sosalab.org\/wp-content\/uploads\/2016\/07\/sosa-lopez_et_al-journal_of_evolutionary_biology.pdf\">PDF<\/a>]<\/li>\n<\/ol>\n\n\n\n<p><strong>2014<\/strong><\/p>\n\n\n\n<ol reversed start=\"6\" class=\"wp-block-list\">\n<li><strong>Sosa-L\u00f3pez JR<\/strong>, Mennill D (<strong>2014<\/strong>)\u00a0Continent-wide patterns of divergence in acoustic and morphological traits in the House Wren species complex.\u00a0<strong><em>Auk: Ornithological Adv<\/em>ances\u00a0<\/strong>131:41-54. [<a href=\"https:\/\/sosalab.org\/wp-content\/uploads\/2014\/10\/auk-13-161.pdf\">PDF<\/a>] [<a href=\"https:\/\/sosalab.org\/wp-content\/uploads\/2014\/10\/sosa_and_mennill_geographic_variation_supplementary_material_v8.docx\">Supplemental Material<\/a>]<\/li>\n\n\n\n<li><strong>Sosa-L\u00f3pez JR<\/strong>, Mennill D (<strong>2014<\/strong>)\u00a0The vocal behaviour of the Brown-throated Wren (<em>Troglodytes brunneicollis<\/em>): song structure, repertoires, sharing, syntax, and diel variation.\u00a0<strong><em>Journal of\u00a0<\/em>Ornithology<\/strong>\u00a0155:435-446 [<a href=\"https:\/\/sosalab.org\/wp-content\/uploads\/2014\/10\/sosalopezmenill2014brownthroatedwren.pdf\">PDF<\/a>] [<a href=\"https:\/\/sosalab.org\/wp-content\/uploads\/2014\/10\/10336_2013_1024_moesm1_esm.pdf\">Supplemental Material<\/a>]<\/li>\n\n\n\n<li><strong>Sosa-L\u00f3pez JR<\/strong>, Mennill D (<strong>2014<\/strong>)\u00a0Vocal behavior of the island-endemic Cozumel Wren (<em>Troglodytes aedon beani<\/em>): song structure, repertoires, and song sharing.\u00a0<strong><em>Journal of Ornithology<\/em><\/strong>\u00a0155:337-346. [<a href=\"https:\/\/sosalab.org\/wp-content\/uploads\/2014\/10\/sosalopezmennill2014cozumelwren.pdf\">PDF<\/a>]<\/li>\n<\/ol>\n\n\n\n<p><strong>2013<\/strong><\/p>\n\n\n\n<figure class=\"wp-block-image alignright\"><img decoding=\"async\" src=\"https:\/\/sosalab.org\/wp-content\/uploads\/2014\/10\/cover.gif?w=625\" alt=\"cover\" class=\"wp-image-161\" \/><\/figure>\n\n\n\n<ol reversed start=\"3\" class=\"wp-block-list\">\n<li><strong>Sosa-L\u00f3pez JR<\/strong>, Mennill D, Navarro-Sig\u00fcenza AG (<strong>2013<\/strong>)\u00a0Geographic variation and the evolution of song in Mesoamerican rufous\u2010naped wrens\u00a0(<em>Campylorhynchus rufinucha<\/em>).\u00a0<strong><em>Journal of Avian Biology<\/em><\/strong>\u00a044:27\u201338. [<a href=\"https:\/\/sosalab.org\/wp-content\/uploads\/2014\/10\/sosalopez-et-al-2013-rufousnapedwren.pdf\">PDF<\/a>]<em>\u00a0<\/em><\/li>\n\n\n\n<li><strong>Sosa-L\u00f3pez JR<\/strong>, Gonz\u00e1lez C, Navarro-Sig\u00fcenza AG (<strong>2013<\/strong>) Vocal Geographic variation in Mesoamerican Common Bush Tanagers (<em>Chlorospingus<\/em>).\u00a0<strong><em>Wilson Journal of Ornithology<\/em><\/strong>\u00a0125:24\u201333. [<a href=\"https:\/\/sosalab.org\/wp-content\/uploads\/2014\/10\/sosalopes-et-al-2013-commonbushtanager.pdf\">PDF<\/a>]<\/li>\n<\/ol>\n\n\n\n<p><strong>2012<\/strong><\/p>\n\n\n\n<ol reversed start=\"1\" class=\"wp-block-list\">\n<li><strong>Sosa-L\u00f3pez JR<\/strong>, Martinez-Gomez J, Mennill D (<strong>2012<\/strong>) Description of the nest, eggs, and parental behavior of the Clarion Wren (<em>Troglodytes tanneri),<\/em>\u00a0a vulnerable island-endemic songbird.\u00a0<strong><em>Ornitologia Neotropical<\/em><\/strong>\u00a023:291\u2013298. [<a href=\"https:\/\/sosalab.org\/wp-content\/uploads\/2014\/10\/sosalopez-et-al-2012-clarionwren.pdf\">PDF<\/a>]<\/li>\n<\/ol>\n\n\n\n<p><\/p>\n","protected":false},"excerpt":{"rendered":"<p>*Alumnos de posgrado o investigadores posdoctorales en el LABEC **Alumnos o investigadores en estancias acad\u00e9micas en el LABEC 2025 2024 2023 2022 2021 2020 2019 2018 2017 2016 2014 2013 2012<\/p>\n","protected":false},"author":17,"featured_media":0,"parent":0,"menu_order":0,"comment_status":"closed","ping_status":"closed","template":"","meta":{"_swt_meta_header_display":false,"_swt_meta_footer_display":false,"_swt_meta_site_title_display":false,"_swt_meta_sticky_header":false,"_swt_meta_transparent_header":false,"footnotes":""},"class_list":["post-6","page","type-page","status-publish","hentry"],"_links":{"self":[{"href":"https:\/\/web.ciidiroaxaca.ipn.mx\/jrsosa\/wp-json\/wp\/v2\/pages\/6","targetHints":{"allow":["GET"]}}],"collection":[{"href":"https:\/\/web.ciidiroaxaca.ipn.mx\/jrsosa\/wp-json\/wp\/v2\/pages"}],"about":[{"href":"https:\/\/web.ciidiroaxaca.ipn.mx\/jrsosa\/wp-json\/wp\/v2\/types\/page"}],"author":[{"embeddable":true,"href":"https:\/\/web.ciidiroaxaca.ipn.mx\/jrsosa\/wp-json\/wp\/v2\/users\/17"}],"replies":[{"embeddable":true,"href":"https:\/\/web.ciidiroaxaca.ipn.mx\/jrsosa\/wp-json\/wp\/v2\/comments?post=6"}],"version-history":[{"count":4,"href":"https:\/\/web.ciidiroaxaca.ipn.mx\/jrsosa\/wp-json\/wp\/v2\/pages\/6\/revisions"}],"predecessor-version":[{"id":62,"href":"https:\/\/web.ciidiroaxaca.ipn.mx\/jrsosa\/wp-json\/wp\/v2\/pages\/6\/revisions\/62"}],"wp:attachment":[{"href":"https:\/\/web.ciidiroaxaca.ipn.mx\/jrsosa\/wp-json\/wp\/v2\/media?parent=6"}],"curies":[{"name":"wp","href":"https:\/\/api.w.org\/{rel}","templated":true}]}}