{"id":5,"date":"2015-01-20T20:29:00","date_gmt":"2015-01-20T20:29:00","guid":{"rendered":"https:\/\/web.ciidiroaxaca.ipn.mx\/jrsosa\/laboratorio-de-bioacustica-y-ecologia-del-comportamiento\/"},"modified":"2026-03-10T11:16:42","modified_gmt":"2026-03-10T17:16:42","slug":"laboratorio-de-bioacustica-y-ecologia-del-comportamiento","status":"publish","type":"page","link":"https:\/\/web.ciidiroaxaca.ipn.mx\/jrsosa\/","title":{"rendered":"Dr. Jos\u00e9 Roberto Sosa L\u00f3pez"},"content":{"rendered":"\n<figure class=\"wp-block-image aligncenter size-medium\"><img loading=\"lazy\" decoding=\"async\" width=\"300\" height=\"300\" src=\"https:\/\/web.ciidiroaxaca.ipn.mx\/jrsosa\/wp-content\/uploads\/sites\/38\/2026\/03\/Roberto-edited-300x300.jpeg\" alt=\"\" class=\"wp-image-159\" style=\"aspect-ratio:1;object-fit:cover\" srcset=\"https:\/\/web.ciidiroaxaca.ipn.mx\/jrsosa\/wp-content\/uploads\/sites\/38\/2026\/03\/Roberto-edited-300x300.jpeg 300w, https:\/\/web.ciidiroaxaca.ipn.mx\/jrsosa\/wp-content\/uploads\/sites\/38\/2026\/03\/Roberto-edited-1024x1024.jpeg 1024w, https:\/\/web.ciidiroaxaca.ipn.mx\/jrsosa\/wp-content\/uploads\/sites\/38\/2026\/03\/Roberto-edited-150x150.jpeg 150w, https:\/\/web.ciidiroaxaca.ipn.mx\/jrsosa\/wp-content\/uploads\/sites\/38\/2026\/03\/Roberto-edited-768x768.jpeg 768w, https:\/\/web.ciidiroaxaca.ipn.mx\/jrsosa\/wp-content\/uploads\/sites\/38\/2026\/03\/Roberto-edited-1536x1536.jpeg 1536w, https:\/\/web.ciidiroaxaca.ipn.mx\/jrsosa\/wp-content\/uploads\/sites\/38\/2026\/03\/Roberto-edited-2048x2048.jpeg 2048w\" sizes=\"auto, (max-width: 300px) 100vw, 300px\" \/><\/figure>\n\n\n\n<h2 class=\"wp-block-heading has-text-align-center\">Laboratorio de Bioac\u00fastica y Ecolog\u00eda del Comportamiento<\/h2>\n\n\n\n<h3 class=\"wp-block-heading has-text-align-center\">Investigador SNII nivel 2<\/h3>\n\n\n\n<h3 class=\"wp-block-heading has-text-align-center\"><em>Profesor Titular A<\/em><\/h3>\n\n\n\n<p class=\"has-text-align-center\"><a href=\"mailto:jrsosa@ipn.mx\">E-mail: jrsosa@ipn.mx<\/a><br>Tel\u00e9fono: (951) 517 0610 Ext. 82732<\/p>\n\n\n\n<hr class=\"wp-block-separator has-alpha-channel-opacity\" \/>\n\n\n\n<p>El Dr. Jos\u00e9 Roberto Sosa L\u00f3pez es Profesor-Investigador en el CIIDIR Unidad Oaxaca del Instituto Polit\u00e9cnico Nacional, donde fund\u00f3 y dirige el Laboratorio de Bioac\u00fastica y Ecolog\u00eda del Comportamiento. Es Doctor en Biolog\u00eda y su investigaci\u00f3n se centra en la ecolog\u00eda y evoluci\u00f3n del comportamiento animal, con \u00e9nfasis en la comunicaci\u00f3n vocal de aves y el uso de herramientas bioac\u00fasticas para el estudio de la biodiversidad. Su trabajo integra enfoques ac\u00fasticos y ecol\u00f3gicos mediante experimentos de campo y an\u00e1lisis estad\u00edsticos avanzados, lo que ha permitido generar contribuciones sustantivas sobre la evoluci\u00f3n de las se\u00f1ales ac\u00fasticas, la delimitaci\u00f3n de especies y los efectos de la urbanizaci\u00f3n, el uso del h\u00e1bitat y la diversidad cultural de aves, particularmente en sistemas tropicales y neotropicales. Ha publicado m\u00e1s de 35 art\u00edculos cient\u00edficos en revistas arbitradas, dirigido tesis de licenciatura y posgrado, asesorado investigadores postdoctorales y consolidado una l\u00ednea de investigaci\u00f3n reconocida a nivel nacional e internacional. Es miembro del Sistema Nacional de Investigadoras e Investigadores SNII nivel 2 y, desde 2024, Fellow de la American Ornithological Society, distinci\u00f3n otorgada por contribuciones cient\u00edficas sostenidas y liderazgo en la disciplina. Su trayectoria combina investigaci\u00f3n b\u00e1sica y de frontera, formaci\u00f3n de recursos humanos y vinculaci\u00f3n acad\u00e9mica, con impacto directo en el avance del conocimiento y en la aplicaci\u00f3n cient\u00edfica para la conservaci\u00f3n de la biodiversidad<\/p>\n\n\n\n<hr class=\"wp-block-separator has-alpha-channel-opacity\" \/>\n\n\n\n<p><a href=\"https:\/\/sosalab.org\" target=\"_blank\" rel=\"noreferrer noopener\">P\u00e1gina del Laboratorio de Bioac\u00fastica y Ecolog\u00eda del Comportamiento<\/a><\/p>\n\n\n\n<p><a href=\"https:\/\/orcid.org\/0000-0002-0120-0704\" target=\"_blank\" rel=\"noreferrer noopener\">ORCID ID<\/a><\/p>\n\n\n\n<p><a href=\"https:\/\/publons.com\/researcher\/441788\/j-roberto-sosa-lopez\/\" target=\"_blank\" rel=\"noreferrer noopener\">Publons<\/a><\/p>\n\n\n\n<p><a href=\"https:\/\/scholar.google.com\/citations?hl=en&amp;view_op=list_works&amp;gmla=AJsN-F6SUwh7CAexJ7Bj505_hFDOnlvgGksENLWM4KQQHbqgtiblvI8YuDI5qb07ELRkvq6_PWxFELd8ZU1EN8GAhjVa9Ljc1m-2WVjScPqPcyi7h1gdc2Q&amp;user=iijd_e8AAAAJ\" target=\"_blank\" rel=\"noreferrer noopener\">Google Schoolar<\/a><\/p>\n\n\n\n<p><a href=\"https:\/\/www.scopus.com\/authid\/detail.uri?authorId=55539546600\" target=\"_blank\" rel=\"noreferrer noopener\">Scopus<\/a><\/p>\n\n\n\n<p><\/p>\n","protected":false},"excerpt":{"rendered":"<p>Laboratorio de Bioac\u00fastica y Ecolog\u00eda del Comportamiento Investigador SNII nivel 2 Profesor Titular A E-mail: jrsosa@ipn.mxTel\u00e9fono: (951) 517 0610 Ext. 82732 El Dr. Jos\u00e9 Roberto Sosa L\u00f3pez es Profesor-Investigador en el CIIDIR Unidad Oaxaca del Instituto Polit\u00e9cnico Nacional, donde fund\u00f3 y dirige el Laboratorio de Bioac\u00fastica y Ecolog\u00eda del Comportamiento. Es Doctor en Biolog\u00eda y [&hellip;]<\/p>\n","protected":false},"author":17,"featured_media":0,"parent":0,"menu_order":0,"comment_status":"closed","ping_status":"closed","template":"","meta":{"_swt_meta_header_display":false,"_swt_meta_footer_display":false,"_swt_meta_site_title_display":false,"_swt_meta_sticky_header":false,"_swt_meta_transparent_header":false,"footnotes":""},"class_list":["post-5","page","type-page","status-publish","hentry"],"_links":{"self":[{"href":"https:\/\/web.ciidiroaxaca.ipn.mx\/jrsosa\/wp-json\/wp\/v2\/pages\/5","targetHints":{"allow":["GET"]}}],"collection":[{"href":"https:\/\/web.ciidiroaxaca.ipn.mx\/jrsosa\/wp-json\/wp\/v2\/pages"}],"about":[{"href":"https:\/\/web.ciidiroaxaca.ipn.mx\/jrsosa\/wp-json\/wp\/v2\/types\/page"}],"author":[{"embeddable":true,"href":"https:\/\/web.ciidiroaxaca.ipn.mx\/jrsosa\/wp-json\/wp\/v2\/users\/17"}],"replies":[{"embeddable":true,"href":"https:\/\/web.ciidiroaxaca.ipn.mx\/jrsosa\/wp-json\/wp\/v2\/comments?post=5"}],"version-history":[{"count":13,"href":"https:\/\/web.ciidiroaxaca.ipn.mx\/jrsosa\/wp-json\/wp\/v2\/pages\/5\/revisions"}],"predecessor-version":[{"id":163,"href":"https:\/\/web.ciidiroaxaca.ipn.mx\/jrsosa\/wp-json\/wp\/v2\/pages\/5\/revisions\/163"}],"wp:attachment":[{"href":"https:\/\/web.ciidiroaxaca.ipn.mx\/jrsosa\/wp-json\/wp\/v2\/media?parent=5"}],"curies":[{"name":"wp","href":"https:\/\/api.w.org\/{rel}","templated":true}]}}