{"id":39,"date":"2025-07-15T15:37:07","date_gmt":"2025-07-15T15:37:07","guid":{"rendered":"https:\/\/web.ciidiroaxaca.ipn.mx\/jrodrigr\/?page_id=39"},"modified":"2025-10-20T13:40:54","modified_gmt":"2025-10-20T19:40:54","slug":"courses","status":"publish","type":"page","link":"https:\/\/web.ciidiroaxaca.ipn.mx\/jrodrigr\/en\/courses\/","title":{"rendered":"Courses"},"content":{"rendered":"\n<p><strong>Postgraduate courses:<\/strong><\/p>\n\n\n\n<p>Research Seminar.&nbsp;Seminario de Investigaci\u00f3n II 2018-B. Maestr\u00eda en Ciencias en Conservaci\u00f3n y Aprovechamiento de Recursos Naturales.<\/p>\n\n\n\n<p>Research Seminar.&nbsp;&nbsp;I 2018-A.&nbsp;Maestr\u00eda en Ciencias en Conservaci\u00f3n y Aprovechamiento de Recursos Naturales.<\/p>\n\n\n\n<p>Fundamentals and applications in drying.&nbsp;&nbsp;2018-A.&nbsp;Maestr\u00eda en Ciencias en Conservaci\u00f3n y Aprovechamiento de Recursos Naturales.<\/p>\n\n\n\n<p>Experimental designs and statistical analysis of engineering data.&nbsp;2018-A.&nbsp;Maestr\u00eda en Ciencias en Conservaci\u00f3n y Aprovechamiento de Recursos Naturales.<\/p>\n\n\n\n<p>Drying Technology 2017-B. Posgrado en ingenier\u00eda, \u00e1rea energ\u00eda, materia impartida en colaboraci\u00f3n con la IER-UNAM.<\/p>\n\n\n\n<p>Research Seminar&nbsp;&nbsp;III 2017-B.&nbsp;Doctorado&nbsp;en Ciencias en Conservaci\u00f3n y Aprovechamiento de Recursos.&nbsp;Procesos de transporte y Operaciones Unitarias 2017-B.&nbsp;Maestr\u00eda en Ciencias en Conservaci\u00f3n y Aprovechamiento de Recursos Naturales. <\/p>\n\n\n\n<p>Research Seminar&nbsp;III 2017-A. Doctorado&nbsp;en Ciencias en Cons<img decoding=\"async\" class=\"wp-image-47\" style=\"width: NaNpx\" src=\"https:\/\/web.ciidiroaxaca.ipn.mx\/jrodrigr\/wp-content\/uploads\/sites\/16\/2025\/07\/2016B-FundamentosYAplicacionesDelSecado.pdf\" alt=\"\">ervaci\u00f3n y Aprovechamiento de Recursos <a href=\"https:\/\/web.ciidiroaxaca.ipn.mx\/jrodrigr\/wp-content\/uploads\/sites\/16\/2025\/07\/2017-ASeminarioDeInvestigacion-III.pdf\" data-type=\"attachment\" data-id=\"58\">2017-ASeminarioDeInvestigacion-III<\/a><img decoding=\"async\" class=\"wp-image-48\" style=\"width: NaNpx\" src=\"https:\/\/web.ciidiroaxaca.ipn.mx\/jrodrigr\/wp-content\/uploads\/sites\/16\/2025\/07\/2016B-FundamentosYAplicacionesDelSecado-1.pdf\" alt=\"\"><\/p>\n\n\n\n<p>Research Seminar&nbsp;II 2016-B. .Doctorado&nbsp;en Ciencias en Conservaci\u00f3n y Aprovechamiento de Recursos Naturales. <a href=\"https:\/\/web.ciidiroaxaca.ipn.mx\/jrodrigr\/wp-content\/uploads\/sites\/16\/2025\/07\/2016B-SeminarioDeInv-II.pdf\" data-type=\"attachment\" data-id=\"55\" target=\"_blank\" rel=\"noreferrer noopener\">2016B-SeminarioDeInv-II<\/a><\/p>\n\n\n\n<p>Fundamentals and applications in drying.. 2016-B. Maestr\u00eda en Ciencias en Conservaci\u00f3n y Aprovechamiento de Recursos Naturales. <a href=\"https:\/\/web.ciidiroaxaca.ipn.mx\/jrodrigr\/wp-content\/uploads\/sites\/16\/2025\/07\/2016B-FundamentosYAplicacionesDelSecado.pdf\" data-type=\"attachment\" data-id=\"47\" target=\"_blank\" rel=\"noreferrer noopener\">2016B-FundamentosYAplicacionesDelSecado<\/a><\/p>\n\n\n\n<p>Transportation processes and unit operations.&nbsp;&nbsp;2016-A. Maestr\u00eda en Ciencias en Conservaci\u00f3n y Aprovechamiento de Recursos Naturales. <a href=\"https:\/\/web.ciidiroaxaca.ipn.mx\/jrodrigr\/wp-content\/uploads\/sites\/16\/2025\/07\/2016-ProcesosDeTransporte-Maestria.pdf\" data-type=\"attachment\" data-id=\"59\" target=\"_blank\" rel=\"noreferrer noopener\">2016-ProcesosDeTransporte-Maestria<\/a><\/p>\n\n\n\n<p>Research Seminar&nbsp;I. 2015-B.&nbsp;Maestr\u00eda en Ciencias en Conservaci\u00f3n y Aprovechamiento de Recursos Naturales.&nbsp;<a href=\"https:\/\/web.ciidiroaxaca.ipn.mx\/jrodrigr\/wp-content\/uploads\/sites\/16\/2025\/07\/312CargaAcademica-SeminarioInv-I-maestria.pdf\" data-type=\"attachment\" data-id=\"54\" target=\"_blank\" rel=\"noreferrer noopener\">312CargaAcademica-SeminarioInv-I-maestria<\/a><\/p>\n\n\n\n<p>Research Seminar&nbsp;I. 2015-B. Doctorado&nbsp;en Ciencias en Conservaci\u00f3n y Aprovechamiento de Recursos Naturales.&nbsp;&nbsp;<a href=\"https:\/\/web.ciidiroaxaca.ipn.mx\/jrodrigr\/wp-content\/uploads\/sites\/16\/2025\/07\/312-CargaAcademiaca-SeminarioInv-I-doctorado.pdf\" data-type=\"attachment\" data-id=\"53\" target=\"_blank\" rel=\"noreferrer noopener\">312-CargaAcademiaca-SeminarioInv-I-doctorado<\/a><\/p>\n\n\n\n<p>Fundamentals and applications in drying.&nbsp;. 2015-A. Maestr\u00eda en Ciencias en Conservaci\u00f3n y Aprovechamiento de Recursos Naturales.&nbsp;<a href=\"https:\/\/web.ciidiroaxaca.ipn.mx\/jrodrigr\/wp-content\/uploads\/sites\/16\/2025\/07\/312-2015-ConstanciaFundamento.pdf\" data-type=\"attachment\" data-id=\"52\" target=\"_blank\" rel=\"noreferrer noopener\">312-2015-ConstanciaFundamento<\/a><\/p>\n\n\n\n<p>Transportation processes and unit operations.&nbsp;2014-A. Maestr\u00eda&nbsp;en Ciencias en Conservaci\u00f3n y Aprovechamiento de Recursos naturales. <a href=\"https:\/\/web.ciidiroaxaca.ipn.mx\/jrodrigr\/wp-content\/uploads\/sites\/16\/2025\/07\/42-ConstanciaAsignaturaProcesosTransporteyOperacionesUnitarias.pdf\" data-type=\"attachment\" data-id=\"51\" target=\"_blank\" rel=\"noreferrer noopener\">Procesos de transporte y operaciones unitarias<\/a><\/p>\n\n\n\n<p>Research Seminar&nbsp;II. 2014-A. Maestr\u00eda&nbsp;en Ciencias en Conservaci\u00f3n y Aprovechamiento de Recursos Naturales.&nbsp;&nbsp;<a href=\"https:\/\/web.ciidiroaxaca.ipn.mx\/jrodrigr\/wp-content\/uploads\/sites\/16\/2025\/07\/43-ConstanciaAgisnaturaSeminarioDeInv-II.pdf\" data-type=\"attachment\" data-id=\"50\" target=\"_blank\" rel=\"noreferrer noopener\">43-ConstanciaAgisnaturaSeminarioDeInv-II<\/a><\/p>\n\n\n\n<p>Transportation processes and unit operations.&nbsp;.&nbsp;Maestr\u00eda en Ciencias en Conservaci\u00f3n y Aprovechamiento de Recursos Naturales.<\/p>\n\n\n\n<p>Phenomenon of transport in the transformation of natural resources.&nbsp;.&nbsp;Maestr\u00eda en Ciencias en Conservaci\u00f3n y Aprovechamiento de Recursos Naturales<br>Research Seminar&nbsp;II.&nbsp;Maestr\u00eda en Ciencias en Conservaci\u00f3n y Aprovechamiento de Recursos Naturales<\/p>\n\n\n\n<p>Research Seminar&nbsp;I,&nbsp;II, V y VI. Doctorado&nbsp;en Ciencias en Conservaci\u00f3n y Aprovechamiento de Recursos Naturales<\/p>\n\n\n\n<h2 class=\"wp-block-heading\">Course-Workshop<\/h2>\n\n\n\n<ul class=\"wp-block-list\">\n<li>Deshidrataci\u00f3n de frutas y hortalizas\u00a0(12 al 16 mayo 2025).<\/li>\n\n\n\n<li>Deshidrataci\u00f3n de frutas y hortalizas\u00a0(14 al 16 mayo 2025).<\/li>\n\n\n\n<li>Deshidrataci\u00f3n de frutas y hortalizas\u00a0(19, 30 y 21 septiembre 2023).<\/li>\n\n\n\n<li>Deshidrataci\u00f3n de frutas y hortalizas\u00a0(05, 06 y 07 julio 2023).<\/li>\n\n\n\n<li>Deshidrataci\u00f3n de frutas y hortalizas\u00a0(18, 19 y 20 mayo 2023).<\/li>\n\n\n\n<li>Deshidrataci\u00f3n de frutas y hortalizas (\u00a002, 03 y 04 de junio 2022).<\/li>\n\n\n\n<li>Technological development of a 10-tray electric solar hybrid dehydrator system. 6 march-7 may, 2018.<\/li>\n\n\n\n<li>Technological development of a 10-tray electric solar hybrid dehydrator system. Course-Workshop.&nbsp; del 06 marzo al 7 de mayo 2018.<\/li>\n\n\n\n<li>Technological development of a 10-tray electric solar hybrid dehydrator system. del 20 diciembre 2017 al 26 de enero 2018.<\/li>\n\n\n\n<li>Deshidrataci\u00f3n de frutas y hortalizas (26 al 28 de abril de 2018).<\/li>\n\n\n\n<li>Technological development of a 10-tray electric solar hybrid dehydrator system.&nbsp; del 05 octubre al 08 de noviembre 2017, Platino plataforma de innovaci\u00f3n y desarrollo de iniciativas locales, A.C.<\/li>\n\n\n\n<li>Dehydration of fruits and vegetables.&nbsp;(30 noviembre al 1 y&nbsp; 2 de diciembre de 2017).<\/li>\n\n\n\n<li>Dehydration of fruits and vegetables. (20 al 22 de abril de 2017).<\/li>\n\n\n\n<li>Dehydration of fruits and vegetables. (11,18, 25 de Junio y 2 de Julio de 2016) .<\/li>\n\n\n\n<li>Dehydration of fruits and vegetables. (19 al 21 de Noviembre 2015).<\/li>\n\n\n\n<li>Construcci\u00f3n h\u00edbrido solar-el\u00e9ctrico de 10 charolas del 20 mayo al 26 agosto 2015,&nbsp; empresa Delifit.<\/li>\n\n\n\n<li>Dehydration of fruits and vegetables. (8-10 de Abril 2015).<\/li>\n\n\n\n<li>Dehydration of fruits and vegetables. (24 y 31 de mayo, 7 y 14 de junio 2014).&nbsp;<\/li>\n\n\n\n<li>\u200bDehydration of fruits and vegetables. (6,13,20 y 27 de abril &nbsp;2013).<\/li>\n\n\n\n<li>Solar drying course.&nbsp; (28 al 31 de mayo 2013).<\/li>\n<\/ul>\n","protected":false},"excerpt":{"rendered":"<p>Postgraduate courses: Research Seminar.&nbsp;Seminario de Investigaci\u00f3n II 2018-B. Maestr\u00eda en Ciencias en Conservaci\u00f3n y Aprovechamiento de Recursos Naturales. Research Seminar.&nbsp;&nbsp;I 2018-A.&nbsp;Maestr\u00eda en Ciencias en Conservaci\u00f3n y Aprovechamiento de Recursos Naturales. Fundamentals and applications in drying.&nbsp;&nbsp;2018-A.&nbsp;Maestr\u00eda en Ciencias en Conservaci\u00f3n y Aprovechamiento de Recursos Naturales. Experimental designs and statistical analysis of engineering data.&nbsp;2018-A.&nbsp;Maestr\u00eda en Ciencias en [&hellip;]<\/p>\n","protected":false},"author":21,"featured_media":0,"parent":0,"menu_order":0,"comment_status":"closed","ping_status":"closed","template":"page-english","meta":{"_swt_meta_header_display":false,"_swt_meta_footer_display":false,"_swt_meta_site_title_display":false,"_swt_meta_sticky_header":false,"_swt_meta_transparent_header":false,"footnotes":""},"class_list":["post-39","page","type-page","status-publish","hentry"],"_links":{"self":[{"href":"https:\/\/web.ciidiroaxaca.ipn.mx\/jrodrigr\/wp-json\/wp\/v2\/pages\/39","targetHints":{"allow":["GET"]}}],"collection":[{"href":"https:\/\/web.ciidiroaxaca.ipn.mx\/jrodrigr\/wp-json\/wp\/v2\/pages"}],"about":[{"href":"https:\/\/web.ciidiroaxaca.ipn.mx\/jrodrigr\/wp-json\/wp\/v2\/types\/page"}],"author":[{"embeddable":true,"href":"https:\/\/web.ciidiroaxaca.ipn.mx\/jrodrigr\/wp-json\/wp\/v2\/users\/21"}],"replies":[{"embeddable":true,"href":"https:\/\/web.ciidiroaxaca.ipn.mx\/jrodrigr\/wp-json\/wp\/v2\/comments?post=39"}],"version-history":[{"count":8,"href":"https:\/\/web.ciidiroaxaca.ipn.mx\/jrodrigr\/wp-json\/wp\/v2\/pages\/39\/revisions"}],"predecessor-version":[{"id":195,"href":"https:\/\/web.ciidiroaxaca.ipn.mx\/jrodrigr\/wp-json\/wp\/v2\/pages\/39\/revisions\/195"}],"wp:attachment":[{"href":"https:\/\/web.ciidiroaxaca.ipn.mx\/jrodrigr\/wp-json\/wp\/v2\/media?parent=39"}],"curies":[{"name":"wp","href":"https:\/\/api.w.org\/{rel}","templated":true}]}}