{"id":15,"date":"2011-10-17T15:15:44","date_gmt":"2011-10-17T15:15:44","guid":{"rendered":"https:\/\/web.ciidiroaxaca.ipn.mx\/jrodrigr\/dr-juan-rodriguez-ramirez-2\/"},"modified":"2025-10-09T00:34:51","modified_gmt":"2025-10-09T00:34:51","slug":"dr-juan-rodriguez-ramirez-2","status":"publish","type":"page","link":"https:\/\/web.ciidiroaxaca.ipn.mx\/jrodrigr\/","title":{"rendered":"Dr. Juan Rodr\u00edguez Ram\u00edrez"},"content":{"rendered":"\n<div class=\"wp-block-columns is-layout-flex wp-container-core-columns-is-layout-28f84493 wp-block-columns-is-layout-flex\">\n<div class=\"wp-block-column is-layout-flow wp-block-column-is-layout-flow\" style=\"flex-basis:33.33%\">\n<figure class=\"wp-block-image aligncenter\"><a href=\"https:\/\/web.ciidiroaxaca.ipn.mx\/jrodrigr\/wp-content\/uploads\/sites\/16\/2011\/10\/medium_my_orcid_qrcode-JRR.png\"><img loading=\"lazy\" decoding=\"async\" width=\"90\" height=\"90\" src=\"https:\/\/web.ciidiroaxaca.ipn.mx\/jrodrigr\/wp-content\/uploads\/sites\/16\/2011\/10\/small_my_orcid_qrcode-JRR.png\" alt=\"\" class=\"wp-image-13\" \/><\/a><\/figure>\n<\/div>\n\n\n\n<div class=\"wp-block-column is-layout-flow wp-block-column-is-layout-flow\" style=\"flex-basis:66.66%\">\n<figure class=\"wp-block-image aligncenter wp-duotone-unset-1\"><img loading=\"lazy\" decoding=\"async\" width=\"147\" height=\"170\" src=\"https:\/\/web.ciidiroaxaca.ipn.mx\/jrodrigr\/wp-content\/uploads\/sites\/16\/2011\/10\/juan_rodriguez2.JPG\" alt=\"\" class=\"wp-image-4\" \/><\/figure>\n<\/div>\n<\/div>\n\n\n\n<p class=\"has-text-align-center\"><strong>Doctor en Ciencias en Ingenier\u00eda Qu\u00edmica&nbsp;(Departamento&nbsp;de Ingenier\u00eda Qu\u00edmicas del&nbsp;&nbsp;Instituto Tecnol\u00f3gico de Celaya)<\/strong><\/p>\n\n\n\n<p class=\"has-text-align-center\">Profesor Colegiado de la Maestr\u00eda y el Doctorado en Ciencias en Conservaci\u00f3n y Aprovechamiento de Recursos Naturales del CIIDIR IPN Oaxaca<\/p>\n\n\n\n<p class=\"has-text-align-center\">Miembro del Sistema Nacional de Investigadores Nivel II<\/p>\n\n\n\n<p class=\"has-text-align-center\">Miembro de la Red de Energ\u00eda y de la Red de Biotecnolog\u00eda&nbsp; del IPN<\/p>\n\n\n\n<p class=\"has-text-align-center\">&nbsp;International Advisory Panel &nbsp;Member on Drying<\/p>\n\n\n\n<p class=\"has-text-align-center\">\u00a0Founding Associate Fellows of International Research Association for Dryng Research &amp; Technology<\/p>\n\n\n\n<p class=\"has-text-align-center\">Worcester Polytechnic Institute (Centre for Advances Research&nbsp; in Drying) Sabbatical Leave (Aug 2019-2020) CONACyT Fellowship<\/p>\n\n\n\n<p class=\"has-text-align-center\">Miembro del Center for Advanced Research in Drying (CARD USA)<\/p>\n\n\n\n<p class=\"has-text-align-center\"><strong>\u00abBest Poster Award IDS 2016\u00bb<\/strong><\/p>\n\n\n\n<p class=\"has-text-align-center\"><strong>\u00abPremio Estatal de Ciencia y Tecnolog\u00eda Oaxaca 2011\u00bb<\/strong><\/p>\n\n\n\n<p><strong>\u00c1rea:<\/strong> Ciencia de la tecnolog\u00eda(330000) , <strong>Disciplina: <\/strong>An\u00e1lisis de operaciones Tecnol\u00f3gicas (332800). <strong>Subdisciplina: <\/strong>Secado(332808).&nbsp; <strong>Especialidad:&nbsp;<\/strong>&nbsp;&nbsp;&nbsp;&nbsp;&nbsp;Fen\u00f3menos de transporte,&nbsp; Procesos de separaci\u00f3n, Secado, an\u00e1lisis de materiales.<\/p>\n\n\n\n<p><strong>T\u00f3picos de investigaci\u00f3n:&nbsp;<\/strong>Evaluaci\u00f3n experimental de los par\u00e1metros (constantes y variables) durante el secado en Agroalimentos. Medici\u00f3n de propiedades f\u00edsicas, de transporte y de los cambios que sufren los materiales agroalimentarios durante el secado. Eficiencia&nbsp; y transici\u00f3n energ\u00e9tica<\/p>\n\n\n\n<p>Laboratorio de Tecnolog\u00eda Agroalimentaria<\/p>\n\n\n\n<p class=\"has-text-align-center\">e-mail: jrodrigr@ipn.mx&nbsp;&nbsp;&nbsp; Ext. 82772<\/p>\n\n\n\n<p><\/p>\n\n\n\n<p><a href=\"https:\/\/juanrodriguezramirez.academia.edu\" target=\"_blank\" rel=\"noreferrer noopener\">https:\/\/juanrodriguezramirez.academia.edu<\/a><\/p>\n\n\n\n<p><a href=\"https:\/\/orcid.org\/0000-0002-0866-9230\">https:\/\/orcid.org\/0000-0002-<\/a><a href=\"https:\/\/orcid.org\/0000-0002-0866-9230\" target=\"_blank\" rel=\"noreferrer noopener\">0866<\/a><a href=\"https:\/\/orcid.org\/0000-0002-0866-9230\">-9230<\/a><\/p>\n\n\n\n<p><a href=\"https:\/\/www.scopus.com\/authid\/detail.uri?authorId=55989664700\" target=\"_blank\" rel=\"noreferrer noopener\">https:\/\/www.scopus.com\/authid\/detail.uri?authorId=55989664700<\/a><\/p>\n\n\n\n<p class=\"rtecenter\"><span style=\"color:#0000ff\"><a href=\"http:\/\/www.redalyc.org\/autor.oa?id=13697\" target=\"_blank\" rel=\"noreferrer noopener\">http:\/\/www.redalyc.org\/autor.oa?id=13697<\/a><\/span><\/p>\n\n\n\n<p><a href=\"https:\/\/www.researchgate.net\/profile\/Juan_Ramirez18\" target=\"_blank\" rel=\"noreferrer noopener\">https:\/\/www.researchgate.net\/profile\/Juan_Ramirez18<\/a><\/p>\n\n\n\n<p><a href=\"https:\/\/scholar.google.com\/citations?view_op=list_works&amp;hl=es&amp;user=XxHp2X4AAAAJ\" target=\"_blank\" rel=\"noreferrer noopener\">https:\/\/scholar.google.com\/citations?view_op=list_works&amp;hl=es&amp;user=XxHp2X4AAAAJ<\/a><\/p>\n\n\n\n<p><a href=\"https:\/\/noone.academia.edu\/JuanRodriguezRamirez\" target=\"_blank\" rel=\"noreferrer noopener\">https:\/\/noone.academia.edu\/JuanRodriguezRamirez<\/a><\/p>\n\n\n\n<p><\/p>\n","protected":false},"excerpt":{"rendered":"<p>Doctor en Ciencias en Ingenier\u00eda Qu\u00edmica&nbsp;(Departamento&nbsp;de Ingenier\u00eda Qu\u00edmicas del&nbsp;&nbsp;Instituto Tecnol\u00f3gico de Celaya) Profesor Colegiado de la Maestr\u00eda y el Doctorado en Ciencias en Conservaci\u00f3n y Aprovechamiento de Recursos Naturales del CIIDIR IPN Oaxaca Miembro del Sistema Nacional de Investigadores Nivel II Miembro de la Red de Energ\u00eda y de la Red de Biotecnolog\u00eda&nbsp; del IPN [&hellip;]<\/p>\n","protected":false},"author":21,"featured_media":0,"parent":0,"menu_order":0,"comment_status":"closed","ping_status":"closed","template":"","meta":{"_swt_meta_header_display":false,"_swt_meta_footer_display":false,"_swt_meta_site_title_display":false,"_swt_meta_sticky_header":false,"_swt_meta_transparent_header":false,"footnotes":""},"class_list":["post-15","page","type-page","status-publish","hentry"],"_links":{"self":[{"href":"https:\/\/web.ciidiroaxaca.ipn.mx\/jrodrigr\/wp-json\/wp\/v2\/pages\/15","targetHints":{"allow":["GET"]}}],"collection":[{"href":"https:\/\/web.ciidiroaxaca.ipn.mx\/jrodrigr\/wp-json\/wp\/v2\/pages"}],"about":[{"href":"https:\/\/web.ciidiroaxaca.ipn.mx\/jrodrigr\/wp-json\/wp\/v2\/types\/page"}],"author":[{"embeddable":true,"href":"https:\/\/web.ciidiroaxaca.ipn.mx\/jrodrigr\/wp-json\/wp\/v2\/users\/21"}],"replies":[{"embeddable":true,"href":"https:\/\/web.ciidiroaxaca.ipn.mx\/jrodrigr\/wp-json\/wp\/v2\/comments?post=15"}],"version-history":[{"count":11,"href":"https:\/\/web.ciidiroaxaca.ipn.mx\/jrodrigr\/wp-json\/wp\/v2\/pages\/15\/revisions"}],"predecessor-version":[{"id":171,"href":"https:\/\/web.ciidiroaxaca.ipn.mx\/jrodrigr\/wp-json\/wp\/v2\/pages\/15\/revisions\/171"}],"wp:attachment":[{"href":"https:\/\/web.ciidiroaxaca.ipn.mx\/jrodrigr\/wp-json\/wp\/v2\/media?parent=15"}],"curies":[{"name":"wp","href":"https:\/\/api.w.org\/{rel}","templated":true}]}}