{"id":12,"date":"2011-10-12T18:28:53","date_gmt":"2011-10-12T18:28:53","guid":{"rendered":"https:\/\/web.ciidiroaxaca.ipn.mx\/jrodrigr\/actividades-academicas\/"},"modified":"2025-10-20T13:39:03","modified_gmt":"2025-10-20T19:39:03","slug":"actividades-academicas","status":"publish","type":"page","link":"https:\/\/web.ciidiroaxaca.ipn.mx\/jrodrigr\/actividades-academicas\/","title":{"rendered":"Actividades acad\u00e9micas"},"content":{"rendered":"\n<h2 class=\"wp-block-heading\">Maestr\u00eda:<\/h2>\n\n\n\n<ul class=\"wp-block-list\">\n<li>Procesos de transporte y operaciones unitarias (ING). <strong>2025-A<\/strong>.<\/li>\n\n\n\n<li>Fundamentos y aplicaciones de secado.<strong> 2024-B<\/strong>.<\/li>\n\n\n\n<li>Seminario de Investigaci\u00f3n III* (ING).\u00a0<strong>2024-B.<\/strong><\/li>\n\n\n\n<li>Procesos de transporte y operaciones unitarias (ING).&nbsp;<strong>2024-B.<\/strong><\/li>\n\n\n\n<li>Fundamentos y aplicaciones de secado.<strong> 2024-A.<\/strong><\/li>\n\n\n\n<li>Procesos de transporte y operaciones unitarias (ING). <strong>2023-B.<\/strong><\/li>\n\n\n\n<li>Fen\u00f3menos de transporte en la transformaci\u00f3n de recursos naturales. <strong>2023-B.<\/strong><\/li>\n\n\n\n<li>Seminario de Investigaci\u00f3n II. <strong>2022-B<\/strong><\/li>\n\n\n\n<li>Fundamentos y aplicaciones de secado. <strong>2022-B.<\/strong><\/li>\n\n\n\n<li>Procesos de transporte y operaciones unitarias (ING).<strong> 2022-A<\/strong><\/li>\n\n\n\n<li>Fundamentos y aplicaciones de secado.&nbsp;<strong>2021-B.<\/strong><\/li>\n\n\n\n<li>Seminario de Investigaci\u00f3n I.&nbsp;<strong>2020-B.<\/strong><\/li>\n\n\n\n<li>Procesos de transporte y operaciones Unitarias&nbsp;<strong>2019-B.&nbsp;<\/strong><\/li>\n\n\n\n<li>Procesos de transporte y operaciones Unitarias <strong>2019-A.<\/strong>&nbsp;<\/li>\n\n\n\n<li>Seminario de Investigaci\u00f3n II<strong> 2018-B.&nbsp;<\/strong><\/li>\n\n\n\n<li>Seminario de Investigaci\u00f3n I <strong>2018-A.&nbsp;<\/strong><\/li>\n\n\n\n<li>Fundamento y aplicaciones de secado&nbsp;<strong>2018-A.&nbsp;<\/strong><\/li>\n\n\n\n<li>Dise\u00f1os experimentales y an\u00e1lisis estad\u00edsticos de datos en ingenier\u00eda&nbsp;<strong>2018-A.&nbsp;<\/strong><\/li>\n\n\n\n<li>Procesos de transporte y Operaciones Unitarias <strong>2017-B.&nbsp;<\/strong><\/li>\n\n\n\n<li>Fundamento y aplicaciones de secado. <strong>2016-B.&nbsp;<\/strong><\/li>\n\n\n\n<li>Procesos de transporte y operaciones unitarias. <strong>2016-A.&nbsp;<\/strong><\/li>\n\n\n\n<li>Seminario de Investigaci\u00f3n I. <strong>2015-B.&nbsp;<\/strong><\/li>\n\n\n\n<li>Fundamentos y aplicaciones del secado. <strong>2015-A.<\/strong><\/li>\n<\/ul>\n\n\n\n<h2 class=\"wp-block-heading\">Doctorado:<\/h2>\n\n\n\n<ul class=\"wp-block-list\">\n<li>Seminario VII. <strong>2025-B.<\/strong><\/li>\n\n\n\n<li>Seminario de Investigaci\u00f3n VI. <strong>2023-A.<\/strong><\/li>\n\n\n\n<li>Seminario de Investigaci\u00f3n III. <strong>2021-A.<\/strong><\/li>\n\n\n\n<li>A\u00f1o sab\u00e1tico semestre <strong>2019-B-2020-A.<\/strong><\/li>\n\n\n\n<li>Tecnolog\u00eda de secado <strong>2017-B.<\/strong> Posgrado en ingenier\u00eda, \u00e1rea energ\u00eda, materia impartida en colaboraci\u00f3n con la IER-UNAM.<\/li>\n\n\n\n<li>Seminario&nbsp;de Investigaci\u00f3n III <strong>2017-B.<\/strong><\/li>\n\n\n\n<li>Seminario de Investigaci\u00f3n&nbsp;III <strong>2017-A.&nbsp;<\/strong><\/li>\n\n\n\n<li>Seminario&nbsp;de Investigaci\u00f3n II <strong>2016-B.&nbsp;<\/strong><\/li>\n\n\n\n<li>Seminario de Investigaci\u00f3n I. <strong>2015-B.<\/strong><\/li>\n<\/ul>\n\n\n\n<p>&nbsp;<\/p>\n\n\n\n<p>&nbsp;<\/p>\n","protected":false},"excerpt":{"rendered":"<p>Maestr\u00eda: Doctorado: &nbsp; &nbsp;<\/p>\n","protected":false},"author":21,"featured_media":0,"parent":0,"menu_order":0,"comment_status":"closed","ping_status":"closed","template":"","meta":{"_swt_meta_header_display":false,"_swt_meta_footer_display":false,"_swt_meta_site_title_display":false,"_swt_meta_sticky_header":false,"_swt_meta_transparent_header":false,"footnotes":""},"class_list":["post-12","page","type-page","status-publish","hentry"],"_links":{"self":[{"href":"https:\/\/web.ciidiroaxaca.ipn.mx\/jrodrigr\/wp-json\/wp\/v2\/pages\/12","targetHints":{"allow":["GET"]}}],"collection":[{"href":"https:\/\/web.ciidiroaxaca.ipn.mx\/jrodrigr\/wp-json\/wp\/v2\/pages"}],"about":[{"href":"https:\/\/web.ciidiroaxaca.ipn.mx\/jrodrigr\/wp-json\/wp\/v2\/types\/page"}],"author":[{"embeddable":true,"href":"https:\/\/web.ciidiroaxaca.ipn.mx\/jrodrigr\/wp-json\/wp\/v2\/users\/21"}],"replies":[{"embeddable":true,"href":"https:\/\/web.ciidiroaxaca.ipn.mx\/jrodrigr\/wp-json\/wp\/v2\/comments?post=12"}],"version-history":[{"count":5,"href":"https:\/\/web.ciidiroaxaca.ipn.mx\/jrodrigr\/wp-json\/wp\/v2\/pages\/12\/revisions"}],"predecessor-version":[{"id":194,"href":"https:\/\/web.ciidiroaxaca.ipn.mx\/jrodrigr\/wp-json\/wp\/v2\/pages\/12\/revisions\/194"}],"wp:attachment":[{"href":"https:\/\/web.ciidiroaxaca.ipn.mx\/jrodrigr\/wp-json\/wp\/v2\/media?parent=12"}],"curies":[{"name":"wp","href":"https:\/\/api.w.org\/{rel}","templated":true}]}}