{"id":11,"date":"2011-10-12T16:51:46","date_gmt":"2011-10-12T16:51:46","guid":{"rendered":"https:\/\/web.ciidiroaxaca.ipn.mx\/jrodrigr\/temas-para-tesis-tesis-en-proceso-tesis-concluidas\/"},"modified":"2025-10-20T13:53:40","modified_gmt":"2025-10-20T19:53:40","slug":"tesis","status":"publish","type":"page","link":"https:\/\/web.ciidiroaxaca.ipn.mx\/jrodrigr\/tesis\/","title":{"rendered":"Temas para Tesis, Tesis en proceso, Tesis concluidas."},"content":{"rendered":"\n<h4 class=\"wp-block-heading\">Oferta de temas de tesis<\/h4>\n\n\n\n<p>En energ\u00eda solar estamos trabajando en energ\u00eda solar t\u00e9rmica, an\u00e1lisis energ\u00e9tico, an\u00e1lisis de proceso, simulaci\u00f3n de flujo, masa y energ\u00eda en estado estacionario y transitorio y calidad de productos:<\/p>\n\n\n\n<ul class=\"wp-block-list\">\n<li>Sistema de calentamiento para aplicaciones en procesos&nbsp; mediante concentradores solares parab\u00f3licos para la peque\u00f1a y mediana empresas de M\u00e9xico.<\/li>\n\n\n\n<li>Simulaci\u00f3n de transferencia de calor y momentum en fluidos t\u00e9rmicos en calentadores solares.<\/li>\n\n\n\n<li>An\u00e1lisis energ\u00e9tico y exerg\u00e9tico del uso de calentamiento solar como energ\u00eda de proceso.<\/li>\n\n\n\n<li>&nbsp;Calentadores solares planos con recirculaci\u00f3n.<\/li>\n\n\n\n<li>Secadores h\u00edbridos con calentamiento&nbsp; mediante paneles solares planos.&nbsp;<\/li>\n\n\n\n<li>&nbsp;Techo t\u00e9rmico solar para calentamiento de aire acoplado a secador industrial.<\/li>\n\n\n\n<li>Uso de pel\u00edculas selectivas y acondicionamiento de materiales para el secado solar directo de materiales agroindustriales.<\/li>\n<\/ul>\n\n\n\n<p>Secado de productos biol\u00f3gicos y agroalimentarios:<\/p>\n\n\n\n<ul class=\"wp-block-list\">\n<li>Encapsulamiento y liofilizaci\u00f3n de materiales biol\u00f3gicos (nematodos, esporas).<\/li>\n\n\n\n<li>Secado de agroproductos inmaduros para la producci\u00f3n de harinas para uso alimentario.<\/li>\n\n\n\n<li>Extracci\u00f3n, concentraci\u00f3n, purificaci\u00f3n y secado por aspersi\u00f3n de extractos herbolario para uso farmac\u00e9utico.<\/li>\n\n\n\n<li>An\u00e1lisis de los materiales Agroalimentarios y Herbolarios secado por aspersi\u00f3n:<\/li>\n\n\n\n<li>An\u00e1lisis de las propiedades de los hidrocolodies naturales para nuevas aplicaciones.<\/li>\n<\/ul>\n\n\n\n<p>Estudio de calidad, procesos y aplicaciones de materiales deshidratados con acondicionamiento y&nbsp; pretratamiento previos:<\/p>\n\n\n\n<ul class=\"wp-block-list\">\n<li>Encogimiento de los materiales durante el secado: An\u00e1lisis y evaluaci\u00f3n.<\/li>\n\n\n\n<li>Uso de pretratamiento osm\u00f3tico, tratamiento con calcio, recubrimientos con materiales naturales, as\u00ed como empleo de tratamiento con aditivos naturales.&nbsp;<\/li>\n\n\n\n<li>Desarrollo&nbsp; y An\u00e1lisis de materiales nutritivos, biofuncionales y nutrac\u00e9uticos.&nbsp;<\/li>\n<\/ul>\n\n\n\n<p>Dise\u00f1o de secadores para productos agroalimentarios.<\/p>\n\n\n\n<ul class=\"wp-block-list\">\n<li>Estudio del Secado por Aspersi\u00f3n, a vac\u00edo, por fluidizaci\u00f3n, por liofilizaci\u00f3n y osm\u00f3tico de materiales agroalimentarios.<\/li>\n<\/ul>\n\n\n\n<p>An\u00e1lisis f\u00edsico de los materiales:<\/p>\n\n\n\n<p>An\u00e1lisis de propiedades t\u00e9rmicas.&nbsp;<\/p>\n\n\n\n<p>An\u00e1lisis de perfiles de textura (TPI).<\/p>\n\n\n\n<p>An\u00e1lisis de sorci\u00f3n de humedad y permeabilidad (VTI).<\/p>\n\n\n\n<p>Estudios de cambios de densidad y porosidad de materiales.<\/p>\n\n\n\n<h4 class=\"wp-block-heading\">Tesis dirigidas en &nbsp;proceso<\/h4>\n\n\n\n<h5 class=\"wp-block-heading\">Doctorado:<\/h5>\n\n\n\n<p>Ekene Francis Oranusi. A240611.\u00a0Solar-Hybrid Cabinet Dryer for Efficient Forced Air Drying: Enhancing Performance and Sustainability.\u00a0\u00a0Doctorado en Ciencias en Conservaci\u00f3n y Aprovechamiento de Recursos Naturales (En proceso)<\/p>\n\n\n\n<h5 class=\"wp-block-heading\">Maestr\u00eda:<\/h5>\n\n\n\n<p>Alfredo Ojeda L\u00f3pez. B231026.\u00a0Simulaci\u00f3n del comportamiento t\u00e9rmico de un colector solar de doble paso para el calentamiento de aire.\u00a0Maestr\u00eda en Ciencias en Conservaci\u00f3n y Aprovechamiento de Recursos Naturales.\u00a0(En proceso)<\/p>\n\n\n\n<p>Jos\u00e9 Antonio Valdez Garc\u00eda. B251050. Evaluaci\u00f3n del funcionamiento de un secador hibrido adicionado con un colector t\u00e9rmico enfocado en eficiencia energ\u00e9tica, operaci\u00f3n y calidad de alimentos.  Maestr\u00eda en Ciencias en Conservaci\u00f3n y Aprovechamiento de Recursos Naturales.\u00a0(En proceso)<\/p>\n\n\n\n<h4 class=\"wp-block-heading\">Tesis concluidas:<\/h4>\n\n\n\n<h5 class=\"wp-block-heading\">Doctorado:<\/h5>\n\n\n\n<p><\/p>\n\n\n\n<ul class=\"wp-block-list\">\n<li>Christopher Romeo Garc\u00eda Cerqueda. \u00a0Extracci\u00f3n de mucilago de Opuntia spp: Implicaciones fisicoqu\u00edmicas. 6 de febrero de 2025.\u00a0Doctorado en Ciencias en Conservaci\u00f3n y Aprovechamiento de Recursos Naturales.<\/li>\n\n\n\n<li>Josu\u00e9 Barrag\u00e1n Iglesias.&nbsp;Estructuras c\u00e1lcicas formadas en tejidos vegetales y su relaci\u00f3n con las caracter\u00edsticas de textura y el secado. 12 Agosto 2021.&nbsp;http:\/\/literatura.ciidiroaxaca.ipn.mx:8080\/xmlui\/handle\/LITER_CIIDIROAX\/580<\/li>\n\n\n\n<li>Sahylin Mu\u00f1iz Becer\u00e1. Estudio de los mecanismos de transferencia de solutos durante la deshidrataci\u00f3n osm\u00f3tica de manzana (Granny Smith).&nbsp;En co-direcci\u00f3n con la Dra. Lilia M\u00e9ndez Lagunas,&nbsp;Diciembre 2019.&nbsp;&nbsp;http:\/\/literatura.ciidiroaxaca.ipn.mx:8080\/xmlui\/handle\/LITER_CIIDIROAX\/525<\/li>\n\n\n\n<li>Anabel L\u00f3pez Ortiz. Secado convectivo de ajo (Allium sativum, L) con condiciones variables de operaci\u00f3n. ,\u00a0diciembre del 2011.\u00a0 http:\/\/literatura.ciidiroaxaca.ipn.mx:8080\/xmlui\/handle\/LITER_CIIDIROAX\/341<\/li>\n<\/ul>\n\n\n\n<h5 class=\"wp-block-heading\">Maestr\u00eda:<\/h5>\n\n\n\n<ul class=\"wp-block-list\">\n<li>Atenea Jareth Ram\u00edrez Palma.&nbsp;Productos derivados de Papaya. 19 julio 2024.&nbsp; En co-direcci\u00f3n con Dr. Josu\u00e9 Barrag\u00e1n Iglesias.<\/li>\n\n\n\n<li>Vicencio Vitaliano Almaraz Almaraz. An\u00e1lisis de eficiencia t\u00e9rmica del calentamiento solar de aire mediante un concentrador de canal parab\u00f3lico como sistema auxiliar en el proceso de secado.&nbsp;En co-direccion con Dr. Luis Gerardo Barriada Bernal, 9 Septiembre. 2020.&nbsp;&nbsp;http:\/\/literatura.ciidiroaxaca.ipn.mx:8080\/xmlui\/handle\/LITER_CIIDIROAX\/500<\/li>\n\n\n\n<li>Adriana Robles Herrera. Extractos vegetales como recubrimiento de cortes de manzana (Malus x Dom\u00e9stica) secados por convecci\u00f3n. En co-direcci\u00f3n con M. en C. Laura V. Aquino Gonz\u00e1lez,&nbsp;Enero 2019.&nbsp;http:\/\/literatura.ciidiroaxaca.ipn.mx:8080\/xmlui\/handle\/LITER_CIIDIROAX\/411<\/li>\n\n\n\n<li>Daniel L\u00f3pez Cravioto.&nbsp;&nbsp;Secado convectivo de vainas de mezquite (prosopis laevigata humb. &amp; bonpl. Ex willd). En co-direcci\u00f3n con Dr. Sadoth Sandoval Torres,&nbsp;Junio de&nbsp; 2018.&nbsp;http:\/\/literatura.ciidiroaxaca.ipn.mx:8080\/xmlui\/handle\/LITER_CIIDIROAX\/350<\/li>\n\n\n\n<li>Irene Chaparro Hern\u00e1ndez. Estevi\u00f3sido y rebaudi\u00f3sido A obtenidos por &nbsp;secado por aspersi\u00f3n de extracto acuoso de Stevia rebaudiana,&nbsp;En co-direccion con Dr. Luis Gerardo Barriada Bernal. Enero 2018.http:\/\/literatura.ciidiroaxaca.ipn.mx:8080\/xmlui\/handle\/LITER_CIIDIROAX\/299<\/li>\n\n\n\n<li>Beatriz Noyola Altamirano. Secado de hojas de Stevia (Stevia rebaudiana Bertoni). Evaluaci\u00f3n de par\u00e1metros de calidad , textura y capacidad antioxidante. Enero 2018.&nbsp;http:\/\/literatura.ciidiroaxaca.ipn.mx:8080\/xmlui\/handle\/LITER_CIIDIROAX\/443<\/li>\n\n\n\n<li>\u200bOlga F\u00e1tima L\u00f3pez Martell. An\u00e1lisis t\u00e9rmico de la cocci\u00f3n de ladrillo en un horno prototipo MK-2 en San Francisco Tutla, Oaxaca,&nbsp;&nbsp;Agosto 2016.&nbsp;http:\/\/literatura.ciidiroaxaca.ipn.mx:8080\/xmlui\/handle\/LITER_CIIDIROAX\/266<\/li>\n\n\n\n<li>Deyla Azucena Barranco Montesinos. \u200bAn\u00e1lisis de p\u00e9rdida de lip\u00eddos durante el secado convectivo de microalgas, En co-direcci\u00f3n con Dr. Luis Carlos Fern\u00e1ndez Linares. Agosto 2016.http:\/\/literatura.ciidiroaxaca.ipn.mx:8080\/xmlui\/handle\/LITER_CIIDIROAX\/463<\/li>\n\n\n\n<li>Jes\u00fas Othaivi Checa Peralta. Evaluaci\u00f3n de&nbsp;Calentadores &nbsp;de aire&nbsp;experimentales&nbsp;solares &nbsp; para un secador de frutos de bandeja, Enero 2016.&nbsp;http:\/\/literatura.ciidiroaxaca.ipn.mx:8080\/xmlui\/handle\/LITER_CIIDIROAX\/260<\/li>\n\n\n\n<li>Josu\u00e9 Barrag\u00e1n Iglesias. Efecto de pretratamientos sobre la textura de papaya (Carica Papaya L.) variedad Maradol secada por convecci\u00f3n,&nbsp;Enero 2016.&nbsp;http:\/\/literatura.ciidiroaxaca.ipn.mx:8080\/xmlui\/handle\/LITER_CIIDIROAX\/258<\/li>\n\n\n\n<li>Ana Gabriel Ram\u00edrez Lavariega.&nbsp; Encogimiento durante el secado convectivo de Papaya (Carica Papaya L.),&nbsp;Enero 2016.&nbsp;http:\/\/literatura.ciidiroaxaca.ipn.mx:8080\/xmlui\/handle\/LITER_CIIDIROAX\/247<\/li>\n\n\n\n<li>Karina&nbsp; Agustina Garc\u00eda Lucas. Propiedades f\u00edsicas de jugo de pitaya&nbsp;secado por aspersi\u00f3n.&nbsp;&nbsp;En co-direcci\u00f3n con Dra. Lilia M\u00e9ndez Lagunas,&nbsp;&nbsp;Junio&nbsp;2014.&nbsp;http:\/\/literatura.ciidiroaxaca.ipn.mx:8080\/xmlui\/handle\/LITER_CIIDIROAX\/216<\/li>\n\n\n\n<li>Oscar Ayala Luna. Comportamiento higrosc\u00f3pico&nbsp;de pol\u00edmeros naturales secados por aspersi\u00f3n. Julio 2013.&nbsp;<\/li>\n\n\n\n<li>Dainyz Noray Montoya Garc\u00eda. Contenido de lip\u00eddos en biomasa de algas secadas por convecci\u00f3n.&nbsp;En co-direcci\u00f3n con Dr. Luis Carlos Fern\u00e1ndez Linares, UPIBI IPN,&nbsp;agosto 2012.<\/li>\n\n\n\n<li>Emilio Hern\u00e1ndez Bautista.&nbsp;Modelado matem\u00e1tico del secado de madera subtropical por convecci\u00f3n de aire caliente. En co-direcci\u00f3n con Dr. Sadoth Sandoval Torres, 30 de Noviembre 2011.&nbsp;<\/li>\n\n\n\n<li>Elena Evelia Garc\u00eda Cruz. Optimizaci\u00f3n del secado por aspersi\u00f3n de mucilago de pitahaya (Hylocereus undatus) en funci\u00f3n de sus propiedades reol\u00f3gicas. En co-direcci\u00f3n con el Dr. Luis Medina Torres, Facultad de Qu\u00edmica de la UNAM,&nbsp; 17 Junio 2011.<\/li>\n\n\n\n<li>Frank&nbsp;Manuel Le\u00f3n Mart\u00ednez. Secado por aspersi\u00f3n y propiedades reol\u00f3gicas de mucilago de opuntia. En co-direcci\u00f3n con el Dr. Luis Medina Torres, Facultad de Qu\u00edmica de la UNAM. 16 Junio 2010.<\/li>\n\n\n\n<li>Norma G\u00f3mez G\u00f3mez. Cin\u00e9tica de componentes nutrace\u00faticos del ajo (Allium sativum, L.) durante el proceso de secado convectivo. En co-direcci\u00f2n con Dra. Lilia M\u00e9ndez&nbsp; Lagunas.<\/li>\n\n\n\n<li>Jyl L\u00f3pez Toledo Manzo. Algoritmo para el control de condiciones variables en un secador, 24 Enero 2008.&nbsp;<\/li>\n\n\n\n<li>Filiberto Ignacio Caballero. Dise\u00f1o de un secador h\u00ecbrido para madera aserrada,18 Enero 2008.<\/li>\n\n\n\n<li>Soledad Esther Maldonado Bravo.&nbsp;Tratamientos previos al deshidratado para evitar el pardeamiento en rebanadas de pl\u00e1tano rombo (Mussa acuminata) subgrupo cavendish. Tesis de maestr\u00eda en Ingenier\u00eda bioquimica. I.T. Oaxaca, 15 Junio del 2007.<\/li>\n\n\n\n<li>Anabel L\u00f3pez Ortiz. La temperatura de transici\u00f3n v\u00edtrea como referencias en el secado convectivo de ajo (allium sativum, L.) con condiciones variables. 20 Diciembre del 2006.<\/li>\n\n\n\n<li>Roman Fidel S\u00e1nchez Olivera. Dise\u00f1o de un secador con bomba de calor de doble c\u00e1mara,&nbsp;Abril del 2006.<\/li>\n\n\n\n<li>Atenodoro Santiago Juli\u00e1n.&nbsp;Modelamiento del Secado de Pinus Seudostrobus. Maestr\u00eda Ing. Qu\u00edm. I.T. Oaxaca, 13 Diciembre 2003.<\/li>\n\n\n\n<li>Sadoth Sandoval Torres. Determinaci\u00f3n de secuelas de secado de dos especies de encinos.&nbsp;Maestr\u00eda Ing. Qu\u00edm. I.T. Oaxaca, 30 Mayo 2002.<\/li>\n<\/ul>\n\n\n\n<h5 class=\"wp-block-heading\">Licenciatura:<\/h5>\n\n\n\n<ul class=\"wp-block-list\">\n<li>Alfredo Ojeda L\u00f3pez. Simulaci\u00f3n del comportamiento t\u00e9rmico de un colector solar plano de doble paso, 2023.&nbsp;Instituto Tecnol\u00f3gico de Oaxaca.<\/li>\n\n\n\n<li>Deyla Azucena Barranco Montesinos.&nbsp;Evaluaci\u00f3n del extracto org\u00e1nico total de biomasa de microalgas desecadas bajo diferentes condiciones, 2013.<\/li>\n\n\n\n<li>Magdalena Sosa S\u00e1nchez. Secado de ajo (allium sativum) sometido a condiciones c\u00edclicas de temperatura). . Ing. Qu\u00edm. I.T .Oaxaca, 23 octubre 2006.&nbsp;<\/li>\n\n\n\n<li>Rosalba P\u00e9rez Salinas.&nbsp;Evaluaci\u00f3n de las condiciones de operaci\u00f3n variable en el secado de pl\u00e1tano variedad roatan(Musa cavendish). Ing. Qu\u00edm. I.T. Oaxaca, 2 de febrero&nbsp; 2006.<\/li>\n\n\n\n<li>Jonathan Santiago L\u00f3pez. Determinaci\u00f3n de la actividad enzim\u00e1tica durante el periodo de maduraci\u00f3n de dos variedades de pl\u00e1tano (Rombo y roat\u00e1n) y su efecto durante el proceso de secado. Ing. Qu\u00edm. I.T.Oaxaca, 3 octubre&nbsp; 2005.<\/li>\n\n\n\n<li>Benita Sosa P\u00e9rez. Efecto en el incremento escalonado de temperatura en el secado y calidad del ajo (Allium sativum, L.) Morado tipo poblano deshidratado. Ing. Qu\u00edm. I.T.Oaxaca, 4 de septiembre del&nbsp; 2005.<\/li>\n\n\n\n<li>Kenia Fatima Torres Gonzalez.&nbsp;Evaluaci\u00f3n del mucilago de nopal (Opuntia Picus indica) como recubrimiento para inhibir el oscurecimiento en pl\u00e1tano (Musa cavendish ssp). Ing. Qu\u00edm. I.T. Oaxaca, 7 septiembre 2005.<\/li>\n\n\n\n<li>Fernando Antonio Amaya S\u00e1nchez.&nbsp;Evaluaci\u00f3n de las condiciones de secado en frutas utilizando una bomba de calor, Ing. Qu\u00edm. I.T.Oaxaca, 9 Marzo 2005.<\/li>\n\n\n\n<li>Herman Castellanos Ortega.&nbsp;Determinaci\u00f3n de los cambios f\u00edsico qu\u00edmicos durante la maduraci\u00f3n del pl\u00e1tano, variedad roatan y rombo (Mussa cavendish) y evaluaci\u00f3n del oscurecimiento durante el secado. Ing. Qu\u00edm. I.T. Oaxaca, 8&nbsp; Marzo 2005.<\/li>\n\n\n\n<li>Dulce Roc\u00edo Canul Chim.&nbsp;Efecto de las condiciones variables de operaci\u00f3n de secado en la calidad de manzana deshidratada, , Maestr\u00eda Ing. Qu\u00edm.I.T. Oaxaca, 1\u00ba Oct. 2004.<\/li>\n\n\n\n<li>Betsab\u00e9 Sulamita Ortiz Alfaro.&nbsp;Secado con bomba de calor para la deshidrataci\u00f3n de frutos.&nbsp;Ingenier\u00eda Qu\u00edmica, UDLA, 4 Junio 2004.<\/li>\n\n\n\n<li>Estudios para la comercializaci\u00f3n de la mermelada de maracuy\u00e1, Beatriz Dom\u00ednguez Bautista, Lic. Relaciones Comerciales, ESCA-Tepepan, Junio 2003.<\/li>\n\n\n\n<li>Ofelia Matias Hern\u00e1ndez.&nbsp;Estudio t\u00e9cnico para la industrializaci\u00f3n del maracuy\u00e1 (pasiflora edulis var. Flavicarpa), , Ing. Industrial, I.T.O., 12 Diciembre 2002.<\/li>\n\n\n\n<li>Mahoma Cuahuctemoc Z\u00fa\u00f1iga Garc\u00eda. Efecto del h\u00edbrido de la temperatura y del flujo de aire en la cin\u00e9tica de secado de tomate, Ing, Agronomo en Agroindustria, I.T. Agropecuario de Oaxaca, 24 Julio 2002.<\/li>\n\n\n\n<li>Marcos Aquino Ramos.&nbsp;Determinaci\u00f3n de Isotermas de sorcion en Madera de P. Pseudostrobus, &nbsp;Ing. Qu\u00edm. I.T.Oaxaca, 19 Marzo 2002.<\/li>\n\n\n\n<li>Laura V. Aquino Gonz\u00e1lez. Pruebas y evaluaci\u00f3n de un T\u00fanel automatizado para la determinaci\u00f3n de secuelas de secado en Madera.&nbsp;Ing. Qu\u00edm. I.T.Oaxaca,&nbsp; 27&nbsp;Marzo 2001.<\/li>\n\n\n\n<li>Raymundo Alvarado Velasco.&nbsp;Estudio Experimental de los perfilesde distribuci\u00f3n de aire en pilas de madera dentro de una c\u00e1mara de secado,. Ing. Qu\u00edm. I.T.Oaxaca, 27&nbsp;&nbsp;Marzo 2001.<\/li>\n\n\n\n<li>Elia Jir\u00f3n Pablo. Deshidrataci\u00f3n de Malanga (Colocasia esculenta) para la obtenci\u00f3n de Harina. Ing. Industrial, Depto. De Ing. Agroindustrial. UACH., 1995.<\/li>\n<\/ul>\n","protected":false},"excerpt":{"rendered":"<p>Oferta de temas de tesis En energ\u00eda solar estamos trabajando en energ\u00eda solar t\u00e9rmica, an\u00e1lisis energ\u00e9tico, an\u00e1lisis de proceso, simulaci\u00f3n de flujo, masa y energ\u00eda en estado estacionario y transitorio y calidad de productos: Secado de productos biol\u00f3gicos y agroalimentarios: Estudio de calidad, procesos y aplicaciones de materiales deshidratados con acondicionamiento y&nbsp; pretratamiento previos: Dise\u00f1o [&hellip;]<\/p>\n","protected":false},"author":21,"featured_media":0,"parent":0,"menu_order":0,"comment_status":"closed","ping_status":"closed","template":"","meta":{"_swt_meta_header_display":false,"_swt_meta_footer_display":false,"_swt_meta_site_title_display":false,"_swt_meta_sticky_header":false,"_swt_meta_transparent_header":false,"footnotes":""},"class_list":["post-11","page","type-page","status-publish","hentry"],"_links":{"self":[{"href":"https:\/\/web.ciidiroaxaca.ipn.mx\/jrodrigr\/wp-json\/wp\/v2\/pages\/11","targetHints":{"allow":["GET"]}}],"collection":[{"href":"https:\/\/web.ciidiroaxaca.ipn.mx\/jrodrigr\/wp-json\/wp\/v2\/pages"}],"about":[{"href":"https:\/\/web.ciidiroaxaca.ipn.mx\/jrodrigr\/wp-json\/wp\/v2\/types\/page"}],"author":[{"embeddable":true,"href":"https:\/\/web.ciidiroaxaca.ipn.mx\/jrodrigr\/wp-json\/wp\/v2\/users\/21"}],"replies":[{"embeddable":true,"href":"https:\/\/web.ciidiroaxaca.ipn.mx\/jrodrigr\/wp-json\/wp\/v2\/comments?post=11"}],"version-history":[{"count":9,"href":"https:\/\/web.ciidiroaxaca.ipn.mx\/jrodrigr\/wp-json\/wp\/v2\/pages\/11\/revisions"}],"predecessor-version":[{"id":188,"href":"https:\/\/web.ciidiroaxaca.ipn.mx\/jrodrigr\/wp-json\/wp\/v2\/pages\/11\/revisions\/188"}],"wp:attachment":[{"href":"https:\/\/web.ciidiroaxaca.ipn.mx\/jrodrigr\/wp-json\/wp\/v2\/media?parent=11"}],"curies":[{"name":"wp","href":"https:\/\/api.w.org\/{rel}","templated":true}]}}