{"id":7,"date":"2011-10-26T20:30:38","date_gmt":"2011-10-26T20:30:38","guid":{"rendered":"https:\/\/web.ciidiroaxaca.ipn.mx\/jregino\/dr-juan-regino-maldonado\/"},"modified":"2025-09-23T19:35:49","modified_gmt":"2025-09-23T19:35:49","slug":"dr-juan-regino-maldonado","status":"publish","type":"page","link":"https:\/\/web.ciidiroaxaca.ipn.mx\/jregino\/","title":{"rendered":"Dr. Juan Regino Maldonado"},"content":{"rendered":"\n<figure class=\"wp-block-image aligncenter\"><img decoding=\"async\" src=\"https:\/\/web.ciidiroaxaca.ipn.mx\/jregino\/wp-content\/uploads\/sites\/8\/2011\/10\/Foto_regino_0_0.jpg\" alt=\"\"\/><\/figure>\n\n\n\n<h2 class=\"wp-block-heading has-text-align-center\">Miembro del SNII-I<\/h2>\n\n\n\n<p class=\"has-text-align-center\">Profesor Colegiado del Posgrado en el CIIDIR Unidad Oaxaca, Instituto Polit\u00e9cnico Nacional<\/p>\n\n\n\n<p class=\"has-text-align-center\">Cuerpo Acad\u00e9mico de Administraci\u00f3n de Recursos Naturales<\/p>\n\n\n\n<p class=\"has-text-align-center\">Estudios de posgrado (Postgraduate studies)<\/p>\n\n\n\n<p class=\"has-text-align-center\">Negocios y estudios econ\u00f3micos (Business and economic studies-Guadalajara University)<\/p>\n\n\n\n<p class=\"has-text-align-center\">Econom\u00eda forestal y gesti\u00f3n (Forest economics and management-Beijing Forestry University)<\/p>\n\n\n\n<p class=\"has-text-align-center\">\u00c1reas de inter\u00e9s (Research areas)<\/p>\n\n\n\n<p class=\"has-text-align-center\">Empresas comunitarias rurales sustentables desde la econom\u00eda solidaria, nueva econom\u00eda institucional, econom\u00eda creativa e innovaci\u00f3n&nbsp; (Rural community enterprises from pespective solidarity economy, new institutional economics, creative economy and innovation economics)<\/p>\n\n\n\n<p class=\"has-text-align-center\">Valoraci\u00f3n econ\u00f3mica de servicios ecosist\u00e9micos: Forestales e&nbsp; hidrol\u00f3gicos (Economic valuation of forest and hydrological ecosystem services)<\/p>\n\n\n\n<p class=\"has-text-align-center\">Sistemas socio-ecol\u00f3gicos forestales e hidrol\u00f3gicos (Forest and hydrologycal socio-ecological systems)<\/p>\n\n\n\n<p class=\"has-text-align-center\">E-mail: jregino@ipn.mx<\/p>\n\n\n\n<p class=\"has-text-align-center\">Tel. +52-(951) 5170610 Ext. 82754<\/p>\n\n\n\n<p class=\"has-text-align-center\"><a href=\"https:\/\/orcid.org\/0000-0003-2341-5703\" target=\"_blank\" rel=\"noreferrer noopener\">ORCI ID<\/a><\/p>\n\n\n\n<p class=\"has-text-align-center\"><a href=\"https:\/\/scholar.google.com.mx\/citations?user=yihh27sAAAAJ&amp;hl=es\" target=\"_blank\" rel=\"noreferrer noopener\">GoogleScholar<\/a><\/p>\n\n\n\n<p class=\"has-text-align-center\"><a href=\"https:\/\/www.researchgate.net\/profile\/Juan-Regino-Maldonado\" target=\"_blank\" rel=\"noreferrer noopener\">https:\/\/www.researchgate.net\/profile\/Juan-Regino-Maldonado<\/a><\/p>\n\n\n\n<p><\/p>\n","protected":false},"excerpt":{"rendered":"<p>Miembro del SNII-I Profesor Colegiado del Posgrado en el CIIDIR Unidad Oaxaca, Instituto Polit\u00e9cnico Nacional Cuerpo Acad\u00e9mico de Administraci\u00f3n de Recursos Naturales Estudios de posgrado (Postgraduate studies) Negocios y estudios econ\u00f3micos (Business and economic studies-Guadalajara University) Econom\u00eda forestal y gesti\u00f3n (Forest economics and management-Beijing Forestry University) \u00c1reas de inter\u00e9s (Research areas) Empresas comunitarias rurales sustentables [&hellip;]<\/p>\n","protected":false},"author":8,"featured_media":0,"parent":0,"menu_order":0,"comment_status":"closed","ping_status":"closed","template":"","meta":{"_swt_meta_header_display":false,"_swt_meta_footer_display":false,"_swt_meta_site_title_display":false,"_swt_meta_sticky_header":false,"_swt_meta_transparent_header":false,"footnotes":""},"class_list":["post-7","page","type-page","status-publish","hentry"],"_links":{"self":[{"href":"https:\/\/web.ciidiroaxaca.ipn.mx\/jregino\/wp-json\/wp\/v2\/pages\/7","targetHints":{"allow":["GET"]}}],"collection":[{"href":"https:\/\/web.ciidiroaxaca.ipn.mx\/jregino\/wp-json\/wp\/v2\/pages"}],"about":[{"href":"https:\/\/web.ciidiroaxaca.ipn.mx\/jregino\/wp-json\/wp\/v2\/types\/page"}],"author":[{"embeddable":true,"href":"https:\/\/web.ciidiroaxaca.ipn.mx\/jregino\/wp-json\/wp\/v2\/users\/8"}],"replies":[{"embeddable":true,"href":"https:\/\/web.ciidiroaxaca.ipn.mx\/jregino\/wp-json\/wp\/v2\/comments?post=7"}],"version-history":[{"count":4,"href":"https:\/\/web.ciidiroaxaca.ipn.mx\/jregino\/wp-json\/wp\/v2\/pages\/7\/revisions"}],"predecessor-version":[{"id":76,"href":"https:\/\/web.ciidiroaxaca.ipn.mx\/jregino\/wp-json\/wp\/v2\/pages\/7\/revisions\/76"}],"wp:attachment":[{"href":"https:\/\/web.ciidiroaxaca.ipn.mx\/jregino\/wp-json\/wp\/v2\/media?parent=7"}],"curies":[{"name":"wp","href":"https:\/\/api.w.org\/{rel}","templated":true}]}}