{"id":27,"date":"2011-10-26T21:19:03","date_gmt":"2011-10-26T21:19:03","guid":{"rendered":"https:\/\/web.ciidiroaxaca.ipn.mx\/jregino\/tesis\/"},"modified":"2025-10-22T12:37:02","modified_gmt":"2025-10-22T18:37:02","slug":"tesis","status":"publish","type":"page","link":"https:\/\/web.ciidiroaxaca.ipn.mx\/jregino\/tesis\/","title":{"rendered":"Tesis"},"content":{"rendered":"\n<h4 class=\"wp-block-heading\">En proceso:<\/h4>\n\n\n\n<ul class=\"wp-block-list\">\n<li>Itzel Yolanda Gonz\u00e1lez Caballero. Infraestructura natural para la seguridad h\u00eddrica en Oaxaca, M\u00e9xico. CIIDIR Oaxaca. Doctorado. <\/li>\n\n\n\n<li>Ignacio Pareja Amador. Valoraci\u00f3n econ\u00f3mica de servicios ecosist\u00e9micos del suelo como herramienta para dise\u00f1ar pol\u00edticas de gesti\u00f3n del territorio en regiones mezcaleras de Oaxaca, M\u00e9xico. CIIDIR Oaxaca. Doctorado. <\/li>\n\n\n\n<li>Alejandro V\u00e1squez Ib\u00e1\u00f1ez. Valoraci\u00f3n Econ\u00f3mica del Carbono Azul Costero almacenado en los Bosques de Manglar del \u00c1rea Natural Protegida Lagunas de Chacahua, Oaxaca, M\u00e9xico. CIIDIR Oaxaca. Doctorado. <\/li>\n\n\n\n<li>Alina Isolda V\u00e1zquez Rito. Estimaci\u00f3n de par\u00e1metros de calidad del agua en la subcuenca r\u00edo Atoyac\u2013Oaxaca de Ju\u00e1rez utilizando im\u00e1genes satelitales. CIIDIR Oaxaca. Maestr\u00eda. <\/li>\n\n\n\n<li>Manuel Ju\u00e1rez Morales. Valoraci\u00f3n econ\u00f3mica de servicios ecosist\u00e9micos de provisi\u00f3n de agua en la cuenca Copalita, Oaxaca, M\u00e9xico. CIIDIR Oaxaca. Doctorado. <\/li>\n\n\n\n<li>Christian Ram\u00edrez Cabrera. Valoraci\u00f3n econ\u00f3mica de servicios ecosist\u00e9micos de la Cuenca Copalita, Oaxaca. CIIDIR Oaxaca. Doctorado.&nbsp;&nbsp;<\/li>\n<\/ul>\n\n\n\n<h4 class=\"wp-block-heading\">Finalizadas:<\/h4>\n\n\n\n<ul class=\"wp-block-list\">\n<li>Brenda Dennis Valadez Solana. Emprendimiento social e innovaci\u00f3n social en asociaciones de artesanos alfareros de los municipios de San Bartolo Coyotepec y Santa Mar\u00eda Atzompa, Oaxaca. Doctorado. ITO. Obtenci\u00f3n del grado 18 de octubre 2024.<\/li>\n\n\n\n<li>Jes\u00fas G\u00f3mez Vel\u00e1zquez. Modelo de Evaluaci\u00f3n de Sostenibilidad para los Agroecosistemas de Caf\u00e9 de la Cuenca R\u00edo Copalita, Oaxaca, M\u00e9xico. Doctorado. CIIDIR-IPN-OAXACA. Obtenci\u00f3n del grado julio 2024.<\/li>\n\n\n\n<li>Evelyn Ivonne Arellanes S\u00e1nchez. Propuesta de valor, modelo de negocios y plan de negocios para empresa de econom\u00eda social y solidaria del sector cafetalero en Pluma Hidalgo, Oaxaca. Licenciatura. UTVCO. Examen profesional 15 de agosto 2024.<\/li>\n\n\n\n<li>Enrique Cruz Dom\u00ednguez. An\u00e1lisis de las industrias culturales y creativas en el desarrollo econ\u00f3mico del Distrito Centro de Oaxaca. Doctorado. ITO. Obtenci\u00f3n del grado 15 de diciembre 2023.<\/li>\n\n\n\n<li>Edith Rivera Jim\u00e9nez. La deforestaci\u00f3n y su impacto en los servicios ecosist\u00e9micos y bienestar humano. Maestr\u00eda.&nbsp;CIIDIR-IPN-OAXACA.&nbsp;Obtenci\u00f3n de grado 02 de agosto de 2019.<\/li>\n\n\n\n<li>Natalia Espinoza Garc\u00eda. Valoraci\u00f3n econ\u00f3mica de servicios hidrol\u00f3gicos asociados a la vegetaci\u00f3n riparia del r\u00edo Copalitilla, Oaxaca. Maestr\u00eda.&nbsp;CIIDIR-IPN-OAXACA.&nbsp;Obtenci\u00f3n de grado 02 de agosto de 2019.<\/li>\n\n\n\n<li>Hugo Morales Ju\u00e1rez. Gobernanza de la gesti\u00f3n del aguaen el municipio de Huajuapan de Le\u00f3n, Oaxaca. Maestr\u00eda.&nbsp;CIIDIR-IPN-OAXACA.&nbsp;Obtenci\u00f3n de grado 31 de julio de 2019.<\/li>\n\n\n\n<li>Lorenzo Alejandro Matadamas Torres. La industrias creativas y culturales desde la economia creativa y su impacto en el desarrollo regional: el caso de Tlaxiaco, Oaxaca. Doctorado. Instituto Tecnol\u00f3gico de Oaxaca.\u00a0Obtenci\u00f3n de grado 30 de julio de 2019.<\/li>\n\n\n\n<li>Christian Ram\u00edrez Cabrera. Valoraci\u00f3n econ\u00f3mica de servicios ambientales de la cuenca del r\u00edo Copalita, Oaxaca. Maestr\u00eda.&nbsp;CIIDIR-IPN-OAXACA.&nbsp;Obtenci\u00f3n de grado 31 de julio de 2018<\/li>\n\n\n\n<li>Jos\u00e9 Garc\u00eda Hern\u00e1ndez. Respuesta del gobierno a la deforestaci\u00f3n en Oaxaca, y su impacto con los servicios ecosistemicos y el bienestar humano. Maestr\u00eda. ITO. Obtenci\u00f3n de grado 21 de junio de 2017.<\/li>\n\n\n\n<li>Patricia Regino Maldonado. Las empresas forestales comunitarias y la innovaci\u00f3n sustentable. Evaluaci\u00f3n mediante el an\u00e1lisis de ciclo de vida en los procesos de producci\u00f3n del sector de la madera y mueble en Oaxaca, M\u00e9xico. Doctorado. Universidad de Catalunya, Barcelona, Espa\u00f1a. Obtenci\u00f3n de grado enero 21 de 2016.<\/li>\n\n\n\n<li>Hector Toledo Herrera. Instituciones e Integraci\u00f3n Vertical de las Empresas Forestales Comunitarias de Productos Maderables de Oaxaca: Caso ICOFOSA. Maestr\u00eda. CIIDIR-IPN-OAXACA. Obtenci\u00f3n de grado Junio de 2012.<\/li>\n\n\n\n<li>Alma Rosa Bartolo Ramos. Revisi\u00f3n Te\u00f3rica del Capital Social y su Aplicaci\u00f3n en la Empresa comunitaria Forestal. El Caso de San Pedro el Alto Zimatl\u00e1n. Maestr\u00eda. CIIDIR-IPN-OAXACA. Obtenci\u00f3n de grado Diciembre de 2011.<\/li>\n\n\n\n<li>Betzab\u00e9 Irene Hern\u00e1ndez Miguel. Organizaci\u00f3n e innovaci\u00f3n en las empresas comunitarias de forestar\u00eda de Oaxaca.&nbsp;Maestr\u00eda. CIIDIR-IPN-OAXACA. &nbsp;Obtenci\u00f3n de grado junio 2011.<\/li>\n\n\n\n<li>Carlos Manolo Trujillo P\u00e9rez. Arreglos productivos locales: el caso del mezcal en Oaxaca. Licenciatura. Instituto Tecnol\u00f3gico de Teposcolula, Oaxaca. Obtenci\u00f3n de grado junio 2011.<\/li>\n\n\n\n<li>Roberto Carlos Villa L\u00f3pez. Inserci\u00f3n de la producci\u00f3n rural a los mercados de subsistencia.&nbsp;Licenciatura. Instituto Tecnol\u00f3gico de Teposcolula, Oaxaca.&nbsp; Obtenci\u00f3n de grado junio 2011.<\/li>\n\n\n\n<li>Mar\u00eda del Carmen Espinosa Gomez. Financiamiento rural comunitario: impacto socio-econ\u00f3mico en el per\u00edodo 2007-2009 del programa Bancomunidad de Cent\u00e9olt A. C. Zimatl\u00e1n de Alvarez, Oaxaca.&nbsp;&nbsp;Licenciatura. Instituto Tecnol\u00f3gico de Teposcolula, Oaxaca.&nbsp; Obtenci\u00f3n de grado junio 2011.<\/li>\n\n\n\n<li>Fabiola V\u00e1zquez Zarate. Aprendizaje tecnol\u00f3gico e Innovaci\u00f3n en el desempe\u00f1o de las peque\u00f1as y medianas empresas de la manufactura en Oaxaca, M\u00e9xico. Licenciatura.&nbsp;Instituto Tecnol\u00f3gico de Oaxaca. Obtenci\u00f3n de grado en julio 2009.<\/li>\n\n\n\n<li>Tabata Evelyn Ant\u00f3n Guzm\u00e1n. Conocimiento e innovaci\u00f3n&nbsp; en el desempe\u00f1o de las peque\u00f1as y medianas empresas de la manufactura en Oaxaca, M\u00e9xico.&nbsp;Maestr\u00eda. CIIDIR-IPN-OAXACA.&nbsp; Obtenci\u00f3n de grado en&nbsp; julio 2008.<\/li>\n\n\n\n<li>Adri\u00e1n V\u00e1zquez Beltr\u00e1n. An\u00e1lisis de la coeficiencia en la producci\u00f3n del mezca\u201d. Maestr\u00eda. CIIDIR-IPN-OAXACA. Obtenci\u00f3n del grado el 28 de enero de 2008.<\/li>\n\n\n\n<li>Isabel Barrag\u00e1n Ruiz. Capacitaci\u00f3n y aprendizaje tecnol\u00f3gico en el&nbsp; desempe\u00f1o en los negocios de artesan\u00edas de oaxaca. Licenciatura.&nbsp;Instituto Tecnol\u00f3gico de Oaxaca. Obtenci\u00f3n de grado e1 20 de febrero de 2007.<\/li>\n\n\n\n<li>Fabiola V\u00e1zquez Zarate. Conocimiento en la innovaci\u00f3n del producto; caso de los alfareros de Santa Mar\u00eda Atzompa y San Bartolo Coyotepec, en la regi\u00f3n de los Valles Centrales. Licenciatura.&nbsp;Instituto Tecnol\u00f3gico de Oaxaca. Obtenci\u00f3n de grado, 21 de noviembre de 2006.<\/li>\n<\/ul>\n","protected":false},"excerpt":{"rendered":"<p>En proceso: Finalizadas:<\/p>\n","protected":false},"author":8,"featured_media":0,"parent":0,"menu_order":0,"comment_status":"closed","ping_status":"closed","template":"","meta":{"_swt_meta_header_display":false,"_swt_meta_footer_display":false,"_swt_meta_site_title_display":false,"_swt_meta_sticky_header":false,"_swt_meta_transparent_header":false,"footnotes":""},"class_list":["post-27","page","type-page","status-publish","hentry"],"_links":{"self":[{"href":"https:\/\/web.ciidiroaxaca.ipn.mx\/jregino\/wp-json\/wp\/v2\/pages\/27","targetHints":{"allow":["GET"]}}],"collection":[{"href":"https:\/\/web.ciidiroaxaca.ipn.mx\/jregino\/wp-json\/wp\/v2\/pages"}],"about":[{"href":"https:\/\/web.ciidiroaxaca.ipn.mx\/jregino\/wp-json\/wp\/v2\/types\/page"}],"author":[{"embeddable":true,"href":"https:\/\/web.ciidiroaxaca.ipn.mx\/jregino\/wp-json\/wp\/v2\/users\/8"}],"replies":[{"embeddable":true,"href":"https:\/\/web.ciidiroaxaca.ipn.mx\/jregino\/wp-json\/wp\/v2\/comments?post=27"}],"version-history":[{"count":7,"href":"https:\/\/web.ciidiroaxaca.ipn.mx\/jregino\/wp-json\/wp\/v2\/pages\/27\/revisions"}],"predecessor-version":[{"id":83,"href":"https:\/\/web.ciidiroaxaca.ipn.mx\/jregino\/wp-json\/wp\/v2\/pages\/27\/revisions\/83"}],"wp:attachment":[{"href":"https:\/\/web.ciidiroaxaca.ipn.mx\/jregino\/wp-json\/wp\/v2\/media?parent=27"}],"curies":[{"name":"wp","href":"https:\/\/api.w.org\/{rel}","templated":true}]}}