{"id":26,"date":"2011-10-26T21:08:49","date_gmt":"2011-10-26T21:08:49","guid":{"rendered":"https:\/\/web.ciidiroaxaca.ipn.mx\/jregino\/proyectos-de-investigacion\/"},"modified":"2025-10-08T18:06:27","modified_gmt":"2025-10-08T18:06:27","slug":"proyectos-de-investigacion","status":"publish","type":"page","link":"https:\/\/web.ciidiroaxaca.ipn.mx\/jregino\/proyectos-de-investigacion\/","title":{"rendered":"Proyectos de Investigaci\u00f3n"},"content":{"rendered":"\n<p><\/p>\n\n\n\n<p><\/p>\n\n\n\n<p>Valoraci\u00f3n econ\u00f3mica de servicios ecosist\u00e9micos del suelo agavero. <strong>SIP20253770<\/strong>.<\/p>\n\n\n\n<p>Distribuci\u00f3n espacial de la producci\u00f3n de agua en la Cuenca Copalita, Oaxaca, M\u00e9xico.<strong>SIP20242613<\/strong>.<\/p>\n\n\n\n<p>Empresas de la econom\u00eda social y solidaria, y pobreza: Un estudio exploratorio en Oaxaca. <strong>SIP2024<\/strong>.<\/p>\n\n\n\n<p>Mapas de coberturas del suelo y usos del suelo de la Cuenca Copalita, Oaxaca, M\u00e9xico.<strong>SIP20231742<\/strong><\/p>\n\n\n\n<p>Diagn\u00f3stico de las empresas comunitarias rurales hacia la econom\u00eda circular en el Istmo de Tehuantepec. <strong>SIP2023<\/strong>.<\/p>\n\n\n\n<p>Una revisi\u00f3n bibliom\u00e9trica de la literatura sobre valoraci\u00f3n econ\u00f3mica de servicios ecosist\u00e9micos. <strong>SIP20221630<\/strong><\/p>\n\n\n\n<p>An\u00e1lisis espacial y temporal de las coberturas y cambios en el uso del suelo y el valor econ\u00f3mico de los servicios ecosist\u00e9micos en la cuenca de Copalita, Oaxaca 2000 y 2020. <strong>SIP20211952<\/strong><\/p>\n\n\n\n<p>Valoraci\u00f3n econ\u00f3mica de servicios ecosist\u00e9micos hidrol\u00f3gicos con m\u00e9todo combinado de an\u00e1lisis espacial biof\u00edsico y econ\u00f3mico en la Cuenca Copalita, Oaxaca, M\u00ebxico. <strong>SIP20202233<\/strong><\/p>\n\n\n\n<p>Valorizaci\u00f3n econ\u00f3mica de servicios hidrol\u00f3gicos de la Cuenca Copalita, Oaxaca.<strong>SIP20196072<\/strong><\/p>\n\n\n\n<p>An\u00e1lisis de la pol\u00edtica forestal e impactos en el ecosistema forestal, servicios ecosistemicos y bienestar social (1990-2015). <strong>SIP20181640<\/strong>.<\/p>\n\n\n\n<p>Participante en el proyecto \u201cAn\u00e1lisis costo-beneficio en \u00e1reas naturales protegidas en el sur de China\u201d, (2014). Financiado por la Universidad Forestal de Beijing.<\/p>\n\n\n\n<p>Participante en el proyecto \u201cEl impacto de la reforma de la tierra en el sur de China\u201d, (2013). Financiado por la Universidad Forestal de Beijing.<\/p>\n\n\n\n<p>Participante en el proyecto \u201cDesarrollo de una metodolog\u00eda de factibilidad socioecon\u00f3mica de las medidas de mitigaci\u00f3n ante los efectos del cambio clim\u00e1tico en los sectores de inter\u00e9s para el estado de Oaxaca. <strong>SIP2014272<\/strong>. Financiado por IPN.<\/p>\n\n\n\n<p>Participante en el proyecto \u201cDesarrollo de una metodolog\u00eda de factibilidad socioecon\u00f3mica de las medidas de mitigaci\u00f3n ante los efectos del cambio clim\u00e1tico en los sectores de inter\u00e9s para el estado de Oaxaca. <strong>SIP2013272<\/strong>. Financiado por IPN.<\/p>\n\n\n\n<p>Director de proyecto \u201cAprendizaje tecnol\u00f3gico y capacidades tecnol\u00f3gicas de las empresas forestales maderables comunitarias de Oaxaca\u201d. <strong>SIP201213060<\/strong>.<\/p>\n\n\n\n<p>Participante en el proyecto vinculado \u201cVulnerabilidad y adaptaci\u00f3n de los sectores y sistemas de inter\u00e9s para el estado de Oaxaca, ante los efectos del cambio clim\u00e1tico. <strong>CV12259<\/strong>. Septiembre 2012-abril 2013.<\/p>\n\n\n\n<p>Participante en el proyecto \u201cLa relaci\u00f3n entre el desempe\u00f1o ecol\u00f3gico y financiero de los negocios de artesan\u00edas, desde la perspectiva basada en los recursos\u201d. <strong>SIP20120635<\/strong>.<\/p>\n\n\n\n<p>Director de proyecto \u201cOrganizaci\u00f3n comunitaria para la producci\u00f3n e innovaci\u00f3n sustentable: el caso de la unidad comunal forestal agropecuaria y de servicios de Ixtl\u00e1n de Ju\u00e1rez, Oaxaca\u201d. <strong>SIP20110594<\/strong>. &nbsp;<\/p>\n\n\n\n<p>Director de proyecto \u201cCapacidades tecnol\u00f3gicas en la MIPYMES de sectores tradicionales\u201d, con clave SIP20100494. Financiado por IPN Director de proyecto \u201cCapacidades tecnol\u00f3gicas en la MIPYMES de sectores tradicionales\u201d, con clave <strong>SIP20090199<\/strong>. Financiado por IPN.<\/p>\n\n\n\n<p>Director de proyecto \u201cMetodolog\u00eda de diagnostico y propuesta de un modelo de desarrollo econ\u00f3mico, que contribuya al incremento del ingreso en familias de comunidades rurales ind\u00edgenas de M\u00e9xico\u201d financiado por Fondo Para la Paz I. A. P., y el Instituto Polit\u00e9cnico Nacional con Clave <strong>SIP2009RE\/92.<\/strong><\/p>\n\n\n\n<p>Director de proyecto \u201cLa construcci\u00f3n de capacidades tecnol\u00f3gicas basadas en conocimiento en la micro, peque\u00f1a y mediana empresa de la manufactura en Oaxaca: una exploraci\u00f3n emp\u00edrica\u201d, M\u00e9xico. Con Clave <strong>20080464<\/strong>. Financiado por IPN.<\/p>\n\n\n\n<p>Director de proyecto \u201cAprendizaje tecnol\u00f3gico, conocimiento e innovaci\u00f3n en el desempe\u00f1o de las peque\u00f1as y medianas empresas de la manufactura en Oaxaca\u201d, M\u00e9xico. Con Clave <strong>SIP20070682<\/strong>.<\/p>\n\n\n\n<p>Director del proyecto \u201cLos recursos intangibles en el desempe\u00f1o de la empresa: el caso de los negocios de artesan\u00eda en Oaxaca, M\u00e9xico. Con Clave CGPI 20060113.<\/p>\n\n\n\n<p>Director del proyecto \u201cCapacitaci\u00f3n y aprendizaje tecnol\u00f3gico en los artesanos de la Ciudad de Oaxaca\u201d.&nbsp; Con Clave<strong> CGPI 20050362.<\/strong><\/p>\n\n\n\n<p>Participante en el proyecto \u201cAn\u00e1lisis de los determinantes de las trayectorias de innovaci\u00f3n en artesan\u00edas\u201d. Con clave <strong>CGPI 200500184.<\/strong><\/p>\n\n\n\n<p>Participante en el proyecto \u201cImpacto de los Programas del FONART en los indicadores de pobreza, producci\u00f3n y comercializaci\u00f3n artesanal\u201d.&nbsp; Con Clave CONACYT-SEDESOL&nbsp; 2002-CO1-3764 y por el IPN con clave&nbsp; <strong>CGPI 20040290.<\/strong><\/p>\n","protected":false},"excerpt":{"rendered":"<p>Valoraci\u00f3n econ\u00f3mica de servicios ecosist\u00e9micos del suelo agavero. SIP20253770. Distribuci\u00f3n espacial de la producci\u00f3n de agua en la Cuenca Copalita, Oaxaca, M\u00e9xico.SIP20242613. Empresas de la econom\u00eda social y solidaria, y pobreza: Un estudio exploratorio en Oaxaca. SIP2024. Mapas de coberturas del suelo y usos del suelo de la Cuenca Copalita, Oaxaca, M\u00e9xico.SIP20231742 Diagn\u00f3stico de las [&hellip;]<\/p>\n","protected":false},"author":8,"featured_media":0,"parent":0,"menu_order":0,"comment_status":"closed","ping_status":"closed","template":"","meta":{"_swt_meta_header_display":false,"_swt_meta_footer_display":false,"_swt_meta_site_title_display":false,"_swt_meta_sticky_header":false,"_swt_meta_transparent_header":false,"footnotes":""},"class_list":["post-26","page","type-page","status-publish","hentry"],"_links":{"self":[{"href":"https:\/\/web.ciidiroaxaca.ipn.mx\/jregino\/wp-json\/wp\/v2\/pages\/26","targetHints":{"allow":["GET"]}}],"collection":[{"href":"https:\/\/web.ciidiroaxaca.ipn.mx\/jregino\/wp-json\/wp\/v2\/pages"}],"about":[{"href":"https:\/\/web.ciidiroaxaca.ipn.mx\/jregino\/wp-json\/wp\/v2\/types\/page"}],"author":[{"embeddable":true,"href":"https:\/\/web.ciidiroaxaca.ipn.mx\/jregino\/wp-json\/wp\/v2\/users\/8"}],"replies":[{"embeddable":true,"href":"https:\/\/web.ciidiroaxaca.ipn.mx\/jregino\/wp-json\/wp\/v2\/comments?post=26"}],"version-history":[{"count":3,"href":"https:\/\/web.ciidiroaxaca.ipn.mx\/jregino\/wp-json\/wp\/v2\/pages\/26\/revisions"}],"predecessor-version":[{"id":75,"href":"https:\/\/web.ciidiroaxaca.ipn.mx\/jregino\/wp-json\/wp\/v2\/pages\/26\/revisions\/75"}],"wp:attachment":[{"href":"https:\/\/web.ciidiroaxaca.ipn.mx\/jregino\/wp-json\/wp\/v2\/media?parent=26"}],"curies":[{"name":"wp","href":"https:\/\/api.w.org\/{rel}","templated":true}]}}