{"id":8,"date":"2025-07-08T18:35:47","date_gmt":"2025-07-08T18:35:47","guid":{"rendered":"https:\/\/web.ciidiroaxaca.ipn.mx\/jnavarroa\/?page_id=8"},"modified":"2025-10-21T01:11:20","modified_gmt":"2025-10-21T07:11:20","slug":"publicaciones","status":"publish","type":"page","link":"https:\/\/web.ciidiroaxaca.ipn.mx\/jnavarroa\/publicaciones\/","title":{"rendered":"Publicaciones"},"content":{"rendered":"\n<p>Jimenez Gonz\u00e1lez, C. O., V\u00e1zquez\u202fFeijoo, J. A., &amp; Navarro\u202fAntonio, J. (2015). Comparison of interferometry techniques for identification of structures of solid media. Athens Journal of Technology, 2(2), 105\u2013114. https:\/\/www.athensjournals.gr\/technology\/2015-2-2-3-Gonzalez.pdf<\/p>\n\n\n\n<p>Cort\u00e9s M. C. I., Ruiz V. J., Matadamas O. P. T., Lewis E.E., Aquino B. T. &amp; Navarro A. J., 2016 \u201cEffect of moisture evaporation from diatomaceous earth pellets on storage stability of Steinernema glaseri\u201d Biocontrol Science and Technology. https:\/\/doi.org\/10.1080\/09583157.2015.1104650<\/p>\n\n\n\n<p>Figueroa, G.\u202fM.\u202fF., V\u00e1squez Feijoo, J.\u202fA., &amp; Navarro Antono, A.\u202fJ. (2016, abril). Extension of<br>the Short Time Fourier Transform for Nonlinear Systems (ATINER\u2019s Conference Paper Series No.\u202fCIV2016-2119). Athens, Greece: Athens Institute for Education and Research. ATINER&#8217;s Conference Paper Series \u2013 CIV2016-2119 (PDF)<\/p>\n\n\n\n<p>V\u00e1zquez Feijoo, J. A., Romero \u00c1ngeles, B., &amp; Navarro Antonio, J. (2019). Error Produced<br>Because of the Unacuaracy in the Parameters Estimation in an Inverse Volterra Open Loop Control for Duffing Oscillators. International Journal of Industrial Electronics and Electrical Engineering, 7(2), 26\u201331. https:\/\/iraj.doionline.org\/dx\/IJIEEE-IRAJ-DOI-15014<\/p>\n\n\n\n<p>Ruiz-Vega, J., Cort\u00e9s-Mart\u00ednez, C. I., Aquino-Bola\u00f1os, T., Matadamas-Ort\u00edz, P. T., Garc\u00edaGuti\u00e9rrez, C., &amp; Navarro-Antonio, J. (2020). Mortality of Phyllophaga vetula larvae by the separate and combined application of Metarhizium anisopliae Steinernema carpocapsae and Steinernema glaseri. Journal of Nematology, 52(1), 1\u20138. https:\/\/doi.org\/10.21307\/jofnem2020-068<\/p>\n\n\n\n<p>V\u00e1zquez, F. J. A., Morales P. S., Marquet R. R. A., Navarro A. J., Urriolagoitia S. G., Romero A., B., (2022) Equalization Control of Nonlinear Systems by Discrete Models of the Volterra Operators. Computaci\u00f3n y Sistemas, Vol. 26, No. 4, 2022, pp. 1445-1457. https:\/\/doi.org\/10.13053\/cys-264-3780.<\/p>\n\n\n\n<p>Cap\u00edtulo de libro<\/p>\n\n\n\n<p>Dr. Pastor Teodoro Matadamas Ortiz, M.I. Jos\u00e9 Navarro Antonio, M.C. Gabriel Isa\u00edas Cruz Ruiz Dra. Lilia Leticia M\u00e9ndez Lagunas, Dr. Carlos Inocencio Cort\u00e9s Mart\u00ednez (2025) \u201cEstudio de la tipolog\u00eda de tecnolog\u00edas para la producci\u00f3n industrial de totopos tradicionales del Istmo con el enfoque de econom\u00eda circular, desarrollo solidario y empleo digno\u201d, el cual se encuentra para publicaci\u00f3n en el libro \u201cDiagn\u00f3stico integral de la regi\u00f3n Istmo del Estado de Oaxaca, en el marco del mega proyecto Corredor Interoce\u00e1nico del Istmo de Tehuantepec\u201d.<br>ISBN 978-607-451-248-9<\/p>\n\n\n\n<p><\/p>\n","protected":false},"excerpt":{"rendered":"<p>Jimenez Gonz\u00e1lez, C. O., V\u00e1zquez\u202fFeijoo, J. A., &amp; Navarro\u202fAntonio, J. (2015). Comparison of interferometry techniques for identification of structures of solid media. Athens Journal of Technology, 2(2), 105\u2013114. https:\/\/www.athensjournals.gr\/technology\/2015-2-2-3-Gonzalez.pdf Cort\u00e9s M. C. I., Ruiz V. J., Matadamas O. P. T., Lewis E.E., Aquino B. T. &amp; Navarro A. J., 2016 \u201cEffect of moisture evaporation from [&hellip;]<\/p>\n","protected":false},"author":31,"featured_media":0,"parent":0,"menu_order":0,"comment_status":"closed","ping_status":"closed","template":"","meta":{"_swt_meta_header_display":false,"_swt_meta_footer_display":false,"_swt_meta_site_title_display":false,"_swt_meta_sticky_header":false,"_swt_meta_transparent_header":false,"footnotes":""},"class_list":["post-8","page","type-page","status-publish","hentry"],"_links":{"self":[{"href":"https:\/\/web.ciidiroaxaca.ipn.mx\/jnavarroa\/wp-json\/wp\/v2\/pages\/8","targetHints":{"allow":["GET"]}}],"collection":[{"href":"https:\/\/web.ciidiroaxaca.ipn.mx\/jnavarroa\/wp-json\/wp\/v2\/pages"}],"about":[{"href":"https:\/\/web.ciidiroaxaca.ipn.mx\/jnavarroa\/wp-json\/wp\/v2\/types\/page"}],"author":[{"embeddable":true,"href":"https:\/\/web.ciidiroaxaca.ipn.mx\/jnavarroa\/wp-json\/wp\/v2\/users\/31"}],"replies":[{"embeddable":true,"href":"https:\/\/web.ciidiroaxaca.ipn.mx\/jnavarroa\/wp-json\/wp\/v2\/comments?post=8"}],"version-history":[{"count":3,"href":"https:\/\/web.ciidiroaxaca.ipn.mx\/jnavarroa\/wp-json\/wp\/v2\/pages\/8\/revisions"}],"predecessor-version":[{"id":53,"href":"https:\/\/web.ciidiroaxaca.ipn.mx\/jnavarroa\/wp-json\/wp\/v2\/pages\/8\/revisions\/53"}],"wp:attachment":[{"href":"https:\/\/web.ciidiroaxaca.ipn.mx\/jnavarroa\/wp-json\/wp\/v2\/media?parent=8"}],"curies":[{"name":"wp","href":"https:\/\/api.w.org\/{rel}","templated":true}]}}