{"id":6,"date":"2025-07-08T18:35:37","date_gmt":"2025-07-08T18:35:37","guid":{"rendered":"https:\/\/web.ciidiroaxaca.ipn.mx\/jnavarroa\/?page_id=6"},"modified":"2025-10-15T15:42:21","modified_gmt":"2025-10-15T15:42:21","slug":"m-en-i-jose-navarro-antonio","status":"publish","type":"page","link":"https:\/\/web.ciidiroaxaca.ipn.mx\/jnavarroa\/","title":{"rendered":"M. en I. Jos\u00e9 Navarro Antonio"},"content":{"rendered":"\n<p class=\"has-text-align-center\"><\/p>\n\n\n\n<div class=\"wp-block-uagb-image aligncenter uagb-block-00309352 wp-block-uagb-image--layout-default wp-block-uagb-image--effect-static wp-block-uagb-image--align-center\"><figure class=\"wp-block-uagb-image__figure\"><img decoding=\"async\" srcset=\"https:\/\/web.ciidiroaxaca.ipn.mx\/jnavarroa\/wp-content\/uploads\/sites\/26\/2025\/10\/JNA-967x1024.png ,https:\/\/web.ciidiroaxaca.ipn.mx\/jnavarroa\/wp-content\/uploads\/sites\/26\/2025\/10\/JNA.png 780w, https:\/\/web.ciidiroaxaca.ipn.mx\/jnavarroa\/wp-content\/uploads\/sites\/26\/2025\/10\/JNA.png 360w\" sizes=\"auto, (max-width: 480px) 150px\" src=\"https:\/\/web.ciidiroaxaca.ipn.mx\/jnavarroa\/wp-content\/uploads\/sites\/26\/2025\/10\/JNA-967x1024.png\" alt=\"\" class=\"uag-image-38\" width=\"304\" height=\"342\" title=\"JNA\" loading=\"lazy\" role=\"img\"\/><\/figure><\/div>\n\n\n\n<h3 class=\"wp-block-heading has-text-align-center\"><strong>Maestro en Ingenier\u00eda Mec\u00e1nica<\/strong><\/h3>\n\n\n\n<p class=\"has-text-align-center\">Por la Universidad Nacional Aut\u00f3noma de M\u00e9xico<\/p>\n\n\n\n<p class=\"has-text-align-center\"><strong>Ingeniero Agr\u00f3nomo con Especialidad en Maquinaria Agr\u00edcola<\/strong><\/p>\n\n\n\n<p class=\"has-text-align-center\">Por la Universidad Aut\u00f3noma Chapingo<\/p>\n\n\n\n<p class=\"has-text-align-center\"><strong>Profesor colegiado del del Programa de Maestr\u00eda en Ciencias en Conservaci\u00f3n y Aprovechamiento de los Recursos Naturales del CIIDIR Oaxaca, Instituto Polit\u00e9cnico Nacional.<\/strong><\/p>\n\n\n\n<p class=\"has-text-align-center\">\u00c1reas de Inter\u00e9s: Dise\u00f1o mec\u00e1nico de prototipos agroindustriales y de laboratorio<\/p>\n\n\n\n<p class=\"has-text-align-center\">Caracterizaci\u00f3n de las propiedades mec\u00e1nicas y f\u00edsicas de materiales granulares<\/p>\n\n\n\n<p class=\"has-text-align-center\">Desarrollo de bioplaguicidas con nematodos entomopat\u00f3genos (NEP) encapsulados mec\u00e1nicamente<\/p>\n\n\n\n<p class=\"has-text-align-center\">Desarrollo de tecnolog\u00eda a base de biocarb\u00f3n\/nanobiocarb\u00f3n aplicado a suelos agr\u00edcolas como mejorador funcional en estructura f\u00edsica, fertilidad, retenci\u00f3n h\u00eddrica y salud<\/p>\n\n\n\n<p class=\"has-text-align-center\">Correo electr\u00f3nico: jnavarroa@ipn.mx&nbsp;&nbsp;&nbsp;&nbsp;&nbsp; Extensi\u00f3n: 82739<\/p>\n\n\n\n<p><\/p>\n","protected":false},"excerpt":{"rendered":"<p>Maestro en Ingenier\u00eda Mec\u00e1nica Por la Universidad Nacional Aut\u00f3noma de M\u00e9xico Ingeniero Agr\u00f3nomo con Especialidad en Maquinaria Agr\u00edcola Por la Universidad Aut\u00f3noma Chapingo Profesor colegiado del del Programa de Maestr\u00eda en Ciencias en Conservaci\u00f3n y Aprovechamiento de los Recursos Naturales del CIIDIR Oaxaca, Instituto Polit\u00e9cnico Nacional. \u00c1reas de Inter\u00e9s: Dise\u00f1o mec\u00e1nico de prototipos agroindustriales y [&hellip;]<\/p>\n","protected":false},"author":31,"featured_media":0,"parent":0,"menu_order":0,"comment_status":"closed","ping_status":"closed","template":"","meta":{"_swt_meta_header_display":false,"_swt_meta_footer_display":false,"_swt_meta_site_title_display":false,"_swt_meta_sticky_header":false,"_swt_meta_transparent_header":false,"footnotes":""},"class_list":["post-6","page","type-page","status-publish","hentry"],"_links":{"self":[{"href":"https:\/\/web.ciidiroaxaca.ipn.mx\/jnavarroa\/wp-json\/wp\/v2\/pages\/6","targetHints":{"allow":["GET"]}}],"collection":[{"href":"https:\/\/web.ciidiroaxaca.ipn.mx\/jnavarroa\/wp-json\/wp\/v2\/pages"}],"about":[{"href":"https:\/\/web.ciidiroaxaca.ipn.mx\/jnavarroa\/wp-json\/wp\/v2\/types\/page"}],"author":[{"embeddable":true,"href":"https:\/\/web.ciidiroaxaca.ipn.mx\/jnavarroa\/wp-json\/wp\/v2\/users\/31"}],"replies":[{"embeddable":true,"href":"https:\/\/web.ciidiroaxaca.ipn.mx\/jnavarroa\/wp-json\/wp\/v2\/comments?post=6"}],"version-history":[{"count":9,"href":"https:\/\/web.ciidiroaxaca.ipn.mx\/jnavarroa\/wp-json\/wp\/v2\/pages\/6\/revisions"}],"predecessor-version":[{"id":47,"href":"https:\/\/web.ciidiroaxaca.ipn.mx\/jnavarroa\/wp-json\/wp\/v2\/pages\/6\/revisions\/47"}],"wp:attachment":[{"href":"https:\/\/web.ciidiroaxaca.ipn.mx\/jnavarroa\/wp-json\/wp\/v2\/media?parent=6"}],"curies":[{"name":"wp","href":"https:\/\/api.w.org\/{rel}","templated":true}]}}