{"id":14,"date":"2025-07-08T18:36:25","date_gmt":"2025-07-08T18:36:25","guid":{"rendered":"https:\/\/web.ciidiroaxaca.ipn.mx\/jnavarroa\/?page_id=14"},"modified":"2025-10-21T00:59:42","modified_gmt":"2025-10-21T06:59:42","slug":"actividades-academicas","status":"publish","type":"page","link":"https:\/\/web.ciidiroaxaca.ipn.mx\/jnavarroa\/actividades-academicas\/","title":{"rendered":"Actividades acad\u00e9micas"},"content":{"rendered":"\n<p><strong>Docente en las asignaturas <\/strong><\/p>\n\n\n\n<p>Procesos de Transformaci\u00f3n con Tecnolog\u00edas Adecuadas<\/p>\n\n\n\n<p> M\u00e9todos de Dise\u00f1o en Ingenier\u00eda <\/p>\n\n\n\n<p>Modelaci\u00f3n Matem\u00e1tica y Computacional de medios continuos<\/p>\n\n\n\n<p><\/p>\n","protected":false},"excerpt":{"rendered":"<p>Docente en las asignaturas Procesos de Transformaci\u00f3n con Tecnolog\u00edas Adecuadas M\u00e9todos de Dise\u00f1o en Ingenier\u00eda Modelaci\u00f3n Matem\u00e1tica y Computacional de medios continuos<\/p>\n","protected":false},"author":31,"featured_media":0,"parent":0,"menu_order":0,"comment_status":"closed","ping_status":"closed","template":"","meta":{"_swt_meta_header_display":false,"_swt_meta_footer_display":false,"_swt_meta_site_title_display":true,"_swt_meta_sticky_header":false,"_swt_meta_transparent_header":false,"footnotes":""},"class_list":["post-14","page","type-page","status-publish","hentry"],"_links":{"self":[{"href":"https:\/\/web.ciidiroaxaca.ipn.mx\/jnavarroa\/wp-json\/wp\/v2\/pages\/14","targetHints":{"allow":["GET"]}}],"collection":[{"href":"https:\/\/web.ciidiroaxaca.ipn.mx\/jnavarroa\/wp-json\/wp\/v2\/pages"}],"about":[{"href":"https:\/\/web.ciidiroaxaca.ipn.mx\/jnavarroa\/wp-json\/wp\/v2\/types\/page"}],"author":[{"embeddable":true,"href":"https:\/\/web.ciidiroaxaca.ipn.mx\/jnavarroa\/wp-json\/wp\/v2\/users\/31"}],"replies":[{"embeddable":true,"href":"https:\/\/web.ciidiroaxaca.ipn.mx\/jnavarroa\/wp-json\/wp\/v2\/comments?post=14"}],"version-history":[{"count":3,"href":"https:\/\/web.ciidiroaxaca.ipn.mx\/jnavarroa\/wp-json\/wp\/v2\/pages\/14\/revisions"}],"predecessor-version":[{"id":49,"href":"https:\/\/web.ciidiroaxaca.ipn.mx\/jnavarroa\/wp-json\/wp\/v2\/pages\/14\/revisions\/49"}],"wp:attachment":[{"href":"https:\/\/web.ciidiroaxaca.ipn.mx\/jnavarroa\/wp-json\/wp\/v2\/media?parent=14"}],"curies":[{"name":"wp","href":"https:\/\/api.w.org\/{rel}","templated":true}]}}