{"id":12,"date":"2025-07-08T18:36:14","date_gmt":"2025-07-08T18:36:14","guid":{"rendered":"https:\/\/web.ciidiroaxaca.ipn.mx\/jnavarroa\/?page_id=12"},"modified":"2025-10-21T01:13:38","modified_gmt":"2025-10-21T07:13:38","slug":"tesis","status":"publish","type":"page","link":"https:\/\/web.ciidiroaxaca.ipn.mx\/jnavarroa\/tesis\/","title":{"rendered":"Tesis"},"content":{"rendered":"\n<p>TEMA: REORGANIZACI\u00d3N DE PARTES, HERRAMIENTAS Y MATERIALES DEL TALLER DE<br>INGENIER\u00cdAS Y TECNOLOG\u00cdAS ADECUADAS CIIDIR OAXACA. ABRIL 2017<br>Nombre: X\u00d3CHITL MORALES L\u00d3PEZ<\/p>\n\n\n\n<p>TEMA: REORGANIZACI\u00d3N DE PARTES, HERRAMIENTAS Y MATERIALES DEL TALLER DE<br>INGENIER\u00cdAS Y TECNOLOG\u00cdAS ADECUADAS CIIDIR OAXACA. ABRIL 2017<br>Nombre: PETRONILA HERN\u00c1NDEZ HERN\u00c1NDEZ Y RICARDO V\u00c1SQUEZ P\u00c9REZ<\/p>\n\n\n\n<p>Comit\u00e9 tutorial<\/p>\n\n\n\n<p>M\u00e9ndez V\u00e1squez Bernardo Yohnath\u00e1n, de la tesis denominada: \u00abAn\u00e1lisis cinem\u00e1tico y din\u00e1mico de los movimientos del hombro humano\u00bb. 2018<\/p>\n\n\n\n<p>Tesis<\/p>\n\n\n\n<p>TEMA: FORMULACI\u00d3N MECANIZADA DE PELLETS CON NEM\u00c1TODOS ENTOMOPAT\u00d3GENOS PARA EL CONTROL DE PLAGAS AGR\u00cdCOLAS. noviembre 2020<br>Nombre: DANIA DEL CARMEN BLAS G\u00d3MEZ<\/p>\n\n\n\n<p><\/p>\n","protected":false},"excerpt":{"rendered":"<p>TEMA: REORGANIZACI\u00d3N DE PARTES, HERRAMIENTAS Y MATERIALES DEL TALLER DEINGENIER\u00cdAS Y TECNOLOG\u00cdAS ADECUADAS CIIDIR OAXACA. ABRIL 2017Nombre: X\u00d3CHITL MORALES L\u00d3PEZ TEMA: REORGANIZACI\u00d3N DE PARTES, HERRAMIENTAS Y MATERIALES DEL TALLER DEINGENIER\u00cdAS Y TECNOLOG\u00cdAS ADECUADAS CIIDIR OAXACA. ABRIL 2017Nombre: PETRONILA HERN\u00c1NDEZ HERN\u00c1NDEZ Y RICARDO V\u00c1SQUEZ P\u00c9REZ Comit\u00e9 tutorial M\u00e9ndez V\u00e1squez Bernardo Yohnath\u00e1n, de la tesis denominada: \u00abAn\u00e1lisis [&hellip;]<\/p>\n","protected":false},"author":31,"featured_media":0,"parent":0,"menu_order":0,"comment_status":"closed","ping_status":"closed","template":"","meta":{"_swt_meta_header_display":false,"_swt_meta_footer_display":false,"_swt_meta_site_title_display":false,"_swt_meta_sticky_header":false,"_swt_meta_transparent_header":false,"footnotes":""},"class_list":["post-12","page","type-page","status-publish","hentry"],"_links":{"self":[{"href":"https:\/\/web.ciidiroaxaca.ipn.mx\/jnavarroa\/wp-json\/wp\/v2\/pages\/12","targetHints":{"allow":["GET"]}}],"collection":[{"href":"https:\/\/web.ciidiroaxaca.ipn.mx\/jnavarroa\/wp-json\/wp\/v2\/pages"}],"about":[{"href":"https:\/\/web.ciidiroaxaca.ipn.mx\/jnavarroa\/wp-json\/wp\/v2\/types\/page"}],"author":[{"embeddable":true,"href":"https:\/\/web.ciidiroaxaca.ipn.mx\/jnavarroa\/wp-json\/wp\/v2\/users\/31"}],"replies":[{"embeddable":true,"href":"https:\/\/web.ciidiroaxaca.ipn.mx\/jnavarroa\/wp-json\/wp\/v2\/comments?post=12"}],"version-history":[{"count":3,"href":"https:\/\/web.ciidiroaxaca.ipn.mx\/jnavarroa\/wp-json\/wp\/v2\/pages\/12\/revisions"}],"predecessor-version":[{"id":55,"href":"https:\/\/web.ciidiroaxaca.ipn.mx\/jnavarroa\/wp-json\/wp\/v2\/pages\/12\/revisions\/55"}],"wp:attachment":[{"href":"https:\/\/web.ciidiroaxaca.ipn.mx\/jnavarroa\/wp-json\/wp\/v2\/media?parent=12"}],"curies":[{"name":"wp","href":"https:\/\/api.w.org\/{rel}","templated":true}]}}