{"id":10,"date":"2025-07-08T18:35:57","date_gmt":"2025-07-08T18:35:57","guid":{"rendered":"https:\/\/web.ciidiroaxaca.ipn.mx\/jnavarroa\/?page_id=10"},"modified":"2025-10-21T01:06:46","modified_gmt":"2025-10-21T07:06:46","slug":"proyectos-de-investigacion","status":"publish","type":"page","link":"https:\/\/web.ciidiroaxaca.ipn.mx\/jnavarroa\/proyectos-de-investigacion\/","title":{"rendered":"Proyectos de Investigaci\u00f3n"},"content":{"rendered":"\n<p>2022 PARTICIPANTE EN LOS PROYECTOS<br>FORMULACI\u00d3N DE NEMATODOS Y HONGOS ENTOMOPAT\u00d3GENOS EN PELLETS<br>MULTICAPA PARA EL CONTROL DE GUSANO DE ALAMBRE AGROTES SPP, EN<br>CONDICIONES DE SEMI-CAMPO. SIP 20221762, PARTICIPANTE<br>FORTALECIMIENTO AL SISTEMA DE PRODUCCI\u00d3N DE CAF\u00c9 TRADICIONAL MEDIANTE<br>LA UTILIZACI\u00d3N DE SUBPRODUCTOS DEL BENEFICIO H\u00daMEDO EN MUNICIPIOS DE<br>ALTA MARGINACI\u00d3N DE LA SIERRA NORTE DE OAXACA CLAVE SIP 20221756<br>DETERMINACI\u00d3N DE LAS FUERZAS INVOLUCRADAS DEBIDO A CARGAS LIGERAS<br>DURANTE LOS MOVIMIENTOS B\u00c1SICOS DEL BRAZO SIP 20220172<br>2023 PARTICIPANTE EN LOS PROYECTOS<br>FORMULACI\u00d3N DE NEMATODOS Y HONGOS ENTOMOPAT\u00d3GENOS EN PELLETS<br>MULTICAPA PARA EL CONTROL DE GUSANO DE ALAMBRE AGROTES SPP. EN<br>CONDICIONES DE SEMI-CAMPO. CLAVE SIP 20231350, PARTICIPANTE<br>SOBREVIVENCIA DE NEM\u00c1TODOS STEINERNEMA GLASERI INCRUSTADOS EN UN<br>MEDIO POROSO H\u00daMEDO BAJO COMPRESI\u00d3N UNIAXIAL CONFINADA.CLAVE SIP<br>20231465, PARTICIPANTE<br>ESTUDIO DE LA TIPOLOG\u00cdA DE TECNOLOG\u00cdAS PARA LA PRODUCCI\u00d3N INDUSTRIAL DE<br>TOTOPOS TRADICIONALES DEL ISTMO CON EL ENFOQUE DE ECONOM\u00cdA CIRCULAR,<br>DESARROLLO SOLIDARIO Y EMPLEO DIGNO. PROYECTO CIIT 2023. INTEGRANTE<br>INTERNO<\/p>\n\n\n\n<p>2024 PARTICIPANTE EN LOS PROYECTOS<br>AN\u00c1LISIS DE FALLAS ESTRUCTURALES POR COMPRESI\u00d3N UNIAXIAL DE<br>MICRORESERVORIOS DE AGENTES ENTOMOPAT\u00d3GENOS PARA LA FORMULACI\u00d3N<br>DE BIOPLAGUICIDAS. SIP 20242588, PARTICIPANTE.<br>DESARROLLO DE LAS ETAPAS DE TRILLADO, TOSTADO, MOLIDO Y EMPACADO DE<br>CAF\u00c9 TRADICIONAL EN MUNICIPIOS DE ALTA MARGINACI\u00d3N DE LA SIERRA NORTE<br>DE OAXACA PARA GENERAR VALOR AGREGADO A AL SISTEMA DE PRODUCCI\u00d3N. SIP<br>20241648 PARTICIPANTE.<br>MODELO SOCIOPRODUCTIVO BASADO EN FORTALEZAS Y SABERES TRADICIONALES<br>PARA EL APROVECHAMIENTO DE LA PRODUCCI\u00d3N FRUT\u00cdCOLA DE TEMPORADA EN<br>COMUNIDADES IND\u00cdGENAS DE LA SIERRA NORTE DE OAXACA.CASO: STA. CATARINA<br>LACHATAO, IXTL\u00c1N, OAX. SIP 20242809, PARTICIPANTE<br>DIRECTOR<br>APOYOS EXTRAORDINARIOS PARA REALIZAR ACTIVIDADES DE INVESTIGACI\u00d3N\u202f2024,<br>RUBRO 7, BIOCARB\u00d3N: UNA HERRAMIENTA PARA MITIGAR EL IMPACTO DE LA<br>SEQU\u00cdA Y MEJORAR LA FERTILIDAD DE LOS SUELOS AGR\u00cdCOLAS.<\/p>\n\n\n\n<p>2025 DIRECTOR DE PROYECTO: BIOCARB\u00d3N COMO ALTERNATIVA SOSTENIBLE PARA MITIGAR LA SEQU\u00cdA Y PROMOVER LA CONSERVACI\u00d3N DEL SUELO AGR\u00cdCOLA\u00bb SIP 20250875<\/p>\n\n\n\n<p><\/p>\n","protected":false},"excerpt":{"rendered":"<p>2022 PARTICIPANTE EN LOS PROYECTOSFORMULACI\u00d3N DE NEMATODOS Y HONGOS ENTOMOPAT\u00d3GENOS EN PELLETSMULTICAPA PARA EL CONTROL DE GUSANO DE ALAMBRE AGROTES SPP, ENCONDICIONES DE SEMI-CAMPO. SIP 20221762, PARTICIPANTEFORTALECIMIENTO AL SISTEMA DE PRODUCCI\u00d3N DE CAF\u00c9 TRADICIONAL MEDIANTELA UTILIZACI\u00d3N DE SUBPRODUCTOS DEL BENEFICIO H\u00daMEDO EN MUNICIPIOS DEALTA MARGINACI\u00d3N DE LA SIERRA NORTE DE OAXACA CLAVE SIP 20221756DETERMINACI\u00d3N DE [&hellip;]<\/p>\n","protected":false},"author":31,"featured_media":0,"parent":0,"menu_order":0,"comment_status":"closed","ping_status":"closed","template":"","meta":{"_swt_meta_header_display":false,"_swt_meta_footer_display":false,"_swt_meta_site_title_display":false,"_swt_meta_sticky_header":false,"_swt_meta_transparent_header":false,"footnotes":""},"class_list":["post-10","page","type-page","status-publish","hentry"],"_links":{"self":[{"href":"https:\/\/web.ciidiroaxaca.ipn.mx\/jnavarroa\/wp-json\/wp\/v2\/pages\/10","targetHints":{"allow":["GET"]}}],"collection":[{"href":"https:\/\/web.ciidiroaxaca.ipn.mx\/jnavarroa\/wp-json\/wp\/v2\/pages"}],"about":[{"href":"https:\/\/web.ciidiroaxaca.ipn.mx\/jnavarroa\/wp-json\/wp\/v2\/types\/page"}],"author":[{"embeddable":true,"href":"https:\/\/web.ciidiroaxaca.ipn.mx\/jnavarroa\/wp-json\/wp\/v2\/users\/31"}],"replies":[{"embeddable":true,"href":"https:\/\/web.ciidiroaxaca.ipn.mx\/jnavarroa\/wp-json\/wp\/v2\/comments?post=10"}],"version-history":[{"count":2,"href":"https:\/\/web.ciidiroaxaca.ipn.mx\/jnavarroa\/wp-json\/wp\/v2\/pages\/10\/revisions"}],"predecessor-version":[{"id":51,"href":"https:\/\/web.ciidiroaxaca.ipn.mx\/jnavarroa\/wp-json\/wp\/v2\/pages\/10\/revisions\/51"}],"wp:attachment":[{"href":"https:\/\/web.ciidiroaxaca.ipn.mx\/jnavarroa\/wp-json\/wp\/v2\/media?parent=10"}],"curies":[{"name":"wp","href":"https:\/\/api.w.org\/{rel}","templated":true}]}}