{"id":6,"date":"2023-12-22T20:58:35","date_gmt":"2023-12-22T20:58:35","guid":{"rendered":"https:\/\/web.ciidiroaxaca.ipn.mx\/jehernandezju\/proyectos-de-investigacion\/"},"modified":"2025-10-16T09:08:16","modified_gmt":"2025-10-16T15:08:16","slug":"proyectos-de-investigacion","status":"publish","type":"page","link":"https:\/\/web.ciidiroaxaca.ipn.mx\/jehernandezju\/proyectos-de-investigacion\/","title":{"rendered":"Proyectos de investigaci\u00f3n"},"content":{"rendered":"\n<ul class=\"wp-block-list\">\n<li>Estudio de los compuestos bioactivos de <em>Laelia furfuracea, Prosthechea karwinskii, Catasetum integerrimun y Cyrtopodium macrobulbon<\/em> dirigido al tratamiento del paciente con trombosis. <strong>Responsable: Proyecto Investigadores por M\u00e9xico: (2022-2029).<\/strong><\/li>\n\n\n\n<li>Estudio de la actividad anticoagulante de los compuestos bioactivos del extracto foliar de <em>Laelia furfuracea<\/em>. <strong>Asesor: Estancia posdoctoral (2025-2028).<\/strong><\/li>\n\n\n\n<li>Evaluaci\u00f3n del plasma rico en plaquetas y del p\u00e9ptido LL-37, en la diferenciaci\u00f3n de odontoblastos derivados de c\u00e9lulas estromales gingivales. <strong>Asesor: Estancia posdoctoral 2025-2028.<\/strong><\/li>\n<\/ul>\n\n\n\n<p><\/p>\n","protected":false},"excerpt":{"rendered":"","protected":false},"author":34,"featured_media":0,"parent":0,"menu_order":0,"comment_status":"closed","ping_status":"closed","template":"","meta":{"_swt_meta_header_display":false,"_swt_meta_footer_display":false,"_swt_meta_site_title_display":false,"_swt_meta_sticky_header":false,"_swt_meta_transparent_header":false,"footnotes":""},"class_list":["post-6","page","type-page","status-publish","hentry"],"_links":{"self":[{"href":"https:\/\/web.ciidiroaxaca.ipn.mx\/jehernandezju\/wp-json\/wp\/v2\/pages\/6","targetHints":{"allow":["GET"]}}],"collection":[{"href":"https:\/\/web.ciidiroaxaca.ipn.mx\/jehernandezju\/wp-json\/wp\/v2\/pages"}],"about":[{"href":"https:\/\/web.ciidiroaxaca.ipn.mx\/jehernandezju\/wp-json\/wp\/v2\/types\/page"}],"author":[{"embeddable":true,"href":"https:\/\/web.ciidiroaxaca.ipn.mx\/jehernandezju\/wp-json\/wp\/v2\/users\/34"}],"replies":[{"embeddable":true,"href":"https:\/\/web.ciidiroaxaca.ipn.mx\/jehernandezju\/wp-json\/wp\/v2\/comments?post=6"}],"version-history":[{"count":6,"href":"https:\/\/web.ciidiroaxaca.ipn.mx\/jehernandezju\/wp-json\/wp\/v2\/pages\/6\/revisions"}],"predecessor-version":[{"id":94,"href":"https:\/\/web.ciidiroaxaca.ipn.mx\/jehernandezju\/wp-json\/wp\/v2\/pages\/6\/revisions\/94"}],"wp:attachment":[{"href":"https:\/\/web.ciidiroaxaca.ipn.mx\/jehernandezju\/wp-json\/wp\/v2\/media?parent=6"}],"curies":[{"name":"wp","href":"https:\/\/api.w.org\/{rel}","templated":true}]}}