{"id":4,"date":"2023-12-22T20:54:40","date_gmt":"2023-12-22T20:54:40","guid":{"rendered":"https:\/\/web.ciidiroaxaca.ipn.mx\/jehernandezju\/dr-jesus-hernandez-juarez\/"},"modified":"2026-01-21T01:13:56","modified_gmt":"2026-01-21T07:13:56","slug":"dr-jesus-hernandez-juarez","status":"publish","type":"page","link":"https:\/\/web.ciidiroaxaca.ipn.mx\/jehernandezju\/","title":{"rendered":"Dr. en C. Jes\u00fas Hern\u00e1ndez Ju\u00e1rez"},"content":{"rendered":"\n<figure class=\"wp-block-image aligncenter size-large is-resized\"><img loading=\"lazy\" decoding=\"async\" width=\"767\" height=\"1024\" src=\"https:\/\/web.ciidiroaxaca.ipn.mx\/jehernandezju\/wp-content\/uploads\/sites\/29\/2025\/10\/Dr.-Hernandez-Juarez-767x1024.jpg\" alt=\"\" class=\"wp-image-96\" style=\"width:250px;height:auto\" srcset=\"https:\/\/web.ciidiroaxaca.ipn.mx\/jehernandezju\/wp-content\/uploads\/sites\/29\/2025\/10\/Dr.-Hernandez-Juarez-767x1024.jpg 767w, https:\/\/web.ciidiroaxaca.ipn.mx\/jehernandezju\/wp-content\/uploads\/sites\/29\/2025\/10\/Dr.-Hernandez-Juarez-225x300.jpg 225w, https:\/\/web.ciidiroaxaca.ipn.mx\/jehernandezju\/wp-content\/uploads\/sites\/29\/2025\/10\/Dr.-Hernandez-Juarez-768x1026.jpg 768w, https:\/\/web.ciidiroaxaca.ipn.mx\/jehernandezju\/wp-content\/uploads\/sites\/29\/2025\/10\/Dr.-Hernandez-Juarez-1150x1536.jpg 1150w, https:\/\/web.ciidiroaxaca.ipn.mx\/jehernandezju\/wp-content\/uploads\/sites\/29\/2025\/10\/Dr.-Hernandez-Juarez.jpg 1198w\" sizes=\"auto, (max-width: 767px) 100vw, 767px\" \/><\/figure>\n\n\n\n<p><\/p>\n\n\n\n<h3 class=\"wp-block-heading has-text-align-center\">Investigador por M\u00e9xico, Secihti<\/h3>\n\n\n\n<p class=\"has-text-align-center\"><strong>Laboratorio de Innovaci\u00f3n Biom\u00e9dica y Aplicada<\/strong><\/p>\n\n\n\n<p class=\"has-text-align-center\">Sistema Nacional de Investigadores, Nivel 2<\/p>\n\n\n\n<p class=\"has-text-align-center\">jehernandezju@ipn.mx<\/p>\n\n\n\n<p class=\"has-text-align-center\">jhernandezj@secihti.mx<\/p>\n\n\n\n<p class=\"has-text-align-center\">951 517 0610 Ext. 82767<\/p>\n\n\n\n<p class=\"has-text-align-center\">&nbsp;<\/p>\n\n\n\n<h4 class=\"wp-block-heading has-text-align-center\">Doctorado en Ciencias Quimicobiol\u00f3gicas<\/h4>\n\n\n\n<p class=\"has-text-align-center\">Escuela Nacional de Ciencias Biol\u00f3gicas, IPN. 2014<\/p>\n\n\n\n<h4 class=\"wp-block-heading has-text-align-center\">Maestr\u00eda en Ciencias Quimicobiol\u00f3gicas<\/h4>\n\n\n\n<p class=\"has-text-align-center\">Escuela Nacional de Ciencias Biol\u00f3gicas, IPN. 2009<\/p>\n\n\n\n<h4 class=\"wp-block-heading has-text-align-center\">Licenciatura en Qu\u00edmico Farmacobi\u00f3logo<\/h4>\n\n\n\n<p class=\"has-text-align-center\">Facultad de Ciencias Qu\u00edmicas, BUAP. 2005<\/p>\n\n\n\n<p><\/p>\n\n\n\n<h4 class=\"wp-block-heading has-text-align-center\"><strong>Posdoctorado:<\/strong><\/h4>\n\n\n\n<p class=\"has-text-align-center\">Unidad de Investigaci\u00f3n M\u00e9dica en Trombosis, Hemostasia y<br>Aterog\u00e9nesis, HGR No.1 CMS, IMSS (2014-2016)<\/p>\n\n\n\n<p class=\"has-text-align-center\">Centro de Investigaci\u00f3n Facultad de Medicina UNAM-UABJO (2016-2018)<\/p>\n\n\n\n<p>&nbsp;<\/p>\n\n\n\n<h3 class=\"wp-block-heading\">Temas de inter\u00e9s<\/h3>\n\n\n\n<ol class=\"wp-block-list\">\n<li>Compuestos bioactivos de origen vegetal con actividad antitromb\u00f3tica.<\/li>\n\n\n\n<li>Diagn\u00f3stico diferencial de inhibidores de la coagulaci\u00f3n.<\/li>\n\n\n\n<li>Alteraciones metab\u00f3licas y nutricionales, y su asociaci\u00f3n con la trombosis.&nbsp;<\/li>\n\n\n\n<li>El papel de los antioxidantes en la fisiopatolog\u00eda de la trombosis.<\/li>\n\n\n\n<li>Estudio del plasma rico en plaquetas en la diferenciaci\u00f3n celular.<\/li>\n<\/ol>\n\n\n\n<h3 class=\"wp-block-heading\">L\u00ednea de investigaci\u00f3n<\/h3>\n\n\n\n<p>Hemostasia y trombosis<\/p>\n\n\n\n<p><\/p>\n","protected":false},"excerpt":{"rendered":"<p>Investigador por M\u00e9xico, Secihti Laboratorio de Innovaci\u00f3n Biom\u00e9dica y Aplicada Sistema Nacional de Investigadores, Nivel 2 jehernandezju@ipn.mx jhernandezj@secihti.mx 951 517 0610 Ext. 82767 &nbsp; Doctorado en Ciencias Quimicobiol\u00f3gicas Escuela Nacional de Ciencias Biol\u00f3gicas, IPN. 2014 Maestr\u00eda en Ciencias Quimicobiol\u00f3gicas Escuela Nacional de Ciencias Biol\u00f3gicas, IPN. 2009 Licenciatura en Qu\u00edmico Farmacobi\u00f3logo Facultad de Ciencias Qu\u00edmicas, BUAP. [&hellip;]<\/p>\n","protected":false},"author":34,"featured_media":0,"parent":0,"menu_order":0,"comment_status":"closed","ping_status":"closed","template":"","meta":{"_swt_meta_header_display":false,"_swt_meta_footer_display":false,"_swt_meta_site_title_display":false,"_swt_meta_sticky_header":false,"_swt_meta_transparent_header":false,"footnotes":""},"class_list":["post-4","page","type-page","status-publish","hentry"],"_links":{"self":[{"href":"https:\/\/web.ciidiroaxaca.ipn.mx\/jehernandezju\/wp-json\/wp\/v2\/pages\/4","targetHints":{"allow":["GET"]}}],"collection":[{"href":"https:\/\/web.ciidiroaxaca.ipn.mx\/jehernandezju\/wp-json\/wp\/v2\/pages"}],"about":[{"href":"https:\/\/web.ciidiroaxaca.ipn.mx\/jehernandezju\/wp-json\/wp\/v2\/types\/page"}],"author":[{"embeddable":true,"href":"https:\/\/web.ciidiroaxaca.ipn.mx\/jehernandezju\/wp-json\/wp\/v2\/users\/34"}],"replies":[{"embeddable":true,"href":"https:\/\/web.ciidiroaxaca.ipn.mx\/jehernandezju\/wp-json\/wp\/v2\/comments?post=4"}],"version-history":[{"count":15,"href":"https:\/\/web.ciidiroaxaca.ipn.mx\/jehernandezju\/wp-json\/wp\/v2\/pages\/4\/revisions"}],"predecessor-version":[{"id":136,"href":"https:\/\/web.ciidiroaxaca.ipn.mx\/jehernandezju\/wp-json\/wp\/v2\/pages\/4\/revisions\/136"}],"wp:attachment":[{"href":"https:\/\/web.ciidiroaxaca.ipn.mx\/jehernandezju\/wp-json\/wp\/v2\/media?parent=4"}],"curies":[{"name":"wp","href":"https:\/\/api.w.org\/{rel}","templated":true}]}}