{"id":5,"date":"2011-11-09T17:20:37","date_gmt":"2011-11-09T17:20:37","guid":{"rendered":"https:\/\/web.ciidiroaxaca.ipn.mx\/jchavezs\/publicaciones\/"},"modified":"2025-10-21T13:12:09","modified_gmt":"2025-10-21T19:12:09","slug":"publicaciones","status":"publish","type":"page","link":"https:\/\/web.ciidiroaxaca.ipn.mx\/jchavezs\/publicaciones\/","title":{"rendered":"Publicaciones"},"content":{"rendered":"\n<h3 class=\"wp-block-heading\">Algunas publicaciones tem\u00e1ticas:<\/h3>\n\n\n\n<p>Ram\u00edrez-Zea, G. y <strong>J.L. Ch\u00e1vez-Servia. 2025.<\/strong> Nuevas variedades de rosa (<em>Rosa <\/em>spp. L.): Voly, China Poblana, Linda Mexiquense, Margoth, Mazahua, Quetita e Itzamara. Revista Fitotecnia Mexicana 48(1):97-99. https:\/\/doi.org\/10.35196\/rfm.2025.1.97.<\/p>\n\n\n\n<p>Padilla-Cortes, E., L. Mart\u00ednez-Mart\u00ednez, P. Diego-Flores and <strong>J.L. Ch\u00e1vez-Servia. 2025<\/strong>. Damage and entomophagy in natural infestations of <em>Spodoptera frugiperda<\/em> (Lepidoptera: Noctuidae) in maize landraces in Oaxaca, Mexico. Journal of Entomological Science 60(1):107-128. https:\/\/doi.org\/10.18474\/JES24-03.<\/p>\n\n\n\n<p>Olgu\u00edn-Hern\u00e1ndez, L., J.C. Carrillo-Rodr\u00edguez, N. Mayek-P\u00e9rez, T. Aquino-Bola\u00f1os, A.M. Vera-Guzm\u00e1n and <strong>J.L. Ch\u00e1vez-Servia. 2024<\/strong>. Patterns and relationships of pesticide use in agricultural crops of Latin America: review and analysis of statistical data. Agronomy-Basel 14(12):2889. https:\/\/doi.org\/10.3390\/agronomy14122889.<\/p>\n\n\n\n<p>P\u00e9rez-Ochoa, M.L., A.M. Vera-Guzm\u00e1n and <strong>J.L. Ch\u00e1vez-Servia. 2024<\/strong>. Antioxidant compounds and activity of the medicinal plants <em>Tagetes<\/em> sp. and <em>Clinopodium<\/em> sp. from indigenous communities in Mexico. Journal of Medicinal Plants and By-Products 13(2):417-428. https:\/\/doi.org\/10.22034\/JMPB.2023.358021.1460.<\/p>\n\n\n\n<p>Ayala-Angulo, M., E.J. Gonz\u00e1lez, C. Ureta, <strong>J.L. Ch\u00e1vez-Servia<\/strong>, E. G\u00f3nz\u00e1lez-Ortega, R. Vandame, A. de \u00c1vila-Bloomberg, G. Mart\u00ednez-Guerra, S. Gonz\u00e1lez-D\u00edaz, R. Ru\u00edz-Gonz\u00e1lez, P. Diego-Flores, E.R. \u00c1lvarez-Buylla and A. Pi\u00f1eyro-Nelson. <strong>2023<\/strong>. Local and regional dynamics of native maize seed lot use by small scale producers and their impact on transgene presence in three Mexican states. Plants 12:2514. https:\/\/doi.org\/10.3390\/plants11152007.<\/p>\n\n\n\n<p>Moreno-Quiroga, G., J.E. Alba-Jim\u00e9nez, E.N. Aquino-Bola\u00f1os and <strong>J.L. Ch\u00e1vez-Servia. 2023<\/strong>. Phenolic compounds and antioxidant activity in <em>Cucurbita ficifolia<\/em> fruits, an underrated fruit. Frontiers in Nutrition 9:1029826. <a href=\"https:\/\/doi.org\/10.3389\/fnut.2022.1029826\">https:\/\/doi.org\/10.3389\/fnut.2022.1029826<\/a><\/p>\n\n\n\n<p>Caetano-Nunes, D.G., E. Rodrigues-de-Almeida, A. G\u00f3mez-Carabal\u00ed,<strong> J.L. Ch\u00e1vez-Servia<\/strong> y J.T. Otero. <strong>2022<\/strong>. Patrones de manejo de agroecosistemas deforestados y estrategias de vida de fincas amaz\u00f3nicas de Cacoal, Brasil. Acta Agron\u00f3mica 71(1):7-13. https:\/\/doi.org\/10.15446\/acag.v71n1.101667.<\/p>\n\n\n\n<p>P\u00e9rez-Ochoa, M.L., A.M. Vera-Guzm\u00e1n, D.M. Mondrag\u00f3n-Chaparro, S. Sandoval-Torres, J.C. Carrillo-Rodr\u00edguez, and <strong>J.L. Chavez-Servia. 2022<\/strong>. Effects of growth conditions on phenolic composition and antioxidant activity in the medicinal plant <em>Ageratina petiolaris<\/em> (Asteraceae). Diversity-Basel 14(8): 595. https:\/\/doi.org\/10.3390\/d14080595.<\/p>\n\n\n\n<h3 class=\"wp-block-heading\">M\u00e1s referencias publicadas, consultar:<\/h3>\n\n\n\n<p><a href=\"https:\/\/www.researchgate.net\/profile\/Jose_Luis_Chavez-Servia\" target=\"_blank\" rel=\"noreferrer noopener\">https:\/\/www.researchgate.net\/profile\/Jose_Luis_Chavez-Servia<\/a><\/p>\n\n\n\n<p><a href=\"https:\/\/scholar.google.com\/citations?user=zo7i4y4AAAAJ&amp;hl=es\" target=\"_blank\" rel=\"noreferrer noopener\">https:\/\/scholar.google.com\/citations?user=zo7i4y4AAAAJ&amp;hl=es<\/a><\/p>\n","protected":false},"excerpt":{"rendered":"<p>Algunas publicaciones tem\u00e1ticas: Ram\u00edrez-Zea, G. y J.L. Ch\u00e1vez-Servia. 2025. Nuevas variedades de rosa (Rosa spp. L.): Voly, China Poblana, Linda Mexiquense, Margoth, Mazahua, Quetita e Itzamara. Revista Fitotecnia Mexicana 48(1):97-99. https:\/\/doi.org\/10.35196\/rfm.2025.1.97. Padilla-Cortes, E., L. Mart\u00ednez-Mart\u00ednez, P. Diego-Flores and J.L. Ch\u00e1vez-Servia. 2025. Damage and entomophagy in natural infestations of Spodoptera frugiperda (Lepidoptera: Noctuidae) in maize landraces [&hellip;]<\/p>\n","protected":false},"author":49,"featured_media":0,"parent":0,"menu_order":0,"comment_status":"closed","ping_status":"closed","template":"","meta":{"_swt_meta_header_display":false,"_swt_meta_footer_display":false,"_swt_meta_site_title_display":false,"_swt_meta_sticky_header":false,"_swt_meta_transparent_header":false,"footnotes":""},"class_list":["post-5","page","type-page","status-publish","hentry"],"_links":{"self":[{"href":"https:\/\/web.ciidiroaxaca.ipn.mx\/jchavezs\/wp-json\/wp\/v2\/pages\/5","targetHints":{"allow":["GET"]}}],"collection":[{"href":"https:\/\/web.ciidiroaxaca.ipn.mx\/jchavezs\/wp-json\/wp\/v2\/pages"}],"about":[{"href":"https:\/\/web.ciidiroaxaca.ipn.mx\/jchavezs\/wp-json\/wp\/v2\/types\/page"}],"author":[{"embeddable":true,"href":"https:\/\/web.ciidiroaxaca.ipn.mx\/jchavezs\/wp-json\/wp\/v2\/users\/49"}],"replies":[{"embeddable":true,"href":"https:\/\/web.ciidiroaxaca.ipn.mx\/jchavezs\/wp-json\/wp\/v2\/comments?post=5"}],"version-history":[{"count":4,"href":"https:\/\/web.ciidiroaxaca.ipn.mx\/jchavezs\/wp-json\/wp\/v2\/pages\/5\/revisions"}],"predecessor-version":[{"id":47,"href":"https:\/\/web.ciidiroaxaca.ipn.mx\/jchavezs\/wp-json\/wp\/v2\/pages\/5\/revisions\/47"}],"wp:attachment":[{"href":"https:\/\/web.ciidiroaxaca.ipn.mx\/jchavezs\/wp-json\/wp\/v2\/media?parent=5"}],"curies":[{"name":"wp","href":"https:\/\/api.w.org\/{rel}","templated":true}]}}