{"id":4,"date":"2011-11-09T17:17:31","date_gmt":"2011-11-09T17:17:31","guid":{"rendered":"https:\/\/web.ciidiroaxaca.ipn.mx\/jchavezs\/dr-jose-luis-chavez-servia\/"},"modified":"2025-10-21T13:14:49","modified_gmt":"2025-10-21T19:14:49","slug":"dr-jose-luis-chavez-servia","status":"publish","type":"page","link":"https:\/\/web.ciidiroaxaca.ipn.mx\/jchavezs\/","title":{"rendered":"Dr. Jos\u00e9 Luis Ch\u00e1vez Servia"},"content":{"rendered":"\n<p class=\"has-text-align-center\"><strong>L\u00edneas\/\u00e1reas de investigaci\u00f3n:<\/strong> Rescate, Conservaci\u00f3n y Aprovechamiento de Recursos Fitogen\u00e9ticos, Recursos Gen\u00e9ticos Subvalorados y Subutilizados, Sistemas Locales de Semillas, Sistemas Socio-alimentarios, Comunidades Ind\u00edgenas y Cultura Alimentaria.<\/p>\n\n\n\n<p class=\"has-text-align-center\">E-mail: jchavezs@ipn.mx &nbsp;&nbsp;&nbsp;&nbsp;&nbsp;&nbsp;&nbsp;&nbsp;&nbsp;&nbsp;&nbsp;&nbsp;Ext. IPN: 82746<\/p>\n","protected":false},"excerpt":{"rendered":"<p>L\u00edneas\/\u00e1reas de investigaci\u00f3n: Rescate, Conservaci\u00f3n y Aprovechamiento de Recursos Fitogen\u00e9ticos, Recursos Gen\u00e9ticos Subvalorados y Subutilizados, Sistemas Locales de Semillas, Sistemas Socio-alimentarios, Comunidades Ind\u00edgenas y Cultura Alimentaria. E-mail: jchavezs@ipn.mx &nbsp;&nbsp;&nbsp;&nbsp;&nbsp;&nbsp;&nbsp;&nbsp;&nbsp;&nbsp;&nbsp;&nbsp;Ext. IPN: 82746<\/p>\n","protected":false},"author":49,"featured_media":0,"parent":0,"menu_order":0,"comment_status":"closed","ping_status":"closed","template":"","meta":{"_swt_meta_header_display":false,"_swt_meta_footer_display":false,"_swt_meta_site_title_display":false,"_swt_meta_sticky_header":false,"_swt_meta_transparent_header":false,"footnotes":""},"class_list":["post-4","page","type-page","status-publish","hentry"],"_links":{"self":[{"href":"https:\/\/web.ciidiroaxaca.ipn.mx\/jchavezs\/wp-json\/wp\/v2\/pages\/4","targetHints":{"allow":["GET"]}}],"collection":[{"href":"https:\/\/web.ciidiroaxaca.ipn.mx\/jchavezs\/wp-json\/wp\/v2\/pages"}],"about":[{"href":"https:\/\/web.ciidiroaxaca.ipn.mx\/jchavezs\/wp-json\/wp\/v2\/types\/page"}],"author":[{"embeddable":true,"href":"https:\/\/web.ciidiroaxaca.ipn.mx\/jchavezs\/wp-json\/wp\/v2\/users\/49"}],"replies":[{"embeddable":true,"href":"https:\/\/web.ciidiroaxaca.ipn.mx\/jchavezs\/wp-json\/wp\/v2\/comments?post=4"}],"version-history":[{"count":3,"href":"https:\/\/web.ciidiroaxaca.ipn.mx\/jchavezs\/wp-json\/wp\/v2\/pages\/4\/revisions"}],"predecessor-version":[{"id":48,"href":"https:\/\/web.ciidiroaxaca.ipn.mx\/jchavezs\/wp-json\/wp\/v2\/pages\/4\/revisions\/48"}],"wp:attachment":[{"href":"https:\/\/web.ciidiroaxaca.ipn.mx\/jchavezs\/wp-json\/wp\/v2\/media?parent=4"}],"curies":[{"name":"wp","href":"https:\/\/api.w.org\/{rel}","templated":true}]}}