{"id":9,"date":"2012-08-17T19:54:45","date_gmt":"2012-08-17T19:54:45","guid":{"rendered":"https:\/\/web.ciidiroaxaca.ipn.mx\/jcaballerom\/actividades-academicas\/"},"modified":"2025-11-30T16:31:48","modified_gmt":"2025-11-30T22:31:48","slug":"actividades-academicas","status":"publish","type":"page","link":"https:\/\/web.ciidiroaxaca.ipn.mx\/jcaballerom\/actividades-academicas\/","title":{"rendered":"Actividades acad\u00e9micas"},"content":{"rendered":"\n<ul class=\"wp-block-list\">\n<li>Miembro de la Academia de Dise\u00f1o y Construcci\u00f3n Sostenible y de la Academia de la Maestr\u00eda en Gesti\u00f3n de Proyectos para el Desarrollo Solidario del Instituto Polit\u00e9cnico Nacional. CIIDIR-Oaxaca.&nbsp;<\/li>\n<\/ul>\n\n\n\n<ul class=\"wp-block-list\">\n<li><strong>Docencia<\/strong>\n<ul class=\"wp-block-list\">\n<li>Profesor Colegiado de la Maestr\u00eda Gesti\u00f3n de Proyectos para el Desarrollo Solidario del CIIDIR IPN Oaxaca. Profesor Titular de las Unidades de aprendizaje; Sustentabilidad en la Edificaci\u00f3n, Vivienda y Habitabilidad y asistente de las UA Dise\u00f1o de ejecuci\u00f3n &nbsp;y Proyectos de Dise\u00f1o Integrado.<\/li>\n<\/ul>\n<\/li>\n<\/ul>\n\n\n\n<ul class=\"wp-block-list\">\n<li><strong>Ponente en Congresos Nacionales e Internacionales<\/strong><\/li>\n\n\n\n<li>\n<ul class=\"wp-block-list\">\n<li>D\u00edaz, G.J., Alav\u00e9z, R. y Caballero, M. (2025). Caracterizaci\u00f3n clim\u00e1tica de Zapotengo, Oaxaca, M\u00e9xico para el dise\u00f1o de infraestructura sustentable para ecoturismo. Semana de divulgaci\u00f3n Ambiental \u00abInGenia; Un h\u00e1bitat del conocimento\u00bb Unidad Profesional Interdisciplinaria de Ingenier\u00eda campus Zacatecas. 29 septiembre-3 octubre.<\/li>\n\n\n\n<li>P\u00e9rez, Z.E., Caballero, J.L. y Alav\u00e9z, R. (2025). Estudio de percepci\u00f3n y apropiaci\u00f3n de sanitario sustentable alternativo para espacios p\u00fablicos. 2o Congreso  Interpolit\u00e9cnico de Investigaci\u00f3n para alumnos de Posgrado. Cd. de M\u00e9xico. 22-26 de septiembre.<\/li>\n\n\n\n<li>D\u00edaz, G.J., Alav\u00e9z, R., Caballero, J.L. y Rasilla, M. (2025). Caracterizaci\u00f3n clim\u00e1tica de Zapotengo, Oaxaca, M\u00e9xico para el dise\u00f1o de infraestructura sustentable para ecoturismo.&nbsp; 1er Congreso Internacional Sostenibilidad y Cambio Clim\u00e1tico (CONCLIMA). Modalidad virtual. 10-11 julio.<\/li>\n\n\n\n<li>D\u00edaz, G.J. Caballero, J.L., y Alav\u00e9z, R. Caballero, J.L. y Rasilla, M. (2025). Diagn\u00f3stico territorial para la planificaci\u00f3n de infraestructura ecotur\u00edstica sostenible en la costa del pac\u00edfico mexicano.&nbsp; 1er Congreso Internacional Sostenibilidad y Cambio Clim\u00e1tico (CONCLIMA). Modalidad virtual. 10-11 julio.<\/li>\n\n\n\n<li>D\u00edaz, G.J. Rasilla, M., Caballero, J.L., y Alav\u00e9z, R. (2025). \u00a1Que el coco no te asuste\u00a1 Aprovecha sus propiedades: Propuesta de intervenci\u00f3n educativa para el reaprovechamiento del residuo de coco.&nbsp; 1er Congreso Internacional Sostenibilidad y Cambio Clim\u00e1tico (CONCLIMA). Modalidad virtual. 10-11 julio.<\/li>\n\n\n\n<li>Rasilla, M., Caballero, J.L., y Alav\u00e9z, R. (2025). Intervenciones educativas como estrategia para la apropiaci\u00f3n de proyectos para el desarrollo de comunidades marginadas.&nbsp;V Congreso Internacional de formaci\u00f3n permanente sobre Innovaci\u00f3n en la docencia e investigaci\u00f3n de las Ciencias Sociales, Jur\u00eddicas y Humanidades (INNNDOC). Modalidad virtual. 5-6 junio.<\/li>\n\n\n\n<li>Caballero, J.L.,  Alav\u00e9z, R., y Rasilla M. (2025). Neuroarquietctura para el aprendizaje: dise\u00f1o participativo de espacios escolares que potencien el bienestar y la cognici\u00f3n de estudiantes del nivel b\u00e1sico.&nbsp;V Congreso Internacional de formaci\u00f3n permanente sobre Innovaci\u00f3n en la docencia e investigaci\u00f3n de las Ciencias Sociales, Jur\u00eddicas y Humanidades (INNNDOC). Modalidad virtual. 5-6 junio.<\/li>\n\n\n\n<li>Alav\u00e9z, R., Caballero, J.L., y Rasilla, M., (2025). Formaci\u00f3n de competencias para la sostenibilidad mediante el Aprendizaje Basado en Proyectos en estudiantes de posgrado: una experiencia desde la arquitectura bioclim\u00e1tica.&nbsp;V Congreso Internacional de formaci\u00f3n permanente sobre Innovaci\u00f3n en la docencia e investigaci\u00f3n de las Ciencias Sociales, Jur\u00eddicas y Humanidades (INNNDOC). Modalidad virtual. 5-6 junio.<\/li>\n\n\n\n<li>Rodr\u00edguez, M.S. Caballero, J.L., Rasilla, M., Alav\u00e9z, R. (2024). Acciones educativas para el desarrollo sostenible; taller de sensibilizaci\u00f3n para la construcci\u00f3n de huertos escolares.&nbsp;IV Congreso Internacional de formaci\u00f3n permanente sobre Innovaci\u00f3n en la docencia e investigaci\u00f3n de las Ciencias Sociales, Jur\u00eddicas y Humanidades (INNNDOC). Modalidad virtual. 27 y 28 junio.<\/li>\n\n\n\n<li>Caballero, J.L., Rodr\u00edguez, M.S., Rasilla, M. y Alav\u00e9z, R. (2024). Co-dise\u00f1o de un espacio de usos m\u00faltiples en una escuela multigrado bajo el modelo de aula del futuro.&nbsp;IV Congreso Internacional de formaci\u00f3n permanente sobre Innovaci\u00f3n en la docencia e investigaci\u00f3n de las Ciencias Sociales, Jur\u00eddicas y Humanidades (INNNDOC). Modalidad virtual. 27 y 28 junio.<\/li>\n\n\n\n<li>Caballero, J.L., Rodr\u00edguez, M.S., Rasilla, M. y Alav\u00e9z, R. (2024). Herramientas tecnol\u00f3gicas en el proceso de dise\u00f1o de espacios educativos sostenibles. IV Congreso Internacional de formaci\u00f3n permanente sobre Innovaci\u00f3n en la docencia e investigaci\u00f3n de las Ciencias Sociales, Jur\u00eddicas y Humanidades (INNNDOC). Modalidad virtual. 27 y 28 junio.<\/li>\n\n\n\n<li>D\u00edaz, G.J., Caballero, J.L., y Alav\u00e9z, R. (2024). Metodolog\u00eda para el dise\u00f1o de infraestructura sustentable mediante energ\u00edas renovables y ecoturismo para Zapotengo, Pochutla, Oaxaca. XVII Jornadas Polit\u00e9cnicas. CIIDIR IPN Oaxaca. 12y 13 de noviembre.<\/li>\n\n\n\n<li>Caballero, J.L., Alav\u00e9z, R., y Rasilla, M. (2023). Intervenci\u00f3n solidaria de estudiantes de posgrado en zonas afectadas por eventos naturales mediante el dise\u00f1o de viviendas sostenibles. IV Congreso Internacional de formaci\u00f3n permanente Nodos del conocimiento. Innovaci\u00f3n, investigaci\u00f3n y transferencias ante la era de las Inteligencias Artificiales. modalidad virtual 23 y 24 noviembre.<\/li>\n\n\n\n<li>Gutierrez, L., Caballero, J.L.,  y Rasilla, M. (2023). Metodolog\u00eda de innovaci\u00f3n social para mejorar la habitabilidad de la infraestructura donde se elaboran artesan\u00edas en comunidad de Oaxaca, M\u00e9xico. IV Congreso Internacional de formaci\u00f3n permanente Nodos del conocimiento. Innovaci\u00f3n, investigaci\u00f3n y transferencias ante la era de las Inteligencias Artificiales. Modalidad virtual 23 y 24 noviembre.<\/li>\n\n\n\n<li>Rodr\u00edguez, M.S., Caballero, J.L., Alav\u00e9z, R., y Rasilla, M. (2023). Implementaci\u00f3n de acciones educativas para el desarrollo sostenible; intervenci\u00f3n educativa para el dise\u00f1o de huertos escolares en escuelas en condiciones vulnerables. IV Congreso Internacional de formaci\u00f3n permanente Nodos del conocimiento. Innovaci\u00f3n, investigaci\u00f3n y transferencias ante la era de las Inteligencias Artificiales. modalidad virtual 23 y 24 noviembre.<\/li>\n\n\n\n<li>Aguilar, G., Caballero, J.L., y Alav\u00e9z, R.(2023).Evaluaci\u00f3n de la sustentabilidad en el modelo de vivienda \u00abGuenda Racane\u00e9 Sa\u00e1\u00bb. Foro PIFI 2023. Modalidad virtual 18 y19 de octubre.<\/li>\n\n\n\n<li>Aguilar, G., Caballero, J.L., y Alav\u00e9z, R. (2022). Dise\u00f1o y construcci\u00f3n de la vivienda \u00abGuenda Racane Saa\u00bb implementando el enfoque de producci\u00f3n social del h\u00e1bitat.&nbsp; XVII Foro PIFI 2022. Modalidad virtual. 17-20 octubre.<\/li>\n\n\n\n<li>Aguilar, G., Caballero, J.L., y Alav\u00e9z, R. (2022). Estrategias de Dise\u00f1o Bioclim\u00e1tico para viviendas en zonas afectadas por eventos naturales.&nbsp; Ier Congreso Internacional en Gesti\u00f3n, Educaci\u00f3n e Innovaci\u00f3n. Modalidad virtual. 17-18 noviembre.<\/li>\n\n\n\n<li>Rasilla, M., Ju\u00e1rez, L.A., Caballero, J.L. (2022). La formaci\u00f3n cient\u00edfica en espacios no escolarizados para comunidades marginadas. XI Congreso Iberoamericano de Educaci\u00f3n Cient\u00edfica CIEDUC. Antigua, Guatemala, 28 de noviembre al 1 de diciembre.<\/li>\n\n\n\n<li>Caballero, J.L., L\u00f3pez, A.N., y Alav\u00e9z, R. (2022). Las pol\u00edticas educativas para mejorar la infraestructura escolar en M\u00e9xico; propuesta de modelo de escuela sostenible para comunidades marginadas. Ier Congreso Internacional de Innovaci\u00f3n Docente, Educaci\u00f3n y Transferencia de Conocimiento. Modalidad Virtual plataforma ciineco.org. 7 y 8 julio.<\/li>\n\n\n\n<li>Caballero, J.L., L\u00f3pez, A.N., y Alav\u00e9z, R. (2022). La desigualdad de la educaci\u00f3n a distancia en estudiantes de nivel b\u00e1sico en M\u00e9xico ante la pandemia del COVID-19. Ier Congreso Internacional de Innovaci\u00f3n Docente, Educaci\u00f3n y Transferencia de Conocimiento. Modalidad Virtual plataforma ciineco.org. 7 y 8 julio<\/li>\n\n\n\n<li>L\u00f3pez, A.N., Caballero, J.L., y Alav\u00e9z, R. (2022). Desarrollo de competencias digitales en estudiantes de nivel superior con la plataforma Microsoft teams para el aprendizaje de la arquitectura sustentable. Ier Congreso Internacional de Innovaci\u00f3n Docente, Educaci\u00f3n y Transferencia de Conocimiento. Modalidad Virtual plataforma ciineco.org. 7 y 8 julio<\/li>\n\n\n\n<li>Coralli, F., Alav\u00e9z, R., Caballero, J.L., y Ortiz, M. (2022). Dise\u00f1o y caracterizaci\u00f3n t\u00e9rmica de un componente constructivo para techo con materiales naturales y reciclados. XV Jornadas Polit\u00e9cnicas (Acceso Universal al Conocimiento y Retribuci\u00f3n Social para la Atenci\u00f3n de los Programas Nacionales Estrat\u00e9gicos de la Rep\u00fablica Mexicana). Oaxaca, M\u00e9xico: CIIDIR IPN Oaxaca. 30 y 31 de agosto.<\/li>\n\n\n\n<li>Aguilar, G., Caballero, J.L., y Alav\u00e9z, R. (2022). Desempe\u00f1o t\u00e9rmico de un componente constructivo para un sistema de losa h\u00edbrido en vivienda. XV Jornadas Polit\u00e9cnicas (Acceso Universal al Conocimiento y Retribuci\u00f3n Social para la Atenci\u00f3n de los Programas Nacionales Estrat\u00e9gicos de la Rep\u00fablica Mexicana). Oaxaca, M\u00e9xico: CIIDIR IPN Oaxaca. 30 y 31 de agosto.<\/li>\n\n\n\n<li>S\u00e1nchez, S., Rasilla, M., y Caballero, J.L. (2022). Planeaci\u00f3n de modelo de movilidad activa en Villa de Zaachila con enfoque de acupuntura urbana. XV Jornadas Polit\u00e9cnicas (Acceso Universal al Conocimiento y Retribuci\u00f3n Social para la Atenci\u00f3n de los Programas Nacionales Estrat\u00e9gicos de la Rep\u00fablica Mexicana). Oaxaca, M\u00e9xico: CIIDIR IPN Oaxaca. 30 y 31 de agosto.<\/li>\n\n\n\n<li>Hern\u00e1ndez, J., Caballero, J.L. (2022). Propuesta de Ecotecnias apropiadas para la gesti\u00f3n sostenible de recursos en la vivienda. XV Jornadas Polit\u00e9cnicas (Acceso Universal al Conocimiento y Retribuci\u00f3n Social para la Atenci\u00f3n de los Programas Nacionales Estrat\u00e9gicos de la Rep\u00fablica Mexicana). Oaxaca, M\u00e9xico: CIIDIR IPN Oaxaca. 30 y 31 de agosto<\/li>\n\n\n\n<li>Aguilar, G., Caballero, J.L. Alav\u00e9z, R. (2022). Producci\u00f3n Social de H\u00e1bitat como estrategia solidaria para la construcci\u00f3n de viviendas en el Istmo de Oaxaca. IV Congreso Internacional de Investigaci\u00f3n Academia Journals Oaxaca 2022. Universidad Aut\u00f3noma Benito Ju\u00e1rez de Oaxaca. 15-17 junio.<\/li>\n\n\n\n<li>Parma, G.A., Alav\u00e9z, R. y Caballero, J.L (2022). An\u00e1lisis del impacto ambiental de los materiales de un sistema de t\u00e9cnica mixta de construcci\u00f3n. XX Seminario Iberoamericano de Arquitectura y Construcci\u00f3n con tierra (SIACOT). Trinidad, Cuba.<\/li>\n\n\n\n<li>Mart\u00ednez, E.D., Espinoza, C. y Caballero, J.L. (2021). Arranque y estabilizaci\u00f3n del RHU como tecnolog\u00eda alternativa para el saneamiento de aguas residuales. XIV Jornadas Polit\u00e9cnicas (Entornos virtuales para la circulaci\u00f3n del conocimiento cient\u00edfico y tecnol\u00f3gico con enfoque 4.0). Oaxaca, M\u00e9xico: CIIDIR IPN Oaxaca.<\/li>\n\n\n\n<li>S\u00e1nchez, S., Rasilla, M. y Caballero, J.L. (2021). Formaci\u00f3n de competencias en estudiantes de Posgrado enfoque 4.0 para desarrollar modelo de movilidad activa. XIV Jornadas Polit\u00e9cnicas (Entornos virtuales para la circulaci\u00f3n del conocimiento cient\u00edfico y tecnol\u00f3gico con enfoque 4.0). Oaxaca, M\u00e9xico: CIIDIR IPN Oaxaca.<\/li>\n\n\n\n<li>Salazar, J., Alav\u00e9z, R. y Caballero, J.L. (2021). Dise\u00f1o sostenible de aulas en escuelas con condiciones precarias mediante software especializado en an\u00e1lisis bioclim\u00e1tico. XIV Jornadas Polit\u00e9cnicas (Entornos virtuales para la circulaci\u00f3n del conocimiento cient\u00edfico y tecnol\u00f3gico con enfoque 4.0). Oaxaca, M\u00e9xico: CIIDIR IPN Oaxaca.<\/li>\n\n\n\n<li>R\u00edos, F., Caballero, J.L. y Alav\u00e9z, R. (2021). Diagn\u00f3stico de la vivienda de remesas en San Pablo Tijaltepec, Oaxaca con m\u00e9todos etnogr\u00e1ficos. XIV Jornadas Polit\u00e9cnicas (Entornos virtuales para la circulaci\u00f3n del conocimiento cient\u00edfico y tecnol\u00f3gico con enfoque 4.0). Oaxaca, M\u00e9xico: CIIDIR IPN Oaxaca.<\/li>\n\n\n\n<li>Parma, G.A., Alav\u00e9z, R. y Caballero, J.L. y (2021). An\u00e1lisis del impacto ambiental de los materiales de vivienda de emergencia con sistemas de construcci\u00f3n h\u00edbrido. <em>XIV Jornadas Polit\u00e9cnicas (Entornos virtuales para la circulaci\u00f3n del conocimiento cient\u00edfico y tecnol\u00f3gico con enfoque 4.0<\/em>). Oaxaca, M\u00e9xico: CIIDIR IPN Oaxaca.<\/li>\n\n\n\n<li>S\u00e1nchez, S., Rasilla, M. y Caballero, J.L. (2021).\u201dBicinos. Fomento de la movilidad activa comunitaria y solidaria mediante el recorrido de murales en bicicleta en Santa Mar\u00eda Zaachila\u201d. <em>Conferencia LASERA 2021.<\/em> Manaos, Brasil: Asociaci\u00f3n Latinoamericana de Investigaci\u00f3n en Educaci\u00f3n en Ciencias.<\/li>\n\n\n\n<li>R\u00edos, F.G., Rasilla, M. y Caballero, J.L. (2021). Dise\u00f1o de intervenci\u00f3n educativa para el mejoramiento de la habitabilidad de viviendas construidas por migrantes en Oaxaca, M\u00e9xico. <em>Conferencia LASERA 2021.<\/em> Manaos, Brasil: Asociaci\u00f3n Latinoamericana de Investigaci\u00f3n en Educaci\u00f3n en Ciencias.<\/li>\n\n\n\n<li>Vera, J.D., Caballero, J.L. y Ju\u00e1rez, L.A. (2021). Intervenci\u00f3n sostenible en viviendas afectadas por sismos en el Istmo de Tehuantepec, Oaxaca. <em>9\u00ba Congreso Internacional Virtual de Innovaci\u00f3n, Tecnolog\u00eda y Educaci\u00f3n \u201cCIVITEC 2021<\/em>. Tijuana, Baja Cal. M\u00e9xico: Asociaci\u00f3n internacional de Investigaci\u00f3n en Educaci\u00f3n Superior A.C.<\/li>\n\n\n\n<li>R\u00edos, F.G., Caballero, J.L. y Alav\u00e9z, R. (2021). Caracterizaci\u00f3n t\u00e9rmica de la vivienda tradicional mixteca con el uso de herramientas tecnol\u00f3gicas. <em>9\u00ba Congreso Internacional Virtual de Innovaci\u00f3n, Tecnolog\u00eda y Educaci\u00f3n \u201cCIVITEC 2021<\/em>. Tijuana, Baja Cal. M\u00e9xico: Asociaci\u00f3n internacional de Investigaci\u00f3n en Educaci\u00f3n Superior A.C.<\/li>\n\n\n\n<li>S\u00e1nchez, S., Rasilla, M. y Caballero, J.L.&nbsp; (2021). Plan de apropiaci\u00f3n del espacio p\u00fablico de Zaachila, Oaxaca a trav\u00e9s de la movilidad activa. <em>9\u00ba Congreso Internacional Virtual de Innovaci\u00f3n, Tecnolog\u00eda y Educaci\u00f3n \u201cCIVITEC 2021<\/em>. Tijuana, Baja California, M\u00e9xico: Asociaci\u00f3n internacional de Investigaci\u00f3n en Educaci\u00f3n Superior A.C.<\/li>\n\n\n\n<li>R\u00edos, F.G., Caballero, J.L. y Alav\u00e9z, R. (2021). La Etnograf\u00eda para el diagn\u00f3stico de la vivienda construida con fondos de remesas. Una experiencia entre el trabajo de campo y el virtual. <em>I Congreso internacional de Innovaci\u00f3n en la docencia e investigaci\u00f3n de las Ciencias Sociales y Jur\u00eddicas. El impacto de la investigaci\u00f3n en el aul<\/em>a. INNDOC.<\/li>\n\n\n\n<li>Caballero, J.L., R\u00edos, F.G. y Alav\u00e9z, R. (2021). El aprendizaje situado como metodolog\u00eda pedag\u00f3gica para la formaci\u00f3n de competencias en estudiantes de nivel posgrado en proyectos solidarios.&nbsp; <em>I Congreso internacional de Innovaci\u00f3n en la docencia e investigaci\u00f3n de las Ciencias Sociales y Jur\u00eddicas. El impacto de la investigaci\u00f3n en el aul<\/em>a.&nbsp; INNDOC.<\/li>\n\n\n\n<li>Salazar, J.D., Alav\u00e9z, R. y Caballero, J.L. (2021). Escuela sostenible que incida en los ambientes de aprendizaje en comunidades con infraestructura f\u00edsica educativa en condiciones precarias de Oaxaca, M\u00e9xico. <em>I Congreso internacional de Innovaci\u00f3n en la docencia e investigaci\u00f3n de las Ciencias Sociales y Jur\u00eddicas. El impacto de la investigaci\u00f3n en el aul<\/em>a.&nbsp; INNDOC.<\/li>\n\n\n\n<li>Parma, G.A., Alav\u00e9z, R. y Caballero, J.L. y (2020). Propuesta bioclim\u00e1tica para el confort t\u00e9rmico de vivienda en el Istmo de Tehuantepec, Oaxaca. <em>XIII Jornadas Polit\u00e9cnicas<\/em>. Oaxaca, M\u00e9xico: CIIDIR IPN Oaxaca.<\/li>\n\n\n\n<li>Vera, J.D., Alav\u00e9z, R. y Caballero, J.L. y (2020). Vivienda tradicional \u201cYoo Gulaaza\u201d para familias afectadas por los sismos en el Istmo de Tehuantepec, Oaxaca. <em>XIII Jornadas Polit\u00e9cnicas<\/em>. Oaxaca, M\u00e9xico: CIIDIR IPN Oaxaca.<\/li>\n\n\n\n<li>Parma, G.A., Alav\u00e9z, R. y Caballero, J.L. (2020). Dise\u00f1o de vivienda de emergencia sustentable para zonas afectadas por los sismos en el Istmo de Tehuantepec, Oaxaca. <em>3er Congreso Internacional sobre Sustentabilidad en los H\u00e1bitats<\/em>. Tlaquepaque, Jalisco, M\u00e9xico. ITESO.<\/li>\n\n\n\n<li>Vera, J.D., Caballero, J.L. y Ju\u00e1rez, L.A. (2020). Intervenci\u00f3n sostenible en comunidades del Istmo de Tehuantepec afectadas por sismos mediante talleres de capacitaci\u00f3n en ecotecnias.<em> 3er Congreso Internacional sobre Sustentabilidad en los H\u00e1bitats<\/em>. Tlaquepaque, Jalisco, M\u00e9xico. ITESO.<\/li>\n\n\n\n<li>Vera, J.D. Caballero, J.L., Ju\u00e1rez, L.A. y L\u00f3pez, A.N. (2020). Valores solidarios en el dise\u00f1o de la vivienda tradicional para familias afectadas por sismos con enfoque de reconstrucci\u00f3n integral y social del H\u00e1bitat da\u00f1ado por sismos. III Encuentro Internacional en Econom\u00eda Solidaria e Innovaci\u00f3n Social: Conexi\u00f3n Generacional, Bogota, Colombia: INDESCO.<\/li>\n\n\n\n<li>Vera, J.D., Rasilla, M. y Caballero, J.L. (2020). El taller como estrategia educativa para la apropiaci\u00f3n del uso de materiales tradicionales en viviendas afectadas por desastres naturales. <em>Conferencia LASERA 2020<\/em>. Antigua, Guatemala: Asociaci\u00f3n Latinoamericana de Investigaci\u00f3n en Educaci\u00f3n en Ciencias.<\/li>\n\n\n\n<li>Reyes, S.M., Ladr\u00f3n de Guevara, M.A., Rasilla, M.&nbsp; y Caballero, J.L. (2020). Intervenci\u00f3n educativa para fortalecer la cultura ambiental en la gesti\u00f3n de los recursos h\u00eddricos para los habitantes de San Andr\u00e9s Ixtlahuaca, Oaxaca. <em>Conferencia LASERA 2020<\/em>. Antigua, Guatemala: Asociaci\u00f3n Latinoamericana de Investigaci\u00f3n en Educaci\u00f3n en Ciencias.<\/li>\n\n\n\n<li>Rasilla, M., Ju\u00e1rez, L., Caballero, J.L. y Ladr\u00f3n de Guevara M. (2020). El perfil docente adecuado para cada propuesta educativa. <em>Conferencia LASERA 2020<\/em>. Antigua, Guatemala: Asociaci\u00f3n Latinoamericana de Investigaci\u00f3n en Educaci\u00f3n en Ciencias.<\/li>\n\n\n\n<li>Vera, J.D. y Caballero, J.L. (2019). Metodolog\u00eda para intervenci\u00f3n sostenible en viviendas afectadas por sismos en el Istmo de Tehuantepec, Oaxaca. XII Jornadas Polit\u00e9cnicas en Ciencia y Tecnolog\u00eda 2019. Oaxaca, M\u00e9xico: CIIDIR IPN Oaxaca.<\/li>\n\n\n\n<li>Vera Castillo, Juan, Margarita Rasilla y J.L. Caballero, 2019.&nbsp; Estrategia educativa para el uso y aprovechamiento del carrizo en viviendas afectadas por sismos en el Istmo de Tehuantepec, Oaxaca. Conferencia LASERA 2019. Guanajuato, Gto. M\u00e9xico.<\/li>\n\n\n\n<li>Mart\u00ednez, Daniel, J.L. Caballero y Carlos Espinoza, 2018. Cultura, usos y saneamiento del agua en casos de estudio; rural y urbana en comunidades de Oaxaca. XVII Congreso Internacional y XXVIII Congreso Nacional de Ciencias Ambientales. Zacatecas, Zac, 2018.<\/li>\n\n\n\n<li>Castillo, Horacio, <strong>J.L. Caballero<\/strong> y M. Rasilla, 2016. Percepci\u00f3n de la cultura ambiental y valores en ni\u00f1os de primaria en comunidades de Oaxaca. XV Congreso Internacional de la Academia de Ciencias Ambientales. Instituto Tecnol\u00f3gico del Valle de Oaxaca, Oax., M\u00e9xico.<\/li>\n\n\n\n<li>Castillo, Horacio, <strong>J.L. Caballero<\/strong> y L. A. Ju\u00e1rez, 2016. Taller de Ecotecnolog\u00eda para educaci\u00f3n ambiental con j\u00f3venes incentivando su participaci\u00f3n y empoderamiento. XV Congreso Internacional de la Academia de Ciencias Ambientales. Instituto Tecnol\u00f3gico del Valle de Oaxaca, Oax., M\u00e9xico.<\/li>\n<\/ul>\n<\/li>\n<\/ul>\n","protected":false},"excerpt":{"rendered":"","protected":false},"author":63,"featured_media":0,"parent":0,"menu_order":0,"comment_status":"closed","ping_status":"closed","template":"","meta":{"_swt_meta_header_display":false,"_swt_meta_footer_display":false,"_swt_meta_site_title_display":false,"_swt_meta_sticky_header":false,"_swt_meta_transparent_header":false,"footnotes":""},"class_list":["post-9","page","type-page","status-publish","hentry"],"_links":{"self":[{"href":"https:\/\/web.ciidiroaxaca.ipn.mx\/jcaballerom\/wp-json\/wp\/v2\/pages\/9","targetHints":{"allow":["GET"]}}],"collection":[{"href":"https:\/\/web.ciidiroaxaca.ipn.mx\/jcaballerom\/wp-json\/wp\/v2\/pages"}],"about":[{"href":"https:\/\/web.ciidiroaxaca.ipn.mx\/jcaballerom\/wp-json\/wp\/v2\/types\/page"}],"author":[{"embeddable":true,"href":"https:\/\/web.ciidiroaxaca.ipn.mx\/jcaballerom\/wp-json\/wp\/v2\/users\/63"}],"replies":[{"embeddable":true,"href":"https:\/\/web.ciidiroaxaca.ipn.mx\/jcaballerom\/wp-json\/wp\/v2\/comments?post=9"}],"version-history":[{"count":5,"href":"https:\/\/web.ciidiroaxaca.ipn.mx\/jcaballerom\/wp-json\/wp\/v2\/pages\/9\/revisions"}],"predecessor-version":[{"id":61,"href":"https:\/\/web.ciidiroaxaca.ipn.mx\/jcaballerom\/wp-json\/wp\/v2\/pages\/9\/revisions\/61"}],"wp:attachment":[{"href":"https:\/\/web.ciidiroaxaca.ipn.mx\/jcaballerom\/wp-json\/wp\/v2\/media?parent=9"}],"curies":[{"name":"wp","href":"https:\/\/api.w.org\/{rel}","templated":true}]}}