{"id":8,"date":"2012-08-17T19:54:09","date_gmt":"2012-08-17T19:54:09","guid":{"rendered":"https:\/\/web.ciidiroaxaca.ipn.mx\/jcaballerom\/tesis\/"},"modified":"2025-11-30T16:19:49","modified_gmt":"2025-11-30T22:19:49","slug":"tesis","status":"publish","type":"page","link":"https:\/\/web.ciidiroaxaca.ipn.mx\/jcaballerom\/tesis\/","title":{"rendered":"Tesis"},"content":{"rendered":"\n<h2 class=\"wp-block-heading\">Tesis de Maestr\u00eda<\/h2>\n\n\n\n<p class=\"has-text-align-left\">\u00c1ngel Olaff Chi\u00f1as Olivera. Gesti\u00f3n de proyectos sustentables de energ\u00edas renovables para comunidades escolares de los Valles Centrales de Oaxaca. Maestr\u00eda en Gesti\u00f3n de Proyectos para el Desarrollo Solidario. En desarrollo<\/p>\n\n\n\n<p class=\"has-text-align-left\">Gael de Jes\u00fas D\u00edaz Romero. Energ\u00edas renovables y ecoturismo: Propuesta de infraestructura sustentable para el desarrollo solidario de Zapotengo, Pochutla, Oaxaca. Maestr\u00eda en Gesti\u00f3n de Proyectos para el Desarrollo Solidario. En desarrollo.<\/p>\n\n\n\n<p class=\"has-text-align-left\">M\u00f3nica Soledad Rodr\u00edguez Ruvalcaba. Gesti\u00f3n participativa del proyecto de una escuela telesecundaria en Ocotl\u00e1n de Morelos, Oaxaca, con enfoques sustentable, solidario y pedag\u00f3gico. Maestr\u00eda en Gesti\u00f3n de Proyectos para el Desarrollo Solidario. Julio 2024.<\/p>\n\n\n\n<p class=\"has-text-align-left\">Grecia Aguilar Herrera. Producci\u00f3n Social del H\u00e1bitat en el modelo de vivienda \u00abGuenda Racanne Sa\u00e1\u00bb en Juchit\u00e1n de Zaragoza, Oaxaca. Maestr\u00eda en Gesti\u00f3n de Proyectos para el Desarrollo Solidario. CIIDIR IPN Oaxaca. Agosto 2023<\/p>\n\n\n\n<p class=\"has-text-align-left\">Selim S\u00e1nchez Lara. Modelo Apropiado de Movilidad Activa Comunitaria Solidaria y Segura (MACSS) en un contexto semi-rural urbanizado en Santa Mar\u00eda Zaachila.&nbsp;Maestr\u00eda en Gesti\u00f3n de Proyectos para el Desarrollo Solidario. CIIDIR IPN Oaxaca. Enero 2023.&nbsp;<\/p>\n\n\n\n<p class=\"has-text-align-left\">Flor Gabriela Rios Ventura. Proyectos de dise\u00f1o sustentable para mejorar la vivienda de remesas y la conservaci\u00f3n de la vivienda tradicional de la Mixteca de Oaxaca. Maestr\u00eda en Gesti\u00f3n de Proyectos para el Desarrollo Solidario. CIIDIR IPN Oaxaca. Agosto 2022.<\/p>\n\n\n\n<p class=\"has-text-align-left\">Josu\u00e9 Daniel Salazar Ruiz. Arquitectura participativa y escolar en el proceso de dise\u00f1o de infraestructura f\u00edsica educativa de la telesecundaria de Rancho Galea, Ocotl\u00e1n, Oaxaca. Maestr\u00eda en Gesti\u00f3n de Proyectos para el Desarrollo Solidario. CIIDIR IPN Oaxaca. Enero 2022.<\/p>\n\n\n\n<p class=\"has-text-align-left\">German Alberto Parma Valenzuela. Dise\u00f1o de vivienda de emergencia para clima c\u00e1lido en el Istmo de Tehuantepec, Oaxaca. Maestr\u00eda en Gesti\u00f3n de Proyectos para el Desarrollo Solidario. CIIDIR IPN Oaxaca. Agosto 2021.<\/p>\n\n\n\n<p class=\"has-text-align-left\">Juan de Dios Vera Castillo. Intervenci\u00f3n Sostenible en Viviendas afectadas por sismos en el Istmo de Tehuantepec, Oaxaca, con enfoque de Reconstrucci\u00f3n Integral y Solidaria\u00bb. Maestr\u00eda en Gesti\u00f3n de Proyectos para el Desarrollo Solidario. CIIDIR IPN Unidad Oaxaca. Mayo 2021<\/p>\n\n\n\n<p class=\"has-text-align-left\">Jenny Andrea Cuadra S\u00e1nchez.&nbsp;Fortalecimiento de valores comunitarios en proyecto de mejoramiento de espacios de integraci\u00f3n y cohesi\u00f3n social. Grupo: \u201cCuidando la vida: manos, naturaleza, energ\u00eda y salud\u201d. Maestr\u00eda en Gesti\u00f3n de Proyectos para el Desarrollo Solidario. CIIDIR IPN Unidad Oaxaca. Enero 2020.<\/p>\n\n\n\n<p class=\"has-text-align-left\">Jes\u00fas Ren\u00e9 Jim\u00e9nez L\u00f3pez. Sistemas Sanitarios Apropiados para la Construcci\u00f3n Social de la Vivienda. Maestr\u00eda en Gesti\u00f3n de Proyectos para el Desarrollo Solidario. CIIDIR IPN Unidad Oaxaca. Julio 2019.<\/p>\n\n\n\n<p class=\"has-text-align-left\">Fredi Ramiro Loaeza V\u00e1squez. Gesti\u00f3n social del agua mediante la tecnolog\u00eda apropiada de pantalla de ferrocemento en la comunidad de Teotitl\u00e1n del Valle, Tlacolula, Oaxaca.Maestr\u00eda en Gesti\u00f3n de Proyectos para el Desarrollo Solidario. CIIDIR IPN Unidad Oaxaca. Julio 2019.<\/p>\n\n\n\n<p class=\"has-text-align-left\">Edberg Daniel Mart\u00ednez Jim\u00e9nez. Propuesta de Tecnolog\u00eda apropiada para el Saneamiento de las Aguas Residuales Unifamiliares en San Sebasti\u00e1n Etla, Oaxaca. Maestr\u00eda Gest\u00f3n de Proyectos para el Desarrollo Solidario. CIIDIR IPN Unidad Oaxaca. Julio 2018.<\/p>\n\n\n\n<p class=\"has-text-align-left\">Alberto Rafael Cort\u00e9s P\u00e9rez. Proyecto Integral de vivienda mediante autoconstrucci\u00f3n asistida para comunidades marginadas de la costa oaxaque\u00f1a. Maestr\u00eda Gest\u00f3n de Proyectos para el Desarrollo Solidario. CIIDIR IPN Unidad Oaxaca. Mayo 2016.<\/p>\n\n\n\n<p class=\"has-text-align-left\">Horacio Castillo M\u00e9rida. Implementaci\u00f3n de tecnolog\u00edas sostenibles para vivienda rural a partir del dise\u00f1o de estrategias y recursos did\u00e1cticos. Maestr\u00eda Gesti\u00f3n de Proyectos para el Desarrollo Solidario. CIIDIR IPN Unidad Oaxaca. Julio, 2016<\/p>\n\n\n\n<p class=\"has-text-align-left\">&nbsp;Leonardo J. Rodr\u00edguez Gonz\u00e1lez. Dise\u00f1o de infraestructura educativa con enfoques participativo y sustentable para supervisores de la zona escolar de Miahuatl\u00e1n, Oaxaca. Mestr\u00eda en Gesti\u00f3n de Proyectos para el Desarrollo Solidario CIIDIR IPN Unidad Oaxaca. Mayo 2016.<\/p>\n\n\n\n<p class=\"has-text-align-left\">Salvatore D\u00e1uria. Participaci\u00f3n y Dise\u00f1o Bioclim\u00e1tico para la elaboraci\u00f3n de proyectos arquitect\u00f3nicos en contextos rurales. Maestr\u00eda en Gesti\u00f3n de Proyectos para el Desarrollo Solidario. Junio 2015.<\/p>\n\n\n\n<h2 class=\"wp-block-heading\">Tesis de Licenciatura<\/h2>\n\n\n\n<p>\u00c1ngel de Jes\u00fas Vargas Ram\u00edrez. Propuesta de Ecotecnias para la gesti\u00f3n de recursos b\u00e1sicos en viviendas de Oaxaca. Instituto Tecnol\u00f3gico del Valle de Etla. En desarrollo<\/p>\n\n\n\n<p>Emilio Ram\u00edrez Ram\u00edrez. Proyecto de Ba\u00f1os Ecol\u00f3gicos para el mejoramiento de la vivienda en zonas conurbadas a la ciudad de Oaxaca de Ju\u00e1rez. Instituto Tecnol\u00f3gico del Valle de Etla. Titulaci\u00f3n Integral . Mayo 2019.<\/p>\n\n\n\n<p>Aideth Santos Silva y Silvino Ubaldo Ju\u00e1rez Olivera. Instituto Cultural Huaxyacac en la Zona Metropolitana de la Cd. de Oaxaca de Ju\u00e1rez. Facultad de Arquitectura \u00ab5 de Mayo\u00bb UABJO. Abril 2013.<\/p>\n\n\n\n<p>Manuel A. Chav\u00e9z Hern\u00e1ndez &nbsp;y Rub\u00e9n Isaac Rojas Reyes. Propuesta alternativa de vivienda con tecnolog\u00eda constructiva de materiales reciclados para la colonia Lomas de San Jacinto. Facultad de Arquitectura \u00ab5 de Mayo\u00bb UABJO. Julio 2009.<\/p>\n\n\n\n<p>Yadira Ju\u00e1rez Mart\u00ednez. Universidad Pedag\u00f3gica Nacional con subsede en Huautla de Jimen\u00e9z, Oaxaca. Facultad de Arquitectura C.U. UABJO. Octubre 2008.<\/p>\n\n\n\n<p>Silbia Santos Garc\u00eda. Casa de la Cultura para el Municipio de San Juan Quiahije, Juquila, Oaxaca. Facultad de Arquitectura C.U. UABJO. Junio 2008.<\/p>\n\n\n\n<p>Sonia Cruz Luna y Adri\u00e1n G\u00f3mez Cruz. Dise\u00f1o del Edificio de Posgrado para el Centro Interdisciplinario de Investigaci\u00f3n para el Desarrollo Integral Regional (CIIDIR IPN-Unidad Oaxaca). Abril 2005.<\/p>\n\n\n\n<p>Elias Benjam\u00edn \u00c1vila Le\u00f3n. Alternativa constructiva empleando estructura met\u00e1lica y ferrocemento para la construcci\u00f3n de viviendas de inter\u00e9s social en el Municipio de Oaxaca de Ju\u00e1rez. Febrero 2004.<\/p>\n\n\n\n<p>Flor de Belem S\u00e1nchez M\u00e9ndez y V\u00e1squez Zavaleta Aristides. Escuela Superior de Artes Pl\u00e1sticas. Facultad de Arquitectura C.U. Diciembre del 2003.<\/p>\n","protected":false},"excerpt":{"rendered":"<p>Tesis de Maestr\u00eda \u00c1ngel Olaff Chi\u00f1as Olivera. Gesti\u00f3n de proyectos sustentables de energ\u00edas renovables para comunidades escolares de los Valles Centrales de Oaxaca. Maestr\u00eda en Gesti\u00f3n de Proyectos para el Desarrollo Solidario. En desarrollo Gael de Jes\u00fas D\u00edaz Romero. Energ\u00edas renovables y ecoturismo: Propuesta de infraestructura sustentable para el desarrollo solidario de Zapotengo, Pochutla, Oaxaca. [&hellip;]<\/p>\n","protected":false},"author":63,"featured_media":0,"parent":0,"menu_order":0,"comment_status":"closed","ping_status":"closed","template":"","meta":{"_swt_meta_header_display":false,"_swt_meta_footer_display":false,"_swt_meta_site_title_display":false,"_swt_meta_sticky_header":false,"_swt_meta_transparent_header":false,"footnotes":""},"class_list":["post-8","page","type-page","status-publish","hentry"],"_links":{"self":[{"href":"https:\/\/web.ciidiroaxaca.ipn.mx\/jcaballerom\/wp-json\/wp\/v2\/pages\/8","targetHints":{"allow":["GET"]}}],"collection":[{"href":"https:\/\/web.ciidiroaxaca.ipn.mx\/jcaballerom\/wp-json\/wp\/v2\/pages"}],"about":[{"href":"https:\/\/web.ciidiroaxaca.ipn.mx\/jcaballerom\/wp-json\/wp\/v2\/types\/page"}],"author":[{"embeddable":true,"href":"https:\/\/web.ciidiroaxaca.ipn.mx\/jcaballerom\/wp-json\/wp\/v2\/users\/63"}],"replies":[{"embeddable":true,"href":"https:\/\/web.ciidiroaxaca.ipn.mx\/jcaballerom\/wp-json\/wp\/v2\/comments?post=8"}],"version-history":[{"count":5,"href":"https:\/\/web.ciidiroaxaca.ipn.mx\/jcaballerom\/wp-json\/wp\/v2\/pages\/8\/revisions"}],"predecessor-version":[{"id":59,"href":"https:\/\/web.ciidiroaxaca.ipn.mx\/jcaballerom\/wp-json\/wp\/v2\/pages\/8\/revisions\/59"}],"wp:attachment":[{"href":"https:\/\/web.ciidiroaxaca.ipn.mx\/jcaballerom\/wp-json\/wp\/v2\/media?parent=8"}],"curies":[{"name":"wp","href":"https:\/\/api.w.org\/{rel}","templated":true}]}}