{"id":7,"date":"2012-08-17T19:53:19","date_gmt":"2012-08-17T19:53:19","guid":{"rendered":"https:\/\/web.ciidiroaxaca.ipn.mx\/jcaballerom\/proyectos-de-investigacion\/"},"modified":"2025-10-20T14:50:47","modified_gmt":"2025-10-20T20:50:47","slug":"proyectos-de-investigacion","status":"publish","type":"page","link":"https:\/\/web.ciidiroaxaca.ipn.mx\/jcaballerom\/proyectos-de-investigacion\/","title":{"rendered":"Proyectos de Investigaci\u00f3n"},"content":{"rendered":"\n<ul class=\"wp-block-list\">\n<li>Estrategias para la Gesti\u00f3n de Recursos en Escuelas de Nivel B\u00e1sico en Comunidades Marginadas de Oaxaca para su Transici\u00f3n hacia la Sustentabilidad. <strong>SIP 20254033. Participante<\/strong><\/li>\n\n\n\n<li>Codise\u00f1o de espacios educativos innovadores mediante estrategias pedag\u00f3gicas, tecnol\u00f3gicas y ambientales. <strong>SIP 20242181.<\/strong> <strong>Director<\/strong><\/li>\n\n\n\n<li>Implementaci\u00f3n del modelo de producci\u00f3n social del h\u00e1bitat para la construcci\u00f3n de viviendas en territorios afectados por desastres naturales. <strong>SIP 20231392<\/strong>. <strong>Director<\/strong><\/li>\n\n\n\n<li>Estudio de la habitabilidad de la vivienda construida con fondos de remesa por migrantes en comunidades de la Mixteca de Oaxaca. <strong>SIP 20221296<\/strong>. <strong>Director<\/strong><\/li>\n\n\n\n<li>Modelo de escuela sustentable con enfoque participativo que promueva ambientes de aprendizaje en comunidades con infraestructura educativa precaria. <strong>SIP 20211389. Director.<\/strong><\/li>\n\n\n\n<li>Desempe\u00f1o t\u00e9rmico de 3 aulas de la ciudad de Oaxaca en el periodo de calor (clima templado). <strong>SIP 20210968. Participante<\/strong><\/li>\n\n\n\n<li>Caracterizaci\u00f3n de la operatividad del curr\u00edculum en contingencia sanitaria de la maestr\u00eda en Gesti\u00f3n de Proyectos para el Desarrollo Solidario. <strong>SIP 20211970. Participante<\/strong><\/li>\n\n\n\n<li>Gesti\u00f3n integral de intervenciones comunitarias para promover el desarrollo social a trav\u00e9s de acciones educativas. <strong>SIP 20211703. Participante.<\/strong><\/li>\n\n\n\n<li>Evaluaci\u00f3n de la intervenci\u00f3n de viviendas afectadas por los sismos en el Istmo de Tehuantepec, Oaxaca con enfoque de Reconstrucci\u00f3n Integral y Social del H\u00e1bitat. SIP 20201485. <strong>Director<\/strong><\/li>\n\n\n\n<li>Sistemas Sanitarios apropiados para la construcci\u00f3n Social de la Vivienda en Asentamientos Periurbanos a la ciudad de Oaxaca. <strong>SIP 20195576. Director.<\/strong><\/li>\n\n\n\n<li>Proyecto Arquitect\u00f3nico de Vivienda con Sistemas Pasivos para la Comunidad de Asunci\u00f3n Ixtaltepex, Oaxaca. <strong>SIP 20180144. Participante.<\/strong><\/li>\n\n\n\n<li>Estrategias tecnol\u00f3gicas para su implementaci\u00f3n en viviendas de bajo impacto ambiental con enfoque solidario. <strong>SIP 20170833. Director.<\/strong><\/li>\n\n\n\n<li>Mejoramiento de la vivienda rural mediante estrategias de capacitaci\u00f3n, participaci\u00f3n y autoconstrucci\u00f3n para la mejora del h\u00e1bitat precario. <strong>SIP 20160680. Director.<\/strong><\/li>\n\n\n\n<li>Clasificaci\u00f3n y estabilizaci\u00f3n de suelos para su uso en mezclas para sistemas de muros con inercia t\u00e9rmica para lograr condiciones de confort y ahorro de energ\u00eda en la vivienda de la ciudad de Oaxaca y zona conurbada. <strong>Participante<\/strong>.<\/li>\n\n\n\n<li>Dise\u00f1o, construcci\u00f3n y caracterizaci\u00f3n de un prototipo de componente para vivienda sustentable. <strong>CONAVI-CONACYT. 2015-2016. Participante.<\/strong><\/li>\n\n\n\n<li>Dise\u00f1o y caracterizaci\u00f3n termof\u00edsica de un material compuesto elaborado a base de residuos agr\u00edcolas para lograr ahorro de energ\u00eda en techos de ferrocemento y componentes constructivos de uso com\u00fan en la industria de la construcci\u00f3n en M\u00e9xico. <strong>SIP 20130755. Participante.<\/strong><\/li>\n\n\n\n<li>Estimaci\u00f3n en tiempo-frecuencia de los efectos de sitio en la ciudad de Oaxaca. <strong>SIP 201220078. Participante.<\/strong><\/li>\n\n\n\n<li>Desarrollo de la tecnolog\u00eda fe+reciclado para vivienda econ\u00f3mica y su evaluaci\u00f3n s\u00edsmica en la zona metropolitana de Oaxaca. <strong>SIP 20090358 -20100365. Participante.<\/strong><\/li>\n\n\n\n<li>Tecnolog\u00eda de vivienda de bajo costo para el desarrollo sustentable de la poblaci\u00f3n marginada de la ciudad de Oaxaca y su \u00e1rea conurbada. 2007-2008. <strong>Participante<\/strong>.<\/li>\n\n\n\n<li>Dise\u00f1o de un prototipo de casa con sistema constructivo empleando materiales de desecho y reciclaje, para el mejoramiento de la vivienda en zonas marginadas de los municipios conurbados a la ciudad de Oaxaca. <strong>SIP 20070054. Director.<\/strong><\/li>\n\n\n\n<li>Estudio de las propiedades termof\u00edsicas de materiales naturales y reciclados para su utilizaci\u00f3n como aislantes t\u00e9rmicos en la construcci\u00f3n de viviendas de bajo costo. <strong>SIP 20060952. Director.<\/strong><\/li>\n<\/ul>\n","protected":false},"excerpt":{"rendered":"","protected":false},"author":63,"featured_media":0,"parent":0,"menu_order":0,"comment_status":"closed","ping_status":"closed","template":"","meta":{"_swt_meta_header_display":false,"_swt_meta_footer_display":false,"_swt_meta_site_title_display":false,"_swt_meta_sticky_header":false,"_swt_meta_transparent_header":false,"footnotes":""},"class_list":["post-7","page","type-page","status-publish","hentry"],"_links":{"self":[{"href":"https:\/\/web.ciidiroaxaca.ipn.mx\/jcaballerom\/wp-json\/wp\/v2\/pages\/7","targetHints":{"allow":["GET"]}}],"collection":[{"href":"https:\/\/web.ciidiroaxaca.ipn.mx\/jcaballerom\/wp-json\/wp\/v2\/pages"}],"about":[{"href":"https:\/\/web.ciidiroaxaca.ipn.mx\/jcaballerom\/wp-json\/wp\/v2\/types\/page"}],"author":[{"embeddable":true,"href":"https:\/\/web.ciidiroaxaca.ipn.mx\/jcaballerom\/wp-json\/wp\/v2\/users\/63"}],"replies":[{"embeddable":true,"href":"https:\/\/web.ciidiroaxaca.ipn.mx\/jcaballerom\/wp-json\/wp\/v2\/comments?post=7"}],"version-history":[{"count":4,"href":"https:\/\/web.ciidiroaxaca.ipn.mx\/jcaballerom\/wp-json\/wp\/v2\/pages\/7\/revisions"}],"predecessor-version":[{"id":53,"href":"https:\/\/web.ciidiroaxaca.ipn.mx\/jcaballerom\/wp-json\/wp\/v2\/pages\/7\/revisions\/53"}],"wp:attachment":[{"href":"https:\/\/web.ciidiroaxaca.ipn.mx\/jcaballerom\/wp-json\/wp\/v2\/media?parent=7"}],"curies":[{"name":"wp","href":"https:\/\/api.w.org\/{rel}","templated":true}]}}