{"id":6,"date":"2012-08-03T21:16:56","date_gmt":"2012-08-03T21:16:56","guid":{"rendered":"https:\/\/web.ciidiroaxaca.ipn.mx\/jcaballerom\/publicaciones\/"},"modified":"2025-10-20T13:50:26","modified_gmt":"2025-10-20T19:50:26","slug":"publicaciones","status":"publish","type":"page","link":"https:\/\/web.ciidiroaxaca.ipn.mx\/jcaballerom\/publicaciones\/","title":{"rendered":"Publicaciones"},"content":{"rendered":"\n<h2 class=\"wp-block-heading\">ART\u00cdCULOS ARBITRADOS<\/h2>\n\n\n\n<p class=\"has-text-align-left\">Alavez-Ram\u00edrez, R. Chi\u00f1as-Castillo, F.;Mart\u00ednez-Reyes, J.; <strong>Caballero-Montes, J.L<\/strong>.; Caballero, M.; Morales, V.J.;Ortiz, M.; Robledo, L.H.; Juarez, E.A.; Serrano, L.E. (2024) Thermal Performance of Novel Eco-Friendly Prefabricated Walls for Thermal Comfort in Temperate Climates. <em>Sustainability<\/em>, 16. DOI: <a href=\"https:\/\/doi.org\/10.3390\/su16219349\">https:\/\/doi.org\/10.3390\/su16219349<\/a><\/p>\n\n\n\n<p><strong>Caballero, J.L.,<\/strong> Aguilar, G., y Alav\u00e9z, R. (2024).&nbsp;Bioclimatic design strategies for housing in areas affected by natural events.&nbsp;Revista de Gest\u00e3o Social e Ambiental, 18(4), 1-19.&nbsp;DOI: https:\/\/doi.org\/10.24857\/rgsa.v18n4-171<\/p>\n\n\n\n<p><strong>Caballero Montes, J. L.,<\/strong> R\u00edos Ventura, F. G., &amp; Alav\u00e9z Ram\u00edrez, R. (2024). Mejoramiento de la habitabilidad de la vivienda construida con fondos de remesas mediante estrategias bioclim\u00e1ticas pasivas. Anales de Investigaci\u00f3n en Arquitectura, 14(1). DOI: https:\/\/doi.org\/10.18861\/ania.2024.14.1.3427<\/p>\n\n\n\n<p>Mart\u00ednez, E.D., Mart\u00ednez, E., V\u00e1squez, A. Sangerman, D.M, Espinoza, C., y <strong>Caballero, J.L<\/strong>. (2023). Diagn\u00f3stico participativo para la transferencia de ecotecnolog\u00eda en comunidad rural de Oaxaca. Revista Mexicana de Ciencias Agr\u00edcolas, 14 (4), 579-589. DOI: https\/\/doi.org\/10.29312\/remexca.v14i4.3477<\/p>\n\n\n\n<p>Aguilar, G., <strong>Caballero, J.L.<\/strong>, y Alav\u00e9z, R. (2023). Producci\u00f3n Social del H\u00e1bitat en la construcci\u00f3n de viviendas en contextos de desastres socioambientales. Brazilian Journal of Development, 9(3), 11072-11083. DOI: https:\/\/doi.org\/10.34117\/bjdv9n3-144<\/p>\n\n\n\n<p>Parma, G.A., Alav\u00e9z, R., y <strong>Caballero, J.L.<\/strong> (2022). Dise\u00f1o de vivienda de emergencia sustentable para zonas afectadas por los&nbsp; sismos en el Istmo de Tehuantepec, Oaxaca. International Journal of Human Science, 2(9), 1-19.&nbsp;DOI 10.22533\/at.ed.558292208046<\/p>\n\n\n\n<p>Vera, J.D., <strong>Caballero, J.L.<\/strong>, y Ju\u00e1rez, L.A. (2022).&nbsp;Intervenci\u00f3n sostenible en viviendas afectadas por sismos en el Istmo de Tehuantepec, Oaxaca. Universidad &amp; ciencia, 11, 134-144.<\/p>\n\n\n\n<p>R\u00edos, F. G., <strong>Caballero, J.L.<\/strong>, y Alav\u00e9z, R.&nbsp; (2022).&nbsp;Caracterizaci\u00f3n t\u00e9rmica de la vivienda tradicional de la Mixteca con el uso de herramientas tecnol\u00f3gicas. Universidad &amp; ciencia, 11, 191-201.<\/p>\n\n\n\n<p>Rasilla, M., Ju\u00e1rez, L., <strong>Caballero, J.L. <\/strong>y Ladr\u00f3n de Guevara M. (2021). El perfil docente adecuado para cada propuesta educativa. Latin American Journal of Science Education, vol. 8, pp-1-9.<\/p>\n\n\n\n<p>Salazar, J.D., Alav\u00e9z, R. y <strong>Caballero, J.L. <\/strong>(2021). Dise\u00f1o sostenible de aulas para escuelas en condiciones precarias mediante software especializado en an\u00e1lisis bioclim\u00e1tico. Revista Contribuci\u00f3n al Conocimiento Cient\u00edfico y Tecnol\u00f3gico en Oaxaca, vol. 5, No. 5, pp. 50-62.<\/p>\n\n\n\n<p>Vera, J.D,<strong> Caballero, J.L.<\/strong> y Rasilla, C. (2020). El taller como estrategia educativa para la apropiaci\u00f3n del uso de materiales tradicionales en vivienda afectadas por desastres naturales. Latin American Journal of Science Education, vol. 7, No. 2, pp-1-12.<\/p>\n\n\n\n<p>Vera, J.D, Rasilla, M. y <strong>Caballero, J.L<\/strong>. (2020). Estrategia educativa para el uso y aprovechamiento del carrizo en viviendas afectadas por sismos en el Istmo de Tehuantepec, Oaxaca. Latin American Journal of Science Education, vol. 7, No. 1, pp-1-10.<\/p>\n\n\n\n<p>Reyes, S.M., Rasilla, M., Ladr\u00f3n de Guevara, M, A. y <strong>Caballero, J.L.<\/strong> (2020). Intervenci\u00f3n educativa para fortalecer la cultura ambiental en la gesti\u00f3n de recursos h\u00eddricos para los habitantes de San Andr\u00e9s Ixtlahuaca, Oaxaca. Latin American Journal of Sciencie Education, vol. 7, No. 2, pp. 1-14.<\/p>\n\n\n\n<p>Ju\u00e1rez, A., Rasilla, M.,&nbsp;<strong>Caballero, J.L.,<\/strong> Garc\u00eda, B. (2019). Educaci\u00f3n para la sostenibilidad en comunidades marginadas de Oaxaca, M\u00e9xico.&nbsp;Latin American Journal of Science Education, vol. 6. No. 2, pp. 1-7.<\/p>\n\n\n\n<p>Jim\u00e9nez L\u00f3pez J. Ren\u00e9, <strong>Caballero Montes Jos\u00e9 Luis<\/strong>, Ju\u00e1rez Ruiz, Argelia (2019). Dise\u00f1o participativo de Sanitario seco en asentamiento periurbano a la ciudad de Oaxaca de Ju\u00e1rez. Revista Contribuci\u00f3n al Conocimiento Cinet\u00edfico y Tecnol\u00f3gico en Oaxaca. Vol. 3, No 3.<\/p>\n\n\n\n<p>Jim\u00e9nez L\u00f3pez J. Ren\u00e9, Ju\u00e1rez Ruiz, Lidia A., Rasilla Cano Margarita,<strong> Caballero Montes, Jos\u00e9 L.<\/strong> (2019). Espacios de Participaci\u00f3n Comunitaria para la Construcci\u00f3n de Sistemas Sanitarios apropiados como herramienta Educativa. Brazilian Journal of Develpoment. Vol. 5, No. 6. DOI: https:\/\/DOI.ORG\/10.34117\/bjdv5n6<\/p>\n\n\n\n<p>Ju\u00e1rez Ruiz A.,&nbsp; Rasilla Cano, M.,<strong> Caballero Montes Jos\u00e9 L.<\/strong>, Garc\u00eda L\u00f3pez B. (2019). Educaci\u00f3n para la sostenibilidad en comunidades marginadas de Oaxaca, M\u00e9xico. Latin American Journal of Science Education. Vol. 6. pp: 1-7.<\/p>\n\n\n\n<p>Mart\u00ednez-Jim\u00e9nez E. Daniel; <strong>Caballero Montes Jos\u00e9 L. <\/strong>(2019). Densificaci\u00f3n Urbana como soluci\u00f3n Sostenible a Ciudades Difusas.Revista electr\u00f3nica DELOS:Desarrollo Local Sostenible.Vol. 12. No 35.<\/p>\n\n\n\n<p>Alav\u00e9z-Ram\u00edrez Rafael; Chi\u00f1as Castillo Fernando; Morales Dominguez Juventino; Ortiz Guzman Margarito; <strong>Caballero Montes Jose Luis<\/strong>; Caballero Caballero Magdaleno (2018) Thermal lag and decrement factor of a constructive component reinforced mortar channels filled with soil-cement-sawdust. Journal Indoor and Built Environment. DOI:10.1177\/1420326X16676611<\/p>\n\n\n\n<p>Ju\u00e1rez Ruiz Lidia Argelia; <strong>Caballero Montes Jos\u00e9 Luis;<\/strong> Rasilla Cano, Margarita (2018). Dise\u00f1o y Tecnolog\u00edas Sustentables para la Edificaci\u00f3n: Dise\u00f1o curricular con Enfoque Social Solidario. Observatorio Iberoamericano del Desarrollo Local y la Econom\u00eda Social (OIDLES), Vol. 12 pp:1-14.<\/p>\n\n\n\n<p>Rasilla Cano Margarita; <strong>Caballero Montes Jos\u00e9 Luis;<\/strong> Ju\u00e1rez Ruiz Lidia Argelia (2018). Formaci\u00f3n Docente con visi\u00f3n Multidisciplinaria. Latin American Journal of Science&nbsp; Education. Vol. 5, pp: 1-10.<\/p>\n\n\n\n<p>Mart\u00ednez Jim\u00e9nez, Edberg Daniel;&nbsp;<strong>Caballero Montes Jos\u00e9 Luis;<\/strong> Espinoza N\u00e1jera Carlos. (2017). Propuesta Metodol\u00f3gica para el saneamiento de aguas residuales con tecnologias alternativas en comunidades rurales. Contribucci\u00f3n al Conocimiento Cient\u00edfico y Tecnol\u00f3gico de Oaxaca. Vol. 1, Num. 1.<\/p>\n\n\n\n<p><strong>Caballero Montes Jos\u00e9 Luis;<\/strong> P\u00e9rez Flores Maria E.; G\u00f3mez Hern\u00e1ndez, Laura L. (2017). Percepci\u00f3n de Habitabilidad en la Vivienda Precaria: Caso Zona Metropoliana Oaxaca, M\u00e9xico. Contribucci\u00f3n a las Ciencias Sociales.&nbsp;<\/p>\n\n\n\n<p><strong>Caballero Montes Jose Luis;<\/strong> Alavez Ram\u00edrez, Rafael; P\u00e9rez Flores, Mar\u00eda E. (2016). Improving the thermal comfort of ferrocement classrooms by involving the community in the use of alternative construction technology. Journal of Engineering and Architecture,&nbsp;Vol 4, n\u00fam. 2.&nbsp;<\/p>\n\n\n\n<p>Alavez Ram\u00edrez, Rafael;&nbsp;<strong>Caballero Montes, Jos\u00e9 L&nbsp;. <\/strong>(2015). Bioclimatic Housing with sustainable technology for the city of Oaxaca, M\u00e9xico. Revista EDA (Esempi di Architettura), vol 2, n\u00fam. 2, pp: 83-93.<\/p>\n\n\n\n<p><strong>Caballero Montes Jos\u00e9 Luis;<\/strong> Castillo M\u00e9rida Horacio y Cort\u00e9s &nbsp;P\u00e9rez, Rafael. (2015). El capital social en proyecto: \u201cTechado de viviendas afectadas por huracanes\u201d; caso la Escobilla, Oaxaca, M\u00e9xico\u201d. Revista DELOS: Desarrollo Local Sostenible, vol. 8, pp: 1-19.<\/p>\n\n\n\n<p><strong>Caballero Montes Jos\u00e9 Luis<\/strong>, Armando Alcantara, 2012. Beneficios ambientales de sistemas alternativos para vivienda. Revista Naturaleza y Desarrollo.<\/p>\n\n\n\n<h2 class=\"wp-block-heading\">Articulos de Divulgaci\u00f3n<\/h2>\n\n\n\n<p>Mu\u00f1oz, D., <strong>Caballero, J.L.<\/strong>, y Matus, I. O. (2022). Propuesta de implementaci\u00f3n de ecotecnias para la gesti\u00f3n de recursos b\u00e1sicos en viviendas rurales del estado de Oaxaca. Difu100ci@, <em>Revista de Difusi\u00f3n Cient\u00ed\ufb01ca, Ingenier\u00eda y Tecnolog\u00edas, <\/em>16 (3), 163-169. <a href=\"http:\/\/difu100cia.uaz.edu.mx\/index.php\/difuciencia\/article\/view\/297\">http:\/\/difu100cia.uaz.edu.mx\/index.php\/difuciencia\/article\/view\/297<\/a><\/p>\n\n\n\n<p><strong> Jos\u00e9 Luis Caballero Montes, <\/strong>Rafael Alav\u00e9z Ram\u00edrez. Vinculaci\u00f3n acad\u00e9mica y extensi\u00f3n en proyectos de vivienda e infraestructura b\u00e1sica en comunidades rurales de Oaxaca. P\u00e1gina 3.mx. \u00a020 de marzo 2015.<\/p>\n\n\n\n<p><strong>Jos\u00e9 Luis Caballero Montes, <\/strong>Rafael Alav\u00e9z Ram\u00edrez. Vinculaci\u00f3n acad\u00e9mica y extensi\u00f3n en proyectos de vivienda e infraestructura b\u00e1sica en comunidades rurales de Oaxaca. P\u00e1gina 3.mx. &nbsp;20 de marzo 2015.<\/p>\n\n\n\n<p><strong>Jos\u00e9 Luis Caballero Montes, <\/strong>Rafael Alav\u00e9z Ram\u00edrez. Viviendas confortables con dise\u00f1o y estrategias pasivas. P\u00e1gina 3. mx. 25 marzo 2015.<\/p>\n\n\n\n<p><strong>Jos\u00e9 Luis Caballero Montes,<\/strong> Rafael Alav\u00e9z Ram\u00edrez. Materiales alternativos para vivienda sustentable. P\u00e1gina 3. mx.18 de marzo 2015.<\/p>\n\n\n\n<p><strong>Jos\u00e9 Luis Caballero Montes<\/strong>, Rafael Alav\u00e9z Ram\u00edrez,&nbsp;&nbsp;Lidia A. Ju\u00e1rez Ruiz.&nbsp;(2013) \u201cEL APRENDIZAJE DE LA ARQUITECTURA BIOCLIM\u00c1TICA PARA EL DESARROLLO DE EDIFICACIONES SUSTENTABLES\u201d. Oaxaca | pagina3.mx. Pagina3.mx.- CIIDIR Oaxaca&nbsp;&nbsp;&nbsp;&nbsp;&nbsp;&nbsp;&nbsp; &nbsp;&nbsp; Jueves, 21 Noviembre 2013<\/p>\n\n\n\n<p><strong>Jos\u00e9 Luis Caballero Montes<\/strong>, Rafael Alav\u00e9z Ram\u00edrez,&nbsp;Lidia A. Ju\u00e1rez Ruiz. (2013). DISE\u00d1O Y TECNOLOG\u00cdAS SUSTENTABLES EN PROYECTOS PARA EL DESARROLLO SOLIDARIO EN COMUNIDADES DE OAXACA. (G) Oaxaca | pagina3.mx.&nbsp;&nbsp; Pagina3.mx.- CIIDIR Oaxaca &nbsp; &nbsp;Lunes, 24 Junio 2013.<\/p>\n\n\n\n<p><strong>Jos\u00e9 Luis Caballero Montes,<\/strong> Rafael Alav\u00e9z Ram\u00edrez. (2013). Mejoramiento de aulas de nivel b\u00e1sico en Oaxaca a trav\u00e9s de talleres participativos. Pagin3.mx.- 24 Octubre 2013.<\/p>\n\n\n\n<p>Dra. Lidia Argelia Ju\u00e1rez Ruiz, M.A.<strong> Jos\u00e9 L. Caballero Montes<\/strong> (2013). Diagn\u00f3stico de patolog\u00edas en edificaciones con valor patrimonial en el Centro hist\u00f3rico de la ciudad de Oaxaca, M\u00e9xico. Bolet\u00edn Horizontes \/ EDICI\u00d3N ESPECIAL Noviembre \u2013 Diciembre pp. 6-9 Tiraje: 2000 Ejemplares.<\/p>\n\n\n\n<p><strong>Jos\u00e9 L. Caballero Montes<\/strong>,&nbsp;Lidia A. Ju\u00e1rez Ruiz.&nbsp;(2013). \u201cLa investigaci\u00f3n como estrategia para la conservaci\u00f3n del medio ambiente y el patrimonio cultural en Ciudades Patrimonio\u201d. Bolet\u00edn Horizontes \/ EDICI\u00d3N ESPECIAL Noviembre \u2013 Diciembre pp. 9-12&nbsp; Tiraje: 2000 Ejemplares<\/p>\n\n\n\n<h2 class=\"wp-block-heading\">CAP\u00cdTULOS DE LIBRO<\/h2>\n\n\n\n<p><strong>Caballero, J.L.<\/strong>, Rodr\u00edguez, M.S., Rasilla, M., y Alav\u00e9z, R. (2024). Codise\u00f1o de un espacio de usos m\u00faltiples en una escuela multigrado bajo el modelo de aula del futuro. Derecho, econom\u00eda y sociedad: innovaci\u00f3n docente en la educaci\u00f3n superior. Sevilla, Egregius Editorial.<\/p>\n\n\n\n<p><strong>Caballero, J.L.<\/strong>, Rodr\u00edguez, M.S., Rasilla, M., y Alav\u00e9z, R. (2024). ABP y herramientas tecnol\u00f3gicas en el proceso de dise\u00f1o de espacios educativos sostenibles. Innovaci\u00f3n pedag\u00f3gica y tecnolog\u00edas digitales en la docencia de las Ciencias Sociales. Madrid. Dykinson S.L.<\/p>\n\n\n\n<p>Rodr\u00edguez, M.S., <strong>Caballero, J.L.,<\/strong> Rasilla, M., y Alav\u00e9z, R. (2024). Acciones educativas para el Desarrollo Sostenible; taller de sensibilizaci\u00f3n para la construcci\u00f3n de huertos escolares. Innovaci\u00f3n docente en el aula universitaria: nuevas soluciones para viejas problem\u00e1ticas. Madrid. Dykinson S.L.<\/p>\n\n\n\n<p><strong>Caballero, J.L.,<\/strong> Rasilla, M., y Alav\u00e9z, R. (2024). Intervenci\u00f3n solidaria de estudiantes de posgrado en zonas afectadas por eventos naturales mediante el dise\u00f1o de viviendas sostenibles.&nbsp;Las fronteras del conocimiento: Perspectivas y aplicaciones en la era digital.&nbsp;Madrid, Dykinson S.L.<\/p>\n\n\n\n<p>Ruiz, L., <strong>Caballero, J.L.,<\/strong> Rasilla, M., y Alav\u00e9z, R. (2024).&nbsp;Metodolog\u00eda de Innovaci\u00f3n social para mejorar la habitabilidad de la Infraestructura donde se elaboran artesan\u00edas en comunidad de Oaxaca, M\u00e9xico.&nbsp;Pasado y presente: el individuo frente a los desaf\u00edos de la Sociedad. Sevilla, Egregius&nbsp;Editorial.<\/p>\n\n\n\n<p><strong>Caballero, J.L.,<\/strong> L\u00f3pez, A.N., y Alav\u00e9z, R. (2022). Las pol\u00edticas educativas para mejorar la infraestructura escolar en M\u00e9xico; propuesta de modelo de escuela sostenible para comunidades marginadas. Tendencias en innovaci\u00f3n y transferencia del conocimiento: de la universidad a la sociedad.&nbsp;&nbsp;Dykinson S.L.<\/p>\n\n\n\n<p>L\u00f3pez, A.N.,&nbsp;<strong>Caballero, J.L<\/strong> y Alav\u00e9z, R. (2022). Desarrollo de competencias digitales en estudiantes de nivel superior con la plataforma Microsoft Teams para el aprendizaje de la arquitectura sustentable. Aprender innovando. Transferencia del conocimiento en los estudios de Historia, Artes, Arquitectura y Dise\u00f1o. Aula Magna proyecto Clave McGraw-Hill.<\/p>\n\n\n\n<p><strong>Caballero, J.L.,<\/strong> L\u00f3pez, A.N., y Alav\u00e9z, R. (2022). La desigualdad de la educaci\u00f3n a distancia en estudiantes de nivel b\u00e1sico en M\u00e9xico ante la pandemia del COVID-19. Innovaci\u00f3n docente y educativa aplicadas a la intervenci\u00f3n social. Aula Magna. Clave McGraw-Hill.<\/p>\n\n\n\n<p>R\u00edos, F.G., <strong>Caballero, J.L. <\/strong>y Alav\u00e9z, R. (2021). Una nueva concepci\u00f3n arquitect\u00f3nica en comunidades rurales producto de la migraci\u00f3n a Estados Unidos. M. Jim\u00e9nez Garc\u00eda (coord.), Retos y perspectivas sociales durante la pandemia de COVID-19 en M\u00e9xico (97-115). ASMIIA.<\/p>\n\n\n\n<p>S\u00e1nchez, S., Rasilla, M. y <strong>Caballero, J.L.<\/strong> (2021). Plan de apropiaci\u00f3n del espacio p\u00fablico de Zaachila, Oaxaca a trav\u00e9s de la movilidad activa. En M.E. Ojeda Orta, M. S. Plazola Rivera y M. Berrelleza Carrillo (Coord.). Innovaci\u00f3n y Multidisciplinariedad en la Pr\u00e1ctica Docente: Contribuci\u00f3n significativa al Aprendizaje (pp. 478-490). ILCSA<\/p>\n\n\n\n<p>R\u00edos, F.G., <strong>Caballero, J.L.<\/strong> y Alav\u00e9z, R. (2021). Caracterizaci\u00f3n t\u00e9rmica de la vivienda tradicional Mixteca con el uso de herramientas tecnol\u00f3gicas. M.E. Ojeda Orta, M. S. Plazola Rivera y M. Berrelleza Carrillo (coord.), Innovaci\u00f3n y Multidisciplinariedad en la Pr\u00e1ctica Docente: Contribuci\u00f3n significativa al Aprendizaje (pp. 245- 256). ILCSA.<\/p>\n\n\n\n<p>Vera, J.D., <strong>Caballero, J.L.<\/strong> y Ju\u00e1rez, L.A. (2021). Intervenci\u00f3n sostenible en viviendas afectadas por sismos en el Istmo de Tehuantepec, Oaxaca. M.E. Ojeda Orta, M. S. Plazola Rivera y M. Berrelleza Carrillo (coord.), Innovaci\u00f3n y Multidisciplinariedad en la Pr\u00e1ctica Docente: Contribuci\u00f3n significativa al Aprendizaje (pp. 341-353). ILCSA.<\/p>\n\n\n\n<p>R\u00edos, F.G., <strong>Caballero, J.L.<\/strong> y Alav\u00e9z, R. (2021). La etnograf\u00eda en el diagn\u00f3stico de la vivienda construida con fondos de remesas. una experiencia entre el trabajo de campo y el virtual. R.M. Rabet Temsamani, C. Herv\u00e1s G\u00f3mez (coord.), Innovaci\u00f3n en la docencia e investigaci\u00f3n de las ciencias sociales y en la educaci\u00f3n (pp. 626-). Dykinson S.L.<\/p>\n\n\n\n<p>Salazar, J.D., <strong>Caballero, J.L.<\/strong> y Alav\u00e9z, R. (2021). Escuela sostenible que incida en los ambientes de aprendizaje en comunidades con infraestructura f\u00edsica educativa precaria de Oaxaca, M\u00e9xico. R.M. Rabet Temsamani, C. Herv\u00e1s G\u00f3mez (coord.), Innovaci\u00f3n en la docencia e investigaci\u00f3n de las ciencias sociales y en la educaci\u00f3n (pp. 1340-). Dykinson S.L.<\/p>\n\n\n\n<p><strong>Caballero, J.L.<\/strong>, R\u00edos, F.G. y Alav\u00e9z, R. (2021). El aprendizaje situado como metodolog\u00eda pedag\u00f3gica para la formaci\u00f3n de competencias en estudiantes de nivel posgrado. R.M. Rabet Temsamani, C. Herv\u00e1s G\u00f3mez (coord.), Innovaci\u00f3n en la docencia e investigaci\u00f3n de las ciencias sociales y en la educaci\u00f3n (pp. 2814-). Dykinson S.L.<\/p>\n\n\n\n<p>D auria, S. <strong>J.L. Caballero<\/strong> y M.E. P\u00e9rez. (2015). La habitabilidad de la vivienda en el municipio de Santa Mar\u00eda Chachoapam, Nochixtl\u00e1n, Oaxaca. En F.J. Romero (Eds). Vivienda y H\u00e1bitat Sustentable. M\u00e9xico: Plaza y Vald\u00e9s.<\/p>\n\n\n\n<p>Cortes, R. <strong>J.L. Caballero<\/strong> y L. Ju\u00e1rez. (2015). Programa integral de vivienda mediante autoconstrucci\u00f3n asistida para zonas de alta marginaci\u00f3n en Oaxaca. En F.J. Romero (Eds). Vivienda y H\u00e1bitat Sustentable. M\u00e9xico: Plaza y Vald\u00e9s.<\/p>\n\n\n\n<p>Ju\u00e1rez, L. y <strong>J.L. Caballero<\/strong>. (2015). Dise\u00f1o y Tecnolog\u00edas sustentables para la edificaci\u00f3n (enfoque de maestr\u00eda profesionalizante). En H. L\u00f3pez y H. G\u00f3mez (Eds). La vivienda y el h\u00e1bitat sustentable del sur-sureste de M\u00e9xico. M\u00e9xico: Mario Luna Zepeda.<\/p>\n\n\n\n<p><strong>Caballero, J.L. <\/strong>y M.E. P\u00e9rez. (2015). La participaci\u00f3n comunitaria en la mejora del h\u00e1bitat en asentamientos precarios de la ciudad de Oaxaca. En H. L\u00f3pez y H. G\u00f3mez (Eds). La vivienda y el h\u00e1bitat sustentable del sur-sureste de M\u00e9xico. M\u00e9xico: Mario Luna Zepeda.<\/p>\n\n\n\n<p><\/p>\n","protected":false},"excerpt":{"rendered":"<p>ART\u00cdCULOS ARBITRADOS Alavez-Ram\u00edrez, R. Chi\u00f1as-Castillo, F.;Mart\u00ednez-Reyes, J.; Caballero-Montes, J.L.; Caballero, M.; Morales, V.J.;Ortiz, M.; Robledo, L.H.; Juarez, E.A.; Serrano, L.E. (2024) Thermal Performance of Novel Eco-Friendly Prefabricated Walls for Thermal Comfort in Temperate Climates. Sustainability, 16. DOI: https:\/\/doi.org\/10.3390\/su16219349 Caballero, J.L., Aguilar, G., y Alav\u00e9z, R. (2024).&nbsp;Bioclimatic design strategies for housing in areas affected by natural [&hellip;]<\/p>\n","protected":false},"author":63,"featured_media":0,"parent":0,"menu_order":0,"comment_status":"closed","ping_status":"closed","template":"","meta":{"_swt_meta_header_display":false,"_swt_meta_footer_display":false,"_swt_meta_site_title_display":false,"_swt_meta_sticky_header":false,"_swt_meta_transparent_header":false,"footnotes":""},"class_list":["post-6","page","type-page","status-publish","hentry"],"_links":{"self":[{"href":"https:\/\/web.ciidiroaxaca.ipn.mx\/jcaballerom\/wp-json\/wp\/v2\/pages\/6","targetHints":{"allow":["GET"]}}],"collection":[{"href":"https:\/\/web.ciidiroaxaca.ipn.mx\/jcaballerom\/wp-json\/wp\/v2\/pages"}],"about":[{"href":"https:\/\/web.ciidiroaxaca.ipn.mx\/jcaballerom\/wp-json\/wp\/v2\/types\/page"}],"author":[{"embeddable":true,"href":"https:\/\/web.ciidiroaxaca.ipn.mx\/jcaballerom\/wp-json\/wp\/v2\/users\/63"}],"replies":[{"embeddable":true,"href":"https:\/\/web.ciidiroaxaca.ipn.mx\/jcaballerom\/wp-json\/wp\/v2\/comments?post=6"}],"version-history":[{"count":4,"href":"https:\/\/web.ciidiroaxaca.ipn.mx\/jcaballerom\/wp-json\/wp\/v2\/pages\/6\/revisions"}],"predecessor-version":[{"id":50,"href":"https:\/\/web.ciidiroaxaca.ipn.mx\/jcaballerom\/wp-json\/wp\/v2\/pages\/6\/revisions\/50"}],"wp:attachment":[{"href":"https:\/\/web.ciidiroaxaca.ipn.mx\/jcaballerom\/wp-json\/wp\/v2\/media?parent=6"}],"curies":[{"name":"wp","href":"https:\/\/api.w.org\/{rel}","templated":true}]}}