{"id":5,"date":"2012-08-03T21:11:15","date_gmt":"2012-08-03T21:11:15","guid":{"rendered":"https:\/\/web.ciidiroaxaca.ipn.mx\/jcaballerom\/dr-jose-luis-caballero-montes\/"},"modified":"2025-10-20T13:31:04","modified_gmt":"2025-10-20T19:31:04","slug":"dr-jose-luis-caballero-montes","status":"publish","type":"page","link":"https:\/\/web.ciidiroaxaca.ipn.mx\/jcaballerom\/","title":{"rendered":"Dr. Jos\u00e9 Luis Caballero Montes"},"content":{"rendered":"\n<figure class=\"wp-block-image aligncenter is-resized\"><img decoding=\"async\" src=\"https:\/\/web.ciidiroaxaca.ipn.mx\/jcaballerom\/wp-content\/uploads\/sites\/63\/2012\/08\/SAM_2343.JPG\" alt=\"\" style=\"width:315px;height:auto\" \/><\/figure>\n\n\n\n<h2 class=\"wp-block-heading has-text-align-center\">Doctor en Ciencias de la Educaci\u00f3n e Innovaci\u00f3n Educativa (UNM)<\/h2>\n\n\n\n<p class=\"has-text-align-center\">Maestro en Administraci\u00f3n de la Construcci\u00f3n por el Instituto Tecnol\u00f3gico de la Construcci\u00f3n&nbsp;(ITC)<\/p>\n\n\n\n<p class=\"has-text-align-center\">Ingeniero Civil del Instituto Tecnol\u00f3gico Nacional de Oaxaca<\/p>\n\n\n\n<p class=\"has-text-align-center\">Doctorante en Arquitectura y Ambiente\u00a0-Programa Interinstitucional de Doctorado en Arquitectura (PIDA)<\/p>\n\n\n\n<p class=\"has-text-align-center\">Diplomado en Proyectos de intervenci\u00f3n sostenible del h\u00e1bitat humano.<\/p>\n\n\n\n<p><strong>L\u00edneas de investigaci\u00f3n e inter\u00e9s:&nbsp;<\/strong> Vivienda y habitabilidad, proyectos de intervenci\u00f3n sustentable del h\u00e1bitat humano, arquitectura escolar, arquitectura social y comunitaria.&nbsp;<\/p>\n\n\n\n<p><strong>Datos de contacto:<\/strong><\/p>\n\n\n\n<p class=\"has-text-align-center\">jcaballerom@ipn.mx<\/p>\n\n\n\n<p class=\"has-text-align-center\">Tel: 51 70610 Ext 82718<\/p>\n","protected":false},"excerpt":{"rendered":"<p>Doctor en Ciencias de la Educaci\u00f3n e Innovaci\u00f3n Educativa (UNM) Maestro en Administraci\u00f3n de la Construcci\u00f3n por el Instituto Tecnol\u00f3gico de la Construcci\u00f3n&nbsp;(ITC) Ingeniero Civil del Instituto Tecnol\u00f3gico Nacional de Oaxaca Doctorante en Arquitectura y Ambiente\u00a0-Programa Interinstitucional de Doctorado en Arquitectura (PIDA) Diplomado en Proyectos de intervenci\u00f3n sostenible del h\u00e1bitat humano. L\u00edneas de investigaci\u00f3n e [&hellip;]<\/p>\n","protected":false},"author":63,"featured_media":0,"parent":0,"menu_order":0,"comment_status":"closed","ping_status":"closed","template":"","meta":{"_swt_meta_header_display":false,"_swt_meta_footer_display":false,"_swt_meta_site_title_display":false,"_swt_meta_sticky_header":false,"_swt_meta_transparent_header":false,"footnotes":""},"class_list":["post-5","page","type-page","status-publish","hentry"],"_links":{"self":[{"href":"https:\/\/web.ciidiroaxaca.ipn.mx\/jcaballerom\/wp-json\/wp\/v2\/pages\/5","targetHints":{"allow":["GET"]}}],"collection":[{"href":"https:\/\/web.ciidiroaxaca.ipn.mx\/jcaballerom\/wp-json\/wp\/v2\/pages"}],"about":[{"href":"https:\/\/web.ciidiroaxaca.ipn.mx\/jcaballerom\/wp-json\/wp\/v2\/types\/page"}],"author":[{"embeddable":true,"href":"https:\/\/web.ciidiroaxaca.ipn.mx\/jcaballerom\/wp-json\/wp\/v2\/users\/63"}],"replies":[{"embeddable":true,"href":"https:\/\/web.ciidiroaxaca.ipn.mx\/jcaballerom\/wp-json\/wp\/v2\/comments?post=5"}],"version-history":[{"count":5,"href":"https:\/\/web.ciidiroaxaca.ipn.mx\/jcaballerom\/wp-json\/wp\/v2\/pages\/5\/revisions"}],"predecessor-version":[{"id":43,"href":"https:\/\/web.ciidiroaxaca.ipn.mx\/jcaballerom\/wp-json\/wp\/v2\/pages\/5\/revisions\/43"}],"wp:attachment":[{"href":"https:\/\/web.ciidiroaxaca.ipn.mx\/jcaballerom\/wp-json\/wp\/v2\/media?parent=5"}],"curies":[{"name":"wp","href":"https:\/\/api.w.org\/{rel}","templated":true}]}}