{"id":5,"date":"2011-11-04T17:06:49","date_gmt":"2011-11-04T17:06:49","guid":{"rendered":"https:\/\/web.ciidiroaxaca.ipn.mx\/jasanchezg\/dr-jose-antonio-sanchez-garcia\/"},"modified":"2025-09-21T01:27:32","modified_gmt":"2025-09-21T01:27:32","slug":"dr-jose-antonio-sanchez-garcia","status":"publish","type":"page","link":"https:\/\/web.ciidiroaxaca.ipn.mx\/jasanchezg\/","title":{"rendered":"Dr. Jos\u00e9 Antonio S\u00e1nchez Garc\u00eda"},"content":{"rendered":"\n<figure class=\"wp-block-image aligncenter\"><img loading=\"lazy\" decoding=\"async\" width=\"1200\" height=\"900\" src=\"https:\/\/web.ciidiroaxaca.ipn.mx\/jasanchezg\/wp-content\/uploads\/sites\/54\/2011\/11\/Jose-Antonio-2_0.jpg\" alt=\"\" class=\"wp-image-4\" srcset=\"https:\/\/web.ciidiroaxaca.ipn.mx\/jasanchezg\/wp-content\/uploads\/sites\/54\/2011\/11\/Jose-Antonio-2_0.jpg 1200w, https:\/\/web.ciidiroaxaca.ipn.mx\/jasanchezg\/wp-content\/uploads\/sites\/54\/2011\/11\/Jose-Antonio-2_0-300x225.jpg 300w, https:\/\/web.ciidiroaxaca.ipn.mx\/jasanchezg\/wp-content\/uploads\/sites\/54\/2011\/11\/Jose-Antonio-2_0-1024x768.jpg 1024w, https:\/\/web.ciidiroaxaca.ipn.mx\/jasanchezg\/wp-content\/uploads\/sites\/54\/2011\/11\/Jose-Antonio-2_0-768x576.jpg 768w\" sizes=\"auto, (max-width: 1200px) 100vw, 1200px\" \/><\/figure>\n\n\n\n<h3 class=\"wp-block-heading has-text-align-center\">Doctor en Entomolog\u00eda y Acarolog\u00eda, egresado del Colegio de Postgraduados &nbsp;<\/h3>\n\n\n\n<p class=\"has-text-align-center\">Profesor colegiado del posgrado del CIIDIR Oaxaca, Instituto Polit\u00e9cnico Nacional.<\/p>\n\n\n\n<h3 class=\"wp-block-heading has-text-align-center\">Nivel I en el Sistema Nacional de Investigadores<\/h3>\n\n\n\n<p><strong>\u00c1reas de inter\u00e9s: <\/strong>Taxonom\u00eda de himen\u00f3pteros parasitoides (Braconidae), Biolog\u00eda y Taxonom\u00eda de cigarras (Cicadidae) y\u00a0Control biol\u00f3gico de plagas.<\/p>\n\n\n\n<p class=\"has-text-align-center\">Correos electr\u00f3nicos: jasanchezg@ipn.mx \u00a0 \u00a0 Extensi\u00f3n: 82758<\/p>\n\n\n\n<p><\/p>\n","protected":false},"excerpt":{"rendered":"<p>Doctor en Entomolog\u00eda y Acarolog\u00eda, egresado del Colegio de Postgraduados &nbsp; Profesor colegiado del posgrado del CIIDIR Oaxaca, Instituto Polit\u00e9cnico Nacional. Nivel I en el Sistema Nacional de Investigadores \u00c1reas de inter\u00e9s: Taxonom\u00eda de himen\u00f3pteros parasitoides (Braconidae), Biolog\u00eda y Taxonom\u00eda de cigarras (Cicadidae) y\u00a0Control biol\u00f3gico de plagas. Correos electr\u00f3nicos: jasanchezg@ipn.mx \u00a0 \u00a0 Extensi\u00f3n: 82758<\/p>\n","protected":false},"author":54,"featured_media":0,"parent":0,"menu_order":0,"comment_status":"closed","ping_status":"closed","template":"","meta":{"_swt_meta_header_display":false,"_swt_meta_footer_display":false,"_swt_meta_site_title_display":false,"_swt_meta_sticky_header":false,"_swt_meta_transparent_header":false,"footnotes":""},"class_list":["post-5","page","type-page","status-publish","hentry"],"_links":{"self":[{"href":"https:\/\/web.ciidiroaxaca.ipn.mx\/jasanchezg\/wp-json\/wp\/v2\/pages\/5","targetHints":{"allow":["GET"]}}],"collection":[{"href":"https:\/\/web.ciidiroaxaca.ipn.mx\/jasanchezg\/wp-json\/wp\/v2\/pages"}],"about":[{"href":"https:\/\/web.ciidiroaxaca.ipn.mx\/jasanchezg\/wp-json\/wp\/v2\/types\/page"}],"author":[{"embeddable":true,"href":"https:\/\/web.ciidiroaxaca.ipn.mx\/jasanchezg\/wp-json\/wp\/v2\/users\/54"}],"replies":[{"embeddable":true,"href":"https:\/\/web.ciidiroaxaca.ipn.mx\/jasanchezg\/wp-json\/wp\/v2\/comments?post=5"}],"version-history":[{"count":3,"href":"https:\/\/web.ciidiroaxaca.ipn.mx\/jasanchezg\/wp-json\/wp\/v2\/pages\/5\/revisions"}],"predecessor-version":[{"id":64,"href":"https:\/\/web.ciidiroaxaca.ipn.mx\/jasanchezg\/wp-json\/wp\/v2\/pages\/5\/revisions\/64"}],"wp:attachment":[{"href":"https:\/\/web.ciidiroaxaca.ipn.mx\/jasanchezg\/wp-json\/wp\/v2\/media?parent=5"}],"curies":[{"name":"wp","href":"https:\/\/api.w.org\/{rel}","templated":true}]}}