{"id":43,"date":"2011-11-04T21:18:12","date_gmt":"2011-11-04T21:18:12","guid":{"rendered":"https:\/\/web.ciidiroaxaca.ipn.mx\/jasanchezg\/tesis\/"},"modified":"2025-09-21T01:55:57","modified_gmt":"2025-09-21T01:55:57","slug":"tesis","status":"publish","type":"page","link":"https:\/\/web.ciidiroaxaca.ipn.mx\/jasanchezg\/tesis\/","title":{"rendered":"Tesis"},"content":{"rendered":"\n<h2 class=\"wp-block-heading\">Propuestas de temas de tesis<\/h2>\n\n\n\n<ul class=\"wp-block-list\">\n<li>Estudios de biolog\u00eda y taxonom\u00eda de cigarras en el estado de Oaxaca.<\/li>\n\n\n\n<li>Parasitoides asociados a mosquita blanca y paratrioza en tomate en Oaxaca.<\/li>\n\n\n\n<li>Parasitoides asociados al ps\u00edlido asi\u00e1tico y minador de los c\u00edtricos en Oaxaca.\u00a0<\/li>\n\n\n\n<li>Parasitoides asociados a moscas de la fruta en el estado de Oaxaca.<\/li>\n\n\n\n<li>Parasitoides asociados a br\u00faquidos en el estado de Oaxaca.\u00a0<\/li>\n\n\n\n<li>Parasitoides de pulgones en Valles Centrales de Oaxaca.<\/li>\n\n\n\n<li>Revisi\u00f3n de g\u00e9neros y especies de Braconidae del estado de Oaxaca.<\/li>\n\n\n\n<li>Revisi\u00f3n de g\u00e9neros y especies de la subfamilia Doryctinae (Braconidae) del estado de Oaxaca.<\/li>\n\n\n\n<li>Revisi\u00f3n de especies del g\u00e9nero Blacus (Braconidae) de la regi\u00f3n Neotropical.\u00a0<\/li>\n<\/ul>\n\n\n\n<h2 class=\"wp-block-heading\">Tesis dirigidas<\/h2>\n\n\n\n<h3 class=\"wp-block-heading\">a) Doctorado<\/h3>\n\n\n\n<ul class=\"wp-block-list\">\n<li>Miguel \u00c1ngel Garc\u00eda Garc\u00eda. Revisi\u00f3n sistem\u00e1tica del g\u00e9nero Anyphaena Sundevall, 1833 (Aranea: Anyphaenidae, Anyphaeninae) de M\u00e9xico. En proceso (cuarto semestre). Instituto Polit\u00e9cnico Nacional, CIIDIR Oaxaca.<\/li>\n\n\n\n<li>H\u00e9ctor Miguel Guzm\u00e1n V\u00e1squez, La familia\u00a0Scarabaeidae (Insecta: Coleoptera:): diversidad, distribuci\u00f3n y descripci\u00f3n de teratolog\u00edas. En proceso (quinto semestre),\u00a0Instituto Polit\u00e9cnico Nacional, CIIDIR Oaxaca.<\/li>\n\n\n\n<li>Francisco Alan Mesinas Mat\u00edas, Estudio bio-ecol\u00f3gico de Alienoclypeus insolitus Shenefelt (Hymenoptera: Braconidae), parasitoide del picudo del maguey en Valles Centrales de Oaxaca, En proceso (noveno semestre), Instituto Polit\u00e9cnico Nacional, CIIDIR Oaxaca.<\/li>\n\n\n\n<li>Elia Jir\u00f3n Pablo, Factores que afectan la din\u00e1mica poblacional de\u00a0Spodoptera frugiperda\u00a0(Lepidoptera: Noctuidae) en dos cultivos hospederos en Oaxaca, 2019, Instituto Polit\u00e9cnico Nacional, CIIDIR Oaxaca.<\/li>\n\n\n\n<li>Juli\u00e1n Hern\u00e1ndez Cruz, Revisi\u00f3n del g\u00e9nero Phyllophaga Harris (Coleoptera: Melolonthidae) en el estado de Oaxaca, 2016,\u00a0\u00a0\u00a0Instituto Polit\u00e9cnico Nacional, CIIDIR Oaxaca.\u00a0<\/li>\n<\/ul>\n\n\n\n<h3 class=\"wp-block-heading\">b) Maestr\u00eda<\/h3>\n\n\n\n<ul class=\"wp-block-list\">\n<li>N\u00e9lida Rojas Cisneros. Enemigos naturales asociados a trips (Thysanoptera) en mango (Mangifera indica L.) en Valles Centrales de Oaxaca. Instituto Polit\u00e9cnico Nacional, CIIDIR Oaxaca. En proceso (segundo semestre<\/li>\n\n\n\n<li>Eliel Esa\u00fa Mesinas Mat\u00edas, Parasitoides de Bactericera cockerelli (Sulc) (Hemiptera: Triozidae) en el cultivo de tomate, chile y plantas silvestres en Valles Centrales de Oaxaca, 2020, Instituto Polit\u00e9cnico Nacional, CIIDIR Oaxaca..<\/li>\n\n\n\n<li>Marlene Mateos Escudero, El complejo gallina ciega (Coleoptera: Melolonthidae) asociado al cultivo de ma\u00edz en Zaachila, Oaxaca, M\u00e9xico, 2019, Instituto Tecnol\u00f3gico del Valle de Oaxaca.\u00a0<\/li>\n\n\n\n<li>H\u00e9ctor Guzm\u00e1n V\u00e1squez, Inventario y an\u00e1lisis de la distribuci\u00f3n altitudinal de los escarabajos dynastinos (Coleoptera: Scarabaidae: Dynastinae) en Oaxaca, M\u00e9xico, 2018, Instituto Polit\u00e9cnico Nacional, CIIDIR Oaxaca.<\/li>\n\n\n\n<li>Aar\u00f3n Mej\u00eda Ram\u00edrez, Revisi\u00f3n taxon\u00f3mica del g\u00e9nero Paroligoneurus Muesebeck (Hymenoptera: Braconidae)\u00a0para Canad\u00e1, Estados Unidos y M\u00e9xico, 2014,\u00a0\u00a0Universidad Michoacana de San Nicol\u00e1s de Hidalgo, Instituto de Investigaciones Agropecuarias y Forestales.\u00a0<\/li>\n\n\n\n<li>Nancy Alonso Hern\u00e1ndez, Sistema de informaci\u00f3n geogr\u00e1fica aplicado a los registros de distribuci\u00f3n de brac\u00f3nidos (Hymenoptera)\u00a0 en el estado de Oaxaca, 2013, Instituto Polit\u00e9cnico Nacional, CIIDIR Oaxaca.\u00a0\u00a0<\/li>\n\n\n\n<li>Francisco Alan Mesinas Mat\u00edas, Parasitoides asociados a la mosca de la fruta Anastrepha ludens (Loew) en cultivo de mango en Santa Cruz Xoxocotl\u00e1n, Oaxaca, 2011, Instituto Tecnol\u00f3gico del Valle de Oaxaca..<\/li>\n\n\n\n<li>Ninfa Ruiz Santiago, Efecto y mejoramiento de la tolerancia a la salinidad de nematodos Romanomermis iyengari \u00a0par\u00e1sitos de mosquitos, 2010, Instituto Polit\u00e9cnico Nacional, CIIDIR Oaxaca.<\/li>\n\n\n\n<li>Alejandro Mart\u00ednez Gonz\u00e1lez, Himen\u00f3pteros parasitoides de Santa Mar\u00eda Yaves\u00eda, Sierra Norte de Oaxaca, 2009,\u00a0\u00a0Instituto Polit\u00e9cnico Nacional, CIIDIR Oaxaca.<\/li>\n\n\n\n<li>Uriel Baeza Nahed, Parasitoides del minador de la hoja de los c\u00edtricos (Phyllocnistis citrella Stainton) y del ps\u00edlido asi\u00e1tico en la Costa de Oaxaca, 2008, Instituto Polit\u00e9cnico Nacional, CIIDIR Oaxaca.\u00a0<\/li>\n\n\n\n<li>Manuel Morales L\u00f3pez, Estudio de brac\u00f3nidos (Hymenoptera) en el municipio de Pluma Hidalgo, Oaxaca, 2007, Instituto Polit\u00e9cnico Nacional, CIIDIR Oaxaca.\u00a0<\/li>\n\n\n\n<li>Silvia Avenda\u00f1o Flores, B\u00fasqueda de parasitoides asociados a Anastrepha spp. en frutales de la regi\u00f3n de Tapanatepec, Oaxaca, 2006, Instituto Polit\u00e9cnico Nacional,\u00a0CIIDIR Oaxaca&#8230;<\/li>\n\n\n\n<li>Juan Manuel Maldonado Venegas, Identificaci\u00f3n taxon\u00f3mica y descripci\u00f3n morfol\u00f3gica del insecto causante de urticaria (Megalopyge sp.) y brac\u00f3nidos asociados al cultivo del nogal (juglans regia) en Cuilapam de Guerrero, Oaxac, 2005, Instituto Tecnol\u00f3gico Agropecuario de Oaxaca No. 23.\u00a0<\/li>\n<\/ul>\n\n\n\n<h3 class=\"wp-block-heading\">c) Licenciatura:<\/h3>\n\n\n\n<ul class=\"wp-block-list\">\n<li>Lizbeth Liliana Avenda\u00f1o Alavez, G\u00e9neros de Braconidae (Hymenoptera: Ichneumonoidea) asociados al cultivo del algod\u00f3n en la Comarca Lagunera, 2016, Universidad Aut\u00f3noma Chapingo, Unidad Regional Universitaria de Zonas \u00c1ridas Bermejllo, Durango.<\/li>\n\n\n\n<li>Mario Alberto G\u00f3mez Toledo, Marlene Ortiz Luis y Marcos Rodr\u00edguez Urbieta, Himen\u00f3pteros parasitoides presentes en Valles Centrales de Oaxaca, 2015, Tesis de Licenciatura, Ingeniero Agr\u00f3nomo, Instituto Tecnol\u00f3gico de Comitancillo.<\/li>\n<\/ul>\n","protected":false},"excerpt":{"rendered":"<p>Propuestas de temas de tesis Tesis dirigidas a) Doctorado b) Maestr\u00eda c) Licenciatura:<\/p>\n","protected":false},"author":54,"featured_media":0,"parent":0,"menu_order":0,"comment_status":"closed","ping_status":"closed","template":"","meta":{"_swt_meta_header_display":false,"_swt_meta_footer_display":false,"_swt_meta_site_title_display":false,"_swt_meta_sticky_header":false,"_swt_meta_transparent_header":false,"footnotes":""},"class_list":["post-43","page","type-page","status-publish","hentry"],"_links":{"self":[{"href":"https:\/\/web.ciidiroaxaca.ipn.mx\/jasanchezg\/wp-json\/wp\/v2\/pages\/43","targetHints":{"allow":["GET"]}}],"collection":[{"href":"https:\/\/web.ciidiroaxaca.ipn.mx\/jasanchezg\/wp-json\/wp\/v2\/pages"}],"about":[{"href":"https:\/\/web.ciidiroaxaca.ipn.mx\/jasanchezg\/wp-json\/wp\/v2\/types\/page"}],"author":[{"embeddable":true,"href":"https:\/\/web.ciidiroaxaca.ipn.mx\/jasanchezg\/wp-json\/wp\/v2\/users\/54"}],"replies":[{"embeddable":true,"href":"https:\/\/web.ciidiroaxaca.ipn.mx\/jasanchezg\/wp-json\/wp\/v2\/comments?post=43"}],"version-history":[{"count":3,"href":"https:\/\/web.ciidiroaxaca.ipn.mx\/jasanchezg\/wp-json\/wp\/v2\/pages\/43\/revisions"}],"predecessor-version":[{"id":79,"href":"https:\/\/web.ciidiroaxaca.ipn.mx\/jasanchezg\/wp-json\/wp\/v2\/pages\/43\/revisions\/79"}],"wp:attachment":[{"href":"https:\/\/web.ciidiroaxaca.ipn.mx\/jasanchezg\/wp-json\/wp\/v2\/media?parent=43"}],"curies":[{"name":"wp","href":"https:\/\/api.w.org\/{rel}","templated":true}]}}