{"id":9,"date":"2016-03-16T16:40:26","date_gmt":"2016-03-16T16:40:26","guid":{"rendered":"https:\/\/web.ciidiroaxaca.ipn.mx\/imoralesg\/actividades-academicas\/"},"modified":"2025-10-08T16:20:11","modified_gmt":"2025-10-08T16:20:11","slug":"actividades-academicas","status":"publish","type":"page","link":"https:\/\/web.ciidiroaxaca.ipn.mx\/imoralesg\/actividades-academicas\/","title":{"rendered":"Actividades acad\u00e9micas"},"content":{"rendered":"\n<h3 class=\"wp-block-heading\">Unidades de aprendizaje.<\/h3>\n\n\n\n<p><strong>Cultivos sin suelo y horticultura protegida<\/strong>,&nbsp;Maestr\u00eda en Ciencias en&nbsp;Conservaci\u00f3n y Aprovechamiento&nbsp;de Recursos Naturales. CIIDIR-IPN Oaxaca. Curso de 60 horas. Profesor Titular<\/p>\n\n\n\n<p><strong>Seminario de Investigaci\u00f3n III<\/strong>,\u00a0Maestr\u00eda en Ciencias en\u00a0Conservaci\u00f3n y Aprovechamiento\u00a0de Recursos Naturales. CIIDIR-IPN Oaxaca. Curso de 30 horas. Profesor Asistente.<\/p>\n\n\n\n<p><a href=\"https:\/\/web.ciidiroaxaca.ipn.mx\/imoralesg\/wp-content\/uploads\/sites\/56\/2016\/03\/Fisiologia_Vegetal.pdf\" target=\"_blank\" rel=\"noreferrer noopener\">Fisiolog\u00eda Vegetal<\/a>,&nbsp;Maestr\u00eda en Ciencias en&nbsp;Conservaci\u00f3n y Aprovechamiento&nbsp;de Recursos Naturales. CIIDIR-IPN Oaxaca. Curso de 60 horas. Profesor Asistente.<\/p>\n\n\n\n<p><strong>Seminario de Investigaci\u00f3n III<\/strong>,\u00a0Doctorado en Ciencias en\u00a0Conservaci\u00f3n y Aprovechamiento\u00a0de Recursos Naturales. CIIDIR-IPN Oaxaca. Curso de 30 horas. Profesor Titular.<\/p>\n\n\n\n<p><\/p>\n","protected":false},"excerpt":{"rendered":"<p>Unidades de aprendizaje. Cultivos sin suelo y horticultura protegida,&nbsp;Maestr\u00eda en Ciencias en&nbsp;Conservaci\u00f3n y Aprovechamiento&nbsp;de Recursos Naturales. CIIDIR-IPN Oaxaca. Curso de 60 horas. Profesor Titular Seminario de Investigaci\u00f3n III,\u00a0Maestr\u00eda en Ciencias en\u00a0Conservaci\u00f3n y Aprovechamiento\u00a0de Recursos Naturales. CIIDIR-IPN Oaxaca. Curso de 30 horas. Profesor Asistente. Fisiolog\u00eda Vegetal,&nbsp;Maestr\u00eda en Ciencias en&nbsp;Conservaci\u00f3n y Aprovechamiento&nbsp;de Recursos Naturales. CIIDIR-IPN Oaxaca. Curso [&hellip;]<\/p>\n","protected":false},"author":56,"featured_media":0,"parent":0,"menu_order":0,"comment_status":"closed","ping_status":"closed","template":"","meta":{"_swt_meta_header_display":false,"_swt_meta_footer_display":false,"_swt_meta_site_title_display":false,"_swt_meta_sticky_header":false,"_swt_meta_transparent_header":false,"footnotes":""},"class_list":["post-9","page","type-page","status-publish","hentry"],"_links":{"self":[{"href":"https:\/\/web.ciidiroaxaca.ipn.mx\/imoralesg\/wp-json\/wp\/v2\/pages\/9","targetHints":{"allow":["GET"]}}],"collection":[{"href":"https:\/\/web.ciidiroaxaca.ipn.mx\/imoralesg\/wp-json\/wp\/v2\/pages"}],"about":[{"href":"https:\/\/web.ciidiroaxaca.ipn.mx\/imoralesg\/wp-json\/wp\/v2\/types\/page"}],"author":[{"embeddable":true,"href":"https:\/\/web.ciidiroaxaca.ipn.mx\/imoralesg\/wp-json\/wp\/v2\/users\/56"}],"replies":[{"embeddable":true,"href":"https:\/\/web.ciidiroaxaca.ipn.mx\/imoralesg\/wp-json\/wp\/v2\/comments?post=9"}],"version-history":[{"count":4,"href":"https:\/\/web.ciidiroaxaca.ipn.mx\/imoralesg\/wp-json\/wp\/v2\/pages\/9\/revisions"}],"predecessor-version":[{"id":55,"href":"https:\/\/web.ciidiroaxaca.ipn.mx\/imoralesg\/wp-json\/wp\/v2\/pages\/9\/revisions\/55"}],"wp:attachment":[{"href":"https:\/\/web.ciidiroaxaca.ipn.mx\/imoralesg\/wp-json\/wp\/v2\/media?parent=9"}],"curies":[{"name":"wp","href":"https:\/\/api.w.org\/{rel}","templated":true}]}}