{"id":7,"date":"2016-03-16T16:38:43","date_gmt":"2016-03-16T16:38:43","guid":{"rendered":"https:\/\/web.ciidiroaxaca.ipn.mx\/imoralesg\/tesis\/"},"modified":"2025-10-10T01:06:16","modified_gmt":"2025-10-10T01:06:16","slug":"tesis","status":"publish","type":"page","link":"https:\/\/web.ciidiroaxaca.ipn.mx\/imoralesg\/tesis\/","title":{"rendered":"Tesis"},"content":{"rendered":"\n<h3 class=\"wp-block-heading\">Tesis de Doctorado&nbsp;Graduados&nbsp;<\/h3>\n\n\n\n<p>An\u00e1lisis de pol\u00edticas p\u00fablicas y la producci\u00f3n de Agave en el estado de Oaxaca. \u00c1ngel Sa\u00fal Cruz Ramirez. Doctorado en Ciencias en Conservaci\u00f3n y Aprovechamiento de Recursos Naturales. CIIDIR, OAXACA. 2024. Director de tesis.<\/p>\n\n\n\n<p>Characterization of rhizobacteria isolated from wild plants of Physalis sp. and study of its biofertilizing effect in vitro, and in seedlings and fruits of tomatillo (Physalis ixocarpa Brot.). Heriberto Fortino Ramirez Cari\u00f1o. Doctorado en Ciencias en Conservaci\u00f3n y Aprovechamiento de Recursos Naturales. CIIDIR, OAXACA. 2023. Director de tesis.<\/p>\n\n\n\n<p>Evaluaci\u00f3n de biodigestores para la obtenci\u00f3n de biog\u00e1s y biofertilizante a partir de las vinazas del mezcal. Edwin Alfonso Zelaya Benavidez. Doctorado en Ciencias en Conservaci\u00f3n y Aprovechamiento de Recursos Naturales. CIIDIR, OAXACA. 2022. Director de tesis.<\/p>\n\n\n\n<p>ALTERNATIVAS BIOECOL\u00d3GICAS PARA EL CONTROL DE NEM\u00c1TODOS FITOPAT\u00d3GENOS EN TOMATE ROJO (Solanum lycopersicum L.) CULTIVADO EN INVERNADERO. Sergio Ines Vasquez. Doctorado en Ciencias en Conservaci\u00f3n y Aprovechamiento de Recursos Naturales. CIIDIR, OAXACA. 2021. Asesor de tesis.<\/p>\n\n\n\n<p>Producci\u00f3n de chile de agua (Capsicum annuum) bajo sistemas protegidos de bajo costo. Oscar Roberto Cruz Andr\u00e9s. Doctorado en Ciencias en Conservaci\u00f3n y Aprovechamiento de Recursos Naturales. CIIDIR, OAXACA. 2019. Asesor de tesis.<\/p>\n\n\n\n<p>Aspectos morfom\u00e9tricos y fisiol\u00f3gicos en chiles&nbsp;(Capsicum annuum L.)&nbsp;nativos de Oaxaca. Jair San Juan Martinez. Doctorado en Ciencias en Conservaci\u00f3n y Aprovechamiento de Recursos Naturales. CIIDIR, OAXACA 2021. Asesor de tesis<\/p>\n\n\n\n<p><\/p>\n\n\n\n<h3 class=\"wp-block-heading\">Tesis de Maestr\u00eda&nbsp;Graduados&nbsp;<\/h3>\n\n\n\n<p><\/p>\n\n\n\n<p>EVALUACI\u00d3N DE REGULADORES DEL CRECIMIENTO VEGETAL Y SUSTRATOS EN AGAVES SILVESTRES . Alvaro Zuriel Ortiz Bailon. Maestr\u00eda en Ciencias en Conservaci\u00f3n y Aprovechamiento de Recursos Naturales. CIIDIR, OAXACA. 2025. Asesor de tesis<\/p>\n\n\n\n<p>Evaluaci\u00f3n de variedades del cultivo de pepino en diferentes estructuras de protecci\u00f3n. Gabriela Bautista Bautista. Maestr\u00eda en Ciencias en Conservaci\u00f3n y Aprovechamiento de Recursos Naturales. CIIDIR, OAXACA. 2025. Director de tesis<\/p>\n\n\n\n<p>Factores para la integraci\u00f3n de la ruta del mezcal ancestral y artesanal en los distritos de Zimatl\u00e1n y Sola de Vega del estado de Oaxaca. Joaquin Poblete Avenda\u00f1o. Maestr\u00eda en Ciencias en Conservaci\u00f3n y Aprovechamiento de Recursos Naturales. CIIDIR, OAXACA. 2024. Director de tesis<\/p>\n\n\n\n<p>Efecto en el crecimiento de Tilapia (Oreochromis sp) a base de larvas de Tenebrio molitor y Galleria mellonella. Tamara Aquino Aguilar.&nbsp;Maestr\u00eda en Ciencias en Conservaci\u00f3n y Aprovechamiento de Recursos Naturales. CIIDIR, OAXACA. 2022.&nbsp;&nbsp;Asesor de tesis.<\/p>\n\n\n\n<p>Efecto de fertilizantes de liberacion lenta en dos especies silvestres del genero Agave. Carlos Castillejos Reyes. Maestr\u00eda en Ciencias en Conservaci\u00f3n y Aprovechamiento de Recursos Naturales. CIIDIR, OAXACA. 2022.&nbsp;&nbsp;Asesor de tesis.<\/p>\n\n\n\n<p>Efecto del \u00e1cido glut\u00e1mico en plantas de tomate (Lycopersicon esculentum Mill). Miguel \u00c1ngel Ram\u00edrez Cruz. Maestr\u00eda en Ciencias en Conservaci\u00f3n y Aprovechamiento de Recursos Naturales. CIIDIR, OAXACA. 2021. Asesor de tesis.<\/p>\n\n\n\n<p>Efecto de luz artificial sobre el crecimiento y contenido de fructanos de Agave potatorum Zucc. Hugo Luis de los Santos L\u00f3pez. Maestr\u00eda en Ciencias en Conservaci\u00f3n y Aprovechamiento de Recursos Naturales. CIIDIR, OAXACA. 2019. Asesor de tesis<\/p>\n\n\n\n<p>Caracterizaci\u00f3n clim\u00e1tica y producci\u00f3n intensiva de fresa (Fragaria spp.) en contenedores escaleriformes bajo invernadero. Federico Velasco L\u00f3pez. Maestr\u00eda en Ciencias en Conservaci\u00f3n y Aprovechamiento de Recursos Naturales. CIIDIR, OAXACA. 2017. Director de tesis.<\/p>\n\n\n\n<p><\/p>\n\n\n\n<p><\/p>\n","protected":false},"excerpt":{"rendered":"<p>Tesis de Doctorado&nbsp;Graduados&nbsp; An\u00e1lisis de pol\u00edticas p\u00fablicas y la producci\u00f3n de Agave en el estado de Oaxaca. \u00c1ngel Sa\u00fal Cruz Ramirez. Doctorado en Ciencias en Conservaci\u00f3n y Aprovechamiento de Recursos Naturales. CIIDIR, OAXACA. 2024. Director de tesis. Characterization of rhizobacteria isolated from wild plants of Physalis sp. and study of its biofertilizing effect in vitro, [&hellip;]<\/p>\n","protected":false},"author":56,"featured_media":0,"parent":0,"menu_order":0,"comment_status":"closed","ping_status":"closed","template":"","meta":{"_swt_meta_header_display":false,"_swt_meta_footer_display":false,"_swt_meta_site_title_display":false,"_swt_meta_sticky_header":false,"_swt_meta_transparent_header":false,"footnotes":""},"class_list":["post-7","page","type-page","status-publish","hentry"],"_links":{"self":[{"href":"https:\/\/web.ciidiroaxaca.ipn.mx\/imoralesg\/wp-json\/wp\/v2\/pages\/7","targetHints":{"allow":["GET"]}}],"collection":[{"href":"https:\/\/web.ciidiroaxaca.ipn.mx\/imoralesg\/wp-json\/wp\/v2\/pages"}],"about":[{"href":"https:\/\/web.ciidiroaxaca.ipn.mx\/imoralesg\/wp-json\/wp\/v2\/types\/page"}],"author":[{"embeddable":true,"href":"https:\/\/web.ciidiroaxaca.ipn.mx\/imoralesg\/wp-json\/wp\/v2\/users\/56"}],"replies":[{"embeddable":true,"href":"https:\/\/web.ciidiroaxaca.ipn.mx\/imoralesg\/wp-json\/wp\/v2\/comments?post=7"}],"version-history":[{"count":9,"href":"https:\/\/web.ciidiroaxaca.ipn.mx\/imoralesg\/wp-json\/wp\/v2\/pages\/7\/revisions"}],"predecessor-version":[{"id":69,"href":"https:\/\/web.ciidiroaxaca.ipn.mx\/imoralesg\/wp-json\/wp\/v2\/pages\/7\/revisions\/69"}],"wp:attachment":[{"href":"https:\/\/web.ciidiroaxaca.ipn.mx\/imoralesg\/wp-json\/wp\/v2\/media?parent=7"}],"curies":[{"name":"wp","href":"https:\/\/api.w.org\/{rel}","templated":true}]}}