{"id":6,"date":"2016-03-16T16:37:37","date_gmt":"2016-03-16T16:37:37","guid":{"rendered":"https:\/\/web.ciidiroaxaca.ipn.mx\/imoralesg\/proyectos-de-investigacion\/"},"modified":"2025-10-08T16:28:28","modified_gmt":"2025-10-08T16:28:28","slug":"proyectos-de-investigacion","status":"publish","type":"page","link":"https:\/\/web.ciidiroaxaca.ipn.mx\/imoralesg\/proyectos-de-investigacion\/","title":{"rendered":"Proyectos de investigaci\u00f3n"},"content":{"rendered":"\n<p><strong>SIP20250755.<\/strong> Biol de vinazas del mezcal y su efecto biofertilizante en el rendimiento del cultivo del maiz. Director de Proyecto.<\/p>\n\n\n\n<p><strong>SIP20240767.<\/strong> Alternativas de fertilizaci\u00f3n del cultivo del Maiz (Zea maiz L.). Director de Proyecto.<\/p>\n\n\n\n<p><strong>SIP20230511.<\/strong> Inoculaci\u00f3n de Acinetobacter calcoaceticus en el crecimiento, productividad y calidad de fruto del cultivo de tomate de cascara (Physalis spp.). Director de Proyecto.<\/p>\n\n\n\n<p><strong>SIP20221254 <\/strong>Biofertirrigaci\u00f3n y uso de micorriza para la nutrici\u00f3n de pl\u00e1ntulas de agaves spp. Director de Proyecto.<\/p>\n\n\n\n<p><strong>SIP20210973. <\/strong>Biofertilizaci\u00f3n en el cultivo de Physalis spp. y Agaves spp. bajo sistemas protegidos. Director de Proyecto.<\/p>\n\n\n\n<p><strong>SIP20200747<\/strong>. Manejo de vivero de pl\u00e1ntulas de Agaves spp. 2020. Director de Proyecto.<\/p>\n\n\n\n<p><strong>SIP20195409<\/strong>. Manejo de vivero de pl\u00e1ntulas de Agaves spp. 2019. Director de Proyecto.<\/p>\n\n\n\n<p><strong>SIP20180259<\/strong>. T\u00e9cnicas de producci\u00f3n intensiva de pl\u00e1ntulas de Agaves silvestres. 2018. Director de Proyecto.<\/p>\n\n\n\n<p><strong>SIP20170949<\/strong>. Evaluaci\u00f3n de crecimiento vegetal y nutrimental del chile pasilla. 2017. Director de Proyecto.<\/p>\n\n\n\n<p><strong>SIP20170188<\/strong>. Nutrici\u00f3n hidroponica, Propagaci\u00f3n y uso del bagazo de Agave potatorum. 2017. &nbsp;Participante de Proyecto.<\/p>\n\n\n\n<p><strong>SIP20181569<\/strong>. Caracterizaci\u00f3n morfol\u00f3gica, geogr\u00e1fica y ambiental de especies silvestres de Zarzamora en la Sierra Norte de Oaxaca. 2018. Participante de Proyecto.<\/p>\n\n\n\n<p><strong>SIP20160437<\/strong>.&nbsp;Nutrici\u00f3n y ecofisiologia de Agave spp. en condiciones protegidas Hidrop\u00f3nicas y campo. Se tienen experimentos de nutrici\u00f3n hidrop\u00f3nica de Agave potatorum Zucc. Participante de Proyecto.<\/p>\n\n\n\n<p>CONACyT clave: 248261 \u201cUso y conocimiento de Physalis spp. para su cultivo en ambientes protegidos y campo\u201d. Convocatoria Problemas Nacionales. 2016-2017. Participante de Proyecto.<\/p>\n\n\n\n<p><strong>SIP2015-RE\/1124<\/strong> \u201cUso y conocimiento de Physalis spp. para su cultivo en ambientes protegidos y campo\u201d. 2015. Participante de Proyecto.<\/p>\n","protected":false},"excerpt":{"rendered":"<p>SIP20250755. Biol de vinazas del mezcal y su efecto biofertilizante en el rendimiento del cultivo del maiz. Director de Proyecto. SIP20240767. Alternativas de fertilizaci\u00f3n del cultivo del Maiz (Zea maiz L.). Director de Proyecto. SIP20230511. Inoculaci\u00f3n de Acinetobacter calcoaceticus en el crecimiento, productividad y calidad de fruto del cultivo de tomate de cascara (Physalis spp.). [&hellip;]<\/p>\n","protected":false},"author":56,"featured_media":0,"parent":0,"menu_order":0,"comment_status":"closed","ping_status":"closed","template":"","meta":{"_swt_meta_header_display":false,"_swt_meta_footer_display":false,"_swt_meta_site_title_display":false,"_swt_meta_sticky_header":false,"_swt_meta_transparent_header":false,"footnotes":""},"class_list":["post-6","page","type-page","status-publish","hentry"],"_links":{"self":[{"href":"https:\/\/web.ciidiroaxaca.ipn.mx\/imoralesg\/wp-json\/wp\/v2\/pages\/6","targetHints":{"allow":["GET"]}}],"collection":[{"href":"https:\/\/web.ciidiroaxaca.ipn.mx\/imoralesg\/wp-json\/wp\/v2\/pages"}],"about":[{"href":"https:\/\/web.ciidiroaxaca.ipn.mx\/imoralesg\/wp-json\/wp\/v2\/types\/page"}],"author":[{"embeddable":true,"href":"https:\/\/web.ciidiroaxaca.ipn.mx\/imoralesg\/wp-json\/wp\/v2\/users\/56"}],"replies":[{"embeddable":true,"href":"https:\/\/web.ciidiroaxaca.ipn.mx\/imoralesg\/wp-json\/wp\/v2\/comments?post=6"}],"version-history":[{"count":4,"href":"https:\/\/web.ciidiroaxaca.ipn.mx\/imoralesg\/wp-json\/wp\/v2\/pages\/6\/revisions"}],"predecessor-version":[{"id":60,"href":"https:\/\/web.ciidiroaxaca.ipn.mx\/imoralesg\/wp-json\/wp\/v2\/pages\/6\/revisions\/60"}],"wp:attachment":[{"href":"https:\/\/web.ciidiroaxaca.ipn.mx\/imoralesg\/wp-json\/wp\/v2\/media?parent=6"}],"curies":[{"name":"wp","href":"https:\/\/api.w.org\/{rel}","templated":true}]}}