{"id":5,"date":"2016-03-16T16:35:13","date_gmt":"2016-03-16T16:35:13","guid":{"rendered":"https:\/\/web.ciidiroaxaca.ipn.mx\/imoralesg\/publicaciones\/"},"modified":"2025-10-18T13:04:55","modified_gmt":"2025-10-18T19:04:55","slug":"publicaciones","status":"publish","type":"page","link":"https:\/\/web.ciidiroaxaca.ipn.mx\/imoralesg\/publicaciones\/","title":{"rendered":"Publicaciones"},"content":{"rendered":"\n<h3 class=\"wp-block-heading\">Publicaciones en Revistas JCR<\/h3>\n\n\n\n<p>Angel Saul Cruz-Ram\u00edrez, Gabino A. Mart\u00ednez Guti\u00e9rrez, Isidro Morales Garc\u00eda, Mar\u00eda del Rosario L\u00f3pez-Garc\u00eda, Carlos Roman Castillo Mart\u00ednez. Comparison of models for estimating the planted area of Agave spp. for mezcal production in Mexico. 2025. Agroproductivdad. <a href=\"https:\/\/doi.org\/10.32854\/6q7dtw68\">tps:\/\/doi.org\/10.32854\/6q7dtw68<\/a><\/p>\n\n\n\n<p>Alvaro Zuriel Ortiz Bailon, Gabino A. Mart\u00ednez Guti\u00e9rrez, Baldomero H. Z\u00e1rate Nicol\u00e1s, Isidro Morales. Enraizamiento y crecimiento en vivero de maguey arroque\u00f1o (<em>A. americana<\/em> var. oaxacensis) con dos estimulantes radicales. 2025. CIENCIA ergo-sum en prensa.<\/p>\n\n\n\n<p>Enr\u00edquez-del Valle, Jos\u00e9 Raymundo, Garnica-Garc\u00eda, Raquel, Rodr\u00edguez-Ortiz, Gerardo, &amp; Morales, Isidro. Crecimiento de plantas de <em>Agave angustifolia<\/em> originadas de&nbsp; bulbilos, sometidas a diferentes sustratos y fertirriego. IDESIA 2024; 42(1):24-31. <a href=\"https:\/\/doi.org\/10.4067\/S0718-34292024000100024\">https:\/\/doi.org\/10.4067\/S0718-34292024000100024<\/a>.<\/p>\n\n\n\n<p>Cruz-L\u00f3pez Vianii, Granados-Echegoyen Carlos Alejandro, P\u00e9rez-Pacheco Rafael, Robles Celerino, \u00c1lvarez-Lopeztello Jon\u00e1s, Morales Isidro, Bastidas-Orrego Lina Mar\u00eda, Garc\u00eda-P\u00e9rez Florinda, Dorantes-Jim\u00e9nez Jaime, Landero-Valenzuela Nadia. Plant diversity as a sustainable strategy for mitigating biotic and abiotic stresses in tomato cultivation. Front. Sustain. Food Syst. (2024). 8:1336810. doi: 10.3389\/fsufs.2024.1336810<\/p>\n\n\n\n<p>Cruz-L\u00f3pez Vianii, Granados-Echegoyen Carlos Alejandro , P\u00e9rez-Pacheco Rafael , Robles Celerino , \u00c1lvarez-Lopeztello Jon\u00e1s , Morales Isidro , Bastidas-Orrego Lina Mar\u00eda , Garc\u00eda-P\u00e9rez Florinda , Dorantes-Jim\u00e9nez Jaime , Landero-Valenzuela Nadia. Plant diversity as a sustainable strategy for mitigating biotic and abiotic stresses in tomato cultivation. Front. Sustain. Food Syst. (2024). 8:1336810. doi: 10.3389\/fsufs.2024.1336810<\/p>\n\n\n\n<p>Heriberto Fortino Ram\u00edrez- Cari\u00f1o, Isidro Morales, Paula Cecilia Guadarrama-Mendoza, Elizabeth Gonz\u00e1lez-Terreros, Gabino Alberto Mart\u00ednez- Guti\u00e9rrez, Christopher A. Dunlap, Rogelio Valadez Blanco. Biofertilizing effect of putative plant growth promoting rhizobacteria in vitro and in tomatillo seedlings (<em>Physalis ixocarpa <\/em>Brot.) Sci. Hortic., 308 (2023). <a href=\"https:\/\/doi.org\/10.1016\/j.scienta.2022.111567\">https:\/\/doi.org\/10.1016\/j.scienta.2022.111567<\/a>.<\/p>\n\n\n\n<p>Ram\u00edrez-Cari\u00f1o, H.F.; Ochoa-Velasco, C.E.; Guerrero-Analco, J.A.; Monribot-Villanueva, J.L.; Calder\u00f3n-Garc\u00eda, C.; Gonz\u00e1lez-Terreros, E.; Escamirosa-Tinoco, C.; Morales, I.; Valadez-Blanco, R. Combined Effect of the Potassium Dose and Plant Biofertilization by&nbsp;<em>Acinetobacter calcoaceticus<\/em>&nbsp;on the Growth, Mineral Content, Nutritional Quality, Antioxidant Activity, and Metabolomic Features of Tomatillo Fruits (<em>Physalis ixocarpa<\/em>&nbsp;Brot.).&nbsp;<em>Plants<\/em>&nbsp;<strong>2023<\/strong>,&nbsp;<em>12<\/em>, 466. https:\/\/doi.org\/10.3390\/plants12030466<\/p>\n\n\n\n<p>Angel Saul Cruz-Ram\u00edrez, Gabino Alberto Mart\u00ednez-Guti\u00e9rrez, Alberto Gabino Mart\u00ednez-Hern\u00e1ndez, Isidro Morales, Cirenio Escamirosa-Tinoco. Price trends of Agave Mezcalero in Mexico using multiple linear regression models. Ciencia Rural 53 (3). 2023. http:\/\/doi.org\/10.1590\/0103-8478cr20210685<\/p>\n\n\n\n<p>Domitila Jarqu\u00edn-Rosales, Jos\u00e9 Raymundo Enr\u00edquez-del Valle, Juan Jos\u00e9 Alpuche-Osorno, Gerardo Rodr\u00edguez-Ortiz, Gisela Virginia Campos-Angeles, Isidro Morales. <em>Agave angustifolia<\/em> bulbil growth in different substrates, with doses of fertigation and inoculation with <em>Azospirillum brasilense<\/em>. Ciencia Rural 53 (3). 2023. <a href=\"http:\/\/doi.org\/10.1590\/0103-8478cr20210863\">http:\/\/doi.org\/10.1590\/0103-8478cr20210863<\/a>.<\/p>\n\n\n\n<p>Fernando de Jes\u00fas Carballo-M\u00e9ndez, Miguel Urrestarazu, Juan Carlos Rodr\u00edguez-Ortiz, Isidro Morales. Electrical conductivity of the nutrient solution on the vegetative propagation of bell pepper and tomato Ciencia Rural 53 (2) \u2022 2023. <a href=\"https:\/\/doi.org\/10.1590\/0103-8478cr20210730\">https:\/\/doi.org\/10.1590\/0103-8478cr20210730<\/a>.<\/p>\n\n\n\n<p>Miguel Angel Ram\u00edrez-Cruz, Angelica Bautista Cruz, Aurelio Baez Perez, Teodulfo Aquino Bola\u00f1os, Isidro Morales, Edgar Garcia Sanchez. La aplicaci\u00f3n foliar de \u00e1cido glut\u00e1mico mejora el rendimiento y algunos par\u00e1metros f\u00edsicos y qu\u00edmicos de la calidad del fruto de tomate. INTERCIENCIA. 2022. 47(1\/2):31-38.<\/p>\n\n\n\n<p>Zelaya-Benavidez EA, Mart\u00ednez-Guti\u00e9rrez GA, Robles C, Morales I. Use of mezcal vinasses to produce methane by co-digestion with bovine manure. BIOTECNIA. 2023. 24(2). <a href=\"https:\/\/doi.org\/10.18633\/biotecnia.v24i2.1501\">https:\/\/doi.org\/10.18633\/biotecnia.v24i2.1501<\/a>.<\/p>\n\n\n\n<p>Velasco-L\u00f3pez, F., Mart\u00ednez-Guti\u00e9rrez, G. A., Morales, I., Vasquez-Lopez, A. Escamirosa-Tinoco, C. 2020. Photosynthetically active radiation in strawberry produced in stair-like containers. Horticultura Brasileira. 35: 8-11.&nbsp;<a href=\"http:\/\/dx.doi.org\/10.1590\/S0102-053620200101\" target=\"_blank\" rel=\"noreferrer noopener\">http:\/\/dx.doi.org\/10.1590\/S0102-053620200101<\/a><\/p>\n\n\n\n<p>Langle-Argello, A., Martinez-Gutierrez, G. A., Santiago-Garc\u00eda, P. A., Escamirosa-Tinoco, C., Morales, I., Enr\u00edquez-del-Valle J. R..2019. Nutrient Solutions and Drought in Plant Growth and Fructans Content of Agave potatorum Zucc. HORTSCIENCE 54(9):1581\u20131584. <a href=\"https:\/\/doi.org\/10.21273\/HORTSCI14129-19\" target=\"_blank\" rel=\"noreferrer noopener\">https:\/\/doi.org\/10.21273\/HORTSCI14129-19<\/a><\/p>\n\n\n\n<p>Aquino-Bola\u00f1os, T., Morales-Garc\u00eda, I.&nbsp;Mart\u00ednez-Guti\u00e9rrez G.&nbsp;&nbsp;A. 2019. Survival and Effectiveness of Entomopathogenic Nematodes in Oil Emulsions Against Scyphophorus acupunctatus Gyllenhal in a Laboratory. Southwestern Entomologist, 44(1): 155-163. <a href=\"https:\/\/doi.org\/10.3958\/059.044.0117\" target=\"_blank\" rel=\"noreferrer noopener\">https:\/\/doi.org\/10.3958\/059.044.0117<\/a>.<\/p>\n\n\n\n<p>Cruz-Andr\u00e9s, O. R., P\u00e9rez-Herrera, A., Mart\u00ednez-Guti\u00e9rrez, G. A., Morales, I. 2018. Cubiertas de macrot\u00faneles y su efecto en las propiedades nutrace\u00faticas del chile de agua. Revista Fitotecnia Mexicana. Vol. 41 (4-A): 555 &#8211; 558, ISNN: 0187-7380.<\/p>\n\n\n\n<p>Morales, I., Mart\u00ednez-Guti\u00e9rrez, G. A., Escamirosa-Tinoco C., Najera, C., Pagan-Loeiro, L. T. Urrestarazu, M. Production and Quality of Physalis ixocarpa Brot. Fruit under Colored Shade Netting. HortScience. ISSN: 2327-9834. 53(6):823\u2013828.<a href=\"https:\/\/doi.org\/10.21273\/HORTSCI13100-18\" target=\"_blank\" rel=\"noreferrer noopener\"> https:\/\/doi.org\/10.21273\/HORTSCI13100-18<\/a>.<\/p>\n\n\n\n<p>Pagan, Loeiro da Cunha-Chiamolera, T., Urrestarazu M., Cec\u00edlio Filho, A. B., Morales, I.&nbsp;2017. Agronomic and economic feasibility of tomato and lettuce intercropping in a soilless system as a function of the electrical conductivity of the nutrient solution. HortScience. 52(9):1195-1200.&nbsp;<a href=\"https:\/\/doi.org\/10.21273\/HORTSCI12170-17\" target=\"_blank\" rel=\"noreferrer noopener\">https:\/\/doi.org\/10.21273\/HORTSCI12170-17<\/a><\/p>\n\n\n\n<p>Ramos-L\u00f3pez., B. I., Mart\u00ednez-Guti\u00e9rrez, G. A., Morales, I., EscamirosaTinoco, T., P\u00e9rez-Herrera. 2017. Consumo de agua y rendimiento de Physalis ixocarpa Brot. bajo diferentes cubiertas de invernaderos. Horticultura Brasileira. 35 (2):265-270.&nbsp;<a href=\"https:\/\/doi.org\/10.1590\/s0102-053620170218\" target=\"_blank\" rel=\"noreferrer noopener\">https:\/\/doi.org\/10.1590\/s0102-053620170218<\/a>&nbsp;<\/p>\n\n\n\n<p>Mart\u00ednez-Guti\u00e9rrez, G. A., Morales, I., Aquino-Bola\u00f1os, T., EscamirosaTinoco, T., Hern\u00e1ndez-Tolentino M. 2016. Substrate volume and nursery times for earliness and yield of greenhouse tomato. Emirates Journal of Food and Agriculture. 28(12):897-902.&nbsp;<a href=\"https:\/\/doi.org\/10.9755\/ejfa.2016-09-1282\" target=\"_blank\" rel=\"noreferrer noopener\">https:\/\/doi.org\/10.9755\/ejfa.2016-09-1282<\/a><\/p>\n\n\n\n<p>Mart\u00ednez-Guti\u00e9rrez, G. A., Nicol\u00e1s-Santana, L., Ortiz-Hern\u00e1ndez, Y. D., Morales, I., Guti\u00e9rrez-Hern\u00e1ndez, G. F. 2016. Crecimiento y contenido de aceite en albahaca (Ocimum basilicum l.) bajo mallas sombra de colores. Interciencia. 41(6): 428-432.&nbsp;<a href=\"http:\/\/www.redalyc.org\/articulo.oa?id=33945816010\" target=\"_blank\" rel=\"noreferrer noopener\">http:\/\/www.redalyc.org\/articulo.oa?id=33945816010<\/a><\/p>\n\n\n\n<p>Pozo, J., Urrestarazu, M.,&nbsp;Morales, I. Sanchez, J., Santos M., Dianez, F. 2015. Effects of Silicon in the Nutrient Solution for Three Horticultural Plant Families on the Vegetative Growth, Cuticle, and Protection Against Botrytis cin\u00e9rea. HortScience, 50 (10):1447\u20131452.&nbsp;<a href=\"https:\/\/doi.org\/10.21273\/HORTSCI.50.10.1447\" target=\"_blank\" rel=\"noreferrer noopener\">https:\/\/doi.org\/10.21273\/HORTSCI.50.10.1447<\/a><\/p>\n\n\n\n<p>Wamser, A. F., Morales, I., \u00c1lvaro, J. E., Urrestarazu M. 2015. The effect of drip flow rate with multiple manifolds on the homogeneity of the delivered volume. J. Irrig. Drain. Eng. 141 (2): 04014048.&nbsp;<a href=\"https:\/\/doi.org\/10.1061\/(ASCE)IR.1943-4774.0000780\" target=\"_blank\" rel=\"noreferrer noopener\">https:\/\/doi.org\/10.1061\/(ASCE)IR.1943-4774.0000780&nbsp;<\/a><\/p>\n\n\n\n<p>Urrestarazu, M., Morales, I., \u00c1lvaro, J. E., La Malfa, T., Checa, R., Wamser, A. F. 2015. Effects of fertigation application duration on the pollution, water consumption and productivity of soilless vegetable cultures. HortScience. Vol. 49:1537-1541.&nbsp;<a href=\"https:\/\/doi.org\/10.21273\/HORTSCI.50.6.819\" target=\"_blank\" rel=\"noreferrer noopener\">https:\/\/doi.org\/10.21273\/HORTSCI.50.6.819<\/a><\/p>\n\n\n\n<p>Pozo, J., \u00c1lvaro, J. E.,&nbsp;Morales, I.,&nbsp;Requena, J., La Malfa, T., Mazuela, P.C., Urrestarazu, M. 2014. A New Local Sustainable Inorganic Material for Soilless Culture in Spain: Ganulated Volcanic Rock.&nbsp;HortSciencie. 49 (12): 1537-1541.&nbsp;<a href=\"https:\/\/doi.org\/10.21273\/HORTSCI.49.12.1537\" target=\"_blank\" rel=\"noreferrer noopener\">https:\/\/doi.org\/10.21273\/HORTSCI.49.12.1537<\/a><\/p>\n\n\n\n<p>Morales, I., \u00c1lvaro, J. E., Urrestarazu, M. 2014. Contribution of thermal imaging to fertigation in soilless culture.&nbsp;J. Therm. Anal Calorim. 116:1033\u20131039.&nbsp;<a href=\"https:\/\/doi.org\/10.1007\/s10973-013-3529-x\" target=\"_blank\" rel=\"noreferrer noopener\">https:\/\/doi.org\/10.1007\/s10973-013-3529-x<\/a>&nbsp;<\/p>\n\n\n\n<p>Morales, I.,&nbsp;Urrestarazu, M. 2014. Effect of a Passive Mixing Device on the Electrical Conductivity and pH Values of a Nutrient Solution.&nbsp;J. Irrig. Drain. Eng. 140 (4): 1-4.&nbsp;<a href=\"https:\/\/doi.org\/10.1061\/(ASCE)IR.1943-4774.0000699\" target=\"_blank\" rel=\"noreferrer noopener\">https:\/\/doi.org\/10.1061\/(ASCE)IR.1943-4774.0000699<\/a><\/p>\n\n\n\n<p>Morales, I., Urrestarazu, M. 2013. Thermography Study of Moderate Electrical Conductivity and Nutrient solution Distribution System Effects on Grafted Tomato Soilles culture.&nbsp;HortScience&nbsp;48 (12): 1508-1512.&nbsp;<a href=\"https:\/\/doi.org\/10.21273\/HORTSCI.48.12.1508\" target=\"_blank\" rel=\"noreferrer noopener\">https:\/\/doi.org\/10.21273\/HORTSCI.48.12.1508<\/a><\/p>\n\n\n\n<h3 class=\"wp-block-heading\">Publicacion en Revista Conacyt<\/h3>\n\n\n\n<p>Martel-Valles, J.F., Cuevas-Gonz\u00e1lez, E., ForoughbakhchPournavab, R., Morelos-Moreno, A., Morales, I., Benavides-Mendoza, A. 2019. Response of Tomato Plants to Diesel Fuel, Gasoline, and Benzene in Irrigation Water. Terra Latinoamericana, 37: 425-435. <a href=\"https:\/\/doi.org\/10.28940\/terra.v37i4.543\" target=\"_blank\" rel=\"noreferrer noopener\">https:\/\/doi.org\/10.28940\/terra.v37i4.543<\/a>. \u00cdndice de Revistas Conacyt.<\/p>\n\n\n\n<h3 class=\"wp-block-heading\">Publicaciones en Revistas de Divulgaci\u00f3n<\/h3>\n\n\n\n<p>Fern\u00e1ndez C. W., Morales I., Mart\u00ednez G.G., Lustre S.H. 2019. Tama\u00f1o de semilla y tratamientos pregerminativos en la germinaci\u00f3n de Agave potatorum Zucc. Revista Contribuci\u00f3n al Conocimiento Cient\u00edfico y Tecnol\u00f3gico en Oaxaca. No. Especial Agave-mezcal 1: 5-11. ISSN 2594-0171.<\/p>\n\n\n\n<p>Pagan Loeiro da Cunha-Chiamolera, T., Morales, I., Cec\u00edlio Filho, A. B., Urrestarazu, M. 2015. Viabilidad de los cultivos asociados de hortalizas en los sistemas sin suelo. Agr\u00edcola Vergel. 383: 148-152.<\/p>\n\n\n\n<p>Pozo, J.,&nbsp;Morales, I.,&nbsp;Requena, J., La Malfa, T. \u00c1lvaro, J. E., Urrestarazu, M. 2014 Roca volc\u00e1nica, un nuevo sustrato alternativo sostenible para los cultivos sin suelo en Espa\u00f1a.&nbsp;Vida Rural. 386: 14-21.<\/p>\n\n\n\n<p>Morales, I.&nbsp;2013. Aplicaciones de la Rob\u00f3tica en la Agricultura, desarrolladas en Holanda.&nbsp;Vida Rural. 366: 16-19.<\/p>\n\n\n\n<p>Morales-Garc\u00eda, I.,&nbsp;A. Benavides-Mendoza, J. Garc\u00eda-Camargo. 2011. Efecto del PROTECTO RZH contra&nbsp;Meloidogyne incognita&nbsp;en tomate.&nbsp;Revista De Riego&nbsp;56:(junio-julio) 42-43.<\/p>\n\n\n\n<p>&nbsp;<\/p>\n\n\n\n<div class=\"wp-block-uagb-container uagb-block-f36033b2 alignfull uagb-is-root-container\"><div class=\"uagb-container-inner-blocks-wrap\"><\/div><\/div>\n","protected":false},"excerpt":{"rendered":"<p>Publicaciones en Revistas JCR Angel Saul Cruz-Ram\u00edrez, Gabino A. Mart\u00ednez Guti\u00e9rrez, Isidro Morales Garc\u00eda, Mar\u00eda del Rosario L\u00f3pez-Garc\u00eda, Carlos Roman Castillo Mart\u00ednez. Comparison of models for estimating the planted area of Agave spp. for mezcal production in Mexico. 2025. Agroproductivdad. tps:\/\/doi.org\/10.32854\/6q7dtw68 Alvaro Zuriel Ortiz Bailon, Gabino A. Mart\u00ednez Guti\u00e9rrez, Baldomero H. Z\u00e1rate Nicol\u00e1s, Isidro Morales. [&hellip;]<\/p>\n","protected":false},"author":56,"featured_media":0,"parent":0,"menu_order":0,"comment_status":"closed","ping_status":"closed","template":"","meta":{"_swt_meta_header_display":false,"_swt_meta_footer_display":false,"_swt_meta_site_title_display":false,"_swt_meta_sticky_header":false,"_swt_meta_transparent_header":false,"footnotes":""},"class_list":["post-5","page","type-page","status-publish","hentry"],"_links":{"self":[{"href":"https:\/\/web.ciidiroaxaca.ipn.mx\/imoralesg\/wp-json\/wp\/v2\/pages\/5","targetHints":{"allow":["GET"]}}],"collection":[{"href":"https:\/\/web.ciidiroaxaca.ipn.mx\/imoralesg\/wp-json\/wp\/v2\/pages"}],"about":[{"href":"https:\/\/web.ciidiroaxaca.ipn.mx\/imoralesg\/wp-json\/wp\/v2\/types\/page"}],"author":[{"embeddable":true,"href":"https:\/\/web.ciidiroaxaca.ipn.mx\/imoralesg\/wp-json\/wp\/v2\/users\/56"}],"replies":[{"embeddable":true,"href":"https:\/\/web.ciidiroaxaca.ipn.mx\/imoralesg\/wp-json\/wp\/v2\/comments?post=5"}],"version-history":[{"count":14,"href":"https:\/\/web.ciidiroaxaca.ipn.mx\/imoralesg\/wp-json\/wp\/v2\/pages\/5\/revisions"}],"predecessor-version":[{"id":72,"href":"https:\/\/web.ciidiroaxaca.ipn.mx\/imoralesg\/wp-json\/wp\/v2\/pages\/5\/revisions\/72"}],"wp:attachment":[{"href":"https:\/\/web.ciidiroaxaca.ipn.mx\/imoralesg\/wp-json\/wp\/v2\/media?parent=5"}],"curies":[{"name":"wp","href":"https:\/\/api.w.org\/{rel}","templated":true}]}}