{"id":9,"date":"2025-10-10T18:28:03","date_gmt":"2025-10-10T18:28:03","guid":{"rendered":"https:\/\/web.ciidiroaxaca.ipn.mx\/gpachecoa\/?page_id=9"},"modified":"2026-02-03T11:25:57","modified_gmt":"2026-02-03T17:25:57","slug":"publicaciones","status":"publish","type":"page","link":"https:\/\/web.ciidiroaxaca.ipn.mx\/gpachecoa\/publicaciones\/","title":{"rendered":"Publicaciones"},"content":{"rendered":"\n<p><strong>ART\u00cdCULOS CIENT\u00cdFICOS<\/strong><\/p>\n\n\n\n<p><strong>Pacheco-Aquino, G.<\/strong>, Manzano-M\u00e9ndez, F., &amp; Mart\u00ednez-L\u00f3pez, J. (2024). Distribuci\u00f3n de biomasa en componentes de <em>Pinus patula<\/em> en reforestaciones en la Sierra Norte de Oaxaca, M\u00e9xico.&nbsp;<em>Bosque (Valdivia)<\/em>,&nbsp;<em>45<\/em>(2), 307-314.<\/p>\n\n\n\n<p><strong>Pacheco-Aquino, G.<\/strong>, &amp; Duran, E. (2023). Tree canopy patterns in a temperate forest in Oaxaca, Mexico after bark beetle outbreaks: Implications for ecological resistance and resilience.&nbsp;<em>Forest Ecology and Management<\/em>,&nbsp;<em>542<\/em>, 121099.<\/p>\n\n\n\n<p><strong>Pacheco\u2010Aquino, G.<\/strong>, &amp; Duran, E. (2021). Rethinking strategies for coexistence with bark beetles in Mexico and beyond.&nbsp;<em>Frontiers in Ecology and the Environment<\/em>,&nbsp;<em>19<\/em>(8), 451-460.<\/p>\n\n\n\n<p><strong>Pacheco-Aquino, G.<\/strong>, Dur\u00e1n Medina, E., &amp; Ord\u00f3\u00f1ez-D\u00edaz, J. A. B. (2015). Estimaci\u00f3n del carbono arb\u00f3reo en el \u00e1rea de manejo forestal de Ixtl\u00e1n de Ju\u00e1rez, Oaxaca, M\u00e9xico.&nbsp;<em>Revista mexicana de ciencias forestales<\/em>,&nbsp;<em>6<\/em>(29), 126-145.<\/p>\n\n\n\n<p><strong>DIVULGACI\u00d3N CIENT\u00cdFICA<\/strong> <\/p>\n\n\n\n<p>2025. La uni\u00f3n hace la fuerza\u00a1, para la conservaci\u00f3n de cuencas. Edici\u00f3n especial Conversus. P 27. <a href=\"https:\/\/www.ipn.mx\/ddicyt\/conversus\/revistas-anteriores.html\">https:\/\/www.ipn.mx\/ddicyt\/conversus\/revistas-anteriores.html<\/a><\/p>\n\n\n\n<p>2025. La Guelaguetza de la Reforestaci\u00f3n: Un Enfoque Comunitario para la Restauraci\u00f3n<br>de \u00c1reas Incendiadas olet\u00edn Cuenca Viva. N\u00famero 1, A\u00f1o 1, Julio-septiembre P 12 <a href=\"http:\/\/148.204.117.29\/index.php?id=10\" target=\"_blank\" rel=\"noreferrer noopener\">[LINK]<\/a><\/p>\n\n\n\n<p>2024. Cuento \u201cEl bosque est\u00e1 cambiando\u201d. Edici\u00f3n Cuentos infantiles. Sociedad Cient\u00edfica Mexicana de Ecolog\u00eda. Volumen I. <a href=\"https:\/\/scme.mx\/libros-infantiles\/\">https:\/\/scme.mx\/libros-infantiles\/<\/a><\/p>\n\n\n\n<p>2023. Cuento. Tres amigos inseparables. Lluvia, suelo y bosque.&nbsp; Edici\u00f3n Cuentos infantiles. Sociedad Cient\u00edfica Mexicana de Ecolog\u00eda. Volumen I. <a href=\"https:\/\/scme.mx\/libros-infantiles\/\">https:\/\/scme.mx\/libros-infantiles\/<\/a><\/p>\n\n\n\n<p>2020. Cat\u00e1logo de encinos presentes en una porci\u00f3n de la Sierra Norte de Oaxaca. CIIDIR-Oaxaca. <a href=\"https:\/\/web.ciidiroaxaca.ipn.mx\/eduranm\/wp-content\/uploads\/sites\/45\/2025\/09\/VI.1-Catalogo-de-encinos-2020-Pacheco-Aquino-et-al.pdf\" target=\"_blank\" rel=\"noreferrer noopener\">[PDF]<\/a><\/p>\n\n\n\n<p><\/p>\n","protected":false},"excerpt":{"rendered":"<p>ART\u00cdCULOS CIENT\u00cdFICOS Pacheco-Aquino, G., Manzano-M\u00e9ndez, F., &amp; Mart\u00ednez-L\u00f3pez, J. (2024). Distribuci\u00f3n de biomasa en componentes de Pinus patula en reforestaciones en la Sierra Norte de Oaxaca, M\u00e9xico.&nbsp;Bosque (Valdivia),&nbsp;45(2), 307-314. Pacheco-Aquino, G., &amp; Duran, E. (2023). Tree canopy patterns in a temperate forest in Oaxaca, Mexico after bark beetle outbreaks: Implications for ecological resistance and resilience.&nbsp;Forest [&hellip;]<\/p>\n","protected":false},"author":81,"featured_media":0,"parent":0,"menu_order":0,"comment_status":"closed","ping_status":"closed","template":"","meta":{"_swt_meta_header_display":false,"_swt_meta_footer_display":false,"_swt_meta_site_title_display":false,"_swt_meta_sticky_header":false,"_swt_meta_transparent_header":false,"footnotes":""},"class_list":["post-9","page","type-page","status-publish","hentry"],"_links":{"self":[{"href":"https:\/\/web.ciidiroaxaca.ipn.mx\/gpachecoa\/wp-json\/wp\/v2\/pages\/9","targetHints":{"allow":["GET"]}}],"collection":[{"href":"https:\/\/web.ciidiroaxaca.ipn.mx\/gpachecoa\/wp-json\/wp\/v2\/pages"}],"about":[{"href":"https:\/\/web.ciidiroaxaca.ipn.mx\/gpachecoa\/wp-json\/wp\/v2\/types\/page"}],"author":[{"embeddable":true,"href":"https:\/\/web.ciidiroaxaca.ipn.mx\/gpachecoa\/wp-json\/wp\/v2\/users\/81"}],"replies":[{"embeddable":true,"href":"https:\/\/web.ciidiroaxaca.ipn.mx\/gpachecoa\/wp-json\/wp\/v2\/comments?post=9"}],"version-history":[{"count":11,"href":"https:\/\/web.ciidiroaxaca.ipn.mx\/gpachecoa\/wp-json\/wp\/v2\/pages\/9\/revisions"}],"predecessor-version":[{"id":77,"href":"https:\/\/web.ciidiroaxaca.ipn.mx\/gpachecoa\/wp-json\/wp\/v2\/pages\/9\/revisions\/77"}],"wp:attachment":[{"href":"https:\/\/web.ciidiroaxaca.ipn.mx\/gpachecoa\/wp-json\/wp\/v2\/media?parent=9"}],"curies":[{"name":"wp","href":"https:\/\/api.w.org\/{rel}","templated":true}]}}