{"id":7,"date":"2025-10-10T18:27:29","date_gmt":"2025-10-10T18:27:29","guid":{"rendered":"https:\/\/web.ciidiroaxaca.ipn.mx\/gpachecoa\/?page_id=7"},"modified":"2026-01-30T09:50:23","modified_gmt":"2026-01-30T15:50:23","slug":"dra-guadalupe-pacheco-aquino","status":"publish","type":"page","link":"https:\/\/web.ciidiroaxaca.ipn.mx\/gpachecoa\/","title":{"rendered":"Dra. Guadalupe Pacheco Aquino"},"content":{"rendered":"\n<h3 class=\"wp-block-heading has-text-align-center\">Doctorado en Ciencias en Conservaci\u00f3n y Aprovechamiento de Recursos Naturales<\/h3>\n\n\n\n<figure class=\"wp-block-image aligncenter size-full\"><img loading=\"lazy\" decoding=\"async\" width=\"546\" height=\"546\" src=\"https:\/\/web.ciidiroaxaca.ipn.mx\/gpachecoa\/wp-content\/uploads\/sites\/80\/2026\/01\/38454879_10217160003253438_3078494100912078848_n.jpg\" alt=\"\" class=\"wp-image-44\" srcset=\"https:\/\/web.ciidiroaxaca.ipn.mx\/gpachecoa\/wp-content\/uploads\/sites\/80\/2026\/01\/38454879_10217160003253438_3078494100912078848_n.jpg 546w, https:\/\/web.ciidiroaxaca.ipn.mx\/gpachecoa\/wp-content\/uploads\/sites\/80\/2026\/01\/38454879_10217160003253438_3078494100912078848_n-300x300.jpg 300w, https:\/\/web.ciidiroaxaca.ipn.mx\/gpachecoa\/wp-content\/uploads\/sites\/80\/2026\/01\/38454879_10217160003253438_3078494100912078848_n-150x150.jpg 150w\" sizes=\"auto, (max-width: 546px) 100vw, 546px\" \/><\/figure>\n\n\n\n<p class=\"has-text-align-center\">Investigadora por M\u00e9xico de la SECIHTI<\/p>\n\n\n\n<h3 class=\"wp-block-heading has-text-align-center\">Miembro del Sistema Nacional de Investigadores, Nivel Candidata<\/h3>\n\n\n\n<p><strong>\u00c1reas de inter\u00e9s:<\/strong> resiliencia de sistemas socioecol\u00f3gicos forestales, evaluaci\u00f3n de servicios ecosist\u00e9micos (captura de carbono, biodiversidad y provisi\u00f3n de agua), proyectos para la conservaci\u00f3n de bosques (turismo comunitario y proyectos productivos), sistemas agroforestales y huertos urbanos en paisajes forestales.<\/p>\n\n\n\n<p>Contacto: <\/p>\n\n\n\n<p><a href=\"mailto:gpachecoa@ipn.mx\">gpachecoa@ipn.mx<\/a><br><a href=\"mailto:guadalupe.pacheco@secihti.mx\">guadalupe.pacheco@secihti.mx<\/a><\/p>\n\n\n\n<p><\/p>\n","protected":false},"excerpt":{"rendered":"<p>Doctorado en Ciencias en Conservaci\u00f3n y Aprovechamiento de Recursos Naturales Investigadora por M\u00e9xico de la SECIHTI Miembro del Sistema Nacional de Investigadores, Nivel Candidata \u00c1reas de inter\u00e9s: resiliencia de sistemas socioecol\u00f3gicos forestales, evaluaci\u00f3n de servicios ecosist\u00e9micos (captura de carbono, biodiversidad y provisi\u00f3n de agua), proyectos para la conservaci\u00f3n de bosques (turismo comunitario y proyectos productivos), [&hellip;]<\/p>\n","protected":false},"author":81,"featured_media":0,"parent":0,"menu_order":0,"comment_status":"closed","ping_status":"closed","template":"","meta":{"_swt_meta_header_display":false,"_swt_meta_footer_display":false,"_swt_meta_site_title_display":false,"_swt_meta_sticky_header":false,"_swt_meta_transparent_header":false,"footnotes":""},"class_list":["post-7","page","type-page","status-publish","hentry"],"_links":{"self":[{"href":"https:\/\/web.ciidiroaxaca.ipn.mx\/gpachecoa\/wp-json\/wp\/v2\/pages\/7","targetHints":{"allow":["GET"]}}],"collection":[{"href":"https:\/\/web.ciidiroaxaca.ipn.mx\/gpachecoa\/wp-json\/wp\/v2\/pages"}],"about":[{"href":"https:\/\/web.ciidiroaxaca.ipn.mx\/gpachecoa\/wp-json\/wp\/v2\/types\/page"}],"author":[{"embeddable":true,"href":"https:\/\/web.ciidiroaxaca.ipn.mx\/gpachecoa\/wp-json\/wp\/v2\/users\/81"}],"replies":[{"embeddable":true,"href":"https:\/\/web.ciidiroaxaca.ipn.mx\/gpachecoa\/wp-json\/wp\/v2\/comments?post=7"}],"version-history":[{"count":9,"href":"https:\/\/web.ciidiroaxaca.ipn.mx\/gpachecoa\/wp-json\/wp\/v2\/pages\/7\/revisions"}],"predecessor-version":[{"id":74,"href":"https:\/\/web.ciidiroaxaca.ipn.mx\/gpachecoa\/wp-json\/wp\/v2\/pages\/7\/revisions\/74"}],"wp:attachment":[{"href":"https:\/\/web.ciidiroaxaca.ipn.mx\/gpachecoa\/wp-json\/wp\/v2\/media?parent=7"}],"curies":[{"name":"wp","href":"https:\/\/api.w.org\/{rel}","templated":true}]}}