{"id":15,"date":"2025-10-10T18:29:27","date_gmt":"2025-10-10T18:29:27","guid":{"rendered":"https:\/\/web.ciidiroaxaca.ipn.mx\/gpachecoa\/?page_id=15"},"modified":"2026-02-03T11:26:39","modified_gmt":"2026-02-03T17:26:39","slug":"actividades-academicas","status":"publish","type":"page","link":"https:\/\/web.ciidiroaxaca.ipn.mx\/gpachecoa\/actividades-academicas\/","title":{"rendered":"Actividades acad\u00e9micas"},"content":{"rendered":"\n<p><strong><strong>REDES DE INVESTIGACI\u00d3N Y FORTALECIMIENTO INSTITUCIONAL<\/strong><\/strong><\/p>\n\n\n\n<p>Integrante del Grupo de Investigaci\u00f3n e Incidencia Socioambiental (GIISA) <a href=\"http:\/\/148.204.117.29\/index.php?id=2\" target=\"_blank\" rel=\"noreferrer noopener\">[LINK]<\/a><\/p>\n\n\n\n<p><strong>DOCENCIA<\/strong><\/p>\n\n\n\n<p><strong>Profesora <strong>de asignatura<\/strong>.<\/strong> 2022-2023. Metodolog\u00eda de Investigaci\u00f3n. Maestria en Ciencias en Conservaci\u00f3n de los recursos forestales. Universidad de la Sierra Ju\u00e1rez.<\/p>\n\n\n\n<p><strong>Profesora <strong>de asignatura<\/strong>.<\/strong> 2022-2023. Protecci\u00f3n forestal. Maestria en Ciencias en Conservaci\u00f3n de los recursos forestales. Universidad de la Sierra Ju\u00e1rez.<\/p>\n\n\n\n<p><strong>Profesora <strong>de asignatura<\/strong>.<\/strong> 2022-2023. Protecci\u00f3n forestal. Ingenieria forestal. Universidad de la Sierra Ju\u00e1rez.<\/p>\n\n\n\n<p><strong>Profesor de asignatura<\/strong>. 2022-2023. Fundamentos de Investigaci\u00f3n. Licenciatura en Desarrollo Comunitario. UNADM<\/p>\n\n\n\n<p><strong>Profesor de asignatura<\/strong>.  2022-2023. Metodolog\u00eda de Investigaci\u00f3n. Licenciatura en Desarrollo Comunitario. UNADM<\/p>\n\n\n\n<p><strong>Profesora <strong>de asignatura<\/strong>.<\/strong> 2014-2015. Asignaturas impartidas: Impacto ambiental, Biotecnolog\u00eda Vegetal, Silvicultura Tropical, F\u00edsica, Dendrometr\u00eda, Dasometr\u00eda, Industrias, Cafeticultura y Fruticultura. Ingenier\u00eda Forestal. Universidad de la Sierra Ju\u00e1rez.<\/p>\n\n\n\n<p><strong>CONGRESOS Y SIMPOSIOS<\/strong><\/p>\n\n\n\n<p>2023. Ponencia. Perspectivas comunitarias en Yavesia sobre cambios en la cobertura forestal ocurridos por brotes de insectos descortezadores. XXI Simposio Nacional de Parasitolog\u00eda Forestal.<\/p>\n\n\n\n<p>2023. Ponencia. La importancia de los bosques para la provisi\u00f3n de agua. COBAO.<\/p>\n\n\n\n<p>2022. Ponencia. &nbsp;Remnant <em>Quercus<\/em> trees as ecological resilience factors in temperate forests impacted by bark beetle in southern Mexico.<\/p>\n\n\n\n<p>2022. Ponencia. \u201cFactores de cambio de cobertura forestal (2001-2019) en la microcuenca de Yavesia, Oaxaca\u201d, M\u00e9xico, VIII Congreso Mexicano de Ecolog\u00eda<\/p>\n\n\n\n<p>2021. Ponencia. Fortalecimiento del componente social en SES forestales, ante la ocurrencia de plagas de escarabajo descortezador, M\u00e9xico. XX Simposio de Parasitolog\u00eda forestal.<\/p>\n\n\n\n<p>2021. Ponencia. Impacto del escarabajo descortezador en la captura y almacenamiento de carbono arb\u00f3reo en bosques de Oaxaca, M\u00e9xico, M\u00e9xico, XII Simposio Internacional del Carbono.<\/p>\n\n\n\n<p>2019. Ponencia \u201cEstructura y composici\u00f3n de bosques templados afectados por escarabajos descortezadores, en la Sierra Norte de Oaxaca\u201d en el VII Congreso Nacional de Ecolog\u00eda.<\/p>\n\n\n\n<p>2018. Ponencia \u201cConservaci\u00f3n de carbono forestal en Ixtl\u00e1n de Ju\u00e1rez\u201d en el VII Simposio de Ecosistemas de Monta\u00f1a en M\u00e9xico.<\/p>\n\n\n\n<p>2017. Ponencia \u201cCostos de Conservaci\u00f3n de reservorios de carbono en Ixtl\u00e1n de Ju\u00e1rez Oaxaca\u201d, en el XX Congreso Internacional de Servicios Ecosist\u00e9micos.<\/p>\n\n\n\n<p>2016. Presentaci\u00f3n de ponencia \u201cEsquemas comunitarios y medios sostenibles de vida adecuados a REDD+ en la Chinantla. El caso de la agricultura y ganader\u00eda en San Juan Bautista Valle Nacional\u201d. Primer Congreso Estatal de Investigaci\u00f3n de la DGTA en Oaxaca<\/p>\n\n\n\n<p><strong>IMPARTICI\u00d3N DE TALLERES<\/strong><\/p>\n\n\n\n<p><strong>Organizaci\u00f3n, Mapeo y Cuidado del agua en San Lorenzo Cacaotepec.&nbsp;<\/strong>Proyecto Estrategias Colaborativas para la reapropiaci\u00f3n del ciclo socionatural del agua en la subcuenca Atoyac, Oaxaca mediante acciones de restauraci\u00f3n, saneamiento, monitoreo y cultural del agua para el bien com\u00fan y la justicia ambiental PRONAII 2024-174. San Lorenzo Cacaotepec, Oaxaca, 27 septiembre del 2024.&nbsp;<\/p>\n\n\n\n<p><strong>El r\u00edo nos une: creando comit\u00e9s intercomunitarios e intermunicipales efectivos en las microcuencas\u201d.&nbsp;<\/strong>Proyecto Estrategias Colaborativas para la reapropiaci\u00f3n del ciclo socionatural del agua en la subcuenca Atoyac, Oaxaca mediante acciones de restauraci\u00f3n, saneamiento, monitoreo y cultural del agua para el bien com\u00fan y la justicia ambiental PRONAII 2024-174. Zimatl\u00e1n de \u00c1lvarez, Oaxaca, septiembre del 2024<\/p>\n\n\n\n<p><strong>\u201cEl r\u00edo nos une\u201d.&nbsp;<\/strong>Proyecto Estrategias Colaborativas para la reapropiaci\u00f3n del ciclo socionatural del agua en la subcuenca Atoyac, Oaxaca mediante acciones de restauraci\u00f3n, saneamiento, monitoreo y cultural del agua para el bien com\u00fan y la justicia ambiental PRONAII 2024-174. Santa Mar\u00eda el Tule, Oaxaca, octubre del 2024<\/p>\n\n\n\n<p><strong> Evaluaci\u00f3n de Servicios Ambientales<\/strong>. XIV Jornada Acad\u00e9mica Forestal y Tecnolog\u00eda de la Madera. 2023<\/p>\n\n\n\n<p> <strong>Biomasa y captura de carbono te\u00f3rico-pr\u00e1ctico.<\/strong> XV Jornada Acad\u00e9mica Forestal. 2023<\/p>\n\n\n\n<p><\/p>\n","protected":false},"excerpt":{"rendered":"<p>REDES DE INVESTIGACI\u00d3N Y FORTALECIMIENTO INSTITUCIONAL Integrante del Grupo de Investigaci\u00f3n e Incidencia Socioambiental (GIISA) [LINK] DOCENCIA Profesora de asignatura. 2022-2023. Metodolog\u00eda de Investigaci\u00f3n. Maestria en Ciencias en Conservaci\u00f3n de los recursos forestales. Universidad de la Sierra Ju\u00e1rez. Profesora de asignatura. 2022-2023. Protecci\u00f3n forestal. Maestria en Ciencias en Conservaci\u00f3n de los recursos forestales. Universidad de [&hellip;]<\/p>\n","protected":false},"author":81,"featured_media":0,"parent":0,"menu_order":0,"comment_status":"closed","ping_status":"closed","template":"","meta":{"_swt_meta_header_display":false,"_swt_meta_footer_display":false,"_swt_meta_site_title_display":false,"_swt_meta_sticky_header":false,"_swt_meta_transparent_header":false,"footnotes":""},"class_list":["post-15","page","type-page","status-publish","hentry"],"_links":{"self":[{"href":"https:\/\/web.ciidiroaxaca.ipn.mx\/gpachecoa\/wp-json\/wp\/v2\/pages\/15","targetHints":{"allow":["GET"]}}],"collection":[{"href":"https:\/\/web.ciidiroaxaca.ipn.mx\/gpachecoa\/wp-json\/wp\/v2\/pages"}],"about":[{"href":"https:\/\/web.ciidiroaxaca.ipn.mx\/gpachecoa\/wp-json\/wp\/v2\/types\/page"}],"author":[{"embeddable":true,"href":"https:\/\/web.ciidiroaxaca.ipn.mx\/gpachecoa\/wp-json\/wp\/v2\/users\/81"}],"replies":[{"embeddable":true,"href":"https:\/\/web.ciidiroaxaca.ipn.mx\/gpachecoa\/wp-json\/wp\/v2\/comments?post=15"}],"version-history":[{"count":8,"href":"https:\/\/web.ciidiroaxaca.ipn.mx\/gpachecoa\/wp-json\/wp\/v2\/pages\/15\/revisions"}],"predecessor-version":[{"id":78,"href":"https:\/\/web.ciidiroaxaca.ipn.mx\/gpachecoa\/wp-json\/wp\/v2\/pages\/15\/revisions\/78"}],"wp:attachment":[{"href":"https:\/\/web.ciidiroaxaca.ipn.mx\/gpachecoa\/wp-json\/wp\/v2\/media?parent=15"}],"curies":[{"name":"wp","href":"https:\/\/api.w.org\/{rel}","templated":true}]}}