{"id":13,"date":"2025-10-10T18:29:11","date_gmt":"2025-10-10T18:29:11","guid":{"rendered":"https:\/\/web.ciidiroaxaca.ipn.mx\/gpachecoa\/?page_id=13"},"modified":"2026-01-08T17:03:19","modified_gmt":"2026-01-08T23:03:19","slug":"tesis","status":"publish","type":"page","link":"https:\/\/web.ciidiroaxaca.ipn.mx\/gpachecoa\/tesis\/","title":{"rendered":"Tesis"},"content":{"rendered":"\n<p><strong>TESIS EN DESARROLLO<\/strong><\/p>\n\n\n\n<p><strong>Co-directora.<\/strong> H\u00e9ctor Tovar Mart\u00ednez. Propiedades f\u00edsico-mec\u00e1nicas de madera de <em>Pinus Patula<\/em> Schl. et Cham. plagada por <em>Dendroctonus <\/em>Sp en la comunidad de Ixtl\u00e1n de Ju\u00e1rez, Oaxaca<strong>. <\/strong>Tesis de licenciatura. Universidad De La Sierra Ju\u00e1rez.<\/p>\n\n\n\n<p><strong>TESIS CONCLUIDAS<\/strong><\/p>\n\n\n\n<p><strong>Co-directora.<\/strong> 2023. Esmeralda Santos Solano. Distribuci\u00f3n actual y potencial de <em>Dendroctonus adjunctus<\/em> Blandford 1897, en la Sierra Norte de Oaxaca. Tesis de licenciatura. Universidad de la Sierra Ju\u00e1rez.<\/p>\n\n\n\n<p><strong>PARTICIPACI\u00d3N EN COMITES TUTORAL Y EXAMEN DE GRADO<\/strong><\/p>\n\n\n\n<p>Comite tutorial. 2022. Evelia Antonio Hern\u00e1ndez. Diagn\u00f3stico de erosi\u00f3n h\u00eddrica en la microcuenca R\u00edo Grande mediante la ecuaci\u00f3n universal de p\u00e9rdida de suelo y el an\u00e1lisis de sedimentos. Tesis licenciatura. Universidad de la Sierra Ju\u00e1rez.<\/p>\n\n\n\n<p>Comite tutorial. 2022. Maryland Ram\u00edrez Ziga. Evaluaci\u00f3n de la regeneraci\u00f3n natural del g\u00e9nero <em>Pinus<\/em> en dos comunidades de la Sierra Norte de Oaxaca. Tesis licenciatura. Universidad de la Sierra Ju\u00e1rez.<\/p>\n\n\n\n<p>Comite tutorial. 2022. Javier Jacinto Mendoza. Evaluaci\u00f3n post-incendio del regeneraci\u00f3n del g\u00e9nero Pinus y diversidad de especies le\u00f1osas en Santa Mar\u00eda Jaltianguis, Oaxaca. Tesis licenciatura. Universidad de la Sierra Ju\u00e1rez.<\/p>\n\n\n\n<p><strong>ESTAD\u00cdAS PROFESIONALES<\/strong><\/p>\n\n\n\n<p>Asesora. Samir Daniela Jim\u00e9nez Vicente Samir. 2025. Diagn\u00f3stico del estado del conocimiento sobre sistemas agroforestales en San Bartolo Coyotepec. Nivel T\u00e9cnico Superior. Universidad T\u00e9cnologica de Valles Centrales de Oaxaca.<\/p>\n\n\n\n<p>Asesora. Vanessa Iribarren Osorio. 2025. Caracterizaci\u00f3n de huertos familiares en la colonia Indeco Xoxocotl\u00e1n. Nivel T\u00e9cnico Superior. Universidad T\u00e9cnologica de Valles Centrales de Oaxaca.<\/p>\n\n\n\n<p><\/p>\n","protected":false},"excerpt":{"rendered":"<p>TESIS EN DESARROLLO Co-directora. H\u00e9ctor Tovar Mart\u00ednez. Propiedades f\u00edsico-mec\u00e1nicas de madera de Pinus Patula Schl. et Cham. plagada por Dendroctonus Sp en la comunidad de Ixtl\u00e1n de Ju\u00e1rez, Oaxaca. Tesis de licenciatura. Universidad De La Sierra Ju\u00e1rez. TESIS CONCLUIDAS Co-directora. 2023. Esmeralda Santos Solano. Distribuci\u00f3n actual y potencial de Dendroctonus adjunctus Blandford 1897, en la [&hellip;]<\/p>\n","protected":false},"author":81,"featured_media":0,"parent":0,"menu_order":0,"comment_status":"closed","ping_status":"closed","template":"","meta":{"_swt_meta_header_display":false,"_swt_meta_footer_display":false,"_swt_meta_site_title_display":false,"_swt_meta_sticky_header":false,"_swt_meta_transparent_header":false,"footnotes":""},"class_list":["post-13","page","type-page","status-publish","hentry"],"_links":{"self":[{"href":"https:\/\/web.ciidiroaxaca.ipn.mx\/gpachecoa\/wp-json\/wp\/v2\/pages\/13","targetHints":{"allow":["GET"]}}],"collection":[{"href":"https:\/\/web.ciidiroaxaca.ipn.mx\/gpachecoa\/wp-json\/wp\/v2\/pages"}],"about":[{"href":"https:\/\/web.ciidiroaxaca.ipn.mx\/gpachecoa\/wp-json\/wp\/v2\/types\/page"}],"author":[{"embeddable":true,"href":"https:\/\/web.ciidiroaxaca.ipn.mx\/gpachecoa\/wp-json\/wp\/v2\/users\/81"}],"replies":[{"embeddable":true,"href":"https:\/\/web.ciidiroaxaca.ipn.mx\/gpachecoa\/wp-json\/wp\/v2\/comments?post=13"}],"version-history":[{"count":8,"href":"https:\/\/web.ciidiroaxaca.ipn.mx\/gpachecoa\/wp-json\/wp\/v2\/pages\/13\/revisions"}],"predecessor-version":[{"id":71,"href":"https:\/\/web.ciidiroaxaca.ipn.mx\/gpachecoa\/wp-json\/wp\/v2\/pages\/13\/revisions\/71"}],"wp:attachment":[{"href":"https:\/\/web.ciidiroaxaca.ipn.mx\/gpachecoa\/wp-json\/wp\/v2\/media?parent=13"}],"curies":[{"name":"wp","href":"https:\/\/api.w.org\/{rel}","templated":true}]}}