{"id":11,"date":"2025-10-10T18:29:00","date_gmt":"2025-10-10T18:29:00","guid":{"rendered":"https:\/\/web.ciidiroaxaca.ipn.mx\/gpachecoa\/?page_id=11"},"modified":"2026-01-08T08:14:43","modified_gmt":"2026-01-08T14:14:43","slug":"proyectos-de-investigacion","status":"publish","type":"page","link":"https:\/\/web.ciidiroaxaca.ipn.mx\/gpachecoa\/proyectos-de-investigacion\/","title":{"rendered":"Proyectos de investigaci\u00f3n"},"content":{"rendered":"\n<p>2025. Coordinadora del proyecto \u00abConservation of the Quercus genus through its propagation in an educational forest nursery in the Central Valleys of Oaxaca\u00bb Financiado por The Rufford Foundati\u00f3n.<\/p>\n\n\n\n<p>2024. Coordinadora del proyecto \u00abDevelopment and strengthening of local capacities for the prevention, monitoring, control and combat of pests, diseases and fires in temperate and deciduous forests of the Atoyac-Salado River sub-basin in Oaxaca\u00bb. Equipo donado por IdeaWild<\/p>\n\n\n\n<p>2024. Participante en el proyecto. Factores socioecon\u00f3micos y pol\u00edticos que agudizan los efectos de la sequ\u00eda cr\u00f3nica por el cambio clim\u00e1tico global y su impacto en el cumplimiento del derecho humano al agua: an\u00e1lisis y propuestas de soluci\u00f3n para el municipio de Magdalena Apasco y Santa Cruz Xoxocotl\u00e1n.<\/p>\n\n\n\n<p>2022. Coordinadora en el proyecto \u00abFactores de cambio de cobertura forestal y su relaci\u00f3n con la provisi\u00f3n de agua en bosques preservados de Santa Mar\u00eda Yaves\u00eda, Oaxaca\u00bb. Clave program\u00e1tica: 2EA 2207<\/p>\n\n\n\n<p>2019-2020. Coordinadora del Proyecto \u201cRemnant Quercus trees as ecological resilience factors in temperate forests impacted by bark beetle in southern M\u00e9xico\u201d. Financiado por The Rufford Foundation. https:\/\/www.rufford.org\/projects\/guadalupe-pacheco-aquino\/remnant-quercus-trees-as-ecological-resilience-factors-in-temperate-forests-impacted-by-bark-beetle-in-southern-mexico\/<\/p>\n\n\n\n<p>2018. Participante del proyecto \u201cAn\u00e1lisis de la resiliencia de paisajes forestales y agroforestales del sureste de M\u00e9xico. CIIDIR-Oaxaca Clave SIP 20181029.<\/p>\n\n\n\n<p>2018. Coordinadora del proyecto \u00abEcological and productive effects of bark beetle outbreaks in Sierra Norte region, in Oaxaca, Mexico\u201d. Equipo donado por IdeaWild.<\/p>\n\n\n\n<p>2017. Participante del proyecto \u201cManejo para la conservaci\u00f3n y la provisi\u00f3n de servicios ambientales en bosques comunitarios y sistemas agroforestales\u201d. CIIDIR-Oaxaca Clave SIP 20171123.<\/p>\n\n\n\n<p>2014. Participante en el proyecto \u00abInstitutional Change and Local Forest Governance: Shaping the Mexican Community Forestry\u201d Sector 1999-2012. Secci\u00f3n: An\u00e1lisis cartogr\u00e1fico de Tendencias de Deforestaci\u00f3n.CIIDIR-Oaxaca<\/p>\n\n\n\n<p>2014. Participante en el proyecto \u201cA Field survey of timber producing community forests and Assessing opportunities for improved forest timber management activities to reduce or remove greenhouse gas emissions within managed forests in Mexico\u201d. CIIDIR-Oaxaca<\/p>\n\n\n\n<p><\/p>\n","protected":false},"excerpt":{"rendered":"<p>2025. Coordinadora del proyecto \u00abConservation of the Quercus genus through its propagation in an educational forest nursery in the Central Valleys of Oaxaca\u00bb Financiado por The Rufford Foundati\u00f3n. 2024. Coordinadora del proyecto \u00abDevelopment and strengthening of local capacities for the prevention, monitoring, control and combat of pests, diseases and fires in temperate and deciduous forests [&hellip;]<\/p>\n","protected":false},"author":81,"featured_media":0,"parent":0,"menu_order":0,"comment_status":"closed","ping_status":"closed","template":"","meta":{"_swt_meta_header_display":false,"_swt_meta_footer_display":false,"_swt_meta_site_title_display":false,"_swt_meta_sticky_header":false,"_swt_meta_transparent_header":false,"footnotes":""},"class_list":["post-11","page","type-page","status-publish","hentry"],"_links":{"self":[{"href":"https:\/\/web.ciidiroaxaca.ipn.mx\/gpachecoa\/wp-json\/wp\/v2\/pages\/11","targetHints":{"allow":["GET"]}}],"collection":[{"href":"https:\/\/web.ciidiroaxaca.ipn.mx\/gpachecoa\/wp-json\/wp\/v2\/pages"}],"about":[{"href":"https:\/\/web.ciidiroaxaca.ipn.mx\/gpachecoa\/wp-json\/wp\/v2\/types\/page"}],"author":[{"embeddable":true,"href":"https:\/\/web.ciidiroaxaca.ipn.mx\/gpachecoa\/wp-json\/wp\/v2\/users\/81"}],"replies":[{"embeddable":true,"href":"https:\/\/web.ciidiroaxaca.ipn.mx\/gpachecoa\/wp-json\/wp\/v2\/comments?post=11"}],"version-history":[{"count":5,"href":"https:\/\/web.ciidiroaxaca.ipn.mx\/gpachecoa\/wp-json\/wp\/v2\/pages\/11\/revisions"}],"predecessor-version":[{"id":69,"href":"https:\/\/web.ciidiroaxaca.ipn.mx\/gpachecoa\/wp-json\/wp\/v2\/pages\/11\/revisions\/69"}],"wp:attachment":[{"href":"https:\/\/web.ciidiroaxaca.ipn.mx\/gpachecoa\/wp-json\/wp\/v2\/media?parent=11"}],"curies":[{"name":"wp","href":"https:\/\/api.w.org\/{rel}","templated":true}]}}