{"id":8,"date":"2011-10-19T16:46:19","date_gmt":"2011-10-19T16:46:19","guid":{"rendered":"https:\/\/web.ciidiroaxaca.ipn.mx\/gmanzane\/tesis\/"},"modified":"2025-10-17T14:10:22","modified_gmt":"2025-10-17T20:10:22","slug":"tesis","status":"publish","type":"page","link":"https:\/\/web.ciidiroaxaca.ipn.mx\/gmanzane\/tesis\/","title":{"rendered":"Tesis"},"content":{"rendered":"\n<h3 class=\"wp-block-heading\">Directora de Tesis&nbsp; Nivel Maestr\u00eda<\/h3>\n\n\n\n<ul class=\"wp-block-list\">\n<li>Samantha Montserrat Ortiz Alonso (B230988). Maestr\u00eda en Ciencias en Conservaci\u00f3n y Aprovechamiento de Recursos Naturales,\u00a0de la l\u00ednea de investigaci\u00f3n en Patrones y Procesos de la Biodiversidad del Neotr\u00f3pico.\u00a0Conocimiento tradicional y comercializaci\u00f3n de hongos macrosc\u00f3picos en mercados de los Valles Centrales de Oaxaca, M\u00e9xico. Agosto 24 de 2025. Libro\u00a0\u00a0Folio.<\/li>\n\n\n\n<li>Paulina Pelayo Delgado (A230267). Maestr\u00eda en Ciencias en Conservaci\u00f3n y Aprovechamiento de Recursos Naturales de la l\u00ednea de investigaci\u00f3n en Patrones y Procesos de la Biodiversidad del Neotr\u00f3pico. Etnoecolog\u00eda mazateca de Nicotiana tabacum (Solanaceae) en Huautla de Jim\u00e9nez, Oaxaca. Enero 30-2025. Libr 08, Folio 058.<\/li>\n\n\n\n<li>Mar\u00eda de los \u00c1ngeles Carrizosa Bustamante (B220513). Maestr\u00eda en Ciencias en Conservaci\u00f3n y Aprovechamiento de Recursos Naturales de la l\u00ednea de investigaci\u00f3n en Patrones y Procesos de la Biodiversidad del Neotr\u00f3pico.&nbsp;&nbsp; Diversidad y abundancia de murci\u00e9lagos en dos refugios subterr\u00e1neos del Neotr\u00f3pico con diferentes grados de perturbaci\u00f3n humana. Oaxaca. Enero 29-2025. Libro 08, Folio 057. Codirecci\u00f3n<\/li>\n\n\n\n<li>Omar Torres Nogales (A220506). Maestr\u00eda en Ciencias en Conservaci\u00f3n y Aprovechamiento de Recursos Naturales de la l\u00ednea de investigaci\u00f3n en Patrones y Procesos de la Biodiversidad del Neotr\u00f3pico.Evaluaci\u00f3n del conocimiento local en la distribuci\u00f3n del venado cola blanca en Santa Catarina Ixtepeji, Oaxaca. Julio 14 de 2024. Libro Libro 08, Folio 150. Codirecci\u00f3n<\/li>\n\n\n\n<li>Miriam Jim\u00e9nez Chimil (B200892).&nbsp;Maestr\u00eda en Ciencias en Conservaci\u00f3n y Aprovechamiento de Recursos Naturales de la l\u00ednea de investigaci\u00f3n en Patrones y Procesos de la Biodiversidad del Neotr\u00f3pico. Conocimiento y uso de plantas entre mujeres ayuuk en San Juan Metaltepec, Oaxaca.&nbsp;Agosto 2020-14 de diciembre de 2022. Libro 8, Folio 022.<\/li>\n\n\n\n<li>Adonicam Santiago Mart\u00ednez (B160206). Maestr\u00eda en Ciencias en Conservaci\u00f3n y Aprovechamiento de Recursos Naturales&nbsp; de la l\u00ednea de investigaci\u00f3n en Patrones y Procesos de la Biodiversidad del Neotr\u00f3pico. Conocimiento tradicional y valor de uso de plantas medicinales silvestres en San Sebasti\u00e1n Coatl\u00e1n, Miahuatl\u00e1n, Oaxaca. Agosto 2016-&nbsp;enero 18 de 2019. Graduado. Libro 07, Folio 047.<\/li>\n\n\n\n<li>Sunem Pascual Mendoza (A160176). Maestr\u00eda en Ciencias en Conservaci\u00f3n y Aprovechamiento de Recursos Naturales&nbsp; de la l\u00ednea de investigaci\u00f3n en Patrones y Procesos de la Biodiversidad del Neotr\u00f3pico. Conocimiento tradicional y Valor de uso de plantas de agroecosistemas en Las Delicias, Juquila Vijanos, Oaxaca. Enero 2016-Junio 25 de 2018. Directores de Tesis: M. en C. Gladys Isabel Manzanero Medina y Dr. Alfredo Saynes V\u00e1squez. Libro 07 Folio 023.<\/li>\n\n\n\n<li>Luis Eder Ortiz Mart\u00ednez (A160137). Maestr\u00eda en Ciencias en Conservaci\u00f3n y Aprovechamiento de Recursos Naturales&nbsp; de la l\u00ednea de investigaci\u00f3n en Patrones y Procesos de la Biodiversidad del Neotr\u00f3pico. Biolog\u00eda reproductiva y etnobot\u00e1nica de Opuntia decumbens Salm-Dyck en Tonal\u00e1, Huajuapan, Oaxaca. Directoras de tesis: M. en C. Gladys Isabel Manzanero Medina y Dra. Mar\u00eda del Carmen Mandujano S\u00e1nchez. Enero 2016-Mayo 21 de 2018. Libro 07 Folio 018.<\/li>\n\n\n\n<li>Ana Alejandra Hern\u00e1ndez Mazas (B150513). Maestr\u00eda en Ciencias en Conservaci\u00f3n y Aprovechamiento de Recursos Naturales. CIIDIR-IPN-Oaxaca. Vitalidad del Conocimiento Ecol\u00f3gico Tradicional para la Conservaci\u00f3n de la Diversidad Biocultural de Teotitl\u00e1n del Valle, Oaxaca. Directores de tesis: M. en C. Gladys I. Manzanero Medina y Dr. Mario Enrique Fuente Carrasco. Agosto 2016- 31 de Julio de 2018. &nbsp;Libro 07 Folio 027.<\/li>\n\n\n\n<li>Pavel Jairo Padilla Vargas (B130012). Maestr\u00eda en Ciencias en Conservaci\u00f3n y Aprovechamiento de Recursos Naturales. Etnobot\u00e1nica de las especies utilizadas por la abeja Scaptotrigona mexicana en Cuetzalan del Progreso, Puebla, M\u00e9xico. CIIDIR-IPN-Oaxaca. Agosto de 2013-Obtenci\u00f3n de Grado 25 de enero de 2016. Libro 06 Folio 044.<\/li>\n\n\n\n<li>Rut Esther G\u00f3mez Luna (B130080). Maestr\u00eda en Ciencias en Conservaci\u00f3n y Aprovechamiento de Recursos Naturales. Significado Cultural de los huertos familiares zapotecos de Santa Catarina Lachatao, Ixtl\u00e1n de Ju\u00e1rez, Oaxaca. CIIDIR-IPN-Oaxaca. Agosto de 2013- Obtenci\u00f3n de Grado 15 de enero de 2016.Libro 06 Folio 038.<\/li>\n\n\n\n<li>Everardo Eymard Ramos Mijangos (B130202). Maestr\u00eda en Ciencias en Conservaci\u00f3n y Aprovechamiento de Recursos Naturales. El mercado voluntario de bonos de carbono y su impacto en el desarrollo comunitario sustentable de Capul\u00e1lpam de M\u00e9ndez, Oaxaca. Agosto 2013- Obtenci\u00f3n de Grado 14 de enero de 2016.<\/li>\n\n\n\n<li>Karen Andrea Mart\u00ednez Bola\u00f1os (B120009). Maestr\u00eda en Ciencias en Conservaci\u00f3n y Aprovechamiento de Recursos Naturales (El valor de uso de plantas ornamentales-rituales comercializadas en mercados de los valles centrales del estado de Oaxaca). CIIDIR-IPN-Oaxaca. Agosto 2011-Obtenci\u00f3n de Grado 17 de diciembre de 2014.Libro 6 Folio 014.<\/li>\n\n\n\n<li>Magali Mart\u00ednez Cort\u00e9s. (A110251). No. de Acta: 0207. Maestr\u00eda en Ciencias en Conservaci\u00f3n y Aprovechamiento de Recursos Naturales. (El valor de uso de las plantas suculentas en Tonal\u00e1, Huajuapan, Oaxaca). CIIDIR-IPN-Oaxaca. Febrero de 2011. Examen de&nbsp; Grado Enero 14 de 2013.&nbsp;<\/li>\n\n\n\n<li>Guilibaldo Gabriel Zurita V\u00e1squez. (A100208). Maestr\u00eda en Ciencias en Conservaci\u00f3n y Aprovechamiento de Recursos Naturales (Estudio etnobot\u00e1nico y ecol\u00f3gico de los huertos familiares de San Andr\u00e9s Paxtl\u00e1n, Miahuatl\u00e1n, Oaxaca). CIIDIR-IPN-Oaxaca. Febrero 2010- Examen de&nbsp; Grado 6 de julio 2012.<\/li>\n\n\n\n<li>Diana Tapia Pe\u00f1a. Maestr\u00eda en Ciencias en Conservaci\u00f3n y Aprovechamiento de Recursos Naturales (T\u00edtulo de tesis: Valor cultural de las plantas de Tonal\u00e1, Huajuapan, Oaxaca).CIIDIR-IPN-Oaxaca. Agosto de 2009 a Diciembre de 2011. Obtenci\u00f3n de grado 9 de diciembre de 2011.<\/li>\n\n\n\n<li>Lauro Solano Hern\u00e1ndez. Maestr\u00eda en Ciencias en Conservaci\u00f3n y Aprovechamiento de Recursos Naturales (Importancia ecol\u00f3gica y cultural de los recursos vegetales&nbsp; de Asunci\u00f3n Cuyotepeji, Huajuapan, Oaxaca, M\u00e9xico). CIIDIR-IPN-Oaxaca. Agosto de 2007 a Diciembre de 2009. Obtenci\u00f3n de grado 18 de diciembre de 2009.<\/li>\n\n\n\n<li>Miguel Antonio Cervantes Reyes. Maestr\u00eda en Ciencias en Conservaci\u00f3n y Aprovechamiento de Recursos Naturales (Evaluaci\u00f3n farmacol\u00f3gica de Prosthechea michuacana (Orchidaceae), especie de potencial agron\u00f3mico). CIIDIR-IPN-Oaxaca. Obtenci\u00f3n de Grado: 15 de diciembre de 2008.<\/li>\n\n\n\n<li>Eugenio Padilla G\u00f3mez. Maestr\u00eda en Ciencias en Conservaci\u00f3n y Aprovechamiento de Recursos Naturales (Estudio ecol\u00f3gico&nbsp; y etnobot\u00e1nico de la vegetaci\u00f3n del municipio de San Pablo Etla, Oaxaca). CIIDIR-IPN-Oaxaca. Ago 2005-2007. Obtenci\u00f3n de Grado: 8 de noviembre del 2007.<\/li>\n<\/ul>\n\n\n\n<h3 class=\"wp-block-heading\">Directora de Tesis&nbsp;Nivel licenciatura<\/h3>\n\n\n\n<ul class=\"wp-block-list\">\n<li>Alejandro Cruz Cruz (72189): Plantas medicinales de San Juan Metepec. Dentro del Proyecto de Investigaci\u00f3n Etnoecolog\u00eda del chile (Capsicum spp.) en localidades ind\u00edgenas de Oaxaca, M\u00e9xico. Clave de Registro SIP: 20211931-Concluido. Licenciatura en Biolog\u00eda. Facultad de Sistemas Biol\u00f3gicos e Innovaci\u00f3n Tecnol\u00f3gica. Universidad Benito Ju\u00e1rez de Oaxaca. 29 de noviembre de 2023.&nbsp;N\u00famero 37, Libro ii.<\/li>\n\n\n\n<li>Rosa Luz Flores Hern\u00e1ndez: Importancia biocultural de las cact\u00e1ceas en los sistemas agroforestales de Ajalpan, Puebla. Dentro del Proyecto de Investigaci\u00f3n Etnoecolog\u00eda de chile (Capsicum spp., Solanaceae) en el Valle de Tehuac\u00e1n Cuicatl\u00e1n, M\u00e9xico. Registro asignado por la SIP:&nbsp; 20220861. Ingenier\u00eda Forestal. Instituto Tecnol\u00f3gico del Valle de Oaxaca. 31 de agosto al 31 de diciembre de 2022. Graduaci\u00f3n 9 de junio de 2023. Libro para Constancias de Exenci\u00f3n de Examen Profesional No. 8, Foja No. 115.<\/li>\n\n\n\n<li>Diana Itza Solano Carrillo. Licenciatura en Qu\u00edmico Bi\u00f3logo. UABJO.<\/li>\n\n\n\n<li>Diana Tapia Pe\u00f1a. Licenciatura en Qu\u00edmico Bi\u00f3logo. UABJO. \u201cEtnobot\u00e1nica de plantas silvestres presentes en mercados tradicionales de Valles Centrales, Oaxaca. Obtenci\u00f3n de t\u00edtulo: 31 de enero de 2007.<\/li>\n\n\n\n<li>Licenciatura en Biolog\u00eda a la alumna Ramona Nicolasa L\u00f3pez L\u00f3pez. Licenciatura. Biolog\u00eda. ITAO. \u201cAn\u00e1lisis fitogeogr\u00e1fico-ecol\u00f3gico de orqu\u00eddeas y ep\u00edfitas vasculares asociadas en cafetales de Pluma Hidalgo, Oaxaca\u201d. Junio 29 de 2004.<\/li>\n\n\n\n<li>Licenciatura en Biolog\u00eda a la alumna C. Marcela Flor Genis Vera: \u201cEstudio sobre Germinaci\u00f3n y Crecimiento de Pl\u00e1ntulas en Mammillaria haageana y Melocactus restii\u201d. Benem\u00e9rita Universidad Aut\u00f3noma de Puebla. 15 de marzo 2002.<\/li>\n\n\n\n<li>Direcci\u00f3n de Tesis de Licenciatura en Inform\u00e1tica de las alumnas: Flor de Liz Salas Pimentel y Nadia Ramos M\u00e9ndez. Desarrollo de un Software sobre la Colecci\u00f3n de Plantas del Jard\u00edn Bot\u00e1nico Regional \u201cCassiano Conzatti\u201d. Instituto Tecnol\u00f3gico de Oaxaca (ITO). Octubre 1999-junio 2000.<\/li>\n\n\n\n<li>Direcci\u00f3n de Tesis de Licenciatura en Inform\u00e1tica de la alumna: Nadia Ramos M\u00e9ndez. Desarrollo de un Software sobre la Colecci\u00f3n de Plantas del Jard\u00edn Bot\u00e1nico Regional \u201cCassiano Conzatti\u201d. Instituto Tecnol\u00f3gico de Oaxaca (ITO). Octubre 1999-junio 2000.<\/li>\n<\/ul>\n\n\n\n<p><\/p>\n","protected":false},"excerpt":{"rendered":"<p>Directora de Tesis&nbsp; Nivel Maestr\u00eda Directora de Tesis&nbsp;Nivel licenciatura<\/p>\n","protected":false},"author":42,"featured_media":0,"parent":0,"menu_order":0,"comment_status":"closed","ping_status":"closed","template":"","meta":{"_swt_meta_header_display":false,"_swt_meta_footer_display":false,"_swt_meta_site_title_display":false,"_swt_meta_sticky_header":false,"_swt_meta_transparent_header":false,"footnotes":""},"class_list":["post-8","page","type-page","status-publish","hentry"],"_links":{"self":[{"href":"https:\/\/web.ciidiroaxaca.ipn.mx\/gmanzane\/wp-json\/wp\/v2\/pages\/8","targetHints":{"allow":["GET"]}}],"collection":[{"href":"https:\/\/web.ciidiroaxaca.ipn.mx\/gmanzane\/wp-json\/wp\/v2\/pages"}],"about":[{"href":"https:\/\/web.ciidiroaxaca.ipn.mx\/gmanzane\/wp-json\/wp\/v2\/types\/page"}],"author":[{"embeddable":true,"href":"https:\/\/web.ciidiroaxaca.ipn.mx\/gmanzane\/wp-json\/wp\/v2\/users\/42"}],"replies":[{"embeddable":true,"href":"https:\/\/web.ciidiroaxaca.ipn.mx\/gmanzane\/wp-json\/wp\/v2\/comments?post=8"}],"version-history":[{"count":4,"href":"https:\/\/web.ciidiroaxaca.ipn.mx\/gmanzane\/wp-json\/wp\/v2\/pages\/8\/revisions"}],"predecessor-version":[{"id":52,"href":"https:\/\/web.ciidiroaxaca.ipn.mx\/gmanzane\/wp-json\/wp\/v2\/pages\/8\/revisions\/52"}],"wp:attachment":[{"href":"https:\/\/web.ciidiroaxaca.ipn.mx\/gmanzane\/wp-json\/wp\/v2\/media?parent=8"}],"curies":[{"name":"wp","href":"https:\/\/api.w.org\/{rel}","templated":true}]}}