{"id":7,"date":"2011-10-19T16:35:24","date_gmt":"2011-10-19T16:35:24","guid":{"rendered":"https:\/\/web.ciidiroaxaca.ipn.mx\/gmanzane\/proyectos-de-investigacion\/"},"modified":"2025-10-17T11:18:59","modified_gmt":"2025-10-17T17:18:59","slug":"proyectos-de-investigacion","status":"publish","type":"page","link":"https:\/\/web.ciidiroaxaca.ipn.mx\/gmanzane\/proyectos-de-investigacion\/","title":{"rendered":"Proyectos de investigaci\u00f3n"},"content":{"rendered":"\n<h3 class=\"wp-block-heading\">a) Directora de&nbsp;&nbsp;Proyectos de Investigaci\u00f3n<\/h3>\n\n\n\n<p class=\"has-text-align-left\"><\/p>\n\n\n\n<ul class=\"wp-block-list\">\n<li>Etnoecolog\u00eda del chile silvestre (Capsicum annuum var. glabriusculum) en dos localidades del Valle de Zapotitl\u00e1n, M\u00e9xico. Registro asignado por la SIP: 20251317. En proceso<\/li>\n\n\n\n<li>Etnobot\u00e1nica de agroecosistemas tradicionales en el Valle de Tehuac\u00e1n Cuicatl\u00e1n. Registro asignado por la SIP: 20240274 actual<\/li>\n\n\n\n<li>Conocimiento tradicional de Capsicum spp. en el Valle de Tehuac\u00e1n-Cuicatl\u00e1n.Registro asignado por la SIP:&nbsp; 20230088-Concluido<\/li>\n\n\n\n<li>Etnoecolog\u00eda de chile (Capsicum spp., Solanaceae) en el Valle de Tehuac\u00e1n Cuicatl\u00e1n,&nbsp;M\u00e9xico. Registro asignado por la SIP:&nbsp; 20220861-ConcluidoEtnoecolog\u00eda del chile (Capsicum spp.) en localidades ind\u00edgenas de Oaxaca, M\u00e9xico. Clave de Registro SIP: 20211931-Concluido<\/li>\n\n\n\n<li>Estudio etnobot\u00e1nico e identificaci\u00f3n molecular de los chiles (Capsicum spp.) de Oaxaca. Clave SIP: 20201115-Concluido<\/li>\n\n\n\n<li>Etnobot\u00e1nica y contenido nutrimental de flores silvestres de dos regiones de Oaxaca, M\u00e9xico. Clave SIP: 20195571. Concluido<\/li>\n\n\n\n<li>Etnobot\u00e1nica y potencial nutricional de quelites presentes en los mercados de Zaachila y Zimatl\u00e1n, Valles Centrales de Oaxaca. Clave SIP: 20180875. Concluido<\/li>\n\n\n\n<li>Etnobot\u00e1nica y potencial nutricional de quelites presentes en los mercados de Zaachila y Zimatl\u00e1n, Oaxaca. Registro asignado por la SIP: 20170715. Concluido<\/li>\n\n\n\n<li>Etnobot\u00e1nica y contenido nutrimental de flores silvestres de dos regiones de Oaxaca, M\u00e9xico. Clave SIP: 20195571. Concluido<\/li>\n\n\n\n<li>Vitalidad del conocimiento ambiental tradicional sobre plantas y animales en huertos familiares de la Sierra Norte de Oaxaca, M\u00e9xico. Clave SIP: 20150565. Cocluido<\/li>\n\n\n\n<li>Valor de uso de plantas silvestres presentes en mercados tradicionales de los Valles Centrales del Estado de Oaxaca. Registro asignado por la SIP: 20130694. Concluido<\/li>\n\n\n\n<li>Etnobot\u00e1nica del \u00c1rea Natural Protegida \u00abEl Boquer\u00f3n\u00bb de Tonal\u00e1, Oaxaca. Registros asignados por la SIP: 20110223; 20121259. Concluidos<\/li>\n\n\n\n<li>Etnobot\u00e1nica de huertos familiares en Tonal\u00e1, Huajuapan, Oaxaca. CIIDIR Oaxaca. Claves SIP: 20090218; 20100450.Concluidos<\/li>\n\n\n\n<li>Etnobot\u00e1nica y manejo sustentable de huertos familiares zapotecos en Oaxaca, M\u00e9xico. CIIDIR Oaxaca. Clave DEPI: 978006. 1997 \u2013 1999. Concluido<\/li>\n\n\n\n<li>Establecimiento de un Jard\u00edn Bot\u00e1nico Regional en Oaxaca.&nbsp; CIIDIR \u2011 IPN \u2011 Oaxaca.&nbsp;&nbsp; Clave DEPI 913308.&nbsp; 1993 \u2013 1996.&nbsp; Concluido<\/li>\n<\/ul>\n\n\n\n<h3 class=\"wp-block-heading\">b) Participante en proyectos de investigaci\u00f3n CONAHCYT<\/h3>\n\n\n\n<ul class=\"wp-block-list\">\n<li>Agrosilviculturas Agroecol\u00f3gicas Urbanas y Periurbanas de M\u00e9xico para Nuestras Soberan\u00edas (Alimentarias). Colectiva de Investigaci\u00f3n e Incidencia de Agrosilviculturas Agroecol\u00f3gicas Urbanas y Periurbanas de M\u00e9xico. Responsable T\u00e9cnica: Dra. Ana Isabel Moreno Calles, adscrita a la Escuela Nacional de Estudios Superiores, Unidad Morelia UNAM. Proyecto Nacional de Investigaci\u00f3n e Incidencia PRONAII-CONACyT 321285-Concluido<\/li>\n\n\n\n<li>Rescate de especies subvaloradas tradicionales de la dieta mexicana y su contribuci\u00f3n para el mejoramiento de la nutrici\u00f3n en M\u00e9xico. Proyecto Multidisciplinario CONACyT 214286. Facultad de Qu\u00edmica, Universidad Nacional Aut\u00f3noma de M\u00e9xico (UNAM). 2015-Concluido<\/li>\n<\/ul>\n\n\n\n<h3 class=\"wp-block-heading\">c) Participante en los proyectos de investigaci\u00f3n (IPN)<\/h3>\n\n\n\n<ul class=\"wp-block-list\">\n<li>La importancia de las colecciones mastozool\u00f3gicas en la conservaci\u00f3n de mam\u00edferos de OaxacaClave SIP 20160703.<\/li>\n\n\n\n<li>Estudio poblacional&nbsp; de Mammillaria tonalensis D.R. Hunt, cact\u00e1cea end\u00e9mica del \u00e1rea protegida del Boquer\u00f3n de Tonal\u00e1, y de Oaxaca. Clave SIP 20100449.<\/li>\n\n\n\n<li>Estudio ecol\u00f3gico de una cact\u00e1cea columnar end\u00e9mica del Istmo: Cephalocereus totolapensis (Bravo &amp; T.MacDoug.) Buxb. Clave SIP: 20080718, 20090202.&nbsp; 2008-2009. Concluido<\/li>\n\n\n\n<li>Din\u00e1mica poblacional de cact\u00e1ceas end\u00e9micas de Oaxaca y protegidas por las leyes mexicanas. Clave CGPI: 20050225, 20060581, 20070431. 2005-2008. Concluidos<\/li>\n\n\n\n<li>Estudios poblacionales y reproductivos de dos especies de cact\u00e1ceas prioritarias, en riesgo y end\u00e9micas del estado de Oaxaca. Clave CGEPI: 20030545, 20040052. 2003-2005. Concluido<\/li>\n\n\n\n<li>Conservaci\u00f3n y manejo de cact\u00e1ceas (G\u00e9nero Mammillaria) end\u00e9micas de Oaxaca y del Valle de Tehuac\u00e1n-Cuicatl\u00e1n. Clave FMCN: B2-00-005. Clave CGEPI: 20010877. 2001-2003. Concluido<\/li>\n\n\n\n<li>Investigaci\u00f3n para el manejo y conservaci\u00f3n de cact\u00e1ceas end\u00e9micas a la porci\u00f3n oaxaque\u00f1a del Valle de Tehuac\u00e1n-Cuicatl\u00e1n e incluidas en la NOM-059-ECOL-1994. Clave SIBEJ-CONACYT: 98SIBEJ05-06-013. Clave&nbsp; CGEPI: 990427. 1999-2001. Concluido<\/li>\n\n\n\n<li>&nbsp;Estudios&nbsp; ecol\u00f3gicos&nbsp; y&nbsp; flor\u00edsticos&nbsp;&nbsp; de&nbsp; las&nbsp; comunidades vegetales del&nbsp; Estado de Oaxaca.&nbsp;&nbsp; CIIDIR \u2011 IPN \u2011 U. Oaxaca.&nbsp; Reg.&nbsp; DEPI 871826. 1987 \u2013 1990.&nbsp;Concluido&nbsp;<\/li>\n\n\n\n<li>Evaluaci\u00f3n&nbsp; ecol\u00f3gica&nbsp; de&nbsp; las&nbsp; comunidades&nbsp; vegetales&nbsp; del Estado&nbsp; de&nbsp; Oaxaca. CIIDIR \u2011 IPN \u2011 U. Oaxaca. Reg. DGI: 843342.&nbsp; 1984 \u2013 1986.&nbsp;Concluido.&nbsp;Concluido&nbsp;<\/li>\n\n\n\n<li>Estudios&nbsp; preliminares&nbsp; para&nbsp; el&nbsp;&nbsp; establecimiento&nbsp; de&nbsp; un sistema de \u00e1reas naturales protegidas&nbsp; para&nbsp; el estado&nbsp; de Oaxaca.&nbsp; CIIDIR Oaxaca. Claves: DEPI&nbsp; 895598. 1989 \u2013 1990.&nbsp;Concluido&nbsp;<\/li>\n\n\n\n<li>Etnobot\u00e1nica en dos&nbsp; comunidades mixtecas de&nbsp; la Sierra Sur. CIIDIR \u2011 IPN \u2011 U. Oaxaca. Reg. DEPI 853968. 1987\u2011 1989.&nbsp;Concluido&nbsp;<\/li>\n<\/ul>\n\n\n\n<h3 class=\"wp-block-heading\">d) Proyectos de investigacion con financiamiento externo<\/h3>\n\n\n\n<ul class=\"wp-block-list\">\n<li>Evaluaci\u00f3n poblacional, estudio del h\u00e1bitat, la comunidad y el grado de perturbaci\u00f3n de riesgo de las especies de cact\u00e1ceas del Ap\u00e9ndice I del CITES. SEMARNAT\/CONACYT 0350. 2005-2007. (Participante)&nbsp;Concluido<\/li>\n\n\n\n<li>Conservaci\u00f3n y manejo de cact\u00e1ceas (G\u00e9nero Mammillaria) end\u00e9micas de Oaxaca y del Valle de Tehuac\u00e1n-Cuicatl\u00e1n. Clave FMCN: B2-00-005. 2001-2002. (Participante).&nbsp;Concluido<\/li>\n\n\n\n<li>Investigaci\u00f3n para el manejo y conservaci\u00f3n de cact\u00e1ceas end\u00e9micas a la porci\u00f3n oaxaque\u00f1a del Valle de Tehuac\u00e1n-Cuicatl\u00e1n e incluidas en la NOM-059-ECOL-1994. Clave SIBEJ-CONACYT: 98SIBEJ05-06-013. 1999-2001. (Participante).Concluido&nbsp;<\/li>\n\n\n\n<li>Etnobiolog\u00eda y manejo sustentable de huertos familares zapotecos en Oaxaca, M\u00e9xico. Clave SIBEJ-CONACYT OAX-RNMA-028. 1997-99. (Directora). Concluido<\/li>\n\n\n\n<li>Establecimiento de un Jard\u00edn Bot\u00e1nico Regional en Oaxaca.&nbsp; CONACYT.&nbsp; PCCSCNA-031130. 1990-91. (Directora).&nbsp;Concluido&nbsp;<\/li>\n<\/ul>\n","protected":false},"excerpt":{"rendered":"<p>a) Directora de&nbsp;&nbsp;Proyectos de Investigaci\u00f3n b) Participante en proyectos de investigaci\u00f3n CONAHCYT c) Participante en los proyectos de investigaci\u00f3n (IPN) d) Proyectos de investigacion con financiamiento externo<\/p>\n","protected":false},"author":42,"featured_media":0,"parent":0,"menu_order":0,"comment_status":"closed","ping_status":"closed","template":"","meta":{"_swt_meta_header_display":false,"_swt_meta_footer_display":false,"_swt_meta_site_title_display":false,"_swt_meta_sticky_header":false,"_swt_meta_transparent_header":false,"footnotes":""},"class_list":["post-7","page","type-page","status-publish","hentry"],"_links":{"self":[{"href":"https:\/\/web.ciidiroaxaca.ipn.mx\/gmanzane\/wp-json\/wp\/v2\/pages\/7","targetHints":{"allow":["GET"]}}],"collection":[{"href":"https:\/\/web.ciidiroaxaca.ipn.mx\/gmanzane\/wp-json\/wp\/v2\/pages"}],"about":[{"href":"https:\/\/web.ciidiroaxaca.ipn.mx\/gmanzane\/wp-json\/wp\/v2\/types\/page"}],"author":[{"embeddable":true,"href":"https:\/\/web.ciidiroaxaca.ipn.mx\/gmanzane\/wp-json\/wp\/v2\/users\/42"}],"replies":[{"embeddable":true,"href":"https:\/\/web.ciidiroaxaca.ipn.mx\/gmanzane\/wp-json\/wp\/v2\/comments?post=7"}],"version-history":[{"count":5,"href":"https:\/\/web.ciidiroaxaca.ipn.mx\/gmanzane\/wp-json\/wp\/v2\/pages\/7\/revisions"}],"predecessor-version":[{"id":47,"href":"https:\/\/web.ciidiroaxaca.ipn.mx\/gmanzane\/wp-json\/wp\/v2\/pages\/7\/revisions\/47"}],"wp:attachment":[{"href":"https:\/\/web.ciidiroaxaca.ipn.mx\/gmanzane\/wp-json\/wp\/v2\/media?parent=7"}],"curies":[{"name":"wp","href":"https:\/\/api.w.org\/{rel}","templated":true}]}}