{"id":9,"date":"2015-01-20T21:01:58","date_gmt":"2015-01-20T21:01:58","guid":{"rendered":"https:\/\/web.ciidiroaxaca.ipn.mx\/ghinojosa\/dr-gustavo-hinojosa-arango\/"},"modified":"2025-10-20T17:00:02","modified_gmt":"2025-10-20T23:00:02","slug":"dr-gustavo-hinojosa-arango","status":"publish","type":"page","link":"https:\/\/web.ciidiroaxaca.ipn.mx\/ghinojosa\/","title":{"rendered":"Dr. Gustavo Hinojosa Arango"},"content":{"rendered":"\n<figure class=\"wp-block-image aligncenter is-resized\"><img decoding=\"async\" src=\"https:\/\/web.ciidiroaxaca.ipn.mx\/ghinojosa\/wp-content\/uploads\/sites\/40\/2015\/01\/b6ca4cd3-a731-47a6-bc55-a729a62320da-2.jpg\" alt=\"\" style=\"width:508px;height:auto\" \/><\/figure>\n\n\n\n<h3 class=\"wp-block-heading has-text-align-center\">Doctor&nbsp;en Ecolog\u00eda Marina<\/h3>\n\n\n\n<p class=\"has-text-align-center\">Lic. en Biolog\u00eda Marina<\/p>\n\n\n\n<p class=\"has-text-align-center\">C\u00e1tedra CONACYT (Investigador por M\u00e9xico)<\/p>\n\n\n\n<h3 class=\"wp-block-heading has-text-align-center\">Miembro del Sistema Nacional de Investigadores, Nivel 2<\/h3>\n\n\n\n<p class=\"has-text-align-center\">National Geographic Explorer<\/p>\n\n\n\n<p class=\"has-text-align-center\">ghinojosaar@secihti.mx\u00a0\u00a0\u00a0\u00a0\u00a0\u00a0\u00a0\u00a0\u00a0\u00a0 ghinojosa@ipn.mx<\/p>\n\n\n\n<p class=\"has-text-align-center\">Tel: + (951) 517 1199&nbsp; Ext: 82732<\/p>\n\n\n\n<div style=\"height:46px\" aria-hidden=\"true\" class=\"wp-block-spacer\"><\/div>\n\n\n\n<p><strong>L\u00edneas de investigaci\u00f3n actuales:<\/strong><\/p>\n\n\n\n<ul class=\"wp-block-list\">\n<li>Gobernanza y manejo de recursos marinos y costeros<\/li>\n\n\n\n<li>Ecolog\u00eda y conservaci\u00f3n de manglares&nbsp;<\/li>\n\n\n\n<li>Mam\u00edferos marinos en la costa de Oaxaca y las interacciones con actividades humanas<\/li>\n\n\n\n<li>Aprovechamiento Integral de la Pesca ribere\u00f1a en la costa de Oaxaca<\/li>\n\n\n\n<li>Tortugas marinas en Baja California Sur y costa de Oaxaca<\/li>\n\n\n\n<li>Estado de conservaci\u00f3n y manejo de arrecifes coralinos en la costa de Oaxaca<\/li>\n<\/ul>\n\n\n\n<p>Gustavo realiz\u00f3 sus estudios de Biologo Marino en la Universidad Aut\u00f3noma de Baja California Sur (UABCS) y tiene un Doctorado en Ecolog\u00eda Marina otorgado por The Queen&#8217;s University of Belfast en Irlanda del Norte. El Dr. Hinojosa ha impartido los cursos de Fisiolog\u00eda Vegetal, Introduccion a la Biolog\u00eda y Ecolog\u00eda Costera, Zoolog\u00eda de Invertebrados Marinos I y II para estudiantes de licenciatura nacionales y extranjeros. Trabaj\u00f3 dos a\u00f1os como Profesor Residente para The School for Field Studies (SFS-BU) y fue posteriormente promovido a Director del Centro ubicado en Bah\u00eda Magdalena, en Baja California Sur. Antes de incorporarse como C\u00e1tedra CONACYT adscrito al CIIDIR-Oaxaca, fue Director del Centro para la Biodiversidad Marina y la Conservaci\u00f3n A.C. que colabora directamente con el Scripps Institution of Oceanography<\/p>\n\n\n\n<div class=\"wp-block-columns is-layout-flex wp-container-core-columns-is-layout-28f84493 wp-block-columns-is-layout-flex\">\n<div class=\"wp-block-column is-layout-flow wp-block-column-is-layout-flow\">\n<figure class=\"wp-block-image aligncenter is-resized\"><img decoding=\"async\" src=\"https:\/\/web.ciidiroaxaca.ipn.mx\/ghinojosa\/wp-content\/uploads\/sites\/40\/2015\/01\/IMG_2715.jpg\" alt=\"\" style=\"width:272px;height:auto\" \/><\/figure>\n<\/div>\n\n\n\n<div class=\"wp-block-column is-layout-flow wp-block-column-is-layout-flow\">\n<figure class=\"wp-block-image aligncenter is-resized\"><img decoding=\"async\" src=\"https:\/\/web.ciidiroaxaca.ipn.mx\/ghinojosa\/wp-content\/uploads\/sites\/40\/2015\/01\/Mexico-7-25-08-181.JPG\" alt=\"\" style=\"width:265px;height:auto\" \/><\/figure>\n<\/div>\n<\/div>\n\n\n\n<hr class=\"wp-block-separator has-alpha-channel-opacity\" \/>\n\n\n\n<p><\/p>\n\n\n\n<div class=\"wp-block-columns is-layout-flex wp-container-core-columns-is-layout-28f84493 wp-block-columns-is-layout-flex\">\n<div class=\"wp-block-column is-layout-flow wp-block-column-is-layout-flow\">\n<figure class=\"wp-block-image\"><img decoding=\"async\" src=\"https:\/\/web.ciidiroaxaca.ipn.mx\/ghinojosa\/wp-content\/uploads\/sites\/40\/2015\/01\/More-Mexico-010.JPG\" alt=\"\" \/><\/figure>\n<\/div>\n\n\n\n<div class=\"wp-block-column is-layout-flow wp-block-column-is-layout-flow\">\n<figure class=\"wp-block-image\"><img decoding=\"async\" src=\"https:\/\/web.ciidiroaxaca.ipn.mx\/ghinojosa\/wp-content\/uploads\/sites\/40\/2015\/01\/class-3.JPG\" alt=\"\" \/><\/figure>\n<\/div>\n<\/div>\n\n\n\n<p>Grupos de Investigaci\u00f3n:<\/p>\n\n\n\n<ul class=\"wp-block-list\">\n<li>Red Estatal de Investigaci\u00f3n Pesquera y Acu\u00edcola de Oaxaca&nbsp;<\/li>\n\n\n\n<li>Programa de Investigaci\u00f3n en Bot\u00e1nica Marina &#8211; Universidad Aut\u00f3noma de Baja California Sur<\/li>\n\n\n\n<li>Red de monitoreo de macrofitas del Golfo de California<\/li>\n\n\n\n<li>Laboratorio de Bioac\u00fastica del CIIDIR<\/li>\n\n\n\n<li>Grupo para la Conservaci\u00f3n de Tortugas Marinas en Oaxaca<\/li>\n\n\n\n<li>Gobernanza y Manejo de Recursos Marinos y Costeros<\/li>\n\n\n\n<li>Coodrinador del Grupo de Pesca Sustentable del Consejo Estatal de los Humedales Costeros de Oaxaca (CEHCO) 2023-2024<\/li>\n<\/ul>\n","protected":false},"excerpt":{"rendered":"<p>Doctor&nbsp;en Ecolog\u00eda Marina Lic. en Biolog\u00eda Marina C\u00e1tedra CONACYT (Investigador por M\u00e9xico) Miembro del Sistema Nacional de Investigadores, Nivel 2 National Geographic Explorer ghinojosaar@secihti.mx\u00a0\u00a0\u00a0\u00a0\u00a0\u00a0\u00a0\u00a0\u00a0\u00a0 ghinojosa@ipn.mx Tel: + (951) 517 1199&nbsp; Ext: 82732 L\u00edneas de investigaci\u00f3n actuales: Gustavo realiz\u00f3 sus estudios de Biologo Marino en la Universidad Aut\u00f3noma de Baja California Sur (UABCS) y tiene un [&hellip;]<\/p>\n","protected":false},"author":19,"featured_media":0,"parent":0,"menu_order":0,"comment_status":"closed","ping_status":"closed","template":"","meta":{"_swt_meta_header_display":false,"_swt_meta_footer_display":false,"_swt_meta_site_title_display":false,"_swt_meta_sticky_header":false,"_swt_meta_transparent_header":false,"footnotes":""},"class_list":["post-9","page","type-page","status-publish","hentry"],"_links":{"self":[{"href":"https:\/\/web.ciidiroaxaca.ipn.mx\/ghinojosa\/wp-json\/wp\/v2\/pages\/9","targetHints":{"allow":["GET"]}}],"collection":[{"href":"https:\/\/web.ciidiroaxaca.ipn.mx\/ghinojosa\/wp-json\/wp\/v2\/pages"}],"about":[{"href":"https:\/\/web.ciidiroaxaca.ipn.mx\/ghinojosa\/wp-json\/wp\/v2\/types\/page"}],"author":[{"embeddable":true,"href":"https:\/\/web.ciidiroaxaca.ipn.mx\/ghinojosa\/wp-json\/wp\/v2\/users\/19"}],"replies":[{"embeddable":true,"href":"https:\/\/web.ciidiroaxaca.ipn.mx\/ghinojosa\/wp-json\/wp\/v2\/comments?post=9"}],"version-history":[{"count":4,"href":"https:\/\/web.ciidiroaxaca.ipn.mx\/ghinojosa\/wp-json\/wp\/v2\/pages\/9\/revisions"}],"predecessor-version":[{"id":50,"href":"https:\/\/web.ciidiroaxaca.ipn.mx\/ghinojosa\/wp-json\/wp\/v2\/pages\/9\/revisions\/50"}],"wp:attachment":[{"href":"https:\/\/web.ciidiroaxaca.ipn.mx\/ghinojosa\/wp-json\/wp\/v2\/media?parent=9"}],"curies":[{"name":"wp","href":"https:\/\/api.w.org\/{rel}","templated":true}]}}