{"id":16,"date":"2015-01-20T21:06:03","date_gmt":"2015-01-20T21:06:03","guid":{"rendered":"https:\/\/web.ciidiroaxaca.ipn.mx\/ghinojosa\/tesis\/"},"modified":"2025-10-20T17:12:43","modified_gmt":"2025-10-20T23:12:43","slug":"tesis","status":"publish","type":"page","link":"https:\/\/web.ciidiroaxaca.ipn.mx\/ghinojosa\/tesis\/","title":{"rendered":"Tesis"},"content":{"rendered":"\n<h3 class=\"wp-block-heading\"><strong>\u200bTESIS EN DESARROLLO<\/strong><\/h3>\n\n\n\n<ul class=\"wp-block-list\">\n<li><strong>Gilbergs Alejandre, Johanna Camila.<\/strong> Explorando tesoros ocultos: evaluando la hip\u00f3tesis de refugios de arrecifes profundos en arrecifes coralinos aislados del Pac\u00edfico Oriental Tropical. Tesis de Doctorado. <strong>CIIDIR Unidad Oaxaca<\/strong><\/li>\n\n\n\n<li><strong>Z\u00e1rate Palomec, Michelle<\/strong>. Evaluaci\u00f3n de metales pesados en sedimentos, agua y camar\u00f3n <em>Penaeus vannamei<\/em> (Boone, 1831) de la laguna superior en el Istmo de Tehuantepec, Oaxaca. Tesis de Maestr\u00eda. <strong>CIIDIR Unidad Oaxaca<\/strong>.<\/li>\n\n\n\n<li><strong>P\u00e9rez Hern\u00e1ndez, Betsabe Natividad<\/strong>. Conectividad gen\u00e9tica de <em>Leptogorgia alba<\/em> en arrecifes someros y mesol\u00edticos de Bah\u00edas de Huatulco para inferir la hip\u00f3tesis de refugio de arrecifes profundos. Tesis de Maestr\u00eda. <strong>CIIDIR Unidad Oaxaca<\/strong>.<\/li>\n\n\n\n<li><strong>Ramirez Villanueva, Ruth Itandehui<\/strong>. Estado de la poblaci\u00f3n y conservaci\u00f3n de la tortuga golfina, <em>Lepidochelys olivacea<\/em>, en el sureste del Pac\u00edfico Mexicano. Tesis de doctorado.<strong>&nbsp;CIIDIR Unidad Oaxaca<\/strong>&nbsp;<\/li>\n\n\n\n<li><strong>V\u00e1squez Suaste, Elisa.&nbsp;<\/strong>Efectos del Cambio Clim\u00e1tico en el Sistema Socio-Ecol\u00f3gico de Bajos de Coyula, Huatulco; proyecciones al 2050. Tesis de Doctorado.&nbsp;<strong>CIIDIR.Oaxaca.<\/strong><\/li>\n\n\n\n<li><\/li>\n\n\n\n<li><strong>Ch\u00e1vez Andrade, Mariana.<\/strong>&nbsp;Tama\u00f1o poblacional, uso de h\u00e1bitat e interacciones ecol\u00f3gicas de cet\u00e1ceos presentes en el estado de Oaxaca. Tesis de doctorado.&nbsp;<strong>CIIDIR-Oaxaca<\/strong><\/li>\n<\/ul>\n\n\n\n<h3 class=\"wp-block-heading\"><strong>TESIS CONCLUIDAS<\/strong><\/h3>\n\n\n\n<ul class=\"wp-block-list\">\n<li><strong>Morales Vilchis, Oscar Roberto.&nbsp;<\/strong>Potencial bioactivo del veneno de la serpiente marina <em>Hydrophis platypus<\/em> (Linnaeus, 1766). Tesis de Maestr\u00eda.&nbsp;<strong>CIIDIR.Oaxaca.<\/strong><\/li>\n\n\n\n<li><strong>Sarmiento Velasco, Priscila Magdalena. <\/strong>Tama\u00f1o poblacional, abundancia relativa,&nbsp;tasa de ocupaci\u00f3n y fidelidad de sitio de Megaptera novaeangliae, Unidad Poblacional Centroamericana. Tesis de Maestr\u00eda.&nbsp;<strong>CIIDIR.Oaxaca.<\/strong><strong>Cruz Dom\u00ednguez, Juan Antonio.\u00a0<\/strong>Macroinvertebrados como indicadores del estado de conservaci\u00f3n de seis arrecifes coralinos en el Parque Nacional Huatulco y Puerto \u00c1ngel, Oaxaca, M\u00e9xico. Tesis de Licenciatura.\u00a0<strong>UABJO.<\/strong><\/li>\n\n\n\n<li><strong>P\u00e9rez Castro,&nbsp;Miguel \u00c1ngel.<\/strong>&nbsp;Ecosistemas mesof\u00f3ticos de la costa central de Oaxaca. Tesis de doctorado.<strong> CIIDIR-Oaxaca<\/strong><\/li>\n\n\n\n<li><strong>Moreno Barrientos, Israel.&nbsp;<\/strong>Diversidad y estructura comunitaria de Chodrichthyes en ambientes someros y mesof\u00f3ticos de la costa de Oaxaca. Tesis de maestr\u00eda. <strong>CIIDIR-Oaxaca<\/strong><\/li>\n\n\n\n<li><strong>&nbsp;Ram\u00edrez Villanueva,&nbsp;Ruth Itandehui.<\/strong>&nbsp;H\u00e1bitos alimentarios de tortugas marinas en la zona mar\u00edtima frente a playas de anidaci\u00f3n de la costa de Oaxaca. Tesis de maestr\u00eda.<strong>&nbsp;CIIDIR-Oaxaca<\/strong><\/li>\n\n\n\n<li><strong>\u00c1vila Flores, Giovanni<\/strong>. Evaluaci\u00f3n integral de los manglares del Estado de Baja California Sur, M\u00e9xico. Tesis de doctorado.&nbsp;<strong>UABCS<\/strong>&nbsp;&nbsp;<\/li>\n\n\n\n<li><strong>H\u00e9rnandez Raffaellee, Ariel Alejandro<\/strong>. 2020. Biodiversidad y paisaje ac\u00fastico como indicadores del estado de conservaci\u00f3n en arrecifes coralinos del Parque Nacional Huatulco, Oaxaca. Tesis de maestr\u00eda.&nbsp;<strong>CIIDIR-Oaxaca<\/strong><\/li>\n\n\n\n<li><strong>Moreno Barrientos, Israel.<\/strong>&nbsp;2017. Estado de la pesquer\u00eda de tibur\u00f3n en la costa central oaxaque\u00f1a\u201d. Universidad Aut\u00f3noma de Baja California Sur. Tesis de Licenciatura.&nbsp;<strong>UABCS<\/strong><\/li>\n\n\n\n<li><strong>Arag\u00f3n Lucero, Irais.<\/strong>&nbsp;2017. Obtenci\u00f3n y caracterizaci\u00f3n de un biopl\u00e1stico a partir de residuos de la industria pesquera de dos especies: Marl\u00edn (<em>Makaira nigricans<\/em>) y Tibur\u00f3n (<em>Carcharhinus falciformis<\/em>). Tesis de maestr\u00eda.&nbsp;<strong>CIIDIR-Oaxaca.<\/strong><\/li>\n\n\n\n<li><strong>V\u00e1zquez Suaste, Elisa.<\/strong>2017.An\u00e1lisis espacial del manglar y su relaci\u00f3n con la avifauna asociada en el Parque Nacional Huatulco, Oaxaca. Tesis de maestr\u00eda.&nbsp;<strong>CIIDIR-Oaxaca<\/strong><\/li>\n\n\n\n<li><strong>\u00c1vila Flores, Giovanni.&nbsp;<\/strong>2016. Diagn\u00f3stico del estado de conservaic\u00f3n de los manglares de la Bah\u00eda de La Paz, BCS. Tesis de maestr\u00eda. <strong>UABCS<\/strong><\/li>\n\n\n\n<li><strong>Azanza Alfaro,&nbsp;<\/strong><strong>Alejandra del Carmen.&nbsp;<\/strong>2016.&nbsp;Captura y recaptura de <em>Chelonia mydas agassizii<\/em> (Bocourt, 1868) en Bah\u00eda Magdaena; la importancia del marcaje para el seguimiento de la poblaci\u00f3n de tortugas marinas en una zona de alimentaci\u00f3n y crecimiento. Tesis de Licenciatura.&nbsp;<strong>UABCS<\/strong><\/li>\n<\/ul>\n\n\n\n<p><\/p>\n","protected":false},"excerpt":{"rendered":"<p>\u200bTESIS EN DESARROLLO TESIS CONCLUIDAS<\/p>\n","protected":false},"author":19,"featured_media":0,"parent":0,"menu_order":0,"comment_status":"closed","ping_status":"closed","template":"","meta":{"_swt_meta_header_display":false,"_swt_meta_footer_display":false,"_swt_meta_site_title_display":false,"_swt_meta_sticky_header":false,"_swt_meta_transparent_header":false,"footnotes":""},"class_list":["post-16","page","type-page","status-publish","hentry"],"_links":{"self":[{"href":"https:\/\/web.ciidiroaxaca.ipn.mx\/ghinojosa\/wp-json\/wp\/v2\/pages\/16","targetHints":{"allow":["GET"]}}],"collection":[{"href":"https:\/\/web.ciidiroaxaca.ipn.mx\/ghinojosa\/wp-json\/wp\/v2\/pages"}],"about":[{"href":"https:\/\/web.ciidiroaxaca.ipn.mx\/ghinojosa\/wp-json\/wp\/v2\/types\/page"}],"author":[{"embeddable":true,"href":"https:\/\/web.ciidiroaxaca.ipn.mx\/ghinojosa\/wp-json\/wp\/v2\/users\/19"}],"replies":[{"embeddable":true,"href":"https:\/\/web.ciidiroaxaca.ipn.mx\/ghinojosa\/wp-json\/wp\/v2\/comments?post=16"}],"version-history":[{"count":4,"href":"https:\/\/web.ciidiroaxaca.ipn.mx\/ghinojosa\/wp-json\/wp\/v2\/pages\/16\/revisions"}],"predecessor-version":[{"id":52,"href":"https:\/\/web.ciidiroaxaca.ipn.mx\/ghinojosa\/wp-json\/wp\/v2\/pages\/16\/revisions\/52"}],"wp:attachment":[{"href":"https:\/\/web.ciidiroaxaca.ipn.mx\/ghinojosa\/wp-json\/wp\/v2\/media?parent=16"}],"curies":[{"name":"wp","href":"https:\/\/api.w.org\/{rel}","templated":true}]}}