{"id":8,"date":"2012-08-01T17:21:56","date_gmt":"2012-08-01T17:21:56","guid":{"rendered":"https:\/\/web.ciidiroaxaca.ipn.mx\/ggonzalezp\/actividades-academicas\/"},"modified":"2025-09-05T15:04:12","modified_gmt":"2025-09-05T15:04:12","slug":"actividades-academicas","status":"publish","type":"page","link":"https:\/\/web.ciidiroaxaca.ipn.mx\/ggonzalezp\/actividades-academicas\/","title":{"rendered":"Actividades acad\u00e9micas"},"content":{"rendered":"\n<h3 class=\"wp-block-heading\"><strong>En la Maestr\u00eda en Gesti\u00f3n de Proyectos para el Desarrollo Solidario<\/strong><\/h3>\n\n\n\n<ul class=\"wp-block-list\">\n<li>Seminario de Proyectos II y IV<\/li>\n\n\n\n<li>Participante en Diagn\u00f3stico<\/li>\n\n\n\n<li>Participante en Seguridad Alimentaria<\/li>\n<\/ul>\n\n\n\n<p><\/p>\n\n\n\n<h3 class=\"wp-block-heading\"><strong>En la Maestr\u00eda en Conservaci\u00f3n y Aprovechamiento de Recursos Naturales<\/strong><\/h3>\n\n\n\n<ul class=\"wp-block-list\">\n<li>\u00a0Seminario de Proyectos II y III<\/li>\n\n\n\n<li>Participante en \u201cBases Ecol\u00f3gicas para la Conservaci\u00f3n de la Biodiversidad\u201d<\/li>\n<\/ul>\n\n\n\n<p>&nbsp;<\/p>\n","protected":false},"excerpt":{"rendered":"<p>En la Maestr\u00eda en Gesti\u00f3n de Proyectos para el Desarrollo Solidario En la Maestr\u00eda en Conservaci\u00f3n y Aprovechamiento de Recursos Naturales &nbsp;<\/p>\n","protected":false},"author":38,"featured_media":0,"parent":0,"menu_order":0,"comment_status":"closed","ping_status":"closed","template":"","meta":{"_swt_meta_header_display":false,"_swt_meta_footer_display":false,"_swt_meta_site_title_display":false,"_swt_meta_sticky_header":false,"_swt_meta_transparent_header":false,"footnotes":""},"class_list":["post-8","page","type-page","status-publish","hentry"],"_links":{"self":[{"href":"https:\/\/web.ciidiroaxaca.ipn.mx\/ggonzalezp\/wp-json\/wp\/v2\/pages\/8","targetHints":{"allow":["GET"]}}],"collection":[{"href":"https:\/\/web.ciidiroaxaca.ipn.mx\/ggonzalezp\/wp-json\/wp\/v2\/pages"}],"about":[{"href":"https:\/\/web.ciidiroaxaca.ipn.mx\/ggonzalezp\/wp-json\/wp\/v2\/types\/page"}],"author":[{"embeddable":true,"href":"https:\/\/web.ciidiroaxaca.ipn.mx\/ggonzalezp\/wp-json\/wp\/v2\/users\/38"}],"replies":[{"embeddable":true,"href":"https:\/\/web.ciidiroaxaca.ipn.mx\/ggonzalezp\/wp-json\/wp\/v2\/comments?post=8"}],"version-history":[{"count":4,"href":"https:\/\/web.ciidiroaxaca.ipn.mx\/ggonzalezp\/wp-json\/wp\/v2\/pages\/8\/revisions"}],"predecessor-version":[{"id":33,"href":"https:\/\/web.ciidiroaxaca.ipn.mx\/ggonzalezp\/wp-json\/wp\/v2\/pages\/8\/revisions\/33"}],"wp:attachment":[{"href":"https:\/\/web.ciidiroaxaca.ipn.mx\/ggonzalezp\/wp-json\/wp\/v2\/media?parent=8"}],"curies":[{"name":"wp","href":"https:\/\/api.w.org\/{rel}","templated":true}]}}