{"id":6,"date":"2012-08-01T17:18:02","date_gmt":"2012-08-01T17:18:02","guid":{"rendered":"https:\/\/web.ciidiroaxaca.ipn.mx\/ggonzalezp\/proyectos-de-investigacion\/"},"modified":"2025-09-05T15:07:33","modified_gmt":"2025-09-05T15:07:33","slug":"proyectos-de-investigacion","status":"publish","type":"page","link":"https:\/\/web.ciidiroaxaca.ipn.mx\/ggonzalezp\/proyectos-de-investigacion\/","title":{"rendered":"Proyectos de Investigaci\u00f3n"},"content":{"rendered":"\n<h3 class=\"wp-block-heading\">Direcci\u00f3n<\/h3>\n\n\n\n<ul class=\"wp-block-list\">\n<li>\u00a02014 Estudios ecol\u00f3gicos y culturales de los animales silvestres en zonas forestales y \u00a0agroforestales del norte de Oaxaca. SIP20144094<\/li>\n\n\n\n<li>\u00a02011 Cultura y tradici\u00f3n de los animales silvestres del \u00e1rea natural protegida El Boquer\u00f3n,\u00a0 Regi\u00f3n Mixteca de Oaxaca. SIP20110615<\/li>\n\n\n\n<li>2009 Abundancia relativa y uso de h\u00e1bitat del venado cola blanca, jabal\u00ed, puma y pava de monte en Capulalpam de M\u00e9ndez (COINBIO)<\/li>\n\n\n\n<li>2009 Establecimiento de un programa de monitoreo comunitario anual de la fauna silvestre en Capulalpam de M\u00e9ndez (COINBIO)\u00a0\u00a0\u00a0\u00a0\u00a0\u00a0<\/li>\n\n\n\n<li>2008 Inventario de la fauna silvestre en la Uni\u00f3n de Comunidades Productoras Forestales Zapoteco-Chinanteca en la Sierra Norte de Oaxaca con fines de re-certificaci\u00f3n forestal. (COINBIO).<\/li>\n\n\n\n<li>2003-2004 Manejo del venado cola blanca en el \u00e1rea comunitaria de Ixepeji, Sierra Norte de Oaxaca. SIP-IPN<\/li>\n\n\n\n<li>2002 Conocimiento, capacitaci\u00f3n y difusi\u00f3n sobre el manejo de fauna silvestre en las \u00e1reas comunitarias protegidas de la Costa y la Sierra Norte de Oaxaca. Financiamiento del WWF.<\/li>\n\n\n\n<li>2001 Usos tradicional y manejo del venado cola blanca en comunidades ind\u00edgenas de la Sierra Norte de Oaxaca financiado por SIBEJ-CONACYT y el IPN.<\/li>\n\n\n\n<li>2001 Capacitaci\u00f3n comunitaria sobre el conocimiento, uso y manejo tradicional de la fauna silvestre de la Sierra Norte de Oaxaca. Financiamiento del WWF.<\/li>\n\n\n\n<li>2000 Ecoturismo comunal en la Sierra Norte de Oaxaca. Financiamiento del Fondo Mundial para la Naturaleza (WWF, por sus siglas en ingl\u00e9s).<\/li>\n<\/ul>\n\n\n\n<p>&nbsp;<\/p>\n\n\n\n<h3 class=\"wp-block-heading\">Participaci\u00f3n:<\/h3>\n\n\n\n<ul class=\"wp-block-list\">\n<li>2017 Manejo y aprovechamiento de vertebrados terrestres de Oaxaca. Clave SIP20170981\u00a0 \u00a0 \u00a0 \u00a0 \u00a0 \u00a0 \u00a0 \u00a0 \u00a0 <\/li>\n\n\n\n<li>2016 Importancia de las Colecciones Mastozool\u00f3gicas en la Conservaci\u00f3n de los Mam\u00edferos de Oaxaca. SIP 20160703<\/li>\n\n\n\n<li>2015 Conservaci\u00f3n de mam\u00edferos en Oaxaca, M\u00e9xico. SIP 20150583<\/li>\n\n\n\n<li>2011 Percepciones ind\u00edgenas sobre el mono ara\u00f1a y sarahuato por los pobladores del Noreste de Oaxaca.<\/li>\n\n\n\n<li>2010-2009 Caracterizaci\u00f3n de la flora y fauna acu\u00e1tica y terrestre dentro del proyecto hidr\u00e1ulico de usos m\u00faltiples Paso de la Reina, Jamiltepec, Oaxaca. Financiamiento de la Comisi\u00f3n Federal de Electricidad.<\/li>\n\n\n\n<li>2006-2007 Ecolog\u00eda de poblaciones de animales silvestre de la Sierra Norte de Oaxaca. SIP IPN<\/li>\n\n\n\n<li>2005 Diversidad de los mam\u00edferos silvestres de la Sierra Norte de Oaxaca. SIP IPN<\/li>\n\n\n\n<li>2001 Estudio de diversidad para la conservaci\u00f3n de los mam\u00edferos de la Sierra Norte de Oaxaca, M\u00e9xico. Financiamiento del WWF<\/li>\n\n\n\n<li>2000 Los mam\u00edferos de la Sierra Norte de Oaxaca financiado por CONABIO.<\/li>\n<\/ul>\n\n\n\n<p>&nbsp;<\/p>\n","protected":false},"excerpt":{"rendered":"<p>Direcci\u00f3n &nbsp; Participaci\u00f3n: &nbsp;<\/p>\n","protected":false},"author":38,"featured_media":0,"parent":0,"menu_order":0,"comment_status":"closed","ping_status":"closed","template":"","meta":{"_swt_meta_header_display":false,"_swt_meta_footer_display":false,"_swt_meta_site_title_display":false,"_swt_meta_sticky_header":false,"_swt_meta_transparent_header":false,"footnotes":""},"class_list":["post-6","page","type-page","status-publish","hentry"],"_links":{"self":[{"href":"https:\/\/web.ciidiroaxaca.ipn.mx\/ggonzalezp\/wp-json\/wp\/v2\/pages\/6","targetHints":{"allow":["GET"]}}],"collection":[{"href":"https:\/\/web.ciidiroaxaca.ipn.mx\/ggonzalezp\/wp-json\/wp\/v2\/pages"}],"about":[{"href":"https:\/\/web.ciidiroaxaca.ipn.mx\/ggonzalezp\/wp-json\/wp\/v2\/types\/page"}],"author":[{"embeddable":true,"href":"https:\/\/web.ciidiroaxaca.ipn.mx\/ggonzalezp\/wp-json\/wp\/v2\/users\/38"}],"replies":[{"embeddable":true,"href":"https:\/\/web.ciidiroaxaca.ipn.mx\/ggonzalezp\/wp-json\/wp\/v2\/comments?post=6"}],"version-history":[{"count":3,"href":"https:\/\/web.ciidiroaxaca.ipn.mx\/ggonzalezp\/wp-json\/wp\/v2\/pages\/6\/revisions"}],"predecessor-version":[{"id":38,"href":"https:\/\/web.ciidiroaxaca.ipn.mx\/ggonzalezp\/wp-json\/wp\/v2\/pages\/6\/revisions\/38"}],"wp:attachment":[{"href":"https:\/\/web.ciidiroaxaca.ipn.mx\/ggonzalezp\/wp-json\/wp\/v2\/media?parent=6"}],"curies":[{"name":"wp","href":"https:\/\/api.w.org\/{rel}","templated":true}]}}