{"id":5,"date":"2012-08-01T17:15:53","date_gmt":"2012-08-01T17:15:53","guid":{"rendered":"https:\/\/web.ciidiroaxaca.ipn.mx\/ggonzalezp\/publicaciones\/"},"modified":"2025-09-05T15:10:05","modified_gmt":"2025-09-05T15:10:05","slug":"publicaciones","status":"publish","type":"page","link":"https:\/\/web.ciidiroaxaca.ipn.mx\/ggonzalezp\/publicaciones\/","title":{"rendered":"Publicaciones"},"content":{"rendered":"\n<ul class=\"wp-block-list\">\n<li>Graciela Gonz\u00e1lez, Teresita de Jes\u00fas Ortiz Mart\u00ednez, Peter R.W. Gerritsen y Gabriel Ramos Fern\u00e1ndez. 2017. Percepciones sociales del mono ara\u00f1a (<em>Ateles geoffroyi<\/em>) e implicaciones para acciones de manejo y conservaci\u00f3n en Oaxaca, M\u00e9xico. Sociedad y Ambiente. 14: (Aceptado, en proceso de publicaci\u00f3n).<\/li>\n\n\n\n<li>Miguel Briones-Salas &amp; Graciela Gonz\u00e1lez. 2016. Ecolog\u00eda poblacional de <em>Heteromys pictus <\/em>(Rodentia: Heteromyidae), en un bosque tropical caducifolio con perturbaci\u00f3n humana, en la costa de Oaxaca, M\u00e9xico. Revista de Biolog\u00eda Tropical \/ International Journal of Tropical Biology and Conservation (ISSN-0034-7744), vol. (64):4.<\/li>\n\n\n\n<li>Yazm\u00edn Sosa Marcos, Rafael P\u00e9rez Pacheco, Graciela Eugenia Gonz\u00e1lez P\u00e9rez, Gladys Isabel Manzanero Medina, Gerardo Rodr\u00edguez-Ortiz. 2015. Conocimiento tradicional y valor cultural de <em>Sphenarium<\/em> spp. en Valles Centrales de Oaxaca. Revista Mexicana de Agroecosistemas\u00a0 2 (2): 75-86, 2015, ISSN: 2007-9559.<\/li>\n\n\n\n<li>Flores M., A., G. E. Gonz\u00e1lez, M. A. V\u00e1zquez D\u00e1vila y G. Manzanero. 2015. Conocimiento y usos de <em>Odocoileus virginianus<\/em> en Santo Domingo Tonal\u00e1, Oaxaca. Therya, vol. 4(1):103-112<\/li>\n\n\n\n<li>Graciela Gonz\u00e1lez y Miguel Briones-Salas. 2012. Dieta de <em>Odocoileus virginianus<\/em> (Artiodactyla:Cervidae) en un bosque templado del norte de Oaxaca, M\u00e9xico. Rev. Biol. Trop., 60(1): 447-457.<\/li>\n\n\n\n<li>Alejandra Cruz-Espinoza, Graciela E. Gonz\u00e1lez-P\u00e9rez y Pedro Ronel V\u00e1zquez. 2012. Nota de la variaci\u00f3n en la riqueza espec\u00edfica de mam\u00edferos entre \u00e1reas de conservaci\u00f3n y de aprovechamiento forestal en la Sierra Madre de Oaxaca. Therya, vol. 3(3):113-118.<\/li>\n\n\n\n<li>Miguel Briones-Salas, A. Hern\u00e1ndez-Allende, M. Mart\u00ednez Coronel, and G. Gonz\u00e1lez P\u00e9rez. 2012. New Records of the Endemic Chinanteco Deermouse <em>Habromys chinanteco<\/em> (Rodentia: Cricetidae) in the Sierra Madre de Oaxaca, Mexico. The Southwestern Naturalist, 57(2):221-222. \u00a0<\/li>\n\n\n\n<li>Ortiz, T. de J. 2004. Densidad poblacional del venado cola blanca en Lachatao y Amatl\u00e1n. Acta Zool\u00f3gica<\/li>\n<\/ul>\n\n\n\n<p>&nbsp;<\/p>\n\n\n\n<h3 class=\"wp-block-heading\"><strong>Libro:<\/strong><\/h3>\n\n\n\n<ul class=\"wp-block-list\">\n<li>Miguel Briones-Salas, Gladys Manzanero Medina y Graciela Gonz\u00e1lez P\u00e9rez (eds.). 2013.\u00a0 Estudios en Zonas \u00c1ridas de Oaxaca: Homenaje al Dr. Alejandro Flores Mart\u00ednez. Instituto Polit\u00e9cnico Nacional y Carteles Editores. M\u00e9xico. 155 pp.<\/li>\n<\/ul>\n\n\n\n<p>&nbsp;<\/p>\n\n\n\n<h3 class=\"wp-block-heading\"><strong>Cap\u00edtulos en libro:<\/strong><\/h3>\n\n\n\n<ul class=\"wp-block-list\">\n<li>Graciela E. Gonz\u00e1lez-P\u00e9rez y Miguel A. Briones-Salas. 2016. El venado cola blanca en la Sierra Norte de Oaxaca. En: Mandujano, S. (ed.). Venado cola blanca en Oaxaca: potencial, conservaci\u00f3n, manejo y monitoreo. Instituto de Ecolog\u00eda, A. C., Comisi\u00f3n Nacional para el Conocimiento de la Biodiversidad. Xalapa, Ver., M\u00e9xico. 288pp.<\/li>\n\n\n\n<li>Alejandro Flores Manzanero, Marco A. V\u00e1zquez D\u00e1vila, Graciela E. Gonz\u00e1lez y Gladys Manzanero Medina. 2013. Etnozoolog\u00eda de mam\u00edferos silvestres en Santo Domingo Tonal\u00e1, Regi\u00f3n Mixteca de Oaxaca. En: Miguel Briones-Salas, Gladys Manzanero Medina y Graciela Gonz\u00e1lez P\u00e9rez (eds.). Estudios en Zonas \u00c1ridas de Oaxaca: Homenaje al Dr. Alejandro Flores Mart\u00ednez. Instituto Polit\u00e9cnico Nacional y Carteles Editores. M\u00e9xico. 155 pp.<\/li>\n\n\n\n<li>Alejandra Cruz-Espinoza, Graciela Gonz\u00e1lez y A. Santos-Moreno. 2009. Dieta y abundancia relativa del coyote (<em>Canis latrans<\/em>) en un bosque templado de la Sierra Norte de Oaxaca, M\u00e9xico. En: Avances en el estudio de los mam\u00edferos de M\u00e9xico. Ed. Consuelo Lorenzo, Eduardo Espinoza y Jorge Ortega. AMMAC.\u00a0<\/li>\n\n\n\n<li>Francisco Botello, V\u00edctor S\u00e1nchez-Cordero y Graciela Gonz\u00e1lez. 2009. Diversidad de carn\u00edvoros en Santa Catarina Ixtepeji, Sierra Madre de Oaxaca, M\u00e9xico. Avances en el estudio de los mam\u00edferos de M\u00e9xico II. Eds. Consuelo Lorenzo, Eduardo Espinoza y Jorge Ortega. AMMAC.<\/li>\n\n\n\n<li>Graciela Gonz\u00e1lez, A. Santos-Moreno, T. de J. Ortiz y M. Duarte. 2008. Uso tradicional del venado cola blanca y su variaci\u00f3n en la densidad poblacional en la Sierra Madre de Oaxaca. Eds. L\u00e1zaro S\u00e1nchez Velazquez. En: Ecolog\u00eda, manejo y conservaci\u00f3n de los ecosistemas de monta\u00f1a en M\u00e9xico. Mundiprensa. M\u00e9xico, D.F.<\/li>\n<\/ul>\n\n\n\n<p>&nbsp;<\/p>\n\n\n\n<h3 class=\"wp-block-heading\"><strong>Art\u00edculos de divulgaci\u00f3n:<\/strong><\/h3>\n\n\n\n<ul class=\"wp-block-list\">\n<li>\u00a0Graciela Gonz\u00e1lez y Miguel \u00c1ngel Briones. 2017. La jaula aunque sea de oro. Conversus. Aceptado para publicaci\u00f3n.<\/li>\n\n\n\n<li>Graciela Gonz\u00e1lez, Miguel Briones, Lidia Garz\u00f3n, Mario Lavariega, Malinalli Cort\u00e9s y Salvador Otero. 2016. Expedicionarios Vida Silvestre. Documental de Investigaci\u00f3n Cient\u00edfica. Conversus TV. Youtube. <a href=\"https:\/\/www.youtube.com\/watch?v=5YfVOsGPMYE\" target=\"_blank\" rel=\"noreferrer noopener\">https:\/\/www.youtube.com\/watch?v=5YfVOsGPMYE<\/a><\/li>\n\n\n\n<li>Graciela Gonz\u00e1lez, Miguel \u00c1ngel Briones y Emilio Mart\u00ednez. 2015. Un acercamiento a la fauna silvestre de Oaxaca. Revista Conversus, n\u00famero especial.<\/li>\n\n\n\n<li>Graciela Gonz\u00e1lez y Teresita de J. Ort\u00edz. 2012. Percepciones y usos ind\u00edgenas del mono ara\u00f1a en el noreste de Oaxaca \u2013 M\u00e9xico. Sensor &#8211; Bolet\u00edn Electr\u00f3nico de Medio Ambiente: Informaci\u00f3n para el desarrollo de Oaxaca. Gobierno del Estado de Oaxaca y CIEDD.<\/li>\n\n\n\n<li>Miguel \u00c1ngel Briones-Salas, Mar\u00eda D. Luna Krauletz y Graciela Gonz\u00e1lez P\u00e9rez. 2011. Los mam\u00edferos de la Regi\u00f3n de la Chinantla, Sierra Madre de Oaxaca. II Encuentro de Investigadores de la Chinantla, Oaxaca: Manejo Integrado de Ecosistemas. CONANP, GEF, Chinantla Oaxaca y PNUD.<\/li>\n\n\n\n<li>Graciela Gonz\u00e1lez, Demetria Mondrag\u00f3n y Alejandra Cruz-Espinoza. 2009. Las bromelias ep\u00edfitas en la voz y expresi\u00f3n de los ni\u00f1os de Oaxaca. Conversus 79:34-40.<\/li>\n<\/ul>\n\n\n\n<p>&nbsp;<\/p>\n\n\n\n<p>&nbsp;<\/p>\n","protected":false},"excerpt":{"rendered":"<p>&nbsp; Libro: &nbsp; Cap\u00edtulos en libro: &nbsp; Art\u00edculos de divulgaci\u00f3n: &nbsp; &nbsp;<\/p>\n","protected":false},"author":38,"featured_media":0,"parent":0,"menu_order":0,"comment_status":"closed","ping_status":"closed","template":"","meta":{"_swt_meta_header_display":false,"_swt_meta_footer_display":false,"_swt_meta_site_title_display":false,"_swt_meta_sticky_header":false,"_swt_meta_transparent_header":false,"footnotes":""},"class_list":["post-5","page","type-page","status-publish","hentry"],"_links":{"self":[{"href":"https:\/\/web.ciidiroaxaca.ipn.mx\/ggonzalezp\/wp-json\/wp\/v2\/pages\/5","targetHints":{"allow":["GET"]}}],"collection":[{"href":"https:\/\/web.ciidiroaxaca.ipn.mx\/ggonzalezp\/wp-json\/wp\/v2\/pages"}],"about":[{"href":"https:\/\/web.ciidiroaxaca.ipn.mx\/ggonzalezp\/wp-json\/wp\/v2\/types\/page"}],"author":[{"embeddable":true,"href":"https:\/\/web.ciidiroaxaca.ipn.mx\/ggonzalezp\/wp-json\/wp\/v2\/users\/38"}],"replies":[{"embeddable":true,"href":"https:\/\/web.ciidiroaxaca.ipn.mx\/ggonzalezp\/wp-json\/wp\/v2\/comments?post=5"}],"version-history":[{"count":3,"href":"https:\/\/web.ciidiroaxaca.ipn.mx\/ggonzalezp\/wp-json\/wp\/v2\/pages\/5\/revisions"}],"predecessor-version":[{"id":40,"href":"https:\/\/web.ciidiroaxaca.ipn.mx\/ggonzalezp\/wp-json\/wp\/v2\/pages\/5\/revisions\/40"}],"wp:attachment":[{"href":"https:\/\/web.ciidiroaxaca.ipn.mx\/ggonzalezp\/wp-json\/wp\/v2\/media?parent=5"}],"curies":[{"name":"wp","href":"https:\/\/api.w.org\/{rel}","templated":true}]}}