{"id":4,"date":"2012-08-01T17:10:28","date_gmt":"2012-08-01T17:10:28","guid":{"rendered":"https:\/\/web.ciidiroaxaca.ipn.mx\/ggonzalezp\/m-en-c-graciela-eugenia-gonzalez-perez\/"},"modified":"2025-09-05T15:06:00","modified_gmt":"2025-09-05T15:06:00","slug":"m-en-c-graciela-eugenia-gonzalez-perez","status":"publish","type":"page","link":"https:\/\/web.ciidiroaxaca.ipn.mx\/ggonzalezp\/","title":{"rendered":"M. en C. Graciela Eugenia Gonz\u00e1lez P\u00e9rez"},"content":{"rendered":"\n<h4 class=\"wp-block-heading has-text-align-center\">Maestr\u00eda en Ecolog\u00eda y Ciencias Ambientales en la UNAM<\/h4>\n\n\n\n<p class=\"has-text-align-center\">\u200b\u200bLicenciatura en Biolog\u00eda en la Universidad de Guadalajara<\/p>\n\n\n\n<p class=\"has-text-align-center\">Profesor Colegiado en la Maestr\u00eda en Gesti\u00f3n de Proyectos para el Desarrollo Solidario y en la Maestr\u00eda en Ciencias en Conservaci\u00f3n y Aprovechamiento de Recursos Naturales del CIIDIR IPN Unidad Oaxaca<\/p>\n\n\n\n<p>&nbsp;<\/p>\n\n\n\n<h4 class=\"wp-block-heading\">L\u00edneas de inter\u00e9s<\/h4>\n\n\n\n<p class=\"has-text-align-left\">Monitoreo, estudios ecol\u00f3gicos y culturales, y percepciones sociales de la fauna silvestre, que contribuyan a fortalecer proyectos de conservaci\u00f3n comunitarios como las \u00e1reas destinadas voluntariamente a la conservaci\u00f3n, la certificaci\u00f3n forestal, el pago por servicios ambientales, el ecoturismo y las unidades de manejo y aprovechamiento (UMAs) en comunidades del estado de Oaxaca.<\/p>\n\n\n\n<p><\/p>\n","protected":false},"excerpt":{"rendered":"<p>Maestr\u00eda en Ecolog\u00eda y Ciencias Ambientales en la UNAM \u200b\u200bLicenciatura en Biolog\u00eda en la Universidad de Guadalajara Profesor Colegiado en la Maestr\u00eda en Gesti\u00f3n de Proyectos para el Desarrollo Solidario y en la Maestr\u00eda en Ciencias en Conservaci\u00f3n y Aprovechamiento de Recursos Naturales del CIIDIR IPN Unidad Oaxaca &nbsp; L\u00edneas de inter\u00e9s Monitoreo, estudios ecol\u00f3gicos [&hellip;]<\/p>\n","protected":false},"author":38,"featured_media":0,"parent":0,"menu_order":0,"comment_status":"closed","ping_status":"closed","template":"","meta":{"_swt_meta_header_display":false,"_swt_meta_footer_display":false,"_swt_meta_site_title_display":false,"_swt_meta_sticky_header":false,"_swt_meta_transparent_header":false,"footnotes":""},"class_list":["post-4","page","type-page","status-publish","hentry"],"_links":{"self":[{"href":"https:\/\/web.ciidiroaxaca.ipn.mx\/ggonzalezp\/wp-json\/wp\/v2\/pages\/4","targetHints":{"allow":["GET"]}}],"collection":[{"href":"https:\/\/web.ciidiroaxaca.ipn.mx\/ggonzalezp\/wp-json\/wp\/v2\/pages"}],"about":[{"href":"https:\/\/web.ciidiroaxaca.ipn.mx\/ggonzalezp\/wp-json\/wp\/v2\/types\/page"}],"author":[{"embeddable":true,"href":"https:\/\/web.ciidiroaxaca.ipn.mx\/ggonzalezp\/wp-json\/wp\/v2\/users\/38"}],"replies":[{"embeddable":true,"href":"https:\/\/web.ciidiroaxaca.ipn.mx\/ggonzalezp\/wp-json\/wp\/v2\/comments?post=4"}],"version-history":[{"count":4,"href":"https:\/\/web.ciidiroaxaca.ipn.mx\/ggonzalezp\/wp-json\/wp\/v2\/pages\/4\/revisions"}],"predecessor-version":[{"id":36,"href":"https:\/\/web.ciidiroaxaca.ipn.mx\/ggonzalezp\/wp-json\/wp\/v2\/pages\/4\/revisions\/36"}],"wp:attachment":[{"href":"https:\/\/web.ciidiroaxaca.ipn.mx\/ggonzalezp\/wp-json\/wp\/v2\/media?parent=4"}],"curies":[{"name":"wp","href":"https:\/\/api.w.org\/{rel}","templated":true}]}}