{"id":6,"date":"2011-11-04T15:28:45","date_gmt":"2011-11-04T15:28:45","guid":{"rendered":"https:\/\/web.ciidiroaxaca.ipn.mx\/gamartinezg\/dr-gabino-alberto-martinez-gutierrez\/"},"modified":"2025-09-17T17:00:24","modified_gmt":"2025-09-17T17:00:24","slug":"dr-gabino-alberto-martinez-gutierrez","status":"publish","type":"page","link":"https:\/\/web.ciidiroaxaca.ipn.mx\/gamartinezg\/","title":{"rendered":"Dr. Gabino Alberto Mart\u00ednez Guti\u00e9rrez"},"content":{"rendered":"\n<figure class=\"wp-block-image aligncenter\"><img loading=\"lazy\" decoding=\"async\" width=\"111\" height=\"145\" src=\"https:\/\/web.ciidiroaxaca.ipn.mx\/gamartinezg\/wp-content\/uploads\/sites\/48\/2011\/11\/MARTINEZGUTIERREZGABINOALBERTO.jpg\" alt=\"\" class=\"wp-image-5\"\/><\/figure>\n\n\n\n<p class=\"rtecenter\"><\/p>\n\n\n\n<h4 class=\"wp-block-heading has-text-align-center rtecenter\">Doctor en Ciencias, Titulado. Universidad de Almer\u00eda, Espa\u00f1a<br>Profesor de posgrado, colegiado, CIIDIR Oaxaca, Instituto Polit\u00e9cnico Nacional.<\/h4>\n\n\n\n<h4 class=\"wp-block-heading has-text-align-center rtecenter\">Sistema Nacional de Investigadores Nivel 2<\/h4>\n\n\n\n<p class=\"has-text-align-center rtecenter\"><strong>\u00c1reas de inter\u00e9s:\u00a0 <\/strong>Hidroponia, Agricultura Protegida de Especies Vegetales Nativas (Agave) y Reutilizaci\u00f3n de Subproductos de la Agroindustria del Mezcal.<br>e-mail:gamartinezg@ipn.mx<\/p>\n\n\n\n<p class=\"has-text-align-center rtecenter\">Ext. 82761<\/p>\n","protected":false},"excerpt":{"rendered":"<p>Doctor en Ciencias, Titulado. Universidad de Almer\u00eda, Espa\u00f1aProfesor de posgrado, colegiado, CIIDIR Oaxaca, Instituto Polit\u00e9cnico Nacional. Sistema Nacional de Investigadores Nivel 2 \u00c1reas de inter\u00e9s:\u00a0 Hidroponia, Agricultura Protegida de Especies Vegetales Nativas (Agave) y Reutilizaci\u00f3n de Subproductos de la Agroindustria del Mezcal.e-mail:gamartinezg@ipn.mx Ext. 82761<\/p>\n","protected":false},"author":48,"featured_media":0,"parent":0,"menu_order":0,"comment_status":"closed","ping_status":"closed","template":"","meta":{"_swt_meta_header_display":false,"_swt_meta_footer_display":false,"_swt_meta_site_title_display":false,"_swt_meta_sticky_header":false,"_swt_meta_transparent_header":false,"footnotes":""},"class_list":["post-6","page","type-page","status-publish","hentry"],"_links":{"self":[{"href":"https:\/\/web.ciidiroaxaca.ipn.mx\/gamartinezg\/wp-json\/wp\/v2\/pages\/6","targetHints":{"allow":["GET"]}}],"collection":[{"href":"https:\/\/web.ciidiroaxaca.ipn.mx\/gamartinezg\/wp-json\/wp\/v2\/pages"}],"about":[{"href":"https:\/\/web.ciidiroaxaca.ipn.mx\/gamartinezg\/wp-json\/wp\/v2\/types\/page"}],"author":[{"embeddable":true,"href":"https:\/\/web.ciidiroaxaca.ipn.mx\/gamartinezg\/wp-json\/wp\/v2\/users\/48"}],"replies":[{"embeddable":true,"href":"https:\/\/web.ciidiroaxaca.ipn.mx\/gamartinezg\/wp-json\/wp\/v2\/comments?post=6"}],"version-history":[{"count":2,"href":"https:\/\/web.ciidiroaxaca.ipn.mx\/gamartinezg\/wp-json\/wp\/v2\/pages\/6\/revisions"}],"predecessor-version":[{"id":49,"href":"https:\/\/web.ciidiroaxaca.ipn.mx\/gamartinezg\/wp-json\/wp\/v2\/pages\/6\/revisions\/49"}],"wp:attachment":[{"href":"https:\/\/web.ciidiroaxaca.ipn.mx\/gamartinezg\/wp-json\/wp\/v2\/media?parent=6"}],"curies":[{"name":"wp","href":"https:\/\/api.w.org\/{rel}","templated":true}]}}