{"id":21,"date":"2011-11-04T22:16:18","date_gmt":"2011-11-04T22:16:18","guid":{"rendered":"https:\/\/web.ciidiroaxaca.ipn.mx\/gamartinezg\/actividades-academicas-distinciones-y-difusion\/"},"modified":"2025-10-27T14:39:23","modified_gmt":"2025-10-27T20:39:23","slug":"actividades-academicas","status":"publish","type":"page","link":"https:\/\/web.ciidiroaxaca.ipn.mx\/gamartinezg\/actividades-academicas\/","title":{"rendered":"Actividades Acad\u00e9micas"},"content":{"rendered":"\n<h3 class=\"wp-block-heading rtejustify\"><strong>ACTIVIDADES ACAD\u00c9MICAS<\/strong><\/h3>\n\n\n\n<ul class=\"wp-block-list\">\n<li>Miembro actual del H. Colegio de profesores del CIIDIR-Oaxaca. (2025).<\/li>\n\n\n\n<li>Profesor Titular de la Unidad de Aprendizaje:&nbsp;<u><a href=\"https:\/\/web.ciidiroaxaca.ipn.mx\/gamartinezg\/wp-content\/uploads\/sites\/48\/2011\/11\/Cultivo_suelo_horticultura_protegida.pdf\" target=\"_blank\" rel=\"noreferrer noopener\">Cultivos sin suelo y horticultura protegida<\/a><\/u>, de la Academia de Producci\u00f3n y Protecci\u00f3n Vegetal. CIIDIR-IPN-Oax. &nbsp;Materia impartida de manera semestral ininterrumpida del 2008 al 2023.<\/li>\n\n\n\n<li>Profesor Titular de la Unidad de Aprendizaje: <a href=\"https:\/\/web.ciidiroaxaca.ipn.mx\/gamartinezg\/wp-content\/uploads\/sites\/48\/2011\/11\/SIP30_SEMINARIO_INV_III.pdf\" target=\"_blank\" rel=\"noreferrer noopener\"><u>Seminario de Investigaci\u00f3n III<\/u>.<\/a> Academia de Producci\u00f3n y Protecci\u00f3n Vegetal. De la Maestr\u00eda en Ciencias; Manejo y Conservaci\u00f3n de los Recursos Naturales. CIIDIR-IPN-U. Oaxaca. Materia impartida de manera semestral ininterrumpida del 2008 al 2023.<\/li>\n\n\n\n<li>Participaci\u00f3n en el proceso de Renovaci\u00f3n de Acreditaci\u00f3n del programa de Doctorado en Ciencias en Conservaci\u00f3n y Aprovechamiento de Recursos Naturales (n\u00aa ref 0821) en el a\u00f1o 2022 que fue aprobado Con vigencia de 5 a\u00f1os consolidado.<\/li>\n\n\n\n<li>EVALUADOR | 2021-09-21 &#8211; 2021-09-21. PROYECTOS PARA EL DESARROLLO TECNOL\u00d3GICO E INNOVACI\u00d3N PARA ALUMNOS DEL IPN 2021.<\/li>\n\n\n\n<li>Participante de la COMISI\u00d3N EVALUADORA DEL SISTEMA DE BECAS POR EXCLUSIVIDAD DE LA COMISI\u00d3N DE OPERACI\u00d3N Y FOMENTO DE ACTIVIDADES ACAD\u00c9MICAS. 2021-03-04 &#8211; 2021-03-04.<\/li>\n\n\n\n<li>Participaci\u00f3n en el proceso de renovaci\u00f3n de acreditaci\u00f3n de la maestr\u00eda en ciencias en Conservaci\u00f3n y Aprovechamiento de Recursos Naturales (n\u00aa ref 001702) ante el PNPC de CONACYT, en la convocatoria \u00abevaluaci\u00f3n de renovaci\u00f3n PNPC 2020.<\/li>\n\n\n\n<li>Coordinador Del Cuerpo Acad\u00e9mico De Protecci\u00f3n y Producci\u00f3n Vegetal Del Programa De Posgrado Maestr\u00eda En Ciencias En Conservaci\u00f3n y Aprovechamiento De Recursos Naturales Del CIIDIR Unidad Oaxaca. Con acreditaci\u00f3n 1702 del PNPC del CONACYT en el periodo Octubre de 2019 a septiembre de 2020.<\/li>\n\n\n\n<li>Presidente Por Segundo A\u00f1o De La Academia De Producci\u00f3n Y Protecci\u00f3n Vegetal. CIIDIR OAXACA 2019. M\u00e9xico.<\/li>\n\n\n\n<li>Presidente de La Academia De Producci\u00f3n Y Protecci\u00f3n Vegetal. CIIDIR OAXACA 2018. M\u00e9xico.<\/li>\n\n\n\n<li>PARTICIPANTE EN RENOVACI\u00d3N PROGRAMA DE DOCTORADO | 2018-01-01 &#8211; 2018-12-31. RENOVACI\u00d3N PARA LA ACREDITACI\u00d3N DOCTORADO PNPC. INSTITUTO POLIT\u00c9CNICO NACIONAL.<\/li>\n\n\n\n<li>Participaci\u00f3n en el proceso de acreditaci\u00f3n 2016 del programa de Maestr\u00eda en Ciencias en Conservaci\u00f3n y Aprovechamiento de Recursos Naturales en el PNPC del CONACYT, que se imparte en el CIIDIR-Oaxaca.<\/li>\n\n\n\n<li>Representante De Profesores Del CIIDIR-Oaxaca, ante El Consejo General Consultivo Del IPN.2014. \u00a0M\u00e9xico.<\/li>\n\n\n\n<li>Profesor invitado. Instituto Tecnol\u00f3gico del Valle de Oaxaca. Nutrici\u00f3n Vegetal. Enero Junio 2014.<\/li>\n<\/ul>\n\n\n\n<h3 class=\"wp-block-heading rtejustify\"><strong>DISTINCIONES Y RECONOCIMIENTOS<\/strong><\/h3>\n\n\n\n<ul class=\"wp-block-list\">\n<li>Beca Por Exclusividad De La Comisi\u00f3n De Operaci\u00f3n Y Fomento De Actividades Acad\u00e9micas Del Instituto Polit\u00e9cnico Nacional. Obtenci\u00f3n De Beca Nivel IV Para El Periodo Bienal Enero De 2024 a Diciembre De 2025. M\u00e9xico Instituto Polit\u00e9cnico Nacional<\/li>\n\n\n\n<li>Apoyo en la realizaci\u00f3n del estudio de Indicaciones Geogr\u00e1ficas del mezcal Oaxaca. Para realizar los tr\u00e1mites de solicitud de indicaci\u00f3n Geogr\u00e1fica para el mezcal Oaxaca ante el IMPI. 12 enero de 2023.<\/li>\n\n\n\n<li>Comit\u00e9 Nacional del Sistema Producto Maguey-Mezcal. Integraci\u00f3n de la cadena productiva maguey mezcal de M\u00e9xico a. C.<\/li>\n\n\n\n<li>Evaluador Proyectos Para El Desarrollo Tecnol\u00f3gico E Innovaci\u00f3n Para Alumnos Del IPN 2021. 2021-09-21<\/li>\n\n\n\n<li>Participante de la COMISI\u00d3N EVALUADORA DEL SISTEMA DE BECAS POR EXCLUSIVIDAD DE LA COMISI\u00d3N DE OPERACI\u00d3N Y FOMENTO DE ACTIVIDADES ACAD\u00c9MICAS. 2021-03-04 &#8211; 2021-03-04.<\/li>\n\n\n\n<li>Coordinador Del Cuerpo Acad\u00e9mico De Protecci\u00f3n y Producci\u00f3n Vegetal Del Programa De Posgrado Maestr\u00eda En Ciencias En Conservaci\u00f3n y Aprovechamiento De Recursos Naturales Del CIIDIR Unidad Oaxaca. 2020. M\u00e9xico.<\/li>\n\n\n\n<li>Presidente Por Segundo A\u00f1o De La Academia De Producci\u00f3n Y Protecci\u00f3n Vegetal. CIIDIR OAXACA 2019. M\u00e9xico.<\/li>\n\n\n\n<li>Presea Juan De Dios B\u00e1tiz 2018 del Instituto Polit\u00e9cnico Nacional. Reconocimiento Otorgado Al Dr. Gabino Alberto Mart\u00ednez Guti\u00e9rrez por Haber Cumplido 30 A\u00f1os Al Servicio Del Instituto Polit\u00e9cnico Nacional. 2018. M\u00e9xico.<\/li>\n\n\n\n<li>Medalla Al M\u00e9rito \u00abMaestro Rafael Ram\u00edrez\u00bb Gobierno De La Rep\u00fablica Por 30 A\u00f1os Ininterrumpidos Como Docente De Posgrado. 2018. M\u00e9xico.<\/li>\n\n\n\n<li>Participante En Renovaci\u00f3n Programa De Doctorado. 2018-01-01 &#8211; 2018-12-31. Renovaci\u00f3n Para La Acreditaci\u00f3n Doctorado PNPC. Istituto Polit\u00e9cnico Nacional.<\/li>\n\n\n\n<li>Presidente Comit\u00e9 Cient\u00edfico. 2017-09-28 &#8211; 2017-09-29. Ponencia Del Primer Congreso Nacional De Agave Y Resumen De Memorias.<\/li>\n\n\n\n<li>Integrante Del C\u00f3mite Evaluador. 2016-11-24 &#8211; 2016-11-26. Ponencias En Congresos Internacionales. Instituto Nacional Para La Evaluaci\u00f3n De La Educaci\u00f3n.<\/li>\n\n\n\n<li>Evaluador Del Proyecto: Horticultura Urbana En Ambiente Controlado<\/li>\n\n\n\n<li>Desarrollo Tecnol\u00f3gico E Innovaci\u00f3n. CONACYT 2016-04-07<\/li>\n\n\n\n<li>Evaluador De: Gestor Electr\u00f3nico Para Manejo De huertos Urbanos En Sistema Android. Estimulo A La Investigaci\u00f3n, Desarrollo Tecnol\u00f3gico E Innovaci\u00f3n. CONACYT 2015-02-07.<\/li>\n\n\n\n<li>Evaluador Del Proyecto: Tecnificaci\u00f3n De Fertirriego Org\u00e1nico En Producci\u00f3n Agr\u00edcola Desarrollo Tecnol\u00f3gico E Innovaci\u00f3n. CONACYT 2015-01-29<\/li>\n\n\n\n<li>Evaluador De La Propuesta Sistema Tecnol\u00f3gico De Equipos De Automatizaci\u00f3n Y C\u00e1mara De Germinaci\u00f3n- Crecimiento Para Hortalizas. Programa Nacional De Posgrado De Calidad.&nbsp; CONACYT 2015-01-30<\/li>\n\n\n\n<li>Participaci\u00f3n Como Par Acad\u00e9mico En El Proceso De Evaluaci\u00f3n De Los Programas De Renovaci\u00f3n Del Pnpc-Conacyt. CONACYT 2014-08-14. Instituto Polit\u00e9cnico Nacional<\/li>\n\n\n\n<li>Participaci\u00f3n Como Par Acad\u00e9mico En El Proceso De Evaluaci\u00f3n De Los Programas De Renovaci\u00f3n Del Pnpc-Conacyt. Conacyt 2014-08-14<\/li>\n\n\n\n<li>Participante En La Renovaci\u00f3n De Vigencia Del Doctorado En Ciencias En Conservaci\u00f3n Y Aprovechamiento De Los Recursos Naturales Del CIIDIR-IPN-Oaxaca. Instituto Polit\u00e9cnico Nacional. | 2014-01-01 &#8211; 2014-12-31.<\/li>\n\n\n\n<li><strong>Socio Activo de la Sociedad Mexicana de Fitogen\u00e9tica A.C.&nbsp;<\/strong>Acrediatdo por la SOMEFI A.C. 2010 a la fecha.<\/li>\n\n\n\n<li><strong>Revisor de la Revista Fitotecnia Mexicana.&nbsp;<\/strong>Acreditado por el director de la Revista de Fitetecnia Mexicana A.C. 2010&nbsp; a la fecha.<\/li>\n\n\n\n<li><strong>Miembro del Colegio de Porfesores.&nbsp;<\/strong>Acreditado por el cuerpo colegiado para el an\u00e1lisis y propuestas del quehacer cient\u00edfico y tecnol\u00f3gico. &nbsp;IPN 2011.<\/li>\n\n\n\n<li><strong>Consejero Profesor.&nbsp;<\/strong>Acreditado por el CIIDIR-IPN U. Oaxaca como miembro del XXI Consejo General Consultivo del Instituto Polit\u00e9cnico Nacional. Ciclo escolar 2012 &#8211; 2013<\/li>\n\n\n\n<li><strong>Evaluador estatal.&nbsp;<\/strong>Acrediatado por el CONACYT, la coordinaci\u00f3n General de educaci\u00f3n Media Superio y Superior y el COCYT como evaluador en la convocatoria de Becas de Posgrado al Extranjero en el \u00e1rea de Cadena Alimentaria. 2013<\/li>\n\n\n\n<li><strong>Evaluador nacional.&nbsp;<\/strong>Acrediatado por el CONACYT por conducto de la Direcci\u00f3n de Innovaci\u00f3n de la Direcci\u00f3n Adjunta de Desarrollo Tecnol\u00f3gico e Innovaci\u00f3n. Evaluaci\u00f3n de una propuesta correspondiente a la convocatoria 2013.<\/li>\n\n\n\n<li><strong>Miembro activo del Instituto Welte para Estudios Oaxaque\u00f1os.\u00a0<\/strong>Enero &#8211; Diciembre 2013.<\/li>\n\n\n\n<li>Premio Nacional De Solidaridad 1992 (Combate A La Pobreza). Comisi\u00f3n Del Programa Nacional De Solidaridad Derivado De Los Trabajos Inter y multidisciplinarios En El Manejo Y Conservaci\u00f3n De Una Microcuenca En La Regi\u00f3n Mixteca Del Estado De Oaxaca, Otorgado Por El Consejo Consultivo Del Programa Nacional De Solidaridad. 1992. M\u00e9xico.<\/li>\n<\/ul>\n\n\n\n<h3 class=\"wp-block-heading\"><strong>DIFUSI\u00d3N<\/strong><\/h3>\n\n\n\n<ul class=\"wp-block-list\">\n<li>\u00abSituaci\u00f3n Actual Y Futuro De Los Agaves\u00bb. Comisariado Ejidal De Santa Mar\u00eda Zaachila. Conferencia 2025-02-28<\/li>\n\n\n\n<li>Los Agaves De M\u00e9xico Y Su Importancia Econ\u00f3mica Y Ambiental. Sembrando Vida Programa De Comunidades Sustentables. Conferencia 2024-09-30.<\/li>\n\n\n\n<li>Propagaci\u00f3n Sustentable De Pl\u00e1ntulas De Maguey. Universidad Tecnol\u00f3gica De La Sierra Sur De Oaxaca. Conferencia 2024-09-20<\/li>\n\n\n\n<li>Inversi\u00f3n P\u00fablica Para Integrar Las Rutas Del Mezcal Ancestral Y Artesanal Del Estado de Oaxaca. Facultad De Econom\u00eda De La Universidad Aut\u00f3noma Benito Ju\u00e1rez De Oaxaca. Coloquio 2024-08-30.<\/li>\n\n\n\n<li>Rumbo Al Congreso Agave Mezcal 2023. Canal De Divulgaci\u00f3n En Internet: \u00abMascara De Mezcal\u00bb. Entrevista 2023-09-05.<\/li>\n\n\n\n<li>La Ciencia Del Agave Y Mezcal, En Busca De La Sustentabilidad. Programa Charlando Sobre Ciencia. Ciencia Cakotan\u00fa, A.C. Internet 2023-05-02.<\/li>\n\n\n\n<li>Agave Y Mezcal: Cultura, Tradici\u00f3n Y Vida De Oaxaca. Corporaci\u00f3n Oaxaque\u00f1a De Radio Y Televisi\u00f3n CORTV. Entrevista 2022-07-29<\/li>\n\n\n\n<li>El Desarrollo De La Actividad Mezcalera En Oaxaca Y El Istmo. Universidad Del Istmo. Conferencia 2022-07-17<\/li>\n\n\n\n<li>Nutrici\u00f3n Biohidrop\u00f3nica, Propagaci\u00f3n De Agaves Por Semilla Y Usos Del Bagazo Y Las Vinazas Del Mezcal. Centro Interdisciplinario De Investigaci\u00f3n Para El Desarrollo Integral Regional Unidad Oaxaca Del Instituto Polit\u00e9cnico Nacional. Conferencia 2022-07-14.<\/li>\n\n\n\n<li>Estrategias Para La Intervenci\u00f3n En El Desarrollo Comunitario Centro Interdisciplinario De Investigaci\u00f3n Para El Desarrollo Integral Regional Unidad Oaxaca Del Instituto Politecnico Nacional. Conferencia 2022-05-02.<\/li>\n\n\n\n<li>Programa De Ciencia Coinciidir. Centro Interdisciplinario De Investigacion Para El Desarrollo Integral Regional Unidad Oaxaca Del Instituto Politecnico Nacional. Conferencia 2021-10-21<\/li>\n\n\n\n<li>Transferencia De Tecnolog\u00eda En Propagaci\u00f3n De Agave En Una Microrregi\u00f3n De La Mixteca Oaxaque\u00f1a. Centro Interdisciplinario De Investigaci\u00f3n Para El Desarrollo Integral Regional Unidad Oaxaca Del Instituto Polit\u00e9cnico Nacional. Conferencia 2021-05-28<\/li>\n\n\n\n<li>Los Agaves en Oaxaca. CORTV Oaxaca 2021.<\/li>\n\n\n\n<li>Usos Y Revaloraci\u00f3n De Los Agaves Y De La Industria Del Mezcal En Tiempos De Pandemia. Universidad Tecnol\u00f3gica De La Sierra Sur De Oaxaca. Conferencia 2020-06-18<\/li>\n\n\n\n<li>Agaves Y Su Importancia Universidad Tecnol\u00f3gica De Tulancingo, Hidalgo. Conferencia 2020-11-27<\/li>\n\n\n\n<li>Coordinador general del Congreso Nacional Agave Mezcal 2017.<\/li>\n\n\n\n<li>Coordinador general del Congreso Nacional Agave Mezcal 2019.<\/li>\n\n\n\n<li>Feria Cient\u00edfica y Tecnol\u00f3gica&nbsp;EXPO ORGANICA OAXACA. Dirigido al p\u00fablico en general SEDAFP-SAGARPA. 28 Abril 2012<\/li>\n\n\n\n<li>Conferencia CULTIVOS HIDROP\u00d3NICOS. Universidad Tecnol\u00f3gica de Tehuac\u00e1n, Puebla. 15 de Octubre 2012<\/li>\n\n\n\n<li>Conferencia NUEVAS ESTRUCTURAS EN HORTICULTURA PROTEGIDA. 3er Foro de vinculaci\u00f3n entre el CIIDIR IPN U. Oaxaca, el Gobierno del Estado y sus municipios. 12 Abril 2012<\/li>\n\n\n\n<li>Feria Cient\u00edfica y Tecnol\u00f3gica&nbsp;POTENCIALIDAD DEL TOMATE DE CASCARA PHYSALIX IXOCARPA. Dirigido a empresarios. Se tiene una nota en el peri\u00f3dico de Oaxaca. CIIDIR IPN. 14 Febrero 2013<\/li>\n\n\n\n<li>Demostraci\u00f3n&nbsp;PRODUCCI\u00d3N DE TOMATE VERDE EN AMBIENTES CONTROLADOS. Dirigido al p\u00fablico en general. Fue publicado en TV-Oaxaca &nbsp;y en el peri\u00f3dico noticias de Oaxaca. CIIDIR-OAXACA -INALIM S.A. DE C.V. 7 Junio 2013<\/li>\n\n\n\n<li>Conferencia HORTICULTURA PROTEGIDA Y DESARROLLO ECON\u00d3MICO DEL SUR DE M\u00c9XICO. Universidad Tecnol\u00f3gica de la Sierra Sur de Oaxaca. 01 Marzo 2013<\/li>\n\n\n\n<li>Conferencia SUSTRATOS ORG\u00c1NICOS, ALTERNATIVAS COMPATIBLES CON EL MEDIA AMBIENTE PARA EL CULTIVO SIN SUELO DE PLANTAS Y COSECHAS. Universidad Tecnol\u00f3gica de la Sierra Sur de Oaxaca.01 Marzo 2013<\/li>\n\n\n\n<li>Conferencia SITUACI\u00d3N ACTUAL DEL TOMATE DE C\u00c1SCARA EN M\u00c9XICO EN AMBIENTE CONTROLADO. Instituto Tecnol\u00f3gico de los Valles Centrales de Oaxaca. 3 Marzo 2013<\/li>\n<\/ul>\n\n\n\n<p><\/p>\n","protected":false},"excerpt":{"rendered":"<p>ACTIVIDADES ACAD\u00c9MICAS DISTINCIONES Y RECONOCIMIENTOS DIFUSI\u00d3N<\/p>\n","protected":false},"author":48,"featured_media":0,"parent":0,"menu_order":0,"comment_status":"closed","ping_status":"closed","template":"","meta":{"_swt_meta_header_display":false,"_swt_meta_footer_display":false,"_swt_meta_site_title_display":false,"_swt_meta_sticky_header":false,"_swt_meta_transparent_header":false,"footnotes":""},"class_list":["post-21","page","type-page","status-publish","hentry"],"_links":{"self":[{"href":"https:\/\/web.ciidiroaxaca.ipn.mx\/gamartinezg\/wp-json\/wp\/v2\/pages\/21","targetHints":{"allow":["GET"]}}],"collection":[{"href":"https:\/\/web.ciidiroaxaca.ipn.mx\/gamartinezg\/wp-json\/wp\/v2\/pages"}],"about":[{"href":"https:\/\/web.ciidiroaxaca.ipn.mx\/gamartinezg\/wp-json\/wp\/v2\/types\/page"}],"author":[{"embeddable":true,"href":"https:\/\/web.ciidiroaxaca.ipn.mx\/gamartinezg\/wp-json\/wp\/v2\/users\/48"}],"replies":[{"embeddable":true,"href":"https:\/\/web.ciidiroaxaca.ipn.mx\/gamartinezg\/wp-json\/wp\/v2\/comments?post=21"}],"version-history":[{"count":23,"href":"https:\/\/web.ciidiroaxaca.ipn.mx\/gamartinezg\/wp-json\/wp\/v2\/pages\/21\/revisions"}],"predecessor-version":[{"id":179,"href":"https:\/\/web.ciidiroaxaca.ipn.mx\/gamartinezg\/wp-json\/wp\/v2\/pages\/21\/revisions\/179"}],"wp:attachment":[{"href":"https:\/\/web.ciidiroaxaca.ipn.mx\/gamartinezg\/wp-json\/wp\/v2\/media?parent=21"}],"curies":[{"name":"wp","href":"https:\/\/api.w.org\/{rel}","templated":true}]}}